{"id":128,"date":"2017-03-15T18:54:36","date_gmt":"2017-03-15T18:54:36","guid":{"rendered":"http:\/\/www.americaeb5visa.com\/?page_id=128"},"modified":"2022-03-25T02:58:37","modified_gmt":"2022-03-25T02:58:37","slug":"what-is-eb-5","status":"publish","type":"page","link":"https:\/\/www.americaeb5visa.com\/az\/what-is-eb-5\/","title":{"rendered":"EB-5 n\u0259dir?"},"content":{"rendered":"<div id=\"pl-128\"  class=\"panel-layout\" ><div id=\"pg-128-0\"  class=\"panel-grid panel-has-style\" ><div class=\"siteorigin-panels-stretch panel-row-style panel-row-style-for-128-0\" data-stretch-type=\"full-stretched\" ><div id=\"pgc-128-0-0\"  class=\"panel-grid-cell\" ><div id=\"panel-128-0-0-0\" class=\"so-panel widget widget_sow-hero panel-first-child panel-last-child\" data-index=\"0\" ><div\n\t\t\t\n\t\t\tclass=\"so-widget-sow-hero so-widget-sow-hero-default-3d3f69fb2c42-128 so-widget-fittext-wrapper\"\n\t\t\t data-fit-text-compressor=\"0.85\"\n\t\t>\t\t\t\t<div class=\"sow-slider-base\" style=\"display: none\" tabindex=\"0\">\n\t\t\t\t\t<ul\n\t\t\t\t\tclass=\"sow-slider-images\"\n\t\t\t\t\tdata-settings=\"{&quot;pagination&quot;:true,&quot;speed&quot;:800,&quot;timeout&quot;:8000,&quot;paused&quot;:false,&quot;pause_on_hover&quot;:false,&quot;swipe&quot;:true,&quot;nav_always_show_desktop&quot;:&quot;&quot;,&quot;nav_always_show_mobile&quot;:&quot;&quot;,&quot;breakpoint&quot;:&quot;780px&quot;,&quot;unmute&quot;:false,&quot;anchor&quot;:null}\"\n\t\t\t\t\tstyle=\"min-height: 600px\"\t\t\t\t\tdata-anchor-id=\"\"\n\t\t\t\t>\t\t<li class=\"sow-slider-image  sow-slider-image-cover\" style=\"visibility: visible;;background-color: #333333;background-image: url(https:\/\/www.americaeb5visa.com\/az\/wp-content\/uploads\/sites\/35\/2017\/03\/EB5Death_to_Stock_Photography_NYC_Skyline_2.jpg)\" >\n\t\t\t\t\t<div class=\"sow-slider-image-container\">\n\t\t\t<div class=\"sow-slider-image-wrapper\">\n\t\t\t\t<h1 class=\"text-center mg-md \" style=\"text-align: center\">EB-5 n\u0259dir?<\/h1>\n<h2 class=\"text-center\" style=\"text-align: center\"><\/h2>\n<h2 class=\"text-center\">AB\u015e-da iqam\u0259tgah\u0131n\u0131z\u0131 t\u0259min ed\u0259n investisiya proqram\u0131<\/h2>\t\t\t<\/div>\n\t\t<\/div>\n\t\t\t\t<\/li>\n\t\t<\/ul>\t\t\t\t<ol class=\"sow-slider-pagination\">\n\t\t\t\t\t\t\t\t\t\t\t<li><a href=\"#\" data-goto=\"0\" aria-label=\"Display slide 1\"><\/a><\/li>\n\t\t\t\t\t\t\t\t\t<\/ol>\n\n\t\t\t\t<div class=\"sow-slide-nav sow-slide-nav-next\">\n\t\t\t\t\t<a href=\"#\" data-goto=\"next\" aria-label=\"Next slide\" data-action=\"next\">\n\t\t\t\t\t\t<em class=\"sow-sld-icon-thin-right\"><\/em>\n\t\t\t\t\t<\/a>\n\t\t\t\t<\/div>\n\n\t\t\t\t<div class=\"sow-slide-nav sow-slide-nav-prev\">\n\t\t\t\t\t<a href=\"#\" data-goto=\"previous\" aria-label=\"Previous slide\" data-action=\"prev\">\n\t\t\t\t\t\t<em class=\"sow-sld-icon-thin-left\"><\/em>\n\t\t\t\t\t<\/a>\n\t\t\t\t<\/div>\n\t\t\t\t<\/div><\/div><\/div><\/div><\/div><\/div><div id=\"pg-128-1\"  class=\"panel-grid panel-has-style\" ><div class=\"panel-row-style panel-row-style-for-128-1\" ><div id=\"pgc-128-1-0\"  class=\"panel-grid-cell\" ><div id=\"panel-128-1-0-0\" class=\"so-panel widget widget_sow-editor panel-first-child panel-last-child\" data-index=\"1\" ><div\n\t\t\t\n\t\t\tclass=\"so-widget-sow-editor so-widget-sow-editor-base\"\n\t\t\t\n\t\t>\n<div class=\"siteorigin-widget-tinymce textwidget\">\n\t<h1>EB-5 vizas\u0131 n\u0259dir?<\/h1>\n<p>\u018fg\u0259r siz AB\u015e-dan ba\u015fqa bir \u00f6lk\u0259nin v\u0259t\u0259nda\u015f\u0131s\u0131n\u0131zsa v\u0259 AB\u015e-da ya\u015fama\u011fa ba\u015flamaq ist\u0259yirsinizs\u0259, AB\u015e V\u0259t\u0259nda\u015fl\u0131q v\u0259 \u0130mmiqrasiya Xidm\u0259ti (USCIS) t\u0259r\u0259find\u0259n idar\u0259 olunan EB-5 \u0130mmiqrasiya \u0130nvestisiya Proqram\u0131na m\u00fcraci\u0259t etm\u0259yinizi t\u00f6vsiy\u0259 edirik. EB-5 proqram\u0131na qo\u015fulmaq kapital qoyulu\u015fu dem\u0259kdir. USCIS, EB-5 proqram\u0131 \u00fc\u00e7\u00fcn s\u0259rmay\u0259nizin yet\u0259rli oldu\u011funu t\u0259sdiql\u0259dikd\u0259n sonra, h\u0259yat yolda\u015f\u0131, 21 ya\u015f\u0131na \u00e7atmam\u0131\u015f u\u015faqlar\u0131n\u0131zla birlikd\u0259 Ya\u015f\u0131l kart almaq \u00fc\u00e7\u00fcn Amerikaya birt\u0259r\u0259fli biletinizi al\u0131rs\u0131n\u0131z.<\/p>\n<p>&nbsp;<\/p>\n<h1>Bir EB-5 vizas\u0131 \u00fc\u00e7\u00fcn \u015f\u0259rtl\u0259r n\u0259l\u0259rdir?<\/h1>\n<p>EB-5 vizas\u0131 \u00fc\u00e7\u00fcn m\u00fcraci\u0259t ed\u0259nl\u0259r bug\u00fcnk\u00fc t\u0259nziml\u0259m\u0259 t\u0259l\u0259bl\u0259rin\u0259 uy\u011fun olaraq AB\u015e-da ist\u0259nil\u0259n Regional M\u0259rk\u0259z layih\u0259sin\u0259 \u0259n az\u0131 800,000 AB\u015e dollar\u0131\u00a0h\u0259cmind\u0259 investisiya qoymal\u0131d\u0131rlar. Bu minimum investisiya miqdar\u0131 yaln\u0131z layih\u0259 \u00e7ox i\u015f imkan\u0131 olmayan k\u0259nd yerl\u0259rind\u0259 v\u0259 ya k\u0259nd yerl\u0259rind\u0259 realla\u015fd\u0131qda etibarl\u0131d\u0131r. Bu \u015f\u0259rtl\u0259r yerin\u0259 yetirilm\u0259zs\u0259, m\u00f6vcud t\u0259nziml\u0259m\u0259 t\u0259l\u0259bl\u0259rin\u0259 g\u00f6r\u0259 EB-5 \u00fc\u00e7\u00fcn t\u0259l\u0259b olunan maliyy\u0259 qoyulu\u015fu 1,050,000 AB\u015e dollar\u0131 olmal\u0131d\u0131r. Bundan \u0259lav\u0259, investisiyan\u0131n iqtisadiyyata t\u00f6hf\u0259si n\u0259tic\u0259sind\u0259 \u0259n az\u0131 on tam i\u015f yerinin yarad\u0131lmas\u0131 t\u0259l\u0259b olunur. Bununla birlikd\u0259, investor bu m\u0259\u015f\u011fullu\u011fun vaxt\u0131 bar\u0259d\u0259 narahat olmaq m\u0259cburiyy\u0259tind\u0259 deyil. \u0130nvestor daimi ya\u015fay\u0131\u015f h\u00fcququ qazand\u0131qdan sonra s\u0259rmay\u0259 g\u00f6t\u00fcr\u0259n \u015firk\u0259t\u0259 \u0259n az\u0131 on i\u015f t\u0259qdim etm\u0259k \u00fc\u00e7\u00fcn iki il vaxt verilir. Bu meyar iki il v\u0259 ya daha az m\u00fcdd\u0259td\u0259 yerin\u0259 yetirildikd\u0259, investorun AB\u015e-da daimi ya\u015famaq h\u00fcququ \u015f\u0259rti hesabla\u015fma h\u00fcququndan davaml\u0131 hesabla\u015fmaya ke\u00e7ir.<\/p>\n<\/div>\n<\/div><\/div><\/div><\/div><\/div><\/div>","protected":false},"excerpt":{"rendered":"<p>EB-5 vizas\u0131 n\u0259dir? \u018fg\u0259r siz AB\u015e-dan ba\u015fqa bir \u00f6lk\u0259nin v\u0259t\u0259nda\u015f\u0131s\u0131n\u0131zsa v\u0259 AB\u015e-da ya\u015fama\u011fa ba\u015flamaq ist\u0259yirsinizs\u0259, AB\u015e V\u0259t\u0259nda\u015fl\u0131q v\u0259 \u0130mmiqrasiya Xidm\u0259ti (USCIS) t\u0259r\u0259find\u0259n idar\u0259 olunan EB-5 \u0130mmiqrasiya \u0130nvestisiya Proqram\u0131na m\u00fcraci\u0259t etm\u0259yinizi t\u00f6vsiy\u0259 edirik. EB-5 proqram\u0131na qo\u015fulmaq kapital qoyulu\u015fu dem\u0259kdir. USCIS, EB-5 proqram\u0131 \u00fc\u00e7\u00fcn s\u0259rmay\u0259nizin yet\u0259rli oldu\u011funu t\u0259sdiql\u0259dikd\u0259n sonra, h\u0259yat yolda\u015f\u0131, 21 ya\u015f\u0131na \u00e7atmam\u0131\u015f u\u015faqlar\u0131n\u0131zla birlikd\u0259 Ya\u015f\u0131l<a class=\"moretag\" href=\"https:\/\/www.americaeb5visa.com\/az\/what-is-eb-5\/\"><span class=\"screen-reader-text\">Read more about EB-5 n\u0259dir?<\/span>[&#8230;]<\/a><\/p>\n","protected":false},"author":1,"featured_media":0,"parent":0,"menu_order":11,"comment_status":"closed","ping_status":"closed","template":"","meta":{"_acf_changed":false,"_monsterinsights_skip_tracking":false,"_monsterinsights_sitenote_active":false,"_monsterinsights_sitenote_note":"","_monsterinsights_sitenote_category":0,"footnotes":""},"class_list":["post-128","page","type-page","status-publish","hentry"],"acf":[],"rttpg_featured_image_url":null,"rttpg_author":{"display_name":"AdminNIso","author_link":"https:\/\/www.americaeb5visa.com\/az\/author\/admin\/"},"rttpg_comment":0,"rttpg_category":null,"rttpg_excerpt":"EB-5 vizas\u0131 n\u0259dir? \u018fg\u0259r siz AB\u015e-dan ba\u015fqa bir \u00f6lk\u0259nin v\u0259t\u0259nda\u015f\u0131s\u0131n\u0131zsa v\u0259 AB\u015e-da ya\u015fama\u011fa ba\u015flamaq ist\u0259yirsinizs\u0259, AB\u015e V\u0259t\u0259nda\u015fl\u0131q v\u0259 \u0130mmiqrasiya Xidm\u0259ti (USCIS) t\u0259r\u0259find\u0259n idar\u0259 olunan EB-5 \u0130mmiqrasiya \u0130nvestisiya Proqram\u0131na m\u00fcraci\u0259t etm\u0259yinizi t\u00f6vsiy\u0259 edirik. EB-5 proqram\u0131na qo\u015fulmaq kapital qoyulu\u015fu dem\u0259kdir. USCIS, EB-5 proqram\u0131 \u00fc\u00e7\u00fcn s\u0259rmay\u0259nizin yet\u0259rli oldu\u011funu t\u0259sdiql\u0259dikd\u0259n sonra, h\u0259yat yolda\u015f\u0131, 21 ya\u015f\u0131na \u00e7atmam\u0131\u015f u\u015faqlar\u0131n\u0131zla birlikd\u0259 Ya\u015f\u0131lRead&hellip;","_links":{"self":[{"href":"https:\/\/www.americaeb5visa.com\/az\/wp-json\/wp\/v2\/pages\/128","targetHints":{"allow":["GET"]}}],"collection":[{"href":"https:\/\/www.americaeb5visa.com\/az\/wp-json\/wp\/v2\/pages"}],"about":[{"href":"https:\/\/www.americaeb5visa.com\/az\/wp-json\/wp\/v2\/types\/page"}],"author":[{"embeddable":true,"href":"https:\/\/www.americaeb5visa.com\/az\/wp-json\/wp\/v2\/users\/1"}],"replies":[{"embeddable":true,"href":"https:\/\/www.americaeb5visa.com\/az\/wp-json\/wp\/v2\/comments?post=128"}],"version-history":[{"count":0,"href":"https:\/\/www.americaeb5visa.com\/az\/wp-json\/wp\/v2\/pages\/128\/revisions"}],"wp:attachment":[{"href":"https:\/\/www.americaeb5visa.com\/az\/wp-json\/wp\/v2\/media?parent=128"}],"curies":[{"name":"wp","href":"https:\/\/api.w.org\/{rel}","templated":true}]}}