{"id":57,"date":"2017-03-14T21:35:00","date_gmt":"2017-03-14T21:35:00","guid":{"rendered":"http:\/\/www.americaeb5visa.com\/?page_id=57"},"modified":"2022-03-25T03:04:12","modified_gmt":"2022-03-25T03:04:12","slug":"eb-5-due-diligence","status":"publish","type":"page","link":"https:\/\/www.americaeb5visa.com\/az\/eb-5-due-diligence\/","title":{"rendered":"EB-5 M\u00fcayin\u0259 prosesi"},"content":{"rendered":"<div id=\"pl-57\"  class=\"panel-layout\" ><div id=\"pg-57-0\"  class=\"panel-grid panel-has-style\" ><div class=\"siteorigin-panels-stretch panel-row-style panel-row-style-for-57-0\" data-stretch-type=\"full-stretched\" ><div id=\"pgc-57-0-0\"  class=\"panel-grid-cell\" ><div id=\"panel-57-0-0-0\" class=\"so-panel widget widget_sow-hero panel-first-child panel-last-child\" data-index=\"0\" ><div\n\t\t\t\n\t\t\tclass=\"so-widget-sow-hero so-widget-sow-hero-default-3d3f69fb2c42-57 so-widget-fittext-wrapper\"\n\t\t\t data-fit-text-compressor=\"0.85\"\n\t\t>\t\t\t\t<div class=\"sow-slider-base\" style=\"display: none\" tabindex=\"0\">\n\t\t\t\t\t<ul\n\t\t\t\t\tclass=\"sow-slider-images\"\n\t\t\t\t\tdata-settings=\"{&quot;pagination&quot;:true,&quot;speed&quot;:800,&quot;timeout&quot;:8000,&quot;paused&quot;:false,&quot;pause_on_hover&quot;:false,&quot;swipe&quot;:true,&quot;nav_always_show_desktop&quot;:&quot;&quot;,&quot;nav_always_show_mobile&quot;:&quot;&quot;,&quot;breakpoint&quot;:&quot;780px&quot;,&quot;unmute&quot;:false,&quot;anchor&quot;:null}\"\n\t\t\t\t\tstyle=\"min-height: 600px\"\t\t\t\t\tdata-anchor-id=\"\"\n\t\t\t\t>\t\t<li class=\"sow-slider-image  sow-slider-image-cover\" style=\"visibility: visible;;background-color: #333333;background-image: url(https:\/\/www.americaeb5visa.com\/az\/wp-content\/uploads\/sites\/35\/2017\/03\/EB5Death_to_Stock_Photography_NYC_Skyline_2.jpg)\" >\n\t\t\t\t\t<div class=\"sow-slider-image-container\">\n\t\t\t<div class=\"sow-slider-image-wrapper\">\n\t\t\t\t<h1 class=\"text-center mg-md \" style=\"text-align: center\">EB-5 M\u00fcayin\u0259 prosesi<\/h1>\n<h2 class=\"text-center\" style=\"text-align: center\"><\/h2>\n<h2 class=\"text-center\" style=\"text-align: center\">\u0130nvestisiyan\u0131z\u0131n etibarl\u0131 olub olmad\u0131\u011f\u0131n\u0131 m\u00fc\u0259yy\u0259n etm\u0259k \u00fc\u00e7\u00fcn \u0259n vacib i\u015fdir<\/h2>\t\t\t<\/div>\n\t\t<\/div>\n\t\t\t\t<\/li>\n\t\t<\/ul>\t\t\t\t<ol class=\"sow-slider-pagination\">\n\t\t\t\t\t\t\t\t\t\t\t<li><a href=\"#\" data-goto=\"0\" aria-label=\"Display slide 1\"><\/a><\/li>\n\t\t\t\t\t\t\t\t\t<\/ol>\n\n\t\t\t\t<div class=\"sow-slide-nav sow-slide-nav-next\">\n\t\t\t\t\t<a href=\"#\" data-goto=\"next\" aria-label=\"Next slide\" data-action=\"next\">\n\t\t\t\t\t\t<em class=\"sow-sld-icon-thin-right\"><\/em>\n\t\t\t\t\t<\/a>\n\t\t\t\t<\/div>\n\n\t\t\t\t<div class=\"sow-slide-nav sow-slide-nav-prev\">\n\t\t\t\t\t<a href=\"#\" data-goto=\"previous\" aria-label=\"Previous slide\" data-action=\"prev\">\n\t\t\t\t\t\t<em class=\"sow-sld-icon-thin-left\"><\/em>\n\t\t\t\t\t<\/a>\n\t\t\t\t<\/div>\n\t\t\t\t<\/div><\/div><\/div><\/div><\/div><\/div><div id=\"pg-57-1\"  class=\"panel-grid panel-has-style\" ><div class=\"siteorigin-panels-stretch panel-row-style panel-row-style-for-57-1\" data-stretch-type=\"full\" ><div id=\"pgc-57-1-0\"  class=\"panel-grid-cell\" ><div id=\"panel-57-1-0-0\" class=\"so-panel widget widget_sow-editor panel-first-child panel-last-child\" data-index=\"1\" ><div\n\t\t\t\n\t\t\tclass=\"so-widget-sow-editor so-widget-sow-editor-base\"\n\t\t\t\n\t\t>\n<div class=\"siteorigin-widget-tinymce textwidget\">\n\t<h3 style=\"text-align: center;\"><strong>EB-5 Visa haqq\u0131nda<\/strong><\/h3>\n<ul>\n<li>\u015eirk\u0259t indiy\u0259 q\u0259d\u0259r ne\u00e7\u0259 EB-5 layih\u0259sini ba\u015fa \u00e7atd\u0131rd\u0131?<\/li>\n<li>T\u0259l\u0259b olunan investisiya n\u0259 q\u0259d\u0259rdir? \u0130nzibati \u00f6d\u0259ni\u015fl\u0259r varm\u0131? N\u0259 q\u0259d\u0259r?<\/li>\n<li>\u0130nvestisiya 800,000 AB\u015e dollar\u0131 s\u0259viyy\u0259sind\u0259dirs\u0259, hans\u0131 S\u0259lahiyy\u0259tli Layih\u0259nin inki\u015faf b\u00f6lg\u0259si M\u0259qs\u0259dli M\u0259\u015f\u011fulluq Sah\u0259si oldu\u011funu t\u0259sdiql\u0259dimi?<\/li>\n<li>EB-5 \u0259riz\u0259\u00e7isind\u0259n ilkin investisiya m\u0259bl\u0259\u011fin\u0259 sonrak\u0131 tarixd\u0259 \u0259lav\u0259 pul yat\u0131r\u0131lmas\u0131 ist\u0259n\u0259 bil\u0259rmi?<\/li>\n<li>EB-5 Layih\u0259si \u00fcmumi maliyy\u0259 m\u0259nb\u0259l\u0259rinin ne\u00e7\u0259 faizini t\u0259msil edir?<\/li>\n<li>\u0130n\u015faat\u00e7\u0131 da\u015f\u0131nmaz \u0259mlak istehsal\u00e7\u0131s\u0131na n\u0259 q\u0259d\u0259r kapital qoyub? \u00d6d\u0259ni\u015f prioriteti bax\u0131m\u0131ndan EB-5 investisiya bu \u0259man\u0259t kapital\u0131ndan \u00fcst\u00fcnd\u00fcr?<\/li>\n<li>\u00d6d\u0259ni\u015f prioriteti bax\u0131m\u0131ndan EB-5 s\u0259rmay\u0259sind\u0259n yuxar\u0131 olan bank borcu varm\u0131? \u018fg\u0259r bel\u0259dirs\u0259, borc \u00f6hd\u0259lik m\u0259rh\u0259l\u0259sini ke\u00e7ib? Borc n\u0259 q\u0259d\u0259rdir? \u00dcmumi maliyy\u0259 m\u0259nb\u0259l\u0259rinin y\u00fczd\u0259 ne\u00e7\u0259i t\u0259msil edir?<\/li>\n<li>\u0130nvestorun qazand\u0131\u011f\u0131 sabit faiz \u00f6d\u0259ni\u015fl\u0259ri varm\u0131? \u018fg\u0259r bel\u0259dirs\u0259, n\u0259 q\u0259d\u0259rdir?<\/li>\n<li>Sabit faiz \u00f6d\u0259m\u0259si olmad\u0131qda, hans\u0131 n\u00f6v geri d\u00f6n\u00fc\u015f var? Bu \u00f6d\u0259ni\u015f n\u0259 q\u0259d\u0259r \u00f6d\u0259nilm\u0259lidir?<\/li>\n<li>Layih\u0259 t\u0259rtib\u00e7isi layih\u0259nin tamamlanaca\u011f\u0131na z\u0259man\u0259t verirmi?<\/li>\n<li>Bir investor \u00fc\u00e7\u00fcn ne\u00e7\u0259 i\u015f yeri yarada bil\u0259rik?<\/li>\n<li>\u0130\u015f yerl\u0259rinin yarad\u0131lmas\u0131n\u0131 yax\u0131ndan izl\u0259m\u0259k v\u0259 izl\u0259m\u0259k \u00fc\u00e7\u00fcn hans\u0131 t\u0259dbirl\u0259r g\u00f6r\u00fcl\u00fcr? Laz\u0131mi m\u0259\u015f\u011fulluq yarad\u0131lmad\u0131qda hans\u0131 add\u0131mlar\u0131 atmaq laz\u0131md\u0131r?<\/li>\n<li>M\u0259\u015f\u011fulluq proqnozunu ehtiva ed\u0259n iqtisadi s\u0259n\u0259dl\u0259ri kim haz\u0131rlad\u0131? Bu iqtisadi hesabat\u0131 investorlar g\u00f6r\u0259 bil\u0259rmi?<\/li>\n<li>Tamamland\u0131qda, \u0259mlak\u0131n ekspert t\u0259r\u0259find\u0259n qazana bil\u0259c\u0259yi bir qiym\u0259tl\u0259ndirm\u0259 varm\u0131? Bu d\u0259y\u0259r b\u00fct\u00fcn layih\u0259nin \u00fcmumi kapital x\u0259rcl\u0259rind\u0259n faizl\u0259 n\u0259 q\u0259d\u0259r \u00e7oxdur?<\/li>\n<li>I-526 m\u00fcraci\u0259ti q\u0259bul edilm\u0259zs\u0259, investor etdiyi b\u00fct\u00fcn maddi s\u0259rmay\u0259ni geri ala bil\u0259rmi? Bu yaz\u0131 Abun\u0259 Sazi\u015find\u0259 v\u0259 \u015e\u0259xsi M\u00fclkiyy\u0259t B\u0259yanat\u0131nda a\u00e7\u0131q \u015f\u0259kild\u0259 ifad\u0259 edilmi\u015fdir?<\/li>\n<li>\u0130nvestor m\u00fcqavil\u0259l\u0259ri \u00fcz\u0259rin\u0259 g\u00f6t\u00fcr\u00fcb onlar\u0131 n\u0259z\u0259rd\u0259n ke\u00e7ir\u0259 bilm\u0259si \u00fc\u00e7\u00fcn h\u0259r hans\u0131 bir \u0259man\u0259t qoymaq v\u0259 ya h\u0259r hans\u0131 bir \u00f6d\u0259ni\u015f etm\u0259k \u00f6hd\u0259liyi varm\u0131?<\/li>\n<li>Regional M\u0259rk\u0259zl\u0259r m\u00fct\u0259madi olaraq investorlar\u0131na investisiya qoyulu\u015flar\u0131n\u0131n v\u0259ziyy\u0259ti bar\u0259d\u0259 m\u0259lumat verirl\u0259rmi? M\u0259lumat verdikl\u0259ri t\u0259qdird\u0259 v\u0259ziyy\u0259ti nec\u0259 bildirirl\u0259r?<\/li>\n<\/ul>\n<h3 class=\"text-center mg-md\">\u0130mmiqrasiya haqq\u0131nda<\/h3>\n<ul>\n<li>\u015eirk\u0259td\u0259 ne\u00e7\u0259 I-526 t\u0259sdiq var?<\/li>\n<li>\u015eirk\u0259t ne\u00e7\u0259 I-526 m\u00fcraci\u0259ti r\u0259dd etdi? Bunlar\u0131n \u00fcmumi s\u0259b\u0259bl\u0259ri n\u0259l\u0259rdir?<\/li>\n<li>Ne\u00e7\u0259 \u015e\u0259rti Ya\u015f\u0131l Kart t\u0259sdiql\u0259nib?<\/li>\n<li>Ne\u00e7\u0259 \u015e\u0259rti Ya\u015f\u0131l Kart m\u00fcraci\u0259tl\u0259ri r\u0259dd edildi? Bunlar\u0131n \u00fcmumi s\u0259b\u0259bl\u0259ri n\u0259l\u0259rdir?<\/li>\n<li>\u015e\u0259rti Ya\u015f\u0131l Kart\u0131n \u015e\u0259rtsiz Ya\u015f\u0131l Karta ne\u00e7\u0259 m\u00fcraci\u0259t etdi? (\u015e\u0259rti Ya\u015f\u0131l Kart\u0131 ald\u0131qdan sonra \u015f\u0259rtl\u0259rin l\u0259\u011fvi n\u0259tic\u0259sind\u0259 Ya\u015f\u0131l Kart\u0131n sahibi daimi ya\u015fay\u0131\u015f h\u00fcququna malikdir)<\/li>\n<li>\u015e\u0259rti Ya\u015f\u0131l Kartlar\u0131n \u00e7\u0131xar\u0131lmas\u0131 \u015f\u0259rtl\u0259ri il\u0259 ba\u011fl\u0131 m\u00fcraci\u0259t ed\u0259nl\u0259rin ne\u00e7\u0259 m\u00fcraci\u0259tin\u0259 r\u0259dd edildi? Bunlar\u0131n \u00fcmumi s\u0259b\u0259bl\u0259ri n\u0259l\u0259rdir?<\/li>\n<\/ul>\n<h3 class=\"text-center mg-md\"><\/h3>\n<h3 class=\"text-center mg-md\">Regional M\u0259rk\u0259z haqq\u0131nda<\/h3>\n<ul>\n<li>\u0130lk Regional M\u0259rk\u0259z n\u0259 vaxt yarad\u0131l\u0131b? I-924 ilk q\u0259bul n\u0259 vaxt oldu?<\/li>\n<li>Layih\u0259 t\u0259rtib\u00e7il\u0259ri ne\u00e7\u0259 ildir da\u015f\u0131nmaz \u0259mlakla m\u0259\u015f\u011ful olurlar? \u018fvv\u0259ll\u0259r EB-5 vasit\u0259sil\u0259 maliyy\u0259l\u0259\u015fdirilibmi?<\/li>\n<li>Layih\u0259 t\u0259rtibat\u00e7\u0131lar\u0131n\u0131n apar\u0131c\u0131 Standard &amp; Poors v\u0259 ya Moody's kimi d\u00fcnya \u015f\u00f6hr\u0259tli qiym\u0259tl\u0259ndirm\u0259 \u015firk\u0259tl\u0259rind\u0259n m\u00fcst\u0259qil qiym\u0259tl\u0259ndirm\u0259l\u0259ri varm\u0131?<\/li>\n<li>\u0130nvestisiya n\u0259 vaxt sat\u0131la bil\u0259r? M\u00fc\u015ft\u0259ri yat\u0131r\u0131mlar\u0131n\u0131 n\u0259 vaxt geri ala bil\u0259r? \u0130ndiy\u0259 q\u0259d\u0259r n\u0259 q\u0259d\u0259r s\u0259rmay\u0259\u00e7i yat\u0131r\u0131m edib?<\/li>\n<li>Geri qaytarma m\u0259bl\u0259\u011fi nec\u0259 m\u00fc\u0259yy\u0259nl\u0259\u015fdirilir?<\/li>\n<li>I-829 \u0259riz\u0259l\u0259ri q\u0259bul edil\u0259c\u0259kmi v\u0259 5 illik g\u00f6zl\u0259m\u0259 m\u00fcdd\u0259ti olan investorlar\u0131n yat\u0131r\u0131mlar\u0131n\u0131 \u00f6d\u0259m\u0259si \u00fc\u00e7\u00fcn t\u0259l\u0259b olunan m\u00fcdd\u0259t, yat\u0131r\u0131mlar\u0131n\u0131 geri g\u00f6t\u00fcrm\u00fc\u015f dig\u0259r namiz\u0259dl\u0259r t\u0259sir ed\u0259c\u0259kmi? Y\u0259ni dig\u0259r investorlar\u0131n geri \u00e7\u0259kilm\u0259 ehtimal\u0131 namiz\u0259din investisiya qoyulu\u015flar\u0131n\u0131 geri g\u00f6t\u00fcrm\u0259k \u00fc\u00e7\u00fcn vaxt\u0131nda bir d\u0259yi\u015fiklik ed\u0259 bil\u0259rmi?<\/li>\n<li>Dig\u0259r investorlar\u0131n t\u0259sdiql\u0259m\u0259 m\u00fcdd\u0259tinin uzad\u0131lmas\u0131 I-829 m\u00fcraci\u0259ti t\u0259sdiql\u0259nmi\u015f investorlar\u0131n geri qay\u0131tmas\u0131n\u0131 l\u0259ngidirmi?<\/li>\n<li>Layih\u0259nin erk\u0259n ba\u015fa \u00e7atmas\u0131 v\u0259 erk\u0259n \u00e7\u0131x\u0131\u015f strategiyas\u0131ndan as\u0131l\u0131l\u0131\u011f\u0131 I-829 t\u0259tbiqetm\u0259l\u0259rinin h\u0259l\u0259 t\u0259sdiql\u0259nm\u0259m\u0259sini v\u0259 t\u0259sdiql\u0259nm\u0259sini t\u0259l\u0259b edir, lakin t\u0259l\u0259b olunan be\u015f illik g\u00f6zl\u0259m\u0259 m\u00fcdd\u0259ti investisiya qoyulu\u015flar\u0131n\u0131n kapital\u0131n\u0131 h\u0259l\u0259 yerin\u0259 yetirilm\u0259mi\u015f investorlara qaytaracaqd\u0131r? Yoxdursa, Regional M\u0259rk\u0259z I-829 t\u0259sdiqinin pozulmamas\u0131 \u00fc\u00e7\u00fcn v\u0259saitl\u0259rin yenid\u0259n b\u00f6l\u00fc\u015fd\u00fcr\u00fclm\u0259si \u00fc\u00e7\u00fcn hans\u0131 n\u00f6v planlar h\u0259yata ke\u00e7irir?<\/li>\n<li>Ne\u00e7\u0259 ildir investisiya layih\u0259sinin ba\u015f orta\u011f\u0131 v\u0259 ya ba\u015f meneceri bu c\u00fcr immiqrant investor proqramlar\u0131 il\u0259 i\u015fl\u0259yir?<\/li>\n<\/ul>\n<\/div>\n<\/div><\/div><\/div><\/div><\/div><\/div>","protected":false},"excerpt":{"rendered":"<p>EB-5 Visa haqq\u0131nda \u015eirk\u0259t indiy\u0259 q\u0259d\u0259r ne\u00e7\u0259 EB-5 layih\u0259sini ba\u015fa \u00e7atd\u0131rd\u0131? T\u0259l\u0259b olunan investisiya n\u0259 q\u0259d\u0259rdir? \u0130nzibati \u00f6d\u0259ni\u015fl\u0259r varm\u0131? N\u0259 q\u0259d\u0259r? \u0130nvestisiya AB\u015e dollar\u0131 s\u0259viyy\u0259sind\u0259dirs\u0259, hans\u0131 S\u0259lahiyy\u0259tli Layih\u0259nin inki\u015faf b\u00f6lg\u0259si M\u0259qs\u0259dli M\u0259\u015f\u011fulluq Sah\u0259si oldu\u011funu t\u0259sdiql\u0259dimi? EB-5 \u0259riz\u0259\u00e7isind\u0259n ilkin investisiya m\u0259bl\u0259\u011fin\u0259 sonrak\u0131 tarixd\u0259 \u0259lav\u0259 pul yat\u0131r\u0131lmas\u0131 ist\u0259n\u0259 bil\u0259rmi? EB-5 Layih\u0259si \u00fcmumi maliyy\u0259 m\u0259nb\u0259l\u0259rinin ne\u00e7\u0259 faizini t\u0259msil<a class=\"moretag\" href=\"https:\/\/www.americaeb5visa.com\/az\/eb-5-due-diligence\/\"><span class=\"screen-reader-text\">Read more about EB-5 M\u00fcayin\u0259 prosesi<\/span>[&#8230;]<\/a><\/p>\n","protected":false},"author":1,"featured_media":0,"parent":0,"menu_order":4,"comment_status":"closed","ping_status":"closed","template":"","meta":{"_acf_changed":false,"_monsterinsights_skip_tracking":false,"_monsterinsights_sitenote_active":false,"_monsterinsights_sitenote_note":"","_monsterinsights_sitenote_category":0,"footnotes":""},"class_list":["post-57","page","type-page","status-publish","hentry"],"acf":[],"rttpg_featured_image_url":null,"rttpg_author":{"display_name":"AdminNIso","author_link":"https:\/\/www.americaeb5visa.com\/az\/author\/admin\/"},"rttpg_comment":0,"rttpg_category":null,"rttpg_excerpt":"EB-5 Visa haqq\u0131nda \u015eirk\u0259t indiy\u0259 q\u0259d\u0259r ne\u00e7\u0259 EB-5 layih\u0259sini ba\u015fa \u00e7atd\u0131rd\u0131? T\u0259l\u0259b olunan investisiya n\u0259 q\u0259d\u0259rdir? \u0130nzibati \u00f6d\u0259ni\u015fl\u0259r varm\u0131? N\u0259 q\u0259d\u0259r? \u0130nvestisiya AB\u015e dollar\u0131 s\u0259viyy\u0259sind\u0259dirs\u0259, hans\u0131 S\u0259lahiyy\u0259tli Layih\u0259nin inki\u015faf b\u00f6lg\u0259si M\u0259qs\u0259dli M\u0259\u015f\u011fulluq Sah\u0259si oldu\u011funu t\u0259sdiql\u0259dimi? EB-5 \u0259riz\u0259\u00e7isind\u0259n ilkin investisiya m\u0259bl\u0259\u011fin\u0259 sonrak\u0131 tarixd\u0259 \u0259lav\u0259 pul yat\u0131r\u0131lmas\u0131 ist\u0259n\u0259 bil\u0259rmi? EB-5 Layih\u0259si \u00fcmumi maliyy\u0259 m\u0259nb\u0259l\u0259rinin ne\u00e7\u0259 faizini t\u0259msilRead&hellip;","_links":{"self":[{"href":"https:\/\/www.americaeb5visa.com\/az\/wp-json\/wp\/v2\/pages\/57","targetHints":{"allow":["GET"]}}],"collection":[{"href":"https:\/\/www.americaeb5visa.com\/az\/wp-json\/wp\/v2\/pages"}],"about":[{"href":"https:\/\/www.americaeb5visa.com\/az\/wp-json\/wp\/v2\/types\/page"}],"author":[{"embeddable":true,"href":"https:\/\/www.americaeb5visa.com\/az\/wp-json\/wp\/v2\/users\/1"}],"replies":[{"embeddable":true,"href":"https:\/\/www.americaeb5visa.com\/az\/wp-json\/wp\/v2\/comments?post=57"}],"version-history":[{"count":0,"href":"https:\/\/www.americaeb5visa.com\/az\/wp-json\/wp\/v2\/pages\/57\/revisions"}],"wp:attachment":[{"href":"https:\/\/www.americaeb5visa.com\/az\/wp-json\/wp\/v2\/media?parent=57"}],"curies":[{"name":"wp","href":"https:\/\/api.w.org\/{rel}","templated":true}]}}