{"id":61,"date":"2017-03-14T21:44:01","date_gmt":"2017-03-14T21:44:01","guid":{"rendered":"http:\/\/www.americaeb5visa.com\/?page_id=61"},"modified":"2022-03-25T03:03:15","modified_gmt":"2022-03-25T03:03:15","slug":"eb-5-requirements","status":"publish","type":"page","link":"https:\/\/www.americaeb5visa.com\/az\/eb-5-requirements\/","title":{"rendered":"EB-5 t\u0259l\u0259bl\u0259ri"},"content":{"rendered":"<div id=\"pl-61\"  class=\"panel-layout\" ><div id=\"pg-61-0\"  class=\"panel-grid panel-has-style\" ><div class=\"siteorigin-panels-stretch panel-row-style panel-row-style-for-61-0\" data-stretch-type=\"full-stretched\" ><div id=\"pgc-61-0-0\"  class=\"panel-grid-cell\" ><div id=\"panel-61-0-0-0\" class=\"so-panel widget widget_sow-hero panel-first-child panel-last-child\" data-index=\"0\" ><div\n\t\t\t\n\t\t\tclass=\"so-widget-sow-hero so-widget-sow-hero-default-3d3f69fb2c42-61 so-widget-fittext-wrapper\"\n\t\t\t data-fit-text-compressor=\"0.85\"\n\t\t>\t\t\t\t<div class=\"sow-slider-base\" style=\"display: none\" tabindex=\"0\">\n\t\t\t\t\t<ul\n\t\t\t\t\tclass=\"sow-slider-images\"\n\t\t\t\t\tdata-settings=\"{&quot;pagination&quot;:true,&quot;speed&quot;:800,&quot;timeout&quot;:8000,&quot;paused&quot;:false,&quot;pause_on_hover&quot;:false,&quot;swipe&quot;:true,&quot;nav_always_show_desktop&quot;:&quot;&quot;,&quot;nav_always_show_mobile&quot;:&quot;&quot;,&quot;breakpoint&quot;:&quot;780px&quot;,&quot;unmute&quot;:false,&quot;anchor&quot;:null}\"\n\t\t\t\t\tstyle=\"min-height: 600px\"\t\t\t\t\tdata-anchor-id=\"\"\n\t\t\t\t>\t\t<li class=\"sow-slider-image  sow-slider-image-cover\" style=\"visibility: visible;;background-color: #333333;background-image: url(https:\/\/www.americaeb5visa.com\/az\/wp-content\/uploads\/sites\/35\/2017\/03\/EB5Death_to_Stock_Photography_NYC_Skyline_2.jpg)\" >\n\t\t\t\t\t<div class=\"sow-slider-image-container\">\n\t\t\t<div class=\"sow-slider-image-wrapper\">\n\t\t\t\t<h1 class=\"text-center mg-md \" style=\"text-align: center\">EB-5 t\u0259l\u0259bl\u0259ri<\/h1>\n<h2 class=\"text-center\" style=\"text-align: center\"><\/h2>\n<h2 class=\"text-center\" style=\"text-align: center\">AB\u015e-da \u0259n az 10 n\u0259f\u0259rin m\u0259\u015f\u011fullu\u011funu t\u0259min ed\u0259n kapital qoyulu\u015fu<\/h2>\t\t\t<\/div>\n\t\t<\/div>\n\t\t\t\t<\/li>\n\t\t<\/ul>\t\t\t\t<ol class=\"sow-slider-pagination\">\n\t\t\t\t\t\t\t\t\t\t\t<li><a href=\"#\" data-goto=\"0\" aria-label=\"Display slide 1\"><\/a><\/li>\n\t\t\t\t\t\t\t\t\t<\/ol>\n\n\t\t\t\t<div class=\"sow-slide-nav sow-slide-nav-next\">\n\t\t\t\t\t<a href=\"#\" data-goto=\"next\" aria-label=\"Next slide\" data-action=\"next\">\n\t\t\t\t\t\t<em class=\"sow-sld-icon-thin-right\"><\/em>\n\t\t\t\t\t<\/a>\n\t\t\t\t<\/div>\n\n\t\t\t\t<div class=\"sow-slide-nav sow-slide-nav-prev\">\n\t\t\t\t\t<a href=\"#\" data-goto=\"previous\" aria-label=\"Previous slide\" data-action=\"prev\">\n\t\t\t\t\t\t<em class=\"sow-sld-icon-thin-left\"><\/em>\n\t\t\t\t\t<\/a>\n\t\t\t\t<\/div>\n\t\t\t\t<\/div><\/div><\/div><\/div><\/div><\/div><div id=\"pg-61-1\"  class=\"panel-grid panel-has-style\" ><div class=\"panel-row-style panel-row-style-for-61-1\" ><div id=\"pgc-61-1-0\"  class=\"panel-grid-cell\" ><div id=\"panel-61-1-0-0\" class=\"so-panel widget widget_sow-editor panel-first-child panel-last-child\" data-index=\"1\" ><div\n\t\t\t\n\t\t\tclass=\"so-widget-sow-editor so-widget-sow-editor-base\"\n\t\t\t\n\t\t>\n<div class=\"siteorigin-widget-tinymce textwidget\">\n\t<h1><\/h1>\n<h1>\u00dcmumi \u015f\u0259rtl\u0259r<\/h1>\n<p>AB\u015e h\u00f6kum\u0259ti AB\u015e biznesl\u0259rin\u0259 xarici s\u0259rmay\u0259l\u0259ri t\u0259\u015fviq etm\u0259k \u00fc\u00e7\u00fcn EB-5 \u0130mmiqrant \u0130nvestor Proqram\u0131n\u0131 yaratd\u0131. AB\u015e i\u015f\u00e7il\u0259ri \u00fc\u00e7\u00fcn i\u015f yeri a\u00e7an bir i\u015f\u0259 investisiya qoymaq m\u00fcqabilind\u0259 xarici v\u0259t\u0259nda\u015flar v\u0259 onlar\u0131n ail\u0259l\u0259ri AB\u015e-da daimi ya\u015fay\u0131\u015f ola bil\u0259rl\u0259r. Proqram\u0131n ad\u0131, \"EB-5\", viza kateqoriyas\u0131ndan g\u0259lir - \u0130\u015f\u0259 \u0259saslanan immiqrasiya: Be\u015finci se\u00e7im EB-5 - xarici immiqrant investorlar\u0131 t\u0259r\u0259find\u0259n t\u0259tbiq olunur.<\/p>\n<p>Proqram 1990-c\u0131 ild\u0259 qurulandan b\u0259ri xeyli yax\u015f\u0131la\u015fsa da, haz\u0131rda xarici investorlar\u0131n EB-5 vizas\u0131n\u0131 \u0259ld\u0259 etm\u0259sinin iki yolu var:<\/p>\n<ol>\n<li>\u0130\u015f yerl\u0259ri yaradan yeni v\u0259 ya m\u00f6vcud bir i\u015f m\u00fc\u0259ssis\u0259sin\u0259 birba\u015fa investisiya.<\/li>\n<li>Kapital, investor fondlar\u0131 v\u0259 miqrasiyan\u0131 t\u0259sdiql\u0259m\u0259 prosesini f\u0259al \u015f\u0259kild\u0259 idar\u0259 ed\u0259n, h\u00f6kum\u0259t t\u0259r\u0259find\u0259n t\u0259sdiql\u0259nmi\u015f bir \u015firk\u0259t olan \"Regional M\u0259rk\u0259z\" vasit\u0259si il\u0259 investisiya qoyun. Bu tip firmalar maddi investisiyalar\u0131 n\u0259z\u0259rd\u0259n ke\u00e7irir, immiqrasiya proqram\u0131n\u0131 t\u0259sdiql\u0259yir v\u0259 AB\u015e-a immiqrasiya \u0259m\u0259liyyatlar\u0131n\u0131 \u0259h\u0259miyy\u0259tli d\u0259r\u0259c\u0259d\u0259 asanla\u015fd\u0131r\u0131r.<\/li>\n<\/ol>\n<h2><\/h2>\n<h1>Regional M\u0259rk\u0259z vasit\u0259sil\u0259 investisiya qoyulu\u015funun \u00fcst\u00fcnl\u00fckl\u0259ri<\/h1>\n<p>B\u00f6lg\u0259 M\u0259rk\u0259zi vasit\u0259si il\u0259 kapital qoymaq, EB-5 proqram\u0131 il\u0259 AB\u015e-da ya\u015famaq ist\u0259y\u0259n immiqrantlara bir s\u0131ra \u00fcst\u00fcnl\u00fckl\u0259r verir. \u018fn vacib \u00fcst\u00fcnl\u00fckl\u0259rd\u0259n biri birba\u015fa v\u0259 dolay\u0131 yolla yarad\u0131lan i\u015f yerl\u0259rinin \"i\u015f yerl\u0259rinin yarad\u0131lmas\u0131 laz\u0131md\u0131r\" t\u0259l\u0259bini yerin\u0259 yetirm\u0259sidir. Birba\u015fa i\u015f imkanlar\u0131n\u0131n yarad\u0131lmas\u0131, iki ild\u0259 \u0259n az\u0131 on yeni v\u0259 h\u0259qiqi m\u00fc\u0259yy\u0259nl\u0259\u015fdirilmi\u015f i\u015f imkanlar\u0131 yaradacaq bir investisiya qoyulu\u015fu kimi q\u0259bul edil\u0259 bil\u0259r. Bununla birlikd\u0259, Regional M\u0259rk\u0259z proqram\u0131 say\u0259sind\u0259 investorlar fond hovuzunda dig\u0259r investorlar\u0131n t\u0259qdim etdiyi dolay\u0131 i\u015fl\u0259rini t\u0259qdim etm\u0259kl\u0259 i\u015f imkan\u0131 t\u0259l\u0259bini yerin\u0259 yetir\u0259 bil\u0259r. Bu i\u015fl\u0259r kollektiv \u015f\u0259kild\u0259 t\u0259min edils\u0259 d\u0259, Regional M\u0259rk\u0259z\u0259 ba\u011fl\u0131 bir ticar\u0259t m\u00fc\u0259ssis\u0259sin\u0259 qoyulan investisiya n\u0259tic\u0259sind\u0259 d\u0259 yarad\u0131la bil\u0259r. Ba\u015fqa s\u00f6zl\u0259, investorlar\u0131n birba\u015fa h\u0259r hans\u0131 bir i\u015f\u00e7ini i\u015f\u0259 g\u00f6t\u00fcrd\u00fckl\u0259rini g\u00f6st\u0259rm\u0259k m\u0259cburiyy\u0259tind\u0259 deyil. \u018fksin\u0259, i\u015f yerl\u0259rini s\u00fcbut etm\u0259k \u00f6hd\u0259liyini Regional M\u0259rk\u0259z\u0259 t\u0259hvil verdil\u0259r. Dig\u0259r t\u0259r\u0259fd\u0259n Regional M\u0259rk\u0259zl\u0259r, iqtisadi t\u0259hlil aparan t\u0259cr\u00fcb\u0259li iqtisad\u00e7\u0131lar\u0131 tutur v\u0259 layih\u0259nin adekvat v\u0259 ya dolay\u0131 i\u015f imkanlar\u0131 t\u0259klif etdiyini s\u00fcbut etm\u0259k tap\u015f\u0131r\u0131l\u0131r.<\/p>\n<h2><\/h2>\n<h1>\u0130nvestisiyalar\u0131n miqdar\u0131<\/h1>\n<p>H\u0259r EB-5 viza namiz\u0259di \u0259n az\u0131 bir i\u015f yeri a\u00e7an m\u00fc\u0259ssis\u0259y\u0259 1,050,000 AB\u015e dollar s\u0259rmay\u0259 qoymal\u0131d\u0131r. \u0130nvestisiya kapital\u0131 alan m\u00fc\u0259ssis\u0259 M\u0259qs\u0259dli M\u0259\u015f\u011fulluq B\u00f6lg\u0259si (TEA) olaraq bilin\u0259n bir k\u0259nd yerind\u0259 v\u0259 ya i\u015fsizliyin y\u00fcks\u0259k oldu\u011fu bir b\u00f6lg\u0259d\u0259dirs\u0259, minimum investisiya m\u0259bl\u0259\u011fi 800,000 AB\u015e dollar\u0131na endirilir. Bu g\u00fcn EB-5 investisiya imkanlar\u0131n\u0131n \u0259ks\u0259riyy\u0259ti TEA b\u00f6lg\u0259l\u0259rind\u0259 m\u00f6vcuddur.<\/p>\n<p>&nbsp;<\/p>\n<\/div>\n<\/div><\/div><\/div><\/div><\/div><\/div>","protected":false},"excerpt":{"rendered":"<p>\u00dcmumi \u015f\u0259rtl\u0259r AB\u015e h\u00f6kum\u0259ti AB\u015e biznesl\u0259rin\u0259 xarici s\u0259rmay\u0259l\u0259ri t\u0259\u015fviq etm\u0259k \u00fc\u00e7\u00fcn EB-5 \u0130mmiqrant \u0130nvestor Proqram\u0131n\u0131 yaratd\u0131. AB\u015e i\u015f\u00e7il\u0259ri \u00fc\u00e7\u00fcn i\u015f yeri a\u00e7an bir i\u015f\u0259 investisiya qoymaq m\u00fcqabilind\u0259 xarici v\u0259t\u0259nda\u015flar v\u0259 onlar\u0131n ail\u0259l\u0259ri AB\u015e-da daimi ya\u015fay\u0131\u015f ola bil\u0259rl\u0259r. Proqram\u0131n ad\u0131, &#8220;EB-5&#8221;, viza kateqoriyas\u0131ndan g\u0259lir &#8211; \u0130\u015f\u0259 \u0259saslanan immiqrasiya: Be\u015finci se\u00e7im EB-5 &#8211; xarici immiqrant investorlar\u0131 t\u0259r\u0259find\u0259n<a class=\"moretag\" href=\"https:\/\/www.americaeb5visa.com\/az\/eb-5-requirements\/\"><span class=\"screen-reader-text\">Read more about EB-5 t\u0259l\u0259bl\u0259ri<\/span>[&#8230;]<\/a><\/p>\n","protected":false},"author":1,"featured_media":0,"parent":0,"menu_order":7,"comment_status":"closed","ping_status":"closed","template":"","meta":{"_acf_changed":false,"_monsterinsights_skip_tracking":false,"_monsterinsights_sitenote_active":false,"_monsterinsights_sitenote_note":"","_monsterinsights_sitenote_category":0,"footnotes":""},"class_list":["post-61","page","type-page","status-publish","hentry"],"acf":[],"rttpg_featured_image_url":null,"rttpg_author":{"display_name":"AdminNIso","author_link":"https:\/\/www.americaeb5visa.com\/az\/author\/admin\/"},"rttpg_comment":0,"rttpg_category":null,"rttpg_excerpt":"\u00dcmumi \u015f\u0259rtl\u0259r AB\u015e h\u00f6kum\u0259ti AB\u015e biznesl\u0259rin\u0259 xarici s\u0259rmay\u0259l\u0259ri t\u0259\u015fviq etm\u0259k \u00fc\u00e7\u00fcn EB-5 \u0130mmiqrant \u0130nvestor Proqram\u0131n\u0131 yaratd\u0131. AB\u015e i\u015f\u00e7il\u0259ri \u00fc\u00e7\u00fcn i\u015f yeri a\u00e7an bir i\u015f\u0259 investisiya qoymaq m\u00fcqabilind\u0259 xarici v\u0259t\u0259nda\u015flar v\u0259 onlar\u0131n ail\u0259l\u0259ri AB\u015e-da daimi ya\u015fay\u0131\u015f ola bil\u0259rl\u0259r. Proqram\u0131n ad\u0131, \"EB-5\", viza kateqoriyas\u0131ndan g\u0259lir - \u0130\u015f\u0259 \u0259saslanan immiqrasiya: Be\u015finci se\u00e7im EB-5 - xarici immiqrant investorlar\u0131 t\u0259r\u0259find\u0259nRead&hellip;","_links":{"self":[{"href":"https:\/\/www.americaeb5visa.com\/az\/wp-json\/wp\/v2\/pages\/61","targetHints":{"allow":["GET"]}}],"collection":[{"href":"https:\/\/www.americaeb5visa.com\/az\/wp-json\/wp\/v2\/pages"}],"about":[{"href":"https:\/\/www.americaeb5visa.com\/az\/wp-json\/wp\/v2\/types\/page"}],"author":[{"embeddable":true,"href":"https:\/\/www.americaeb5visa.com\/az\/wp-json\/wp\/v2\/users\/1"}],"replies":[{"embeddable":true,"href":"https:\/\/www.americaeb5visa.com\/az\/wp-json\/wp\/v2\/comments?post=61"}],"version-history":[{"count":0,"href":"https:\/\/www.americaeb5visa.com\/az\/wp-json\/wp\/v2\/pages\/61\/revisions"}],"wp:attachment":[{"href":"https:\/\/www.americaeb5visa.com\/az\/wp-json\/wp\/v2\/media?parent=61"}],"curies":[{"name":"wp","href":"https:\/\/api.w.org\/{rel}","templated":true}]}}