{"id":128,"date":"2017-03-15T18:54:36","date_gmt":"2017-03-15T18:54:36","guid":{"rendered":"http:\/\/www.americaeb5visa.com\/?page_id=128"},"modified":"2022-03-25T05:31:50","modified_gmt":"2022-03-25T05:31:50","slug":"o-que-e-eb-5","status":"publish","type":"page","link":"https:\/\/www.americaeb5visa.com\/br\/o-que-e-eb-5\/","title":{"rendered":"O que \u00e9 EB-5"},"content":{"rendered":"<div id=\"pl-128\"  class=\"panel-layout\" ><div id=\"pg-128-0\"  class=\"panel-grid panel-has-style\" ><div class=\"siteorigin-panels-stretch panel-row-style panel-row-style-for-128-0\" data-stretch-type=\"full-stretched\" ><div id=\"pgc-128-0-0\"  class=\"panel-grid-cell\" ><div id=\"panel-128-0-0-0\" class=\"so-panel widget widget_sow-hero panel-first-child panel-last-child\" data-index=\"0\" ><div\n\t\t\t\n\t\t\tclass=\"so-widget-sow-hero so-widget-sow-hero-default-3d3f69fb2c42-128 so-widget-fittext-wrapper\"\n\t\t\t data-fit-text-compressor=\"0.85\"\n\t\t>\t\t\t\t<div class=\"sow-slider-base\" style=\"display: none\" tabindex=\"0\">\n\t\t\t\t\t<ul\n\t\t\t\t\tclass=\"sow-slider-images\"\n\t\t\t\t\tdata-settings=\"{&quot;pagination&quot;:true,&quot;speed&quot;:800,&quot;timeout&quot;:8000,&quot;paused&quot;:false,&quot;pause_on_hover&quot;:false,&quot;swipe&quot;:true,&quot;nav_always_show_desktop&quot;:&quot;&quot;,&quot;nav_always_show_mobile&quot;:&quot;&quot;,&quot;breakpoint&quot;:&quot;780px&quot;,&quot;unmute&quot;:false,&quot;anchor&quot;:null}\"\n\t\t\t\t\tstyle=\"min-height: 600px\"\t\t\t\t\tdata-anchor-id=\"\"\n\t\t\t\t>\t\t<li class=\"sow-slider-image  sow-slider-image-cover\" style=\"visibility: visible;;background-color: #333333;background-image: url(https:\/\/www.americaeb5visa.com\/br\/wp-content\/uploads\/sites\/13\/2017\/03\/EB5Death_to_Stock_Photography_NYC_Skyline_2.jpg)\" >\n\t\t\t\t\t<div class=\"sow-slider-image-container\">\n\t\t\t<div class=\"sow-slider-image-wrapper\">\n\t\t\t\t<h1 style=\"text-align: center\">O que \u00e9 EB-5<\/h1><h2 style=\"text-align: center\">O programa de investidores que leva \u00e0 resid\u00eancia permanente nos EUA.<\/h2>\t\t\t<\/div>\n\t\t<\/div>\n\t\t\t\t<\/li>\n\t\t<\/ul>\t\t\t\t<ol class=\"sow-slider-pagination\">\n\t\t\t\t\t\t\t\t\t\t\t<li><a href=\"#\" data-goto=\"0\" aria-label=\"Display slide 1\"><\/a><\/li>\n\t\t\t\t\t\t\t\t\t<\/ol>\n\n\t\t\t\t<div class=\"sow-slide-nav sow-slide-nav-next\">\n\t\t\t\t\t<a href=\"#\" data-goto=\"next\" aria-label=\"Next slide\" data-action=\"next\">\n\t\t\t\t\t\t<em class=\"sow-sld-icon-thin-right\"><\/em>\n\t\t\t\t\t<\/a>\n\t\t\t\t<\/div>\n\n\t\t\t\t<div class=\"sow-slide-nav sow-slide-nav-prev\">\n\t\t\t\t\t<a href=\"#\" data-goto=\"previous\" aria-label=\"Previous slide\" data-action=\"prev\">\n\t\t\t\t\t\t<em class=\"sow-sld-icon-thin-left\"><\/em>\n\t\t\t\t\t<\/a>\n\t\t\t\t<\/div>\n\t\t\t\t<\/div><\/div><\/div><\/div><\/div><\/div><div id=\"pg-128-1\"  class=\"panel-grid panel-has-style\" ><div class=\"panel-row-style panel-row-style-for-128-1\" ><div id=\"pgc-128-1-0\"  class=\"panel-grid-cell\" ><div id=\"panel-128-1-0-0\" class=\"so-panel widget widget_sow-editor panel-first-child panel-last-child\" data-index=\"1\" ><div\n\t\t\t\n\t\t\tclass=\"so-widget-sow-editor so-widget-sow-editor-base\"\n\t\t\t\n\t\t>\n<div class=\"siteorigin-widget-tinymce textwidget\">\n\t<h1>O que \u00e9 um visto EB-5?<\/h1>\n<p>Se voc\u00ea \u00e9 um cidad\u00e3o do mundo que pretende come\u00e7ar a vida nos Estados Unidos, ent\u00e3o voc\u00ea deve considerar a solicita\u00e7\u00e3o para o Programa de Investidores de Imigrantes EB-5, administrado pelos Servi\u00e7os de Cidadania e Imigra\u00e7\u00e3o dos EUA (USCIS). Participar do programa EB-5 significa fazer um investimento de capital, mas assim que o USCIS determinar que o neg\u00f3cio receptor do seu investimento se qualifica para o programa EB-5, voc\u00ea, seu c\u00f4njuge e seus filhos menores de 21 anos ganham porta de entrada para obter uma resid\u00eancia permanente, o \"Green Card\", dos Estados Unidos.<\/p>\n<h1><\/h1>\n<h1>Quais s\u00e3o os requisitos do EB-5 Visa?<\/h1>\n<p>Os requerentes de visto EB-5 s\u00e3o obrigados a investir pelo menos $ 800,000 em um projeto do Centro Regional, desde que o investimento esteja dentro de uma \u00e1rea de grande desemprego ou uma \u00e1rea rural nos Estados Unidos. Se essas condi\u00e7\u00f5es n\u00e3o forem cumpridas, o investimento m\u00ednimo para a qualifica\u00e7\u00e3o deve ser $ 1,050,000. Quando esses recursos s\u00e3o implantados na economia, eles precisam resultar na cria\u00e7\u00e3o de pelo menos 10 empregos de tempo integral para os trabalhadores dos EUA. Um investidor n\u00e3o precisa se preocupar com o tempo da cria\u00e7\u00e3o de emprego. Uma vez que o investidor recebe o seu estatuto de resid\u00eancia permanente condicional, a empresa benefici\u00e1ria ter\u00e1 dois anos para gerar dez ou mais postos de trabalho para que o investidor mude seu status de condicional para permanente.<\/p>\n<\/div>\n<\/div><\/div><\/div><\/div><\/div><\/div>","protected":false},"excerpt":{"rendered":"<p>O que \u00e9 um visto EB-5? Se voc\u00ea \u00e9 um cidad\u00e3o do mundo que pretende come\u00e7ar a vida nos Estados Unidos, ent\u00e3o voc\u00ea deve considerar a solicita\u00e7\u00e3o para o Programa de Investidores de Imigrantes EB-5, administrado pelos Servi\u00e7os de Cidadania e Imigra\u00e7\u00e3o dos EUA (USCIS). Participar do programa EB-5 significa fazer um investimento de capital,<a class=\"moretag\" href=\"https:\/\/www.americaeb5visa.com\/br\/o-que-e-eb-5\/\"><span class=\"screen-reader-text\">Read more about O que \u00e9 EB-5<\/span>[&#8230;]<\/a><\/p>\n","protected":false},"author":1,"featured_media":0,"parent":0,"menu_order":8,"comment_status":"closed","ping_status":"closed","template":"","meta":{"_acf_changed":false,"_monsterinsights_skip_tracking":false,"_monsterinsights_sitenote_active":false,"_monsterinsights_sitenote_note":"","_monsterinsights_sitenote_category":0,"footnotes":""},"class_list":["post-128","page","type-page","status-publish","hentry"],"acf":[],"rttpg_featured_image_url":null,"rttpg_author":{"display_name":"AdminNIso","author_link":"https:\/\/www.americaeb5visa.com\/br\/blog\/author\/admin\/"},"rttpg_comment":0,"rttpg_category":null,"rttpg_excerpt":"O que \u00e9 um visto EB-5? Se voc\u00ea \u00e9 um cidad\u00e3o do mundo que pretende come\u00e7ar a vida nos Estados Unidos, ent\u00e3o voc\u00ea deve considerar a solicita\u00e7\u00e3o para o Programa de Investidores de Imigrantes EB-5, administrado pelos Servi\u00e7os de Cidadania e Imigra\u00e7\u00e3o dos EUA (USCIS). Participar do programa EB-5 significa fazer um investimento de capital,Read&hellip;","_links":{"self":[{"href":"https:\/\/www.americaeb5visa.com\/br\/wp-json\/wp\/v2\/pages\/128","targetHints":{"allow":["GET"]}}],"collection":[{"href":"https:\/\/www.americaeb5visa.com\/br\/wp-json\/wp\/v2\/pages"}],"about":[{"href":"https:\/\/www.americaeb5visa.com\/br\/wp-json\/wp\/v2\/types\/page"}],"author":[{"embeddable":true,"href":"https:\/\/www.americaeb5visa.com\/br\/wp-json\/wp\/v2\/users\/1"}],"replies":[{"embeddable":true,"href":"https:\/\/www.americaeb5visa.com\/br\/wp-json\/wp\/v2\/comments?post=128"}],"version-history":[{"count":0,"href":"https:\/\/www.americaeb5visa.com\/br\/wp-json\/wp\/v2\/pages\/128\/revisions"}],"wp:attachment":[{"href":"https:\/\/www.americaeb5visa.com\/br\/wp-json\/wp\/v2\/media?parent=128"}],"curies":[{"name":"wp","href":"https:\/\/api.w.org\/{rel}","templated":true}]}}