{"id":57,"date":"2017-03-14T21:35:00","date_gmt":"2017-03-14T21:35:00","guid":{"rendered":"http:\/\/www.americaeb5visa.com\/?page_id=57"},"modified":"2022-03-25T05:37:07","modified_gmt":"2022-03-25T05:37:07","slug":"eb-5-diligencia-devida","status":"publish","type":"page","link":"https:\/\/www.americaeb5visa.com\/br\/eb-5-diligencia-devida\/","title":{"rendered":"EB-5 Dilig\u00eancia Devida"},"content":{"rendered":"<div id=\"pl-57\"  class=\"panel-layout\" ><div id=\"pg-57-0\"  class=\"panel-grid panel-has-style\" ><div class=\"siteorigin-panels-stretch panel-row-style panel-row-style-for-57-0\" data-stretch-type=\"full-stretched\" ><div id=\"pgc-57-0-0\"  class=\"panel-grid-cell\" ><div id=\"panel-57-0-0-0\" class=\"so-panel widget widget_sow-hero panel-first-child panel-last-child\" data-index=\"0\" ><div\n\t\t\t\n\t\t\tclass=\"so-widget-sow-hero so-widget-sow-hero-default-3d3f69fb2c42-57 so-widget-fittext-wrapper\"\n\t\t\t data-fit-text-compressor=\"0.85\"\n\t\t>\t\t\t\t<div class=\"sow-slider-base\" style=\"display: none\" tabindex=\"0\">\n\t\t\t\t\t<ul\n\t\t\t\t\tclass=\"sow-slider-images\"\n\t\t\t\t\tdata-settings=\"{&quot;pagination&quot;:true,&quot;speed&quot;:800,&quot;timeout&quot;:8000,&quot;paused&quot;:false,&quot;pause_on_hover&quot;:false,&quot;swipe&quot;:true,&quot;nav_always_show_desktop&quot;:&quot;&quot;,&quot;nav_always_show_mobile&quot;:&quot;&quot;,&quot;breakpoint&quot;:&quot;780px&quot;,&quot;unmute&quot;:false,&quot;anchor&quot;:null}\"\n\t\t\t\t\tstyle=\"min-height: 600px\"\t\t\t\t\tdata-anchor-id=\"\"\n\t\t\t\t>\t\t<li class=\"sow-slider-image  sow-slider-image-cover\" style=\"visibility: visible;;background-color: #333333;background-image: url(https:\/\/www.americaeb5visa.com\/br\/wp-content\/uploads\/sites\/13\/2017\/03\/EB5Death_to_Stock_Photography_NYC_Skyline_2.jpg)\" >\n\t\t\t\t\t<div class=\"sow-slider-image-container\">\n\t\t\t<div class=\"sow-slider-image-wrapper\">\n\t\t\t\t<h1 class=\"text-center mg-md \" style=\"text-align: center\">EB-5 Dilig\u00eancia Devida <\/h1><h2 style=\"text-align: center\">Certificar-se de seu investimento \u00e9 seguro.<\/h2>\t\t\t<\/div>\n\t\t<\/div>\n\t\t\t\t<\/li>\n\t\t<\/ul>\t\t\t\t<ol class=\"sow-slider-pagination\">\n\t\t\t\t\t\t\t\t\t\t\t<li><a href=\"#\" data-goto=\"0\" aria-label=\"Display slide 1\"><\/a><\/li>\n\t\t\t\t\t\t\t\t\t<\/ol>\n\n\t\t\t\t<div class=\"sow-slide-nav sow-slide-nav-next\">\n\t\t\t\t\t<a href=\"#\" data-goto=\"next\" aria-label=\"Next slide\" data-action=\"next\">\n\t\t\t\t\t\t<em class=\"sow-sld-icon-thin-right\"><\/em>\n\t\t\t\t\t<\/a>\n\t\t\t\t<\/div>\n\n\t\t\t\t<div class=\"sow-slide-nav sow-slide-nav-prev\">\n\t\t\t\t\t<a href=\"#\" data-goto=\"previous\" aria-label=\"Previous slide\" data-action=\"prev\">\n\t\t\t\t\t\t<em class=\"sow-sld-icon-thin-left\"><\/em>\n\t\t\t\t\t<\/a>\n\t\t\t\t<\/div>\n\t\t\t\t<\/div><\/div><\/div><\/div><\/div><\/div><div id=\"pg-57-1\"  class=\"panel-grid panel-has-style\" ><div class=\"siteorigin-panels-stretch panel-row-style panel-row-style-for-57-1\" data-stretch-type=\"full\" ><div id=\"pgc-57-1-0\"  class=\"panel-grid-cell\" ><div id=\"panel-57-1-0-0\" class=\"so-panel widget widget_sow-editor panel-first-child panel-last-child\" data-index=\"1\" ><div\n\t\t\t\n\t\t\tclass=\"so-widget-sow-editor so-widget-sow-editor-base\"\n\t\t\t\n\t\t>\n<div class=\"siteorigin-widget-tinymce textwidget\">\n\t<p><b>Sobre a Imigra\u00e7\u00e3o<\/b><\/p>\n<ul>\n<li>Quantas aprova\u00e7\u00f5es I-526?<\/li>\n<li>Quantas rejei\u00e7\u00f5es I-526? Raz\u00f5es?<\/li>\n<li>Quantas aprova\u00e7\u00f5es Condicionais do Green Card?<\/li>\n<li>Quantas nega\u00e7\u00f5es condicionais do Green Card? Raz\u00f5es?<\/li>\n<li>Quantas aprova\u00e7\u00f5es de remo\u00e7\u00e3o de condi\u00e7\u00f5es?<\/li>\n<li>Quantas Rejei\u00e7\u00f5es de Remo\u00e7\u00e3o de Condi\u00e7\u00f5es? Raz\u00f5es?<\/li>\n<\/ul>\n<p><b>Sobre o Centro Regional<\/b><\/p>\n<ul>\n<li>Quando foi criado o Centro Regional? Quando foi aprovado o I-924?<\/li>\n<li>Quanto tempo tem o desenvolvedor no neg\u00f3cio? Antes dessa oferta, eles j\u00e1 foram financiados pelo EB-5?<\/li>\n<li>O desenvolvedor possui uma classifica\u00e7\u00e3o aut\u00f4noma de ag\u00eancias de rating globais l\u00edderes como Standard &amp; Poors e Moody's?<\/li>\n<li>Quando o investimento pode ser vendido? Quando o cliente pode receber seu investimento de volta? Quantos investidores receberam retorno de investimento at\u00e9 agora?<\/li>\n<\/ul>\n<p><b>Como \u00e9 determinada a quantia?<\/b><\/p>\n<ul>\n<li>O eventual retrocesso de outros investidores afetar\u00e1 o momento da devolu\u00e7\u00e3o do principal para al\u00e9m do per\u00edodo de deten\u00e7\u00e3o de cinco anos exigido aos investidores cujas I-829 candidaturas j\u00e1 tenham sido aprovadas?<\/li>\n<li>A conclus\u00e3o antecipada e a execu\u00e7\u00e3o da estrat\u00e9gia de sa\u00edda do projecto exigir\u00e3o a devolu\u00e7\u00e3o do capital aos investidores cujas I-829 candidaturas ainda n\u00e3o tenham sido aprovadas ou tenham sido aprovadas, mas o per\u00edodo de deten\u00e7\u00e3o de cinco anos ainda n\u00e3o tenha sido cumprido? Caso contr\u00e1rio, que planos tem o Centro Regional para reimplementar os fundos, a fim de n\u00e3o comprometer a aprova\u00e7\u00e3o do I-829?<\/li>\n<li>Quantos anos de experi\u00eancia o parceiro geral ou principal no projeto de investimento tem em trabalhar com programas de imigrantes investidores?<\/li>\n<\/ul>\n<\/div>\n<\/div><\/div><\/div><\/div><\/div><\/div>","protected":false},"excerpt":{"rendered":"<p>Sobre a Imigra\u00e7\u00e3o Quantas aprova\u00e7\u00f5es I-526? Quantas rejei\u00e7\u00f5es I-526? Raz\u00f5es? Quantas aprova\u00e7\u00f5es Condicionais do Green Card? Quantas nega\u00e7\u00f5es condicionais do Green Card? Raz\u00f5es? Quantas aprova\u00e7\u00f5es de remo\u00e7\u00e3o de condi\u00e7\u00f5es? Quantas Rejei\u00e7\u00f5es de Remo\u00e7\u00e3o de Condi\u00e7\u00f5es? Raz\u00f5es? Sobre o Centro Regional Quando foi criado o Centro Regional? Quando foi aprovado o I-924? Quanto tempo tem o<a class=\"moretag\" href=\"https:\/\/www.americaeb5visa.com\/br\/eb-5-diligencia-devida\/\"><span class=\"screen-reader-text\">Read more about EB-5 Dilig\u00eancia Devida<\/span>[&#8230;]<\/a><\/p>\n","protected":false},"author":1,"featured_media":0,"parent":0,"menu_order":2,"comment_status":"closed","ping_status":"closed","template":"","meta":{"_acf_changed":false,"_monsterinsights_skip_tracking":false,"_monsterinsights_sitenote_active":false,"_monsterinsights_sitenote_note":"","_monsterinsights_sitenote_category":0,"footnotes":""},"class_list":["post-57","page","type-page","status-publish","hentry"],"acf":[],"rttpg_featured_image_url":null,"rttpg_author":{"display_name":"AdminNIso","author_link":"https:\/\/www.americaeb5visa.com\/br\/blog\/author\/admin\/"},"rttpg_comment":0,"rttpg_category":null,"rttpg_excerpt":"Sobre a Imigra\u00e7\u00e3o Quantas aprova\u00e7\u00f5es I-526? Quantas rejei\u00e7\u00f5es I-526? Raz\u00f5es? Quantas aprova\u00e7\u00f5es Condicionais do Green Card? Quantas nega\u00e7\u00f5es condicionais do Green Card? Raz\u00f5es? Quantas aprova\u00e7\u00f5es de remo\u00e7\u00e3o de condi\u00e7\u00f5es? Quantas Rejei\u00e7\u00f5es de Remo\u00e7\u00e3o de Condi\u00e7\u00f5es? Raz\u00f5es? Sobre o Centro Regional Quando foi criado o Centro Regional? Quando foi aprovado o I-924? Quanto tempo tem oRead&hellip;","_links":{"self":[{"href":"https:\/\/www.americaeb5visa.com\/br\/wp-json\/wp\/v2\/pages\/57","targetHints":{"allow":["GET"]}}],"collection":[{"href":"https:\/\/www.americaeb5visa.com\/br\/wp-json\/wp\/v2\/pages"}],"about":[{"href":"https:\/\/www.americaeb5visa.com\/br\/wp-json\/wp\/v2\/types\/page"}],"author":[{"embeddable":true,"href":"https:\/\/www.americaeb5visa.com\/br\/wp-json\/wp\/v2\/users\/1"}],"replies":[{"embeddable":true,"href":"https:\/\/www.americaeb5visa.com\/br\/wp-json\/wp\/v2\/comments?post=57"}],"version-history":[{"count":0,"href":"https:\/\/www.americaeb5visa.com\/br\/wp-json\/wp\/v2\/pages\/57\/revisions"}],"wp:attachment":[{"href":"https:\/\/www.americaeb5visa.com\/br\/wp-json\/wp\/v2\/media?parent=57"}],"curies":[{"name":"wp","href":"https:\/\/api.w.org\/{rel}","templated":true}]}}