{"id":61,"date":"2017-03-14T21:44:01","date_gmt":"2017-03-14T21:44:01","guid":{"rendered":"http:\/\/www.americaeb5visa.com\/?page_id=61"},"modified":"2022-03-25T05:34:26","modified_gmt":"2022-03-25T05:34:26","slug":"eb-5-requisitos","status":"publish","type":"page","link":"https:\/\/www.americaeb5visa.com\/br\/eb-5-requisitos\/","title":{"rendered":"EB-5 Requisitos"},"content":{"rendered":"<div id=\"pl-61\"  class=\"panel-layout\" ><div id=\"pg-61-0\"  class=\"panel-grid panel-has-style\" ><div class=\"siteorigin-panels-stretch panel-row-style panel-row-style-for-61-0\" data-stretch-type=\"full-stretched\" ><div id=\"pgc-61-0-0\"  class=\"panel-grid-cell\" ><div id=\"panel-61-0-0-0\" class=\"so-panel widget widget_sow-hero panel-first-child panel-last-child\" data-index=\"0\" ><div\n\t\t\t\n\t\t\tclass=\"so-widget-sow-hero so-widget-sow-hero-default-3d3f69fb2c42-61 so-widget-fittext-wrapper\"\n\t\t\t data-fit-text-compressor=\"0.85\"\n\t\t>\t\t\t\t<div class=\"sow-slider-base\" style=\"display: none\" tabindex=\"0\">\n\t\t\t\t\t<ul\n\t\t\t\t\tclass=\"sow-slider-images\"\n\t\t\t\t\tdata-settings=\"{&quot;pagination&quot;:true,&quot;speed&quot;:800,&quot;timeout&quot;:8000,&quot;paused&quot;:false,&quot;pause_on_hover&quot;:false,&quot;swipe&quot;:true,&quot;nav_always_show_desktop&quot;:&quot;&quot;,&quot;nav_always_show_mobile&quot;:&quot;&quot;,&quot;breakpoint&quot;:&quot;780px&quot;,&quot;unmute&quot;:false,&quot;anchor&quot;:null}\"\n\t\t\t\t\tstyle=\"min-height: 600px\"\t\t\t\t\tdata-anchor-id=\"\"\n\t\t\t\t>\t\t<li class=\"sow-slider-image  sow-slider-image-cover\" style=\"visibility: visible;;background-color: #333333;background-image: url(https:\/\/www.americaeb5visa.com\/br\/wp-content\/uploads\/sites\/13\/2017\/03\/EB5Death_to_Stock_Photography_NYC_Skyline_2.jpg)\" >\n\t\t\t\t\t<div class=\"sow-slider-image-container\">\n\t\t\t<div class=\"sow-slider-image-wrapper\">\n\t\t\t\t<h1 style=\"text-align: center\">EB-5 Requisitos<\/h1><h2 style=\"text-align: center\">Um investimento de capital que cria pelo menos 10 empregos para os trabalhadores dos EUA.<\/h2>\t\t\t<\/div>\n\t\t<\/div>\n\t\t\t\t<\/li>\n\t\t<\/ul>\t\t\t\t<ol class=\"sow-slider-pagination\">\n\t\t\t\t\t\t\t\t\t\t\t<li><a href=\"#\" data-goto=\"0\" aria-label=\"Display slide 1\"><\/a><\/li>\n\t\t\t\t\t\t\t\t\t<\/ol>\n\n\t\t\t\t<div class=\"sow-slide-nav sow-slide-nav-next\">\n\t\t\t\t\t<a href=\"#\" data-goto=\"next\" aria-label=\"Next slide\" data-action=\"next\">\n\t\t\t\t\t\t<em class=\"sow-sld-icon-thin-right\"><\/em>\n\t\t\t\t\t<\/a>\n\t\t\t\t<\/div>\n\n\t\t\t\t<div class=\"sow-slide-nav sow-slide-nav-prev\">\n\t\t\t\t\t<a href=\"#\" data-goto=\"previous\" aria-label=\"Previous slide\" data-action=\"prev\">\n\t\t\t\t\t\t<em class=\"sow-sld-icon-thin-left\"><\/em>\n\t\t\t\t\t<\/a>\n\t\t\t\t<\/div>\n\t\t\t\t<\/div><\/div><\/div><\/div><\/div><\/div><div id=\"pg-61-1\"  class=\"panel-grid panel-has-style\" ><div class=\"panel-row-style panel-row-style-for-61-1\" ><div id=\"pgc-61-1-0\"  class=\"panel-grid-cell\" ><div id=\"panel-61-1-0-0\" class=\"so-panel widget widget_sow-editor panel-first-child panel-last-child\" data-index=\"1\" ><div\n\t\t\t\n\t\t\tclass=\"so-widget-sow-editor so-widget-sow-editor-base\"\n\t\t\t\n\t\t>\n<div class=\"siteorigin-widget-tinymce textwidget\">\n\t<h1>Requerimentos Gerais<\/h1>\n<p>O governo dos EUA criou o Programa de Investidores Imigrantes EB-5 para incentivar o investimento estrangeiro em neg\u00f3cios nos EUA. Em troca de investir em um neg\u00f3cio que cria empregos para os trabalhadores dos EUA, estrangeiros e suas fam\u00edlias s\u00e3o eleg\u00edveis para se tornarem residentes permanentes dos EUA. O nome do programa, \"EB-5\", vem da categoria de vistos para os quais os investidores imigrantes aplicam - a Imigra\u00e7\u00e3o Baseada no Emprego: Quinta Prefer\u00eancia EB-5.<\/p>\n<p>Embora o programa tenha evolu\u00eddo consideravelmente desde a sua cria\u00e7\u00e3o em 1990, existem atualmente duas formas para os investidores estrangeiros para obter um visto EB-5:<\/p>\n<ol>\n<li>Investimento direto numa empresa comercial nova ou existente que crie empregos.<\/li>\n<li>Investir capital atrav\u00e9s de um \"Centro Regional\", uma empresa aprovada pelo governo, que gere ativamente fundos de investidores e o processo de aprova\u00e7\u00e3o de imigra\u00e7\u00e3o.<\/li>\n<\/ol>\n<h1>Vantagens de investir no Centro Regional<\/h1>\n<p>Investir capital atrav\u00e9s de um Centro Regional oferece v\u00e1rios benef\u00edcios importantes para os imigrantes que procuram resid\u00eancia dos EUA atrav\u00e9s do programa EB-5. Uma das vantagens mais importantes \u00e9 a capacidade de contar os empregos diretos e indiretos para o \"requisito de cria\u00e7\u00e3o de emprego\".<\/p>\n<p>A cria\u00e7\u00e3o direta de emprego \u00e9 o resultado de um investimento que criou e sustentou dez novos empregos identific\u00e1veis \u200b\u200breais ao longo de um per\u00edodo de dois anos. No \u00e2mbito do programa Centro Regional, os investidores tamb\u00e9m podem satisfazer a exig\u00eancia de trabalho, mostrando a cria\u00e7\u00e3o de emprego indireto de fundos comuns de todos os investidores no projeto. Esses empregos podem ser criados coletivamente ou como resultado de capital investido em uma empresa comercial afiliada a um Centro Regional.<\/p>\n<p>Em outras palavras, o investidor n\u00e3o precisa mostrar que ele ou ela contratou diretamente empregados. A tarefa de provar a cria\u00e7\u00e3o de empregos passa para o Centro Regional. Os Centros Regionais, por sua vez, contratam economistas experientes que realizam an\u00e1lises econ\u00f4micas e provam que s\u00e3o criados empregos diretos e indiretos suficientes como resultado do projeto.<\/p>\n<h1><\/h1>\n<h1>Valor do investimento<\/h1>\n<p>Cada requerente de visto EB-5 deve investir um m\u00ednimo de $ 1,050,000 em um empreendimento de cria\u00e7\u00e3o de emprego. Se a empresa que recebe o capital est\u00e1 localizada em uma \u00e1rea de emprego direcionada (TEA) - definida como uma \u00e1rea rural ou uma regi\u00e3o com grande desemprego - ent\u00e3o o valor m\u00ednimo de investimento \u00e9 reduzido para $ 800,000 mil. Hoje, a maioria das oportunidades de investimento EB-5 est\u00e3o localizadas em TEAs.<\/p>\n<\/div>\n<\/div><\/div><\/div><\/div><\/div><\/div>","protected":false},"excerpt":{"rendered":"<p>Requerimentos Gerais O governo dos EUA criou o Programa de Investidores Imigrantes EB-5 para incentivar o investimento estrangeiro em neg\u00f3cios nos EUA. Em troca de investir em um neg\u00f3cio que cria empregos para os trabalhadores dos EUA, estrangeiros e suas fam\u00edlias s\u00e3o eleg\u00edveis para se tornarem residentes permanentes dos EUA. O nome do programa, &#8220;EB-5&#8221;,<a class=\"moretag\" href=\"https:\/\/www.americaeb5visa.com\/br\/eb-5-requisitos\/\"><span class=\"screen-reader-text\">Read more about EB-5 Requisitos<\/span>[&#8230;]<\/a><\/p>\n","protected":false},"author":1,"featured_media":0,"parent":0,"menu_order":4,"comment_status":"closed","ping_status":"closed","template":"","meta":{"_acf_changed":false,"_monsterinsights_skip_tracking":false,"_monsterinsights_sitenote_active":false,"_monsterinsights_sitenote_note":"","_monsterinsights_sitenote_category":0,"footnotes":""},"class_list":["post-61","page","type-page","status-publish","hentry"],"acf":[],"rttpg_featured_image_url":null,"rttpg_author":{"display_name":"AdminNIso","author_link":"https:\/\/www.americaeb5visa.com\/br\/blog\/author\/admin\/"},"rttpg_comment":0,"rttpg_category":null,"rttpg_excerpt":"Requerimentos Gerais O governo dos EUA criou o Programa de Investidores Imigrantes EB-5 para incentivar o investimento estrangeiro em neg\u00f3cios nos EUA. Em troca de investir em um neg\u00f3cio que cria empregos para os trabalhadores dos EUA, estrangeiros e suas fam\u00edlias s\u00e3o eleg\u00edveis para se tornarem residentes permanentes dos EUA. O nome do programa, \"EB-5\",Read&hellip;","_links":{"self":[{"href":"https:\/\/www.americaeb5visa.com\/br\/wp-json\/wp\/v2\/pages\/61","targetHints":{"allow":["GET"]}}],"collection":[{"href":"https:\/\/www.americaeb5visa.com\/br\/wp-json\/wp\/v2\/pages"}],"about":[{"href":"https:\/\/www.americaeb5visa.com\/br\/wp-json\/wp\/v2\/types\/page"}],"author":[{"embeddable":true,"href":"https:\/\/www.americaeb5visa.com\/br\/wp-json\/wp\/v2\/users\/1"}],"replies":[{"embeddable":true,"href":"https:\/\/www.americaeb5visa.com\/br\/wp-json\/wp\/v2\/comments?post=61"}],"version-history":[{"count":0,"href":"https:\/\/www.americaeb5visa.com\/br\/wp-json\/wp\/v2\/pages\/61\/revisions"}],"wp:attachment":[{"href":"https:\/\/www.americaeb5visa.com\/br\/wp-json\/wp\/v2\/media?parent=61"}],"curies":[{"name":"wp","href":"https:\/\/api.w.org\/{rel}","templated":true}]}}