{"id":69,"date":"2017-03-14T21:58:31","date_gmt":"2017-03-14T21:58:31","guid":{"rendered":"http:\/\/www.americaeb5visa.com\/?page_id=69"},"modified":"2020-01-29T05:10:37","modified_gmt":"2020-01-29T05:10:37","slug":"investidores","status":"publish","type":"page","link":"https:\/\/www.americaeb5visa.com\/br\/investidores\/","title":{"rendered":"Investidores"},"content":{"rendered":"<div id=\"pl-69\"  class=\"panel-layout\" ><div id=\"pg-69-0\"  class=\"panel-grid panel-has-style\" ><div class=\"siteorigin-panels-stretch panel-row-style panel-row-style-for-69-0\" data-stretch-type=\"full-stretched\" ><div id=\"pgc-69-0-0\"  class=\"panel-grid-cell\" ><div id=\"panel-69-0-0-0\" class=\"so-panel widget widget_sow-hero panel-first-child panel-last-child\" data-index=\"0\" ><div\n\t\t\t\n\t\t\tclass=\"so-widget-sow-hero so-widget-sow-hero-default-3d3f69fb2c42-69 so-widget-fittext-wrapper\"\n\t\t\t data-fit-text-compressor=\"0.85\"\n\t\t>\t\t\t\t<div class=\"sow-slider-base\" style=\"display: none\" tabindex=\"0\">\n\t\t\t\t\t<ul\n\t\t\t\t\tclass=\"sow-slider-images\"\n\t\t\t\t\tdata-settings=\"{&quot;pagination&quot;:true,&quot;speed&quot;:800,&quot;timeout&quot;:8000,&quot;paused&quot;:false,&quot;pause_on_hover&quot;:false,&quot;swipe&quot;:true,&quot;nav_always_show_desktop&quot;:&quot;&quot;,&quot;nav_always_show_mobile&quot;:&quot;&quot;,&quot;breakpoint&quot;:&quot;780px&quot;,&quot;unmute&quot;:false,&quot;anchor&quot;:null}\"\n\t\t\t\t\tstyle=\"min-height: 600px\"\t\t\t\t\tdata-anchor-id=\"\"\n\t\t\t\t>\t\t<li class=\"sow-slider-image  sow-slider-image-cover\" style=\"visibility: visible;;background-color: #333333;background-image: url(https:\/\/www.americaeb5visa.com\/br\/wp-content\/uploads\/sites\/13\/2017\/03\/InvestmentIntro.jpg)\" >\n\t\t\t\t\t<div class=\"sow-slider-image-container\">\n\t\t\t<div class=\"sow-slider-image-wrapper\">\n\t\t\t\t<h1 style=\"text-align: center\">Investidores<\/h1><h2 style=\"text-align: center\">Futuros titulares do Green Card.<\/h2>\t\t\t<\/div>\n\t\t<\/div>\n\t\t\t\t<\/li>\n\t\t<\/ul>\t\t\t\t<ol class=\"sow-slider-pagination\">\n\t\t\t\t\t\t\t\t\t\t\t<li><a href=\"#\" data-goto=\"0\" aria-label=\"Display slide 1\"><\/a><\/li>\n\t\t\t\t\t\t\t\t\t<\/ol>\n\n\t\t\t\t<div class=\"sow-slide-nav sow-slide-nav-next\">\n\t\t\t\t\t<a href=\"#\" data-goto=\"next\" aria-label=\"Next slide\" data-action=\"next\">\n\t\t\t\t\t\t<em class=\"sow-sld-icon-thin-right\"><\/em>\n\t\t\t\t\t<\/a>\n\t\t\t\t<\/div>\n\n\t\t\t\t<div class=\"sow-slide-nav sow-slide-nav-prev\">\n\t\t\t\t\t<a href=\"#\" data-goto=\"previous\" aria-label=\"Previous slide\" data-action=\"prev\">\n\t\t\t\t\t\t<em class=\"sow-sld-icon-thin-left\"><\/em>\n\t\t\t\t\t<\/a>\n\t\t\t\t<\/div>\n\t\t\t\t<\/div><\/div><\/div><\/div><\/div><\/div><div id=\"pg-69-1\"  class=\"panel-grid panel-no-style\" ><div id=\"pgc-69-1-0\"  class=\"panel-grid-cell\" ><div id=\"panel-69-1-0-0\" class=\"so-panel widget widget_sow-editor panel-first-child panel-last-child\" data-index=\"1\" ><div class=\"panel-widget-style panel-widget-style-for-69-1-0-0\" ><div\n\t\t\t\n\t\t\tclass=\"so-widget-sow-editor so-widget-sow-editor-base\"\n\t\t\t\n\t\t>\n<div class=\"siteorigin-widget-tinymce textwidget\">\n\t<h1>Quem s\u00e3o os Investidores?<\/h1>\n<p>EB-5 Os investidores s\u00e3o cidad\u00e3os de fora dos Estados Unidos mas que desejam obter \"Green Card\", ou status de resid\u00eancia permanente, para viver, trabalhar e talvez um dia tornar-se cidad\u00e3os dos Estados Unidos.<\/p>\n<h1>\u00a0<\/h1>\n<h1>Por que os investidores escolheriam os Centros Regionais EB-5?<\/h1>\n<p>\u00a0 \u00a0 \u00a0O objetivo principal de investir em um projeto do Centro Regional EB-5 \u00e9 obter um Green Card de forma r\u00e1pida, eficiente e transparente. Al\u00e9m disso, os projetos do EB-5 Regional Center permitem que os investidores recuperem seu capital logo que sejam eleg\u00edveis. Como mencionado, embora n\u00e3o haja garantias em investir, o visto EB-5 garante que os investidores tenham informa\u00e7\u00f5es necess\u00e1rias para investir em um Centro Regional em projetos realizados por promotores imobili\u00e1rios com hist\u00f3ricos de sucesso comprovado.<\/p>\n<h1>\u00a0<\/h1>\n<h1>Que servi\u00e7os prestamos aos investidores de projetos EB-5 patrocinados pelo Centro Regional?<\/h1>\n<p>\u00a0 \u00a0Solicitar um Green Card pode ser confuso. H\u00e1 muitas etapas e um n\u00famero grande de pap\u00e9is \/ formul\u00e1rios para preencher. Um dos nossos maiores orgulhos no visto EB-5 \u00e9 o nosso compromisso de fornecer aos investidores do Centro Regional todas as informa\u00e7\u00f5es necess\u00e1rias ao longo de seu processo de solicita\u00e7\u00e3o ao Green Card. Colaborando com patrocinadores de projetos, advogados de imigra\u00e7\u00e3o e advogados de seguran\u00e7a, respondemos a todas as perguntas que dos investidores ao preencherem o question\u00e1rio do investidor. Seremos um recurso \u201cao vivo\u201d, enquanto os investidores transitarem entre os memorandos de coloca\u00e7\u00e3o privada e quaisquer outros documentos de oferta. Al\u00e9m disso, \u00e0 medida que os investidores concluem seus contratos de assinatura espec\u00edficos, facilitamos o processo de coleta de dados necess\u00e1rios para a solicita\u00e7\u00e3o do visto de investidor imigrante I-526 do investidor. Vamos esclarecer e explicar todas e quaisquer etapas confusas, incluindo, mas n\u00e3o se limitando a preencher o Question\u00e1rio Fonte de Fundos.<\/p>\n<p>\u00a0<\/p>\n<\/div>\n<\/div><\/div><\/div><\/div><\/div><\/div>","protected":false},"excerpt":{"rendered":"<p>Quem s\u00e3o os Investidores?EB-5 Os investidores s\u00e3o cidad\u00e3os de fora dos Estados Unidos mas que desejam obter &#8220;Green Card&#8221;, ou status de resid\u00eancia permanente, para viver, trabalhar e talvez um dia tornar-se cidad\u00e3os dos Estados Unidos.\u00a0Por que os investidores escolheriam os Centros Regionais EB-5?\u00a0 \u00a0 \u00a0O objetivo principal de investir em um projeto do Centro<a class=\"moretag\" href=\"https:\/\/www.americaeb5visa.com\/br\/investidores\/\"><span class=\"screen-reader-text\">Read more about Investidores<\/span>[&#8230;]<\/a><\/p>\n","protected":false},"author":1,"featured_media":0,"parent":0,"menu_order":6,"comment_status":"closed","ping_status":"closed","template":"","meta":{"_acf_changed":false,"_monsterinsights_skip_tracking":false,"_monsterinsights_sitenote_active":false,"_monsterinsights_sitenote_note":"","_monsterinsights_sitenote_category":0,"footnotes":""},"class_list":["post-69","page","type-page","status-publish","hentry"],"acf":[],"rttpg_featured_image_url":null,"rttpg_author":{"display_name":"AdminNIso","author_link":"https:\/\/www.americaeb5visa.com\/br\/blog\/author\/admin\/"},"rttpg_comment":0,"rttpg_category":null,"rttpg_excerpt":"Quem s\u00e3o os Investidores?EB-5 Os investidores s\u00e3o cidad\u00e3os de fora dos Estados Unidos mas que desejam obter \"Green Card\", ou status de resid\u00eancia permanente, para viver, trabalhar e talvez um dia tornar-se cidad\u00e3os dos Estados Unidos.\u00a0Por que os investidores escolheriam os Centros Regionais EB-5?\u00a0 \u00a0 \u00a0O objetivo principal de investir em um projeto do CentroRead&hellip;","_links":{"self":[{"href":"https:\/\/www.americaeb5visa.com\/br\/wp-json\/wp\/v2\/pages\/69","targetHints":{"allow":["GET"]}}],"collection":[{"href":"https:\/\/www.americaeb5visa.com\/br\/wp-json\/wp\/v2\/pages"}],"about":[{"href":"https:\/\/www.americaeb5visa.com\/br\/wp-json\/wp\/v2\/types\/page"}],"author":[{"embeddable":true,"href":"https:\/\/www.americaeb5visa.com\/br\/wp-json\/wp\/v2\/users\/1"}],"replies":[{"embeddable":true,"href":"https:\/\/www.americaeb5visa.com\/br\/wp-json\/wp\/v2\/comments?post=69"}],"version-history":[{"count":0,"href":"https:\/\/www.americaeb5visa.com\/br\/wp-json\/wp\/v2\/pages\/69\/revisions"}],"wp:attachment":[{"href":"https:\/\/www.americaeb5visa.com\/br\/wp-json\/wp\/v2\/media?parent=69"}],"curies":[{"name":"wp","href":"https:\/\/api.w.org\/{rel}","templated":true}]}}