{"id":72,"date":"2017-03-14T21:59:45","date_gmt":"2017-03-14T21:59:45","guid":{"rendered":"http:\/\/www.americaeb5visa.com\/?page_id=72"},"modified":"2020-01-29T05:08:19","modified_gmt":"2020-01-29T05:08:19","slug":"empresa-comercial-ou-centro-regional","status":"publish","type":"page","link":"https:\/\/www.americaeb5visa.com\/br\/empresa-comercial-ou-centro-regional\/","title":{"rendered":"Investimentos"},"content":{"rendered":"<div id=\"pl-72\"  class=\"panel-layout\" ><div id=\"pg-72-0\"  class=\"panel-grid panel-has-style\" ><div class=\"siteorigin-panels-stretch panel-row-style panel-row-style-for-72-0\" data-stretch-type=\"full-stretched\" ><div id=\"pgc-72-0-0\"  class=\"panel-grid-cell\" ><div id=\"panel-72-0-0-0\" class=\"so-panel widget widget_sow-hero panel-first-child panel-last-child\" data-index=\"0\" ><div\n\t\t\t\n\t\t\tclass=\"so-widget-sow-hero so-widget-sow-hero-default-3d3f69fb2c42-72 so-widget-fittext-wrapper\"\n\t\t\t data-fit-text-compressor=\"0.85\"\n\t\t>\t\t\t\t<div class=\"sow-slider-base\" style=\"display: none\" tabindex=\"0\">\n\t\t\t\t\t<ul\n\t\t\t\t\tclass=\"sow-slider-images\"\n\t\t\t\t\tdata-settings=\"{&quot;pagination&quot;:true,&quot;speed&quot;:800,&quot;timeout&quot;:8000,&quot;paused&quot;:false,&quot;pause_on_hover&quot;:false,&quot;swipe&quot;:true,&quot;nav_always_show_desktop&quot;:&quot;&quot;,&quot;nav_always_show_mobile&quot;:&quot;&quot;,&quot;breakpoint&quot;:&quot;780px&quot;,&quot;unmute&quot;:false,&quot;anchor&quot;:null}\"\n\t\t\t\t\tstyle=\"min-height: 600px\"\t\t\t\t\tdata-anchor-id=\"\"\n\t\t\t\t>\t\t<li class=\"sow-slider-image  sow-slider-image-cover\" style=\"visibility: visible;;background-color: #333333;background-image: url(https:\/\/www.americaeb5visa.com\/br\/wp-content\/uploads\/sites\/13\/2017\/03\/InvestmentIntro.jpg)\" >\n\t\t\t\t\t<div class=\"sow-slider-image-container\">\n\t\t\t<div class=\"sow-slider-image-wrapper\">\n\t\t\t\t<h1 style=\"text-align: center\">Investimentos<\/h1><h2 style=\"text-align: center\">Empresa Comercial ou Centro Regional.<\/h2>\t\t\t<\/div>\n\t\t<\/div>\n\t\t\t\t<\/li>\n\t\t<\/ul>\t\t\t\t<ol class=\"sow-slider-pagination\">\n\t\t\t\t\t\t\t\t\t\t\t<li><a href=\"#\" data-goto=\"0\" aria-label=\"Display slide 1\"><\/a><\/li>\n\t\t\t\t\t\t\t\t\t<\/ol>\n\n\t\t\t\t<div class=\"sow-slide-nav sow-slide-nav-next\">\n\t\t\t\t\t<a href=\"#\" data-goto=\"next\" aria-label=\"Next slide\" data-action=\"next\">\n\t\t\t\t\t\t<em class=\"sow-sld-icon-thin-right\"><\/em>\n\t\t\t\t\t<\/a>\n\t\t\t\t<\/div>\n\n\t\t\t\t<div class=\"sow-slide-nav sow-slide-nav-prev\">\n\t\t\t\t\t<a href=\"#\" data-goto=\"previous\" aria-label=\"Previous slide\" data-action=\"prev\">\n\t\t\t\t\t\t<em class=\"sow-sld-icon-thin-left\"><\/em>\n\t\t\t\t\t<\/a>\n\t\t\t\t<\/div>\n\t\t\t\t<\/div><\/div><\/div><\/div><\/div><\/div><div id=\"pg-72-1\"  class=\"panel-grid panel-no-style\" ><div id=\"pgc-72-1-0\"  class=\"panel-grid-cell\" ><div id=\"panel-72-1-0-0\" class=\"so-panel widget widget_sow-editor panel-first-child panel-last-child\" data-index=\"1\" ><div class=\"panel-widget-style panel-widget-style-for-72-1-0-0\" ><div\n\t\t\t\n\t\t\tclass=\"so-widget-sow-editor so-widget-sow-editor-base\"\n\t\t\t\n\t\t>\n<div class=\"siteorigin-widget-tinymce textwidget\">\n\t<h2>O que \u00e9 um investimento EB-5?<\/h2>\n<p>H\u00e1 duas maneiras de fazer um investimento EB-5. Uma op\u00e7\u00e3o \u00e9 investir diretamente em uma empresa comercial como um s\u00f3cio geral ou limitado, como \u00fanico propriet\u00e1rio, como acionista de uma corpora\u00e7\u00e3o, com um cargo de confian\u00e7a empresarial, ou em outra estrutura de propriedade privada \/ propriedade p\u00fablica. A maioria dos investidores da EB-5 decidiram investir em Centros Regionais, designados pelo USCIS para administrar projetos de investimento EB-5 e, portanto, s\u00e3o respons\u00e1veis \u200b\u200bpor aderir aos regulamentos do programa USCIS EB-5. Os Centros Regionais tamb\u00e9m enfrentam requisitos reguladores muito mais indulgentes do que os investimentos diretos. Por exemplo, os Centros Regionais sozinhos podem calcular e verificar a cria\u00e7\u00e3o de empregos com modelos econ\u00f4micos que n\u00e3o distinguem entre trabalhadores de tempo parcial e trabalhadores de tempo integral, ao inv\u00e9s de mostrar registros de folha de pagamento. Al\u00e9m disso, os Centros Regionais podem contar com \"empregos indiretos\" para a exig\u00eancia de cria\u00e7\u00e3o de emprego. Trata-se de empregos criados fora da Nova Empresa Comercial (NCE), mas resultam do investimento EB-5 no NCE. Isso significa que os investimentos do Centro Regional muitas vezes t\u00eam estruturas envolvendo v\u00e1rias entidades e incluem acordos de d\u00edvida.<\/p>\n<h2>\u00a0<\/h2>\n<h2>Por que \u00e9 conveniente o investimento patrocinado pelo Centro Regional?<\/h2>\n<p>Em primeiro lugar, porque os Centros Regionais devem aderir aos regulamentos do USCIS, o investidor n\u00e3o precisa estar ativamente envolvido no neg\u00f3cio. Como tal, este tipo de investimento \u00e9 recomendado para aqueles que preferem n\u00e3o se envolverem e n\u00e3o serem respons\u00e1veis pela gest\u00e3o direta do seu investimento. A gest\u00e3o profissional do projeto ter\u00e1 como objetivo garantir que ele atenda a todos os requisitos para EB-5, enquanto o investidor pode estar no caminho para receber seu green card sem preocupa\u00e7\u00f5es. Com os Centros Regionais, o cumprimento da exig\u00eancia de cria\u00e7\u00e3o de emprego \u00e9 livre de problemas. Como mencionado brevemente antes, os investimentos do Centro Regional s\u00f3 precisam resultar em empregos indiretos ou induzidos. Os empregos indiretos podem ser criados para fornecer bens ou servi\u00e7os ao projeto EB-5 e contar para o requisito de cria\u00e7\u00e3o de empregos. Naturalmente, como funcion\u00e1rios ser\u00e3o contratados para trabalhar no projeto EB-5, sua renda vai aumentar, resultando em maior participa\u00e7\u00e3o na economia da comunidade e, portanto, mais empregos criados dentro da comunidade maior. Esses trabalhos induzidos tamb\u00e9m o qualificam para a exig\u00eancia de visto.<\/p>\n<\/div>\n<\/div><\/div><\/div><\/div><\/div><\/div>","protected":false},"excerpt":{"rendered":"<p>O que \u00e9 um investimento EB-5?H\u00e1 duas maneiras de fazer um investimento EB-5. Uma op\u00e7\u00e3o \u00e9 investir diretamente em uma empresa comercial como um s\u00f3cio geral ou limitado, como \u00fanico propriet\u00e1rio, como acionista de uma corpora\u00e7\u00e3o, com um cargo de confian\u00e7a empresarial, ou em outra estrutura de propriedade privada \/ propriedade p\u00fablica. A maioria dos<a class=\"moretag\" href=\"https:\/\/www.americaeb5visa.com\/br\/empresa-comercial-ou-centro-regional\/\"><span class=\"screen-reader-text\">Read more about Investimentos<\/span>[&#8230;]<\/a><\/p>\n","protected":false},"author":1,"featured_media":0,"parent":0,"menu_order":5,"comment_status":"closed","ping_status":"closed","template":"","meta":{"_acf_changed":false,"_monsterinsights_skip_tracking":false,"_monsterinsights_sitenote_active":false,"_monsterinsights_sitenote_note":"","_monsterinsights_sitenote_category":0,"footnotes":""},"class_list":["post-72","page","type-page","status-publish","hentry"],"acf":[],"rttpg_featured_image_url":null,"rttpg_author":{"display_name":"AdminNIso","author_link":"https:\/\/www.americaeb5visa.com\/br\/blog\/author\/admin\/"},"rttpg_comment":0,"rttpg_category":null,"rttpg_excerpt":"O que \u00e9 um investimento EB-5?H\u00e1 duas maneiras de fazer um investimento EB-5. Uma op\u00e7\u00e3o \u00e9 investir diretamente em uma empresa comercial como um s\u00f3cio geral ou limitado, como \u00fanico propriet\u00e1rio, como acionista de uma corpora\u00e7\u00e3o, com um cargo de confian\u00e7a empresarial, ou em outra estrutura de propriedade privada \/ propriedade p\u00fablica. A maioria dosRead&hellip;","_links":{"self":[{"href":"https:\/\/www.americaeb5visa.com\/br\/wp-json\/wp\/v2\/pages\/72","targetHints":{"allow":["GET"]}}],"collection":[{"href":"https:\/\/www.americaeb5visa.com\/br\/wp-json\/wp\/v2\/pages"}],"about":[{"href":"https:\/\/www.americaeb5visa.com\/br\/wp-json\/wp\/v2\/types\/page"}],"author":[{"embeddable":true,"href":"https:\/\/www.americaeb5visa.com\/br\/wp-json\/wp\/v2\/users\/1"}],"replies":[{"embeddable":true,"href":"https:\/\/www.americaeb5visa.com\/br\/wp-json\/wp\/v2\/comments?post=72"}],"version-history":[{"count":0,"href":"https:\/\/www.americaeb5visa.com\/br\/wp-json\/wp\/v2\/pages\/72\/revisions"}],"wp:attachment":[{"href":"https:\/\/www.americaeb5visa.com\/br\/wp-json\/wp\/v2\/media?parent=72"}],"curies":[{"name":"wp","href":"https:\/\/api.w.org\/{rel}","templated":true}]}}