{"id":128,"date":"2017-03-15T18:54:36","date_gmt":"2017-03-15T18:54:36","guid":{"rendered":"http:\/\/www.americaeb5visa.com\/?page_id=128"},"modified":"2022-03-25T05:31:50","modified_gmt":"2022-03-25T05:31:50","slug":"what-is-eb-5","status":"publish","type":"page","link":"https:\/\/www.americaeb5visa.com\/de\/what-is-eb-5\/","title":{"rendered":"Was ist EB-5"},"content":{"rendered":"<div id=\"pl-128\"  class=\"panel-layout\" ><div id=\"pg-128-0\"  class=\"panel-grid panel-has-style\" ><div class=\"siteorigin-panels-stretch panel-row-style panel-row-style-for-128-0\" data-stretch-type=\"full-stretched\" ><div id=\"pgc-128-0-0\"  class=\"panel-grid-cell\" ><div id=\"panel-128-0-0-0\" class=\"so-panel widget widget_sow-hero panel-first-child panel-last-child\" data-index=\"0\" ><div\n\t\t\t\n\t\t\tclass=\"so-widget-sow-hero so-widget-sow-hero-default-3d3f69fb2c42-128 so-widget-fittext-wrapper\"\n\t\t\t data-fit-text-compressor=\"0.85\"\n\t\t>\t\t\t\t<div class=\"sow-slider-base\" style=\"display: none\" tabindex=\"0\">\n\t\t\t\t\t<ul\n\t\t\t\t\tclass=\"sow-slider-images\"\n\t\t\t\t\tdata-settings=\"{&quot;pagination&quot;:true,&quot;speed&quot;:800,&quot;timeout&quot;:8000,&quot;paused&quot;:false,&quot;pause_on_hover&quot;:false,&quot;swipe&quot;:true,&quot;nav_always_show_desktop&quot;:&quot;&quot;,&quot;nav_always_show_mobile&quot;:&quot;&quot;,&quot;breakpoint&quot;:&quot;780px&quot;,&quot;unmute&quot;:false,&quot;anchor&quot;:null}\"\n\t\t\t\t\tstyle=\"min-height: 600px\"\t\t\t\t\tdata-anchor-id=\"\"\n\t\t\t\t>\t\t<li class=\"sow-slider-image  sow-slider-image-cover\" style=\"visibility: visible;;background-color: #333333;background-image: url(https:\/\/www.americaeb5visa.com\/de\/wp-content\/uploads\/sites\/20\/2017\/03\/EB5Death_to_Stock_Photography_NYC_Skyline_2.jpg)\" >\n\t\t\t\t\t<div class=\"sow-slider-image-container\">\n\t\t\t<div class=\"sow-slider-image-wrapper\">\n\t\t\t\t<h1 class=\"text-center mg-md \" style=\"text-align: center\">Was ist EB-5<\/h1>\n<h2 style=\"text-align: center\">Das Investor-Programm, das zu einer dauerhaften Residenz in den USA f\u00fchrt.<\/h2>\t\t\t<\/div>\n\t\t<\/div>\n\t\t\t\t<\/li>\n\t\t<\/ul>\t\t\t\t<ol class=\"sow-slider-pagination\">\n\t\t\t\t\t\t\t\t\t\t\t<li><a href=\"#\" data-goto=\"0\" aria-label=\"Display slide 1\"><\/a><\/li>\n\t\t\t\t\t\t\t\t\t<\/ol>\n\n\t\t\t\t<div class=\"sow-slide-nav sow-slide-nav-next\">\n\t\t\t\t\t<a href=\"#\" data-goto=\"next\" aria-label=\"Next slide\" data-action=\"next\">\n\t\t\t\t\t\t<em class=\"sow-sld-icon-thin-right\"><\/em>\n\t\t\t\t\t<\/a>\n\t\t\t\t<\/div>\n\n\t\t\t\t<div class=\"sow-slide-nav sow-slide-nav-prev\">\n\t\t\t\t\t<a href=\"#\" data-goto=\"previous\" aria-label=\"Previous slide\" data-action=\"prev\">\n\t\t\t\t\t\t<em class=\"sow-sld-icon-thin-left\"><\/em>\n\t\t\t\t\t<\/a>\n\t\t\t\t<\/div>\n\t\t\t\t<\/div><\/div><\/div><\/div><\/div><\/div><div id=\"pg-128-1\"  class=\"panel-grid panel-has-style\" ><div class=\"panel-row-style panel-row-style-for-128-1\" ><div id=\"pgc-128-1-0\"  class=\"panel-grid-cell\" ><div id=\"panel-128-1-0-0\" class=\"so-panel widget widget_sow-editor panel-first-child panel-last-child\" data-index=\"1\" ><div\n\t\t\t\n\t\t\tclass=\"so-widget-sow-editor so-widget-sow-editor-base\"\n\t\t\t\n\t\t>\n<div class=\"siteorigin-widget-tinymce textwidget\">\n\t<h2>Was ist ein EB-5 Visum?<\/h2>\n<p>Wenn Sie ein B\u00fcrger eines anderen Landes als die Vereinigten Staaten sind und ein Leben in Amerika beginnen wollen, dann sollten Sie sich f\u00fcr das EB-5 Immigrant Investor Program bewerben, das von der US-Staatsb\u00fcrgerschaft und der Immigration Services (USCIS) verwaltet wird. Die Teilnahme am EB-5-Programm bedeutet, eine Kapitalanlage zu machen, und sobald USCIS feststellt, dass das Empfangsgesch\u00e4ft Ihrer Investition f\u00fcr das EB-5-Programm qualifiziert ist, dann haben Sie, Ihr Ehepartner und Ihre Kinder unter 21 eine Einbahnstra\u00dfe Ticket f\u00fcr die Erlangung einer st\u00e4ndigen Wohnsitz \"Green Card\" aus den Vereinigten Staaten.<\/p>\n<h2><\/h2>\n<h2>Was sind die Anforderungen von EB-5 Visa?<\/h2>\n<p>EB-5 Visumantragsteller sind verpflichtet, mindestens $ 800,000 in ein Regional-Center-Projekt zu investieren, solange die Investition entweder innerhalb eines Hocharbeitslosenbereichs oder eines l\u00e4ndlichen Gebiets in den Vereinigten Staaten liegt. Wenn diese Bedingungen nicht erf\u00fcllt sind, wird die Mindestqualifizierungsinvestition $ 1,050,000. Wenn diese Mittel in die Wirtschaft eingesetzt werden, m\u00fcssen sie zur Schaffung von mindestens 10 Vollzeitstellen f\u00fcr US-Arbeiter f\u00fchren. Ein Investor braucht sich nicht um den Zeitpunkt dieser Schaffung von Arbeitspl\u00e4tzen zu sorgen. Sobald der Anleger seinen bedingten Daueraufenthaltsstatus erh\u00e4lt, wird die empfangende Firma zwei Jahre haben, um zehn oder mehr Arbeitspl\u00e4tze zu erwerben, damit der Investor seinen Status von bedingtem zu dauerhaft \u00e4ndern kann.<\/p>\n<\/div>\n<\/div><\/div><\/div><\/div><\/div><\/div>","protected":false},"excerpt":{"rendered":"<p>Was ist ein EB-5 Visum? Wenn Sie ein B\u00fcrger eines anderen Landes als die Vereinigten Staaten sind und ein Leben in Amerika beginnen wollen, dann sollten Sie sich f\u00fcr das EB-5 Immigrant Investor Program bewerben, das von der US-Staatsb\u00fcrgerschaft und der Immigration Services (USCIS) verwaltet wird. Die Teilnahme am EB-5-Programm bedeutet, eine Kapitalanlage zu machen,<a class=\"moretag\" href=\"https:\/\/www.americaeb5visa.com\/de\/what-is-eb-5\/\"><span class=\"screen-reader-text\">Read more about Was ist EB-5<\/span>[&#8230;]<\/a><\/p>\n","protected":false},"author":1,"featured_media":0,"parent":0,"menu_order":9,"comment_status":"closed","ping_status":"closed","template":"","meta":{"_acf_changed":false,"_monsterinsights_skip_tracking":false,"_monsterinsights_sitenote_active":false,"_monsterinsights_sitenote_note":"","_monsterinsights_sitenote_category":0,"footnotes":""},"class_list":["post-128","page","type-page","status-publish","hentry"],"acf":[],"rttpg_featured_image_url":null,"rttpg_author":{"display_name":"AdminNIso","author_link":"https:\/\/www.americaeb5visa.com\/de\/blog\/author\/admin\/"},"rttpg_comment":0,"rttpg_category":null,"rttpg_excerpt":"Was ist ein EB-5 Visum? Wenn Sie ein B\u00fcrger eines anderen Landes als die Vereinigten Staaten sind und ein Leben in Amerika beginnen wollen, dann sollten Sie sich f\u00fcr das EB-5 Immigrant Investor Program bewerben, das von der US-Staatsb\u00fcrgerschaft und der Immigration Services (USCIS) verwaltet wird. Die Teilnahme am EB-5-Programm bedeutet, eine Kapitalanlage zu machen,Read&hellip;","_links":{"self":[{"href":"https:\/\/www.americaeb5visa.com\/de\/wp-json\/wp\/v2\/pages\/128","targetHints":{"allow":["GET"]}}],"collection":[{"href":"https:\/\/www.americaeb5visa.com\/de\/wp-json\/wp\/v2\/pages"}],"about":[{"href":"https:\/\/www.americaeb5visa.com\/de\/wp-json\/wp\/v2\/types\/page"}],"author":[{"embeddable":true,"href":"https:\/\/www.americaeb5visa.com\/de\/wp-json\/wp\/v2\/users\/1"}],"replies":[{"embeddable":true,"href":"https:\/\/www.americaeb5visa.com\/de\/wp-json\/wp\/v2\/comments?post=128"}],"version-history":[{"count":0,"href":"https:\/\/www.americaeb5visa.com\/de\/wp-json\/wp\/v2\/pages\/128\/revisions"}],"wp:attachment":[{"href":"https:\/\/www.americaeb5visa.com\/de\/wp-json\/wp\/v2\/media?parent=128"}],"curies":[{"name":"wp","href":"https:\/\/api.w.org\/{rel}","templated":true}]}}