{"id":45,"date":"2017-03-13T22:03:22","date_gmt":"2017-03-13T22:03:22","guid":{"rendered":"http:\/\/www.americaeb5visa.com\/?page_id=45"},"modified":"2025-02-09T11:30:17","modified_gmt":"2025-02-09T11:30:17","slug":"who-are-we","status":"publish","type":"page","link":"https:\/\/www.americaeb5visa.com\/de\/who-are-we\/","title":{"rendered":"Wer sind wir?"},"content":{"rendered":"<div id=\"pl-45\"  class=\"panel-layout\" ><div id=\"pg-45-0\"  class=\"panel-grid panel-has-style\" ><div class=\"siteorigin-panels-stretch panel-row-style panel-row-style-for-45-0\" data-stretch-type=\"full-stretched\" ><div id=\"pgc-45-0-0\"  class=\"panel-grid-cell\" ><div id=\"panel-45-0-0-0\" class=\"so-panel widget widget_sow-hero panel-first-child panel-last-child\" data-index=\"0\" ><div\n\t\t\t\n\t\t\tclass=\"so-widget-sow-hero so-widget-sow-hero-default-89b41ad833c8-45 so-widget-fittext-wrapper\"\n\t\t\t data-fit-text-compressor=\"0.85\"\n\t\t>\t\t\t\t<div class=\"sow-slider-base\" style=\"display: none\" tabindex=\"0\">\n\t\t\t\t\t<ul\n\t\t\t\t\tclass=\"sow-slider-images\"\n\t\t\t\t\tdata-settings=\"{&quot;pagination&quot;:true,&quot;speed&quot;:800,&quot;timeout&quot;:8000,&quot;paused&quot;:false,&quot;pause_on_hover&quot;:false,&quot;swipe&quot;:true,&quot;nav_always_show_desktop&quot;:&quot;&quot;,&quot;nav_always_show_mobile&quot;:&quot;&quot;,&quot;breakpoint&quot;:&quot;780px&quot;,&quot;unmute&quot;:false,&quot;anchor&quot;:null}\"\n\t\t\t\t\tstyle=\"min-height: 500px\"\t\t\t\t\tdata-anchor-id=\"\"\n\t\t\t\t>\t\t<li class=\"sow-slider-image  sow-slider-image-cover\" style=\"visibility: visible;;background-color: #333333;background-image: url(https:\/\/www.americaeb5visa.com\/de\/wp-content\/uploads\/sites\/20\/2017\/03\/WhoareWeAdobeStock_25409363.jpg)\" >\n\t\t\t\t\t<div class=\"sow-slider-image-container\">\n\t\t\t<div class=\"sow-slider-image-wrapper\">\n\t\t\t\t<h1 class=\"text-center mg-lg tc-white\" style=\"text-align: center\">Was macht uns einzigartig? Unser Verst\u00e4ndnis.<\/h1><h3 style=\"text-align: center\">\u00a0<\/h3><h3 style=\"text-align: center\">Unser Team besteht aus qualifizierten Professionellen, die mal ein Traum von der Einwanderung in den USA hatten.\u00a0<\/h3>\t\t\t<\/div>\n\t\t<\/div>\n\t\t\t\t<\/li>\n\t\t<\/ul>\t\t\t\t<ol class=\"sow-slider-pagination\">\n\t\t\t\t\t\t\t\t\t\t\t<li><a href=\"#\" data-goto=\"0\" aria-label=\"Display slide 1\"><\/a><\/li>\n\t\t\t\t\t\t\t\t\t<\/ol>\n\n\t\t\t\t<div class=\"sow-slide-nav sow-slide-nav-next\">\n\t\t\t\t\t<a href=\"#\" data-goto=\"next\" aria-label=\"Next slide\" data-action=\"next\">\n\t\t\t\t\t\t<em class=\"sow-sld-icon-thin-right\"><\/em>\n\t\t\t\t\t<\/a>\n\t\t\t\t<\/div>\n\n\t\t\t\t<div class=\"sow-slide-nav sow-slide-nav-prev\">\n\t\t\t\t\t<a href=\"#\" data-goto=\"previous\" aria-label=\"Previous slide\" data-action=\"prev\">\n\t\t\t\t\t\t<em class=\"sow-sld-icon-thin-left\"><\/em>\n\t\t\t\t\t<\/a>\n\t\t\t\t<\/div>\n\t\t\t\t<\/div><\/div><\/div><\/div><\/div><\/div><div id=\"pg-45-1\"  class=\"panel-grid panel-no-style\" ><div id=\"pgc-45-1-0\"  class=\"panel-grid-cell\" ><div id=\"panel-45-1-0-0\" class=\"so-panel widget widget_sow-editor panel-first-child panel-last-child\" data-index=\"1\" ><div\n\t\t\t\n\t\t\tclass=\"so-widget-sow-editor so-widget-sow-editor-base\"\n\t\t\t\n\t\t>\n<div class=\"siteorigin-widget-tinymce textwidget\">\n\t<h2 style=\"text-align: center;\">30 Jahre<\/h2>\n<p>\u00a0<\/p>\n<div class=\"col-xs-12 col-md-8 col-md-offset-2\">Unser Team besteht aus un\u00fcbertrefflichen qualifizierten Professionellen, die mal ein Traum von der Einwanderung in den USA hatten. Wir verstehen Ihre Bedenken, Ihre Sorgen und Ihre Angst. Vor allem verstehen wir, dass jede Situation einzigartig ist. Unsere Verwaltung hat mehr als 30 Jahre Erfahrung in Wall Street mit der Strukturierung von Transaktionen des festen Einkommens und das Lesen komplizierter privater Transaktions-Vermerkungen. Wir sind es gewohnt, einen gro\u00dfen Teil der Risiken (wenn nicht alle), die jeder Investition innewohnen, zu identifizieren. Wir arbeiten an der Formulierung von direkten und indirekten schadensminderungen, um zu helfen, Bedenken zu lindern, die Investoren haben k\u00f6nnten. Diese Risiken k\u00f6nnen leider nicht nur durch ein einfaches Lesen der Dokumente identifiziert oder gemildert werden. Auf dieser Weise unterscheiden wir uns von typischen Fachleuten, die sich ausschlie\u00dflich auf die weltweite Reputation der Sponsoren in der Immobiliengesellschaft verlassen. Wir sch\u00e4tzen Ihren Wunsch, die feineren Details Ihrer Investition zu verstehen. Daher k\u00f6nnen wir bei der Nutzung unseres Investment Banking Hintergrundes die wesentlichen Kernpunkte der Besorgnis und des Vorteils jedes Projekts hervorheben.<\/div>\n<\/div>\n<\/div><\/div><\/div><\/div><div id=\"pg-45-2\"  class=\"panel-grid panel-has-style\" ><div class=\"siteorigin-panels-stretch panel-row-style panel-row-style-for-45-2\" data-stretch-type=\"full\" ><div id=\"pgc-45-2-0\"  class=\"panel-grid-cell\" ><div id=\"panel-45-2-0-0\" class=\"so-panel widget widget_sow-image panel-first-child\" data-index=\"2\" ><div\n\t\t\t\n\t\t\tclass=\"so-widget-sow-image so-widget-sow-image-default-c67d20f9f743-45\"\n\t\t\t\n\t\t>\n<div class=\"sow-image-container\">\n\t\t<img fetchpriority=\"high\" \n\tsrc=\"https:\/\/www.americaeb5visa.com\/de\/wp-content\/uploads\/sites\/20\/2017\/03\/marko-300x300.png\" width=\"300\" height=\"300\" srcset=\"https:\/\/www.americaeb5visa.com\/de\/wp-content\/uploads\/sites\/20\/2017\/03\/marko-300x300.png 300w, https:\/\/www.americaeb5visa.com\/de\/wp-content\/uploads\/sites\/20\/2017\/03\/marko-150x150.png 150w, https:\/\/www.americaeb5visa.com\/de\/wp-content\/uploads\/sites\/20\/2017\/03\/marko-24x24.png 24w, https:\/\/www.americaeb5visa.com\/de\/wp-content\/uploads\/sites\/20\/2017\/03\/marko-36x36.png 36w, https:\/\/www.americaeb5visa.com\/de\/wp-content\/uploads\/sites\/20\/2017\/03\/marko-48x48.png 48w, https:\/\/www.americaeb5visa.com\/de\/wp-content\/uploads\/sites\/20\/2017\/03\/marko.png 427w\" sizes=\"(max-width: 300px) 100vw, 300px\" alt=\"\" \t\tclass=\"so-widget-image\"\/>\n\t<\/div>\n\n<\/div><\/div><div id=\"panel-45-2-0-1\" class=\"so-panel widget widget_sow-editor\" data-index=\"3\" ><div\n\t\t\t\n\t\t\tclass=\"so-widget-sow-editor so-widget-sow-editor-base\"\n\t\t\t\n\t\t>\n<div class=\"siteorigin-widget-tinymce textwidget\">\n\t<h2 class=\"text-center mg-md\" style=\"text-align: center;\">Marko Issever<\/h2>\n<h4 style=\"text-align: center;\">Gesch\u00e4ftsf\u00fchrer<\/h4>\n<\/div>\n<\/div><\/div><div id=\"panel-45-2-0-2\" class=\"so-panel widget widget_sow-image panel-last-child\" data-index=\"4\" ><div\n\t\t\t\n\t\t\tclass=\"so-widget-sow-image so-widget-sow-image-default-c67d20f9f743-45\"\n\t\t\t\n\t\t>\n<div class=\"sow-image-container\">\n\t\t<img \n\tsrc=\"https:\/\/www.americaeb5visa.com\/de\/wp-content\/uploads\/sites\/20\/2017\/03\/badge-broker-dealer.png\" width=\"224\" height=\"170\" srcset=\"https:\/\/www.americaeb5visa.com\/de\/wp-content\/uploads\/sites\/20\/2017\/03\/badge-broker-dealer.png 224w, https:\/\/www.americaeb5visa.com\/de\/wp-content\/uploads\/sites\/20\/2017\/03\/badge-broker-dealer-24x18.png 24w, https:\/\/www.americaeb5visa.com\/de\/wp-content\/uploads\/sites\/20\/2017\/03\/badge-broker-dealer-36x27.png 36w, https:\/\/www.americaeb5visa.com\/de\/wp-content\/uploads\/sites\/20\/2017\/03\/badge-broker-dealer-48x36.png 48w\" sizes=\"(max-width: 224px) 100vw, 224px\" alt=\"\" \t\tclass=\"so-widget-image\"\/>\n\t<\/div>\n\n<\/div><\/div><\/div><div id=\"pgc-45-2-1\"  class=\"panel-grid-cell\" ><div id=\"panel-45-2-1-0\" class=\"so-panel widget widget_sow-editor panel-first-child panel-last-child\" data-index=\"5\" ><div\n\t\t\t\n\t\t\tclass=\"so-widget-sow-editor so-widget-sow-editor-base\"\n\t\t\t\n\t\t>\n<div class=\"siteorigin-widget-tinymce textwidget\">\n\t<p>Unser Gr\u00fcnder und CEO, Herr Marko Issever, trat im Mai 2016 als Gesch\u00e4ftsf\u00fchrer in die Riverside Management Group ein, um unter anderem \u00fcber die hundertprozentige Tochtergesellschaft BCW Securities LLC die EB-5 Kapitalerh\u00f6hungs- und Vermittlungsaktivit\u00e4ten zu f\u00fchren.<br \/> Er ist auch Gr\u00fcndungspartner von BH Capital Management, LLC, einer Immobilien-Investmentgesellschaft, die sich auf Chancen in Entwicklung und Investition spezialisiert.<br \/> Vor seinem Eintritt bei RMG und der Gr\u00fcndung von BHCM war Herr Issever Gesch\u00e4ftsf\u00fchrer bei der Bank of New York Mellon Global &amp; Capital Markets und f\u00fchrte das Derivatgesch\u00e4ft des Unternehmens zu Finanzinstituten weltweit.<br \/> Herr Issever ist seit \u00fcber 30 Jahren in Wall Street und war auch Gr\u00fcndungsmitglied des Derivatgesch\u00e4fts in Sakura Global Capital, einer japanischen Banken-Tochtergesellschaft, die anschlie\u00dfend mit Sumitomo Capital Markets zusammengeschlossen wurde, um SMBC Capital Markets zu bilden.<br \/> Herr Issever begann seine Wall Street-Karriere in der Finanzstrategies-Gruppe Prudential Securities, wo er sich auf Hypotheken-unterst\u00fctzte Sicherheitsm\u00f6glichkeiten wie CMOs, risikogesteuerte Arbitrage-Transaktionen sowie andere Asset Backed Securitments einschlie\u00dflich der Verbriefung von Kreditnehmerkrediten spezialisierte.<br \/> Herr Issever graduierte vov der Wharton School of University of Pennsylvania, wo er seinen MBA-Abschluss in Finance und MA in Wirtschaftswissenschaften absolvierte.<br \/> Bevor er an der Wharton Universit\u00e4t studierte, schlo\u00df er ein Studium an der Bogazici Universit\u00e4t und das Robert College in Istanbul ab.<br \/> Er spricht flie\u00dfend Englisch, T\u00fcrkisch (Muttersprache) und Ladino Spanisch.<br \/> Er ist der Gr\u00fcndungspr\u00e4sident des Aleph Learning Centers, einer j\u00fcdischen Outreach-Organisation und Vorstandsmitglied der Manhattan Sephardic Congregation.<br \/> He holds the series 7 &amp; 63 securities licenses.<br \/> Er wohnt mit seiner Frau und drei Kindern in New York City.<\/p>\n<\/div>\n<\/div><\/div><\/div><\/div><\/div><div id=\"pg-45-3\"  class=\"panel-grid panel-has-style\" ><div class=\"siteorigin-panels-stretch panel-row-style panel-row-style-for-45-3\" data-stretch-type=\"full\" ><div id=\"pgc-45-3-0\"  class=\"panel-grid-cell\" ><div id=\"panel-45-3-0-0\" class=\"so-panel widget widget_sow-editor panel-first-child panel-last-child\" data-index=\"6\" ><div\n\t\t\t\n\t\t\tclass=\"so-widget-sow-editor so-widget-sow-editor-base\"\n\t\t\t\n\t\t>\n<div class=\"siteorigin-widget-tinymce textwidget\">\n\t<p>Niso Zakuto ist der Chef-Marketing-Direktor von America EB-5 Visa. Sein prim\u00e4rer Fokus ist die Verbindung mit t\u00fcrkischen Staatsb\u00fcrgern, die daran interessiert sind, in die Vereinigten Staaten einzuwandern und sie mit dem EB5-Prozess zu unterst\u00fctzen.<br \/> Vor seinem Eintritt in die Firma arbeitete Niso als Softwareentwickler bei PrefectedTech in Jerusalem. Niso ist seit \u00fcber sieben Jahren in der Computerbranche t\u00e4tig.<br \/> W\u00e4hrend er seinen BS in Informationstechnologie und Informatik von der Okan University in Istanbul beendete, arbeitete Niso als Analyst bei Corvega, einem Softwareentwicklungsunternehmen.<br \/> Niso gedeiht auf Herausforderungen und hofft, seinen internationalen Hintergrund sowie Software-Entwicklung F\u00e4higkeiten nutzen, um die Reichweite von Amerika EB-5 Visa, zu erweitern.<\/p>\n<\/div>\n<\/div><\/div><\/div><div id=\"pgc-45-3-1\"  class=\"panel-grid-cell\" ><div id=\"panel-45-3-1-0\" class=\"so-panel widget widget_sow-image panel-first-child\" data-index=\"7\" ><div\n\t\t\t\n\t\t\tclass=\"so-widget-sow-image so-widget-sow-image-default-c67d20f9f743-45\"\n\t\t\t\n\t\t>\n<div class=\"sow-image-container\">\n\t\t<img \n\tsrc=\"https:\/\/www.americaeb5visa.com\/de\/wp-content\/uploads\/sites\/20\/2017\/03\/niso-300x300.png\" width=\"300\" height=\"300\" srcset=\"https:\/\/www.americaeb5visa.com\/de\/wp-content\/uploads\/sites\/20\/2017\/03\/niso-300x300.png 300w, https:\/\/www.americaeb5visa.com\/de\/wp-content\/uploads\/sites\/20\/2017\/03\/niso-150x150.png 150w, https:\/\/www.americaeb5visa.com\/de\/wp-content\/uploads\/sites\/20\/2017\/03\/niso-24x24.png 24w, https:\/\/www.americaeb5visa.com\/de\/wp-content\/uploads\/sites\/20\/2017\/03\/niso-36x36.png 36w, https:\/\/www.americaeb5visa.com\/de\/wp-content\/uploads\/sites\/20\/2017\/03\/niso-48x48.png 48w, https:\/\/www.americaeb5visa.com\/de\/wp-content\/uploads\/sites\/20\/2017\/03\/niso.png 427w\" sizes=\"(max-width: 300px) 100vw, 300px\" alt=\"\" \t\tclass=\"so-widget-image\"\/>\n\t<\/div>\n\n<\/div><\/div><div id=\"panel-45-3-1-1\" class=\"so-panel widget widget_sow-editor panel-last-child\" data-index=\"8\" ><div\n\t\t\t\n\t\t\tclass=\"so-widget-sow-editor so-widget-sow-editor-base\"\n\t\t\t\n\t\t>\n<div class=\"siteorigin-widget-tinymce textwidget\">\n\t<h2 class=\"text-center mg-md\" style=\"text-align: center;\">Niso Zakuto<\/h2>\n<h4 style=\"text-align: center;\">Marketingleiter<\/h4>\n<\/div>\n<\/div><\/div><\/div><\/div><\/div><div id=\"pg-45-4\"  class=\"panel-grid panel-has-style\" ><div class=\"siteorigin-panels-stretch panel-row-style panel-row-style-for-45-4\" data-stretch-type=\"full\" ><div id=\"pgc-45-4-0\"  class=\"panel-grid-cell\" ><div id=\"panel-45-4-0-0\" class=\"so-panel widget widget_sow-image panel-first-child\" data-index=\"9\" ><div\n\t\t\t\n\t\t\tclass=\"so-widget-sow-image so-widget-sow-image-default-c67d20f9f743-45\"\n\t\t\t\n\t\t>\n<div class=\"sow-image-container\">\n\t\t<img loading=\"lazy\" \n\tsrc=\"https:\/\/www.americaeb5visa.com\/de\/wp-content\/uploads\/sites\/20\/2017\/03\/masami-300x300.png\" width=\"300\" height=\"300\" srcset=\"https:\/\/www.americaeb5visa.com\/de\/wp-content\/uploads\/sites\/20\/2017\/03\/masami-300x300.png 300w, https:\/\/www.americaeb5visa.com\/de\/wp-content\/uploads\/sites\/20\/2017\/03\/masami-150x150.png 150w, https:\/\/www.americaeb5visa.com\/de\/wp-content\/uploads\/sites\/20\/2017\/03\/masami-24x24.png 24w, https:\/\/www.americaeb5visa.com\/de\/wp-content\/uploads\/sites\/20\/2017\/03\/masami-36x36.png 36w, https:\/\/www.americaeb5visa.com\/de\/wp-content\/uploads\/sites\/20\/2017\/03\/masami-48x48.png 48w, https:\/\/www.americaeb5visa.com\/de\/wp-content\/uploads\/sites\/20\/2017\/03\/masami.png 427w\" sizes=\"(max-width: 300px) 100vw, 300px\" alt=\"\" \t\tclass=\"so-widget-image\"\/>\n\t<\/div>\n\n<\/div><\/div><div id=\"panel-45-4-0-1\" class=\"so-panel widget widget_sow-editor panel-last-child\" data-index=\"10\" ><div\n\t\t\t\n\t\t\tclass=\"so-widget-sow-editor so-widget-sow-editor-base\"\n\t\t\t\n\t\t>\n<div class=\"siteorigin-widget-tinymce textwidget\">\n\t<h2 class=\"text-center mg-md\" style=\"text-align: center;\">Masami Hibino<\/h2>\n<h4 style=\"text-align: center;\">Asiatische Gesch\u00e4ftsentwicklung<\/h4>\n<\/div>\n<\/div><\/div><\/div><div id=\"pgc-45-4-1\"  class=\"panel-grid-cell\" ><div id=\"panel-45-4-1-0\" class=\"so-panel widget widget_sow-editor panel-first-child panel-last-child\" data-index=\"11\" ><div\n\t\t\t\n\t\t\tclass=\"so-widget-sow-editor so-widget-sow-editor-base\"\n\t\t\t\n\t\t>\n<div class=\"siteorigin-widget-tinymce textwidget\">\n\t<p>Masami Hibino ist verantwortlich f\u00fcr Asian Business Development f\u00fcr Amerika EB-5 Visa. Sie ist zuversichtlich, f\u00e4hig und besitzt einen bemerkenswerten Antrieb, um in jedem Aspekt ihres Lebens erfolgreich zu sein.<br \/> Als MBA-Absolventin der Stern School of Business an NYU, half Masamis Hintergrund in der Finanzbranche ihrem Erfolg in mehreren Unternehmen.<br \/> In dieser Hinsicht, ist sie zus\u00e4tzlich zu ihren Aufgaben bei America EB-5 Visa, eine Immobilienmarklerin bei The Shemesh Team bei The Corcoran Group, welches das zweitbeste Team im New York Verkaufsvolumen ist und von TheWall Street Journal Platz 18 auf nationaler Ebene platziert wurde.<br \/> Genau wie die erfolgreichen Kunden von Amerika EB-5 Visa, wanderte Masami in die Vereinigten Staaten ein und lebt seit fast 30 Jahren in NYC.<br \/> Masami kann sich mit den Herausforderungen identifizieren, denen sich ein Einwanderer gegen\u00fcber den Vereinigten Staaten gegen\u00fcbersteht, einschlie\u00dflich aber nicht beschr\u00e4nkt auf die Entscheidung, wo er leben und die notwendigen Genehmigungen f\u00fcr einen sorgenfreien \u00dcbergang erhalten muss.<br \/> Sie glaubt an die Bereitstellung von Zug\u00e4nglichkeit und Transparenz durch jede Transaktion, ob sie ihren Kunden mit ihren Visa oder Immobilienbed\u00fcrfnissen hilft.<br \/> Als Besitzerin und Investorin von mehreren Immobilien in New York City und den Hamptons, ber\u00e4t sie ihre Kunden beim Kauf und Verkauf von Immobilien mit reichlich Markt-Wissen und Erfahrung.<\/p>\n<\/div>\n<\/div><\/div><\/div><\/div><\/div><div id=\"pg-45-5\"  class=\"panel-grid panel-has-style\" ><div class=\"siteorigin-panels-stretch panel-row-style panel-row-style-for-45-5\" data-stretch-type=\"full\" ><div id=\"pgc-45-5-0\"  class=\"panel-grid-cell\" ><div id=\"panel-45-5-0-0\" class=\"so-panel widget widget_sow-editor panel-first-child panel-last-child\" data-index=\"12\" ><div\n\t\t\t\n\t\t\tclass=\"so-widget-sow-editor so-widget-sow-editor-base\"\n\t\t\t\n\t\t>\n<div class=\"siteorigin-widget-tinymce textwidget\">\n\t<p>Esther Malka, Urspr\u00fcnglich aus New York City, dient als America EB-5 Visa Outreach-Koordinatorin.<br \/>Esther ist derzeit Studentin an der Yale University und studiert Wirtschaftswissenschaften und Moderne Nahost-Studien. An der Yale Universit\u00e4t dient Esther als Outreach-Koordinatorin von REACH, ein Programm das Yale Studenten mit High-School-Sch\u00fclern paart um bei der College-Annahme zu helfen. <br \/>Esther ist auch eine Wettbewerbskoordinatorin von MMATHS, ein nationaler High-School-Mathematikwettbewerb an der Yale Universit\u00e4t, wo sie in st\u00e4ndiger Kommunikation mit High-School-Administratoren zur F\u00f6rderung von MMATHS und der Konkurrenz steht.<br \/>Zuvor hatte Esther ein Jahr lang in Beit Chana Tzfat, Israel, studiert.<br \/>Durch die Nutzung ihrer Kommunikationsf\u00e4higkeiten sowie des Wissens in internationalen Studien und Wirtschaftswissenschaften bem\u00fcht sich Esther, ein scharfes, aber einf\u00fchlsames Umfeld bei Amerika EB-5 Visa zu schaffen, damit unsere Investoren, Immobilienentwickler und Regional Center-Kunden sich mit unseren Dienstleistungen mehr als komfortabel f\u00fchlen .<\/p>\n<\/div>\n<\/div><\/div><\/div><div id=\"pgc-45-5-1\"  class=\"panel-grid-cell\" ><div id=\"panel-45-5-1-0\" class=\"so-panel widget widget_sow-image panel-first-child\" data-index=\"13\" ><div\n\t\t\t\n\t\t\tclass=\"so-widget-sow-image so-widget-sow-image-default-c67d20f9f743-45\"\n\t\t\t\n\t\t>\n<div class=\"sow-image-container\">\n\t\t<img loading=\"lazy\" \n\tsrc=\"https:\/\/www.americaeb5visa.com\/de\/wp-content\/uploads\/sites\/20\/2017\/03\/esther-300x300.png\" width=\"300\" height=\"300\" srcset=\"https:\/\/www.americaeb5visa.com\/de\/wp-content\/uploads\/sites\/20\/2017\/03\/esther-300x300.png 300w, https:\/\/www.americaeb5visa.com\/de\/wp-content\/uploads\/sites\/20\/2017\/03\/esther-150x150.png 150w, https:\/\/www.americaeb5visa.com\/de\/wp-content\/uploads\/sites\/20\/2017\/03\/esther-24x24.png 24w, https:\/\/www.americaeb5visa.com\/de\/wp-content\/uploads\/sites\/20\/2017\/03\/esther-36x36.png 36w, https:\/\/www.americaeb5visa.com\/de\/wp-content\/uploads\/sites\/20\/2017\/03\/esther-48x48.png 48w, https:\/\/www.americaeb5visa.com\/de\/wp-content\/uploads\/sites\/20\/2017\/03\/esther.png 427w\" sizes=\"(max-width: 300px) 100vw, 300px\" alt=\"\" \t\tclass=\"so-widget-image\"\/>\n\t<\/div>\n\n<\/div><\/div><div id=\"panel-45-5-1-1\" class=\"so-panel widget widget_sow-editor panel-last-child\" data-index=\"14\" ><div\n\t\t\t\n\t\t\tclass=\"so-widget-sow-editor so-widget-sow-editor-base\"\n\t\t\t\n\t\t>\n<div class=\"siteorigin-widget-tinymce textwidget\">\n\t<h2 class=\"text-center mg-md\" style=\"text-align: center;\">Esther Malka<\/h2>\n<h4 style=\"text-align: center;\">Outreach Direktor<\/h4>\n<\/div>\n<\/div><\/div><\/div><\/div><\/div><\/div>","protected":false},"excerpt":{"rendered":"<p>30 Jahre\u00a0Unser Team besteht aus un\u00fcbertrefflichen qualifizierten Professionellen, die mal ein Traum von der Einwanderung in den USA hatten. Wir verstehen Ihre Bedenken, Ihre Sorgen und Ihre Angst. Vor allem verstehen wir, dass jede Situation einzigartig ist. Unsere Verwaltung hat mehr als 30 Jahre Erfahrung in Wall Street mit der Strukturierung von Transaktionen des festen<a class=\"moretag\" href=\"https:\/\/www.americaeb5visa.com\/de\/who-are-we\/\"><span class=\"screen-reader-text\">Read more about Wer sind wir?<\/span>[&#8230;]<\/a><\/p>\n","protected":false},"author":1,"featured_media":0,"parent":0,"menu_order":10,"comment_status":"closed","ping_status":"closed","template":"","meta":{"_acf_changed":false,"_monsterinsights_skip_tracking":false,"_monsterinsights_sitenote_active":false,"_monsterinsights_sitenote_note":"","_monsterinsights_sitenote_category":0,"footnotes":""},"class_list":["post-45","page","type-page","status-publish","hentry"],"acf":[],"rttpg_featured_image_url":null,"rttpg_author":{"display_name":"AdminNIso","author_link":"https:\/\/www.americaeb5visa.com\/de\/blog\/author\/admin\/"},"rttpg_comment":0,"rttpg_category":null,"rttpg_excerpt":"30 Jahre\u00a0Unser Team besteht aus un\u00fcbertrefflichen qualifizierten Professionellen, die mal ein Traum von der Einwanderung in den USA hatten. Wir verstehen Ihre Bedenken, Ihre Sorgen und Ihre Angst. Vor allem verstehen wir, dass jede Situation einzigartig ist. Unsere Verwaltung hat mehr als 30 Jahre Erfahrung in Wall Street mit der Strukturierung von Transaktionen des festenRead&hellip;","_links":{"self":[{"href":"https:\/\/www.americaeb5visa.com\/de\/wp-json\/wp\/v2\/pages\/45","targetHints":{"allow":["GET"]}}],"collection":[{"href":"https:\/\/www.americaeb5visa.com\/de\/wp-json\/wp\/v2\/pages"}],"about":[{"href":"https:\/\/www.americaeb5visa.com\/de\/wp-json\/wp\/v2\/types\/page"}],"author":[{"embeddable":true,"href":"https:\/\/www.americaeb5visa.com\/de\/wp-json\/wp\/v2\/users\/1"}],"replies":[{"embeddable":true,"href":"https:\/\/www.americaeb5visa.com\/de\/wp-json\/wp\/v2\/comments?post=45"}],"version-history":[{"count":0,"href":"https:\/\/www.americaeb5visa.com\/de\/wp-json\/wp\/v2\/pages\/45\/revisions"}],"wp:attachment":[{"href":"https:\/\/www.americaeb5visa.com\/de\/wp-json\/wp\/v2\/media?parent=45"}],"curies":[{"name":"wp","href":"https:\/\/api.w.org\/{rel}","templated":true}]}}