{"id":57,"date":"2017-03-14T21:35:00","date_gmt":"2017-03-14T21:35:00","guid":{"rendered":"http:\/\/www.americaeb5visa.com\/?page_id=57"},"modified":"2022-03-25T05:37:07","modified_gmt":"2022-03-25T05:37:07","slug":"eb-5-due-diligence","status":"publish","type":"page","link":"https:\/\/www.americaeb5visa.com\/de\/eb-5-due-diligence\/","title":{"rendered":"EB-5 Due Diligence"},"content":{"rendered":"<div id=\"pl-57\"  class=\"panel-layout\" ><div id=\"pg-57-0\"  class=\"panel-grid panel-has-style\" ><div class=\"siteorigin-panels-stretch panel-row-style panel-row-style-for-57-0\" data-stretch-type=\"full-stretched\" ><div id=\"pgc-57-0-0\"  class=\"panel-grid-cell\" ><div id=\"panel-57-0-0-0\" class=\"so-panel widget widget_sow-hero panel-first-child panel-last-child\" data-index=\"0\" ><div\n\t\t\t\n\t\t\tclass=\"so-widget-sow-hero so-widget-sow-hero-default-3d3f69fb2c42-57 so-widget-fittext-wrapper\"\n\t\t\t data-fit-text-compressor=\"0.85\"\n\t\t>\t\t\t\t<div class=\"sow-slider-base\" style=\"display: none\" tabindex=\"0\">\n\t\t\t\t\t<ul\n\t\t\t\t\tclass=\"sow-slider-images\"\n\t\t\t\t\tdata-settings=\"{&quot;pagination&quot;:true,&quot;speed&quot;:800,&quot;timeout&quot;:8000,&quot;paused&quot;:false,&quot;pause_on_hover&quot;:false,&quot;swipe&quot;:true,&quot;nav_always_show_desktop&quot;:&quot;&quot;,&quot;nav_always_show_mobile&quot;:&quot;&quot;,&quot;breakpoint&quot;:&quot;780px&quot;,&quot;unmute&quot;:false,&quot;anchor&quot;:null}\"\n\t\t\t\t\tstyle=\"min-height: 600px\"\t\t\t\t\tdata-anchor-id=\"\"\n\t\t\t\t>\t\t<li class=\"sow-slider-image  sow-slider-image-cover\" style=\"visibility: visible;;background-color: #333333;background-image: url(https:\/\/www.americaeb5visa.com\/de\/wp-content\/uploads\/sites\/20\/2017\/03\/EB5Death_to_Stock_Photography_NYC_Skyline_2.jpg)\" >\n\t\t\t\t\t<div class=\"sow-slider-image-container\">\n\t\t\t<div class=\"sow-slider-image-wrapper\">\n\t\t\t\t<h1 style=\"text-align: center\">EB-5 Due Diligence<\/h1>\n<h2 class=\"text-center mg-md \" style=\"text-align: center\">Sichern, dass Ihre Investition sicher ist.<\/h2>\t\t\t<\/div>\n\t\t<\/div>\n\t\t\t\t<\/li>\n\t\t<\/ul>\t\t\t\t<ol class=\"sow-slider-pagination\">\n\t\t\t\t\t\t\t\t\t\t\t<li><a href=\"#\" data-goto=\"0\" aria-label=\"Display slide 1\"><\/a><\/li>\n\t\t\t\t\t\t\t\t\t<\/ol>\n\n\t\t\t\t<div class=\"sow-slide-nav sow-slide-nav-next\">\n\t\t\t\t\t<a href=\"#\" data-goto=\"next\" aria-label=\"Next slide\" data-action=\"next\">\n\t\t\t\t\t\t<em class=\"sow-sld-icon-thin-right\"><\/em>\n\t\t\t\t\t<\/a>\n\t\t\t\t<\/div>\n\n\t\t\t\t<div class=\"sow-slide-nav sow-slide-nav-prev\">\n\t\t\t\t\t<a href=\"#\" data-goto=\"previous\" aria-label=\"Previous slide\" data-action=\"prev\">\n\t\t\t\t\t\t<em class=\"sow-sld-icon-thin-left\"><\/em>\n\t\t\t\t\t<\/a>\n\t\t\t\t<\/div>\n\t\t\t\t<\/div><\/div><\/div><\/div><\/div><\/div><div id=\"pg-57-1\"  class=\"panel-grid panel-has-style\" ><div class=\"siteorigin-panels-stretch panel-row-style panel-row-style-for-57-1\" data-stretch-type=\"full\" ><div id=\"pgc-57-1-0\"  class=\"panel-grid-cell\" ><div id=\"panel-57-1-0-0\" class=\"so-panel widget widget_sow-editor panel-first-child panel-last-child\" data-index=\"1\" ><div\n\t\t\t\n\t\t\tclass=\"so-widget-sow-editor so-widget-sow-editor-base\"\n\t\t\t\n\t\t>\n<div class=\"siteorigin-widget-tinymce textwidget\">\n\t<h2><strong>\u00dcber EB\u20135 Visa<\/strong><\/h2>\n<ul>\n<li>Wie viele EB-5-Projekte hat das Unternehmen bisher abgeschlossen?<\/li>\n<li>Wie viel kostet die Investition? Gibt es eine Verwaltungsgeb\u00fchr? Wie viel?<\/li>\n<li>Wenn die Investition $ 800,000 ist, welche Beh\u00f6rde best\u00e4tigt, dass der Bereich der Entwicklung des Projekts als gezielter Besch\u00e4ftigungsbereich qualifiziert ist?<\/li>\n<li>Kann der EB-5-Antragsteller aufgefordert werden, zu einem sp\u00e4teren Zeitpunkt zus\u00e4tzliches Geld \u00fcber den Anfangsbetrag hinaus zu investieren?<\/li>\n<li>Welcher Prozentsatz der Gesamtfinanzierung stellt das EB-5-Projekt dar?<\/li>\n<li>Wie viel Eigenkapital wird in die Transaktion investiert? Ist das unterhalb der EB-5-Investition in die Priorit\u00e4t der Zahlungen?<\/li>\n<li>Gibt es eine Bankschuld \u00fcber dem EB-5 in der Priorit\u00e4t der Zahlungen? Ist es schon vorhanden, d.h. verpflichtet? Wie viel kostet die Schuld?<\/li>\n<li>Ist der Antragsteller eine feste Verzinsung f\u00fcr seine Investition gezahlt? F\u00fcr wie lange?<\/li>\n<li>Wenn nicht, wie ist es bestimmt? Wie oft wird es bezahlt?<\/li>\n<li>Hat der Entwickler die Projektabschlussgarantie?<\/li>\n<li>Wie viele Jobs werden pro Investor geschaffen?<\/li>\n<li>Welche Vorkehrungen werden getroffen, um die Schaffung von Arbeitspl\u00e4tzen zu \u00fcberwachen? Welche Schritte werden unternommen, wenn die erforderliche Schaffung von Arbeitspl\u00e4tzen nicht erfolgt ist?<\/li>\n<li>Wer hat den Wirtschaftsbericht vorbereitet, der die gesch\u00e4tzte Schaffung von Schaffung von Arbeitspl\u00e4tzen skizziert? Ist der Wirtschaftsbericht f\u00fcr Investoren verf\u00fcgbar?<\/li>\n<li>Gibt es eine Einsch\u00e4tzung des Eigentumswertes nach Fertigstellung? In einer prozentualen Basis, um wie viel \u00fcbersteigt es die Gesamtinvestitionen des gesamten Projekts?<\/li>\n<li>Wenn I-526 verweigert wird, wird der Investor seine gesamte Investition zur\u00fcckerstattet?<\/li>\n<li>Ist dies in der Abonnementvereinbarung und dem Private Placement Memorandum eindeutig dargelegt? Muss der Investor eine Einzahlung leisten oder eine Geb\u00fchr f\u00fcr die Angebotsunterlagen zahlen?<\/li>\n<li>Erteilt das Regionalzentrum den Investoren eine regelm\u00e4\u00dfige Berichterstattung \u00fcber den Status der Investition? Wenn ja, wie oft?<\/li>\n<\/ul>\n<h2><\/h2>\n<h2>\u00dcber Einwanderung<\/h2>\n<ul>\n<li>Wie viele I-526-Zulassungen?<\/li>\n<li>Wie viele I-526 Ablehnungen? Gr\u00fcnde daf\u00fcr?<\/li>\n<li>Wie viele bedingte Green Card Genehmigungen?<\/li>\n<li>Wie viele bedingte Green Card verweigert? Gr\u00fcnde daf\u00fcr?<\/li>\n<li>Wieviele Abbau von Genehmigungen?<\/li>\n<li>Wie viele Abbau von Bedingungen verweigert? Gr\u00fcnde daf\u00fcr?<\/li>\n<\/ul>\n<h2>\u00dcber das Regionalzentrum<\/h2>\n<ul>\n<li>Wann wurde das Regionalzentrum gegr\u00fcndet? Wann wurde I-924 genehmigt?<\/li>\n<li>Wie lange ist der Entwickler im Gesch\u00e4ft? Vor diesem Angebot haben sie zuvor durch EB-5 finanziert?<\/li>\n<li>Hat der Entwickler eine eigenst\u00e4ndige Bewertung von f\u00fchrenden, globalen Ratingagenturen wie Standard &amp; Poors und Moody's?<\/li>\n<li>Wann kann die Investition verkauft werden? Wann kann der Kunde seine Investition zur\u00fcckbekommen? Wie viele Investoren haben bisher eine Investitionsrendite erhalten?\u00a0Wie wird der Betrag bestimmt?\u00a0Wird ein potenzieller R\u00fcckgriff auf andere Investoren den Zeitpunkt der Kapitalrendite \u00fcber die erforderliche F\u00fcnfjahresperiode hinaus f\u00fcr Anleger beeinflussen, deren I-829-Antr\u00e4ge bereits genehmigt wurden?<\/li>\n<li>Wird die fr\u00fchzeitige Vollendung und Durchf\u00fchrung der Ausstiegsstrategie des Projekts eine R\u00fcckgabe des Auftraggebers an Anleger erfordern, deren I-829-Antr\u00e4ge noch nicht genehmigt oder genehmigt wurden, aber die erforderliche f\u00fcnfj\u00e4hrige Haltedauer noch nicht erf\u00fcllt ist? Wenn nicht, welche Pl\u00e4ne hat das Regionalzentrum, um die Mittel zu verteilen, um die I-829-Zulassung nicht zu gef\u00e4hrden?<\/li>\n<li>Wie viele Jahre Erfahrung hat die pers\u00f6nlich haftende Gesellschafterin oder Hauptinvestition im Investitionsprojekt mit Migrantenanlegerprogrammen?<\/li>\n<\/ul>\n<\/div>\n<\/div><\/div><\/div><\/div><\/div><\/div>","protected":false},"excerpt":{"rendered":"<p>\u00dcber EB\u20135 Visa Wie viele EB-5-Projekte hat das Unternehmen bisher abgeschlossen? Wie viel kostet die Investition? Gibt es eine Verwaltungsgeb\u00fchr? Wie viel? Wenn die Investition $ ist, welche Beh\u00f6rde best\u00e4tigt, dass der Bereich der Entwicklung des Projekts als gezielter Besch\u00e4ftigungsbereich qualifiziert ist? Kann der EB-5-Antragsteller aufgefordert werden, zu einem sp\u00e4teren Zeitpunkt zus\u00e4tzliches Geld \u00fcber den<a class=\"moretag\" href=\"https:\/\/www.americaeb5visa.com\/de\/eb-5-due-diligence\/\"><span class=\"screen-reader-text\">Read more about EB-5 Due Diligence<\/span>[&#8230;]<\/a><\/p>\n","protected":false},"author":1,"featured_media":0,"parent":0,"menu_order":2,"comment_status":"closed","ping_status":"closed","template":"","meta":{"_acf_changed":false,"_monsterinsights_skip_tracking":false,"_monsterinsights_sitenote_active":false,"_monsterinsights_sitenote_note":"","_monsterinsights_sitenote_category":0,"footnotes":""},"class_list":["post-57","page","type-page","status-publish","hentry"],"acf":[],"rttpg_featured_image_url":null,"rttpg_author":{"display_name":"AdminNIso","author_link":"https:\/\/www.americaeb5visa.com\/de\/blog\/author\/admin\/"},"rttpg_comment":0,"rttpg_category":null,"rttpg_excerpt":"\u00dcber EB\u20135 Visa Wie viele EB-5-Projekte hat das Unternehmen bisher abgeschlossen? Wie viel kostet die Investition? Gibt es eine Verwaltungsgeb\u00fchr? Wie viel? Wenn die Investition $ ist, welche Beh\u00f6rde best\u00e4tigt, dass der Bereich der Entwicklung des Projekts als gezielter Besch\u00e4ftigungsbereich qualifiziert ist? Kann der EB-5-Antragsteller aufgefordert werden, zu einem sp\u00e4teren Zeitpunkt zus\u00e4tzliches Geld \u00fcber denRead&hellip;","_links":{"self":[{"href":"https:\/\/www.americaeb5visa.com\/de\/wp-json\/wp\/v2\/pages\/57","targetHints":{"allow":["GET"]}}],"collection":[{"href":"https:\/\/www.americaeb5visa.com\/de\/wp-json\/wp\/v2\/pages"}],"about":[{"href":"https:\/\/www.americaeb5visa.com\/de\/wp-json\/wp\/v2\/types\/page"}],"author":[{"embeddable":true,"href":"https:\/\/www.americaeb5visa.com\/de\/wp-json\/wp\/v2\/users\/1"}],"replies":[{"embeddable":true,"href":"https:\/\/www.americaeb5visa.com\/de\/wp-json\/wp\/v2\/comments?post=57"}],"version-history":[{"count":0,"href":"https:\/\/www.americaeb5visa.com\/de\/wp-json\/wp\/v2\/pages\/57\/revisions"}],"wp:attachment":[{"href":"https:\/\/www.americaeb5visa.com\/de\/wp-json\/wp\/v2\/media?parent=57"}],"curies":[{"name":"wp","href":"https:\/\/api.w.org\/{rel}","templated":true}]}}