{"id":61,"date":"2017-03-14T21:44:01","date_gmt":"2017-03-14T21:44:01","guid":{"rendered":"http:\/\/www.americaeb5visa.com\/?page_id=61"},"modified":"2022-03-25T05:34:27","modified_gmt":"2022-03-25T05:34:27","slug":"eb-5-requirements","status":"publish","type":"page","link":"https:\/\/www.americaeb5visa.com\/de\/eb-5-requirements\/","title":{"rendered":"EB-5 Anforderungen"},"content":{"rendered":"<div id=\"pl-61\"  class=\"panel-layout\" ><div id=\"pg-61-0\"  class=\"panel-grid panel-has-style\" ><div class=\"siteorigin-panels-stretch panel-row-style panel-row-style-for-61-0\" data-stretch-type=\"full-stretched\" ><div id=\"pgc-61-0-0\"  class=\"panel-grid-cell\" ><div id=\"panel-61-0-0-0\" class=\"so-panel widget widget_sow-hero panel-first-child panel-last-child\" data-index=\"0\" ><div\n\t\t\t\n\t\t\tclass=\"so-widget-sow-hero so-widget-sow-hero-default-3d3f69fb2c42-61 so-widget-fittext-wrapper\"\n\t\t\t data-fit-text-compressor=\"0.85\"\n\t\t>\t\t\t\t<div class=\"sow-slider-base\" style=\"display: none\" tabindex=\"0\">\n\t\t\t\t\t<ul\n\t\t\t\t\tclass=\"sow-slider-images\"\n\t\t\t\t\tdata-settings=\"{&quot;pagination&quot;:true,&quot;speed&quot;:800,&quot;timeout&quot;:8000,&quot;paused&quot;:false,&quot;pause_on_hover&quot;:false,&quot;swipe&quot;:true,&quot;nav_always_show_desktop&quot;:&quot;&quot;,&quot;nav_always_show_mobile&quot;:&quot;&quot;,&quot;breakpoint&quot;:&quot;780px&quot;,&quot;unmute&quot;:false,&quot;anchor&quot;:null}\"\n\t\t\t\t\tstyle=\"min-height: 600px\"\t\t\t\t\tdata-anchor-id=\"\"\n\t\t\t\t>\t\t<li class=\"sow-slider-image  sow-slider-image-cover\" style=\"visibility: visible;;background-color: #333333;background-image: url(https:\/\/www.americaeb5visa.com\/de\/wp-content\/uploads\/sites\/20\/2017\/03\/EB5Death_to_Stock_Photography_NYC_Skyline_2.jpg)\" >\n\t\t\t\t\t<div class=\"sow-slider-image-container\">\n\t\t\t<div class=\"sow-slider-image-wrapper\">\n\t\t\t\t<h1 class=\"text-center mg-md \" style=\"text-align: center\">EB-5 Anforderungen<\/h1>\n<h2 style=\"text-align: center\">Eine Kapitalanlage, die mindestens 10 Arbeitspl\u00e4tze f\u00fcr US-Arbeiter schafft.<\/h2>\t\t\t<\/div>\n\t\t<\/div>\n\t\t\t\t<\/li>\n\t\t<\/ul>\t\t\t\t<ol class=\"sow-slider-pagination\">\n\t\t\t\t\t\t\t\t\t\t\t<li><a href=\"#\" data-goto=\"0\" aria-label=\"Display slide 1\"><\/a><\/li>\n\t\t\t\t\t\t\t\t\t<\/ol>\n\n\t\t\t\t<div class=\"sow-slide-nav sow-slide-nav-next\">\n\t\t\t\t\t<a href=\"#\" data-goto=\"next\" aria-label=\"Next slide\" data-action=\"next\">\n\t\t\t\t\t\t<em class=\"sow-sld-icon-thin-right\"><\/em>\n\t\t\t\t\t<\/a>\n\t\t\t\t<\/div>\n\n\t\t\t\t<div class=\"sow-slide-nav sow-slide-nav-prev\">\n\t\t\t\t\t<a href=\"#\" data-goto=\"previous\" aria-label=\"Previous slide\" data-action=\"prev\">\n\t\t\t\t\t\t<em class=\"sow-sld-icon-thin-left\"><\/em>\n\t\t\t\t\t<\/a>\n\t\t\t\t<\/div>\n\t\t\t\t<\/div><\/div><\/div><\/div><\/div><\/div><div id=\"pg-61-1\"  class=\"panel-grid panel-has-style\" ><div class=\"panel-row-style panel-row-style-for-61-1\" ><div id=\"pgc-61-1-0\"  class=\"panel-grid-cell\" ><div id=\"panel-61-1-0-0\" class=\"so-panel widget widget_sow-editor panel-first-child panel-last-child\" data-index=\"1\" ><div\n\t\t\t\n\t\t\tclass=\"so-widget-sow-editor so-widget-sow-editor-base\"\n\t\t\t\n\t\t>\n<div class=\"siteorigin-widget-tinymce textwidget\">\n\t<h2>Allgemeine Anforderungen<\/h2>\n<p>Die US-Regierung schuf das EB-5 Immigrant Investor Program, um ausl\u00e4ndische Investitionen in US-Unternehmen zu f\u00f6rdern. Im Gegenzug zu Investitionen in ein Gesch\u00e4ft, das Arbeitspl\u00e4tze f\u00fcr US-Arbeiter schafft, sind Ausl\u00e4nder und ihre Familien berechtigt, st\u00e4ndige Einwohner der USA zu werden. Der Name des Programms, \"EB-5\", stammt aus der Visakategorie, f\u00fcr die Immigranteninvestoren gelten - die Besch\u00e4ftigungsbasierte Einwanderung: F\u00fcnfte Pr\u00e4ferenz EB-5.<\/p>\n<p>W\u00e4hrend sich das Programm seit seiner Gr\u00fcndung im Jahr 1990 erheblich weiterentwickelt hat, gibt es derzeit zwei M\u00f6glichkeiten f\u00fcr ausl\u00e4ndische Investoren, ein EB-5 Visum zu erhalten:<\/p>\n<p>1. Direktinvestitionen in ein neues oder bestehendes Handelsunternehmen, das Arbeitspl\u00e4tze schafft.<br \/>\n2. Investitionskapital durch ein \"Regionalzentrum\", ein von der Regierung zugelassenes Unternehmen, das aktiv Investorenfonds und den Einwanderungsgenehmigungsprozess verwaltet zu investieren.<\/p>\n<h2><\/h2>\n<h2>Vorteile der Investition in ein Regionalzentrum<\/h2>\n<p>Investitionskapital mit einem Regionalzentrum bietet den Immigranten, die die U.S.-Residenz durch das EB-5-Programm suchen, gro\u00dfe Vorteile. Einer der wichtigsten Vorteile ist die F\u00e4higkeit, sowohl direkte als auch indirekte Arbeitspl\u00e4tze auf die \"Schaffung von Arbeitspl\u00e4tzen\" zu z\u00e4hlen.<\/p>\n<p>Die direkte Schaffung von Arbeitspl\u00e4tzen ist ein Ergebnis einer Investition, die zehn neue, tats\u00e4chlich erkennbare Arbeitspl\u00e4tze \u00fcber einen Zeitraum von zwei Jahren geschaffen und aufrechterhalten hat. Im Rahmen des Regional-Center-Programms k\u00f6nnen die Anleger auch die berufliche Anforderung erf\u00fcllen, indem sie die indirekte Schaffung von Arbeitspl\u00e4tzen aus gepoolten Fonds aller Investoren im Projekt zeigen. Diese Arbeitspl\u00e4tze k\u00f6nnen kollektiv oder infolge Kapital investiert werden, das in ein Handelsunternehmen investiert wird, das mit einem Regionalzentrum verbunden ist.<\/p>\n<p>Mit anderen Worten, der Investor muss nicht zeigen, dass er oder sie direkt Mitarbeiter eingestellt hat. Die Belastung der Schaffung von Arbeitspl\u00e4tzen wird an das Regionalzentrum weitergegeben. Die Regionalzentren wiederum stellen erfahrene \u00d6konomen an, die eine \u00f6konomische Analyse durchf\u00fchren und beweisen, dass aus dem Projekt ausreichende direkte und indirekte Arbeitspl\u00e4tze entstehen.<\/p>\n<h2>H\u00f6he der Investition<\/h2>\n<p>Jeder EB-5 Visa Antragsteller muss ein Minimum von $ 1,050,000 in einem Job-Schaffung Venture investieren. Wenn sich das Betriebskapital in einem geplanten Besch\u00e4ftigungsbereich (TEA) befindet - definiert als l\u00e4ndlicher Raum oder einer Region mit hoher Arbeitslosigkeit - dann wird der Mindestanlagebetrag auf 800,000 $ reduziert. Heute befinden sich die meisten EB-5 Investitionsm\u00f6glichkeiten in TEAs.<\/p>\n<\/div>\n<\/div><\/div><\/div><\/div><\/div><\/div>","protected":false},"excerpt":{"rendered":"<p>Allgemeine Anforderungen Die US-Regierung schuf das EB-5 Immigrant Investor Program, um ausl\u00e4ndische Investitionen in US-Unternehmen zu f\u00f6rdern. Im Gegenzug zu Investitionen in ein Gesch\u00e4ft, das Arbeitspl\u00e4tze f\u00fcr US-Arbeiter schafft, sind Ausl\u00e4nder und ihre Familien berechtigt, st\u00e4ndige Einwohner der USA zu werden. Der Name des Programms, &#8220;EB-5&#8221;, stammt aus der Visakategorie, f\u00fcr die Immigranteninvestoren gelten &#8211;<a class=\"moretag\" href=\"https:\/\/www.americaeb5visa.com\/de\/eb-5-requirements\/\"><span class=\"screen-reader-text\">Read more about EB-5 Anforderungen<\/span>[&#8230;]<\/a><\/p>\n","protected":false},"author":1,"featured_media":0,"parent":0,"menu_order":4,"comment_status":"closed","ping_status":"closed","template":"","meta":{"_acf_changed":false,"_monsterinsights_skip_tracking":false,"_monsterinsights_sitenote_active":false,"_monsterinsights_sitenote_note":"","_monsterinsights_sitenote_category":0,"footnotes":""},"class_list":["post-61","page","type-page","status-publish","hentry"],"acf":[],"rttpg_featured_image_url":null,"rttpg_author":{"display_name":"AdminNIso","author_link":"https:\/\/www.americaeb5visa.com\/de\/blog\/author\/admin\/"},"rttpg_comment":0,"rttpg_category":null,"rttpg_excerpt":"Allgemeine Anforderungen Die US-Regierung schuf das EB-5 Immigrant Investor Program, um ausl\u00e4ndische Investitionen in US-Unternehmen zu f\u00f6rdern. Im Gegenzug zu Investitionen in ein Gesch\u00e4ft, das Arbeitspl\u00e4tze f\u00fcr US-Arbeiter schafft, sind Ausl\u00e4nder und ihre Familien berechtigt, st\u00e4ndige Einwohner der USA zu werden. Der Name des Programms, \"EB-5\", stammt aus der Visakategorie, f\u00fcr die Immigranteninvestoren gelten -Read&hellip;","_links":{"self":[{"href":"https:\/\/www.americaeb5visa.com\/de\/wp-json\/wp\/v2\/pages\/61","targetHints":{"allow":["GET"]}}],"collection":[{"href":"https:\/\/www.americaeb5visa.com\/de\/wp-json\/wp\/v2\/pages"}],"about":[{"href":"https:\/\/www.americaeb5visa.com\/de\/wp-json\/wp\/v2\/types\/page"}],"author":[{"embeddable":true,"href":"https:\/\/www.americaeb5visa.com\/de\/wp-json\/wp\/v2\/users\/1"}],"replies":[{"embeddable":true,"href":"https:\/\/www.americaeb5visa.com\/de\/wp-json\/wp\/v2\/comments?post=61"}],"version-history":[{"count":0,"href":"https:\/\/www.americaeb5visa.com\/de\/wp-json\/wp\/v2\/pages\/61\/revisions"}],"wp:attachment":[{"href":"https:\/\/www.americaeb5visa.com\/de\/wp-json\/wp\/v2\/media?parent=61"}],"curies":[{"name":"wp","href":"https:\/\/api.w.org\/{rel}","templated":true}]}}