{"id":74,"date":"2017-03-14T22:01:10","date_gmt":"2017-03-14T22:01:10","guid":{"rendered":"http:\/\/www.americaeb5visa.com\/?page_id=74"},"modified":"2024-04-22T02:46:37","modified_gmt":"2024-04-22T02:46:37","slug":"news","status":"publish","type":"page","link":"https:\/\/www.americaeb5visa.com\/de\/news\/","title":{"rendered":"Nachrichten"},"content":{"rendered":"<div id=\"pl-74\"  class=\"panel-layout\" ><div id=\"pg-74-0\"  class=\"panel-grid panel-no-style\" ><div id=\"pgc-74-0-0\"  class=\"panel-grid-cell\" ><div id=\"panel-74-0-0-0\" class=\"so-panel widget widget_sow-headline panel-first-child\" data-index=\"0\" ><div\n\t\t\t\n\t\t\tclass=\"so-widget-sow-headline so-widget-sow-headline-default-194407f109ba-74\"\n\t\t\t\n\t\t><div class=\"sow-headline-container \">\n\t\t\t\t\t\t\t<h1 class=\"sow-headline\">\n\t\t\t\t\t\tNachrichten\t\t\t\t\t\t<\/h1>\n\t\t\t\t\t\t\t\t\t\t\t<div class=\"decoration\">\n\t\t\t\t\t\t<div class=\"decoration-inside\"><\/div>\n\t\t\t\t\t<\/div>\n\t\t\t\t\t<\/div>\n<\/div><\/div><div id=\"panel-74-0-0-1\" class=\"so-panel widget widget_wp_posts_carousel panel-last-child\" data-index=\"1\" ><div id=\"wp-posts-carousel-1784941859\" class=\"default-theme wp-posts-carousel owl-carousel\"><div class=\"wp-posts-carousel-slide slides-4\"><div class=\"wp-posts-carousel-container\"><div class=\"wp-posts-carousel-image\"><a href=\"https:\/\/www.americaeb5visa.com\/de\/blog\/2017\/03\/19\/u-s-department-of-state-veroffentlicht-visa-statistiken-fur-das-geschaftsjahr-2016\/\" title=\"Read more U.S. Department of State ver\u00f6ffentlicht Visa-Statistiken f\u00fcr das Gesch\u00e4ftsjahr 2016\"><img decoding=\"async\" alt=\"U.S. Department of State ver\u00f6ffentlicht Visa-Statistiken f\u00fcr das Gesch\u00e4ftsjahr 2016\" style=\"max-width:100%;max-height:100%\" src=\"https:\/\/www.americaeb5visa.com\/de\/wp-content\/uploads\/sites\/20\/2017\/04\/BlogAdobeStock_101769558-150x150.jpg\"><\/a><\/div><div class=\"wp-posts-carousel-details\"><h3 class=\"wp-posts-carousel-title\"><a href=\"https:\/\/www.americaeb5visa.com\/de\/blog\/2017\/03\/19\/u-s-department-of-state-veroffentlicht-visa-statistiken-fur-das-geschaftsjahr-2016\/\" title=\"U.S. Department of State ver\u00f6ffentlicht Visa-Statistiken f\u00fcr das Gesch\u00e4ftsjahr 2016\">U.S. Department of State ver\u00f6ffentlicht Visa-Statistiken f\u00fcr das Gesch\u00e4ftsjahr 2016<\/a><\/h3><p class=\"wp-posts-carousel-created-date\">March 19, 2017<\/p><\/div><\/div><\/div><div class=\"wp-posts-carousel-slide slides-4\"><div class=\"wp-posts-carousel-container\"><div class=\"wp-posts-carousel-image\"><a href=\"https:\/\/www.americaeb5visa.com\/de\/blog\/2016\/11\/20\/congress-extends-eb-5-regional-center-program-to-march-31st-is-locked-congress-extends-eb-5-regional-center-program-to-march-31st\/\" title=\"Read more Der US-Kongress erweitert das EB-5 Regional Center Programm bis 31. M\u00e4rz.\"><img decoding=\"async\" alt=\"Der US-Kongress erweitert das EB-5 Regional Center Programm bis 31. M\u00e4rz.\" style=\"max-width:100%;max-height:100%\" src=\"https:\/\/www.americaeb5visa.com\/de\/wp-content\/uploads\/sites\/20\/2017\/04\/RibbonAdobeStock_72339142-1-150x150.jpg\"><\/a><\/div><div class=\"wp-posts-carousel-details\"><h3 class=\"wp-posts-carousel-title\"><a href=\"https:\/\/www.americaeb5visa.com\/de\/blog\/2016\/11\/20\/congress-extends-eb-5-regional-center-program-to-march-31st-is-locked-congress-extends-eb-5-regional-center-program-to-march-31st\/\" title=\"Der US-Kongress erweitert das EB-5 Regional Center Programm bis 31. M\u00e4rz.\">Der US-Kongress erweitert das EB-5 Regional Center Programm bis 31. M\u00e4rz.<\/a><\/h3><p class=\"wp-posts-carousel-created-date\">November 20, 2016<\/p><\/div><\/div><\/div><div class=\"wp-posts-carousel-slide slides-4\"><div class=\"wp-posts-carousel-container\"><div class=\"wp-posts-carousel-image\"><a href=\"https:\/\/www.americaeb5visa.com\/de\/blog\/2016\/10\/06\/senate-extended-eb-5-regional-center-program-to-december-9th\/\" title=\"Read more Senat erweiterte EB-5 Regional Center Programm bis zum 9. Dezember\"><img decoding=\"async\" alt=\"Senat erweiterte EB-5 Regional Center Programm bis zum 9. Dezember\" style=\"max-width:100%;max-height:100%\" src=\"https:\/\/www.americaeb5visa.com\/de\/wp-content\/uploads\/sites\/20\/2017\/04\/WhoareWeAdobeStock_25409363-150x150.jpg\"><\/a><\/div><div class=\"wp-posts-carousel-details\"><h3 class=\"wp-posts-carousel-title\"><a href=\"https:\/\/www.americaeb5visa.com\/de\/blog\/2016\/10\/06\/senate-extended-eb-5-regional-center-program-to-december-9th\/\" title=\"Senat erweiterte EB-5 Regional Center Programm bis zum 9. Dezember\">Senat erweiterte EB-5 Regional Center Programm bis zum 9. Dezember<\/a><\/h3><p class=\"wp-posts-carousel-created-date\">October 6, 2016<\/p><\/div><\/div><\/div><div class=\"wp-posts-carousel-slide slides-4\"><div class=\"wp-posts-carousel-container\"><div class=\"wp-posts-carousel-image\"><a href=\"https:\/\/www.americaeb5visa.com\/de\/blog\/2016\/09\/24\/congress-considering-raising-investment-amount-for-eb-5-visa\/\" title=\"Read more Der US-Kongress diskutiert die Anhebung der Investitionssummee f\u00fcr EB-5 Visum.\"><img decoding=\"async\" alt=\"Der US-Kongress diskutiert die Anhebung der Investitionssummee f\u00fcr EB-5 Visum.\" style=\"max-width:100%;max-height:100%\" src=\"https:\/\/www.americaeb5visa.com\/de\/wp-content\/uploads\/sites\/20\/2017\/04\/EB5Death_to_Stock_Photography_NYC_Skyline_2-150x150.jpg\"><\/a><\/div><div class=\"wp-posts-carousel-details\"><h3 class=\"wp-posts-carousel-title\"><a href=\"https:\/\/www.americaeb5visa.com\/de\/blog\/2016\/09\/24\/congress-considering-raising-investment-amount-for-eb-5-visa\/\" title=\"Der US-Kongress diskutiert die Anhebung der Investitionssummee f\u00fcr EB-5 Visum.\">Der US-Kongress diskutiert die Anhebung der Investitionssummee f\u00fcr EB-5 Visum.<\/a><\/h3><p class=\"wp-posts-carousel-created-date\">September 24, 2016<\/p><\/div><\/div><\/div><div class=\"wp-posts-carousel-slide slides-4\"><div class=\"wp-posts-carousel-container\"><div class=\"wp-posts-carousel-image\"><a href=\"https:\/\/www.americaeb5visa.com\/de\/blog\/2016\/09\/18\/eb-5-visa-a-simple-road-to-obtaining-a-green-card\/\" title=\"Read more EB-5 Visa: Ein einfacher Weg zur Erlangung einer Green Card.\"><img decoding=\"async\" alt=\"EB-5 Visa: Ein einfacher Weg zur Erlangung einer Green Card.\" style=\"max-width:100%;max-height:100%\" src=\"https:\/\/www.americaeb5visa.com\/de\/wp-content\/uploads\/sites\/20\/2017\/04\/Logo512SiteIcon-150x150.png\"><\/a><\/div><div class=\"wp-posts-carousel-details\"><h3 class=\"wp-posts-carousel-title\"><a href=\"https:\/\/www.americaeb5visa.com\/de\/blog\/2016\/09\/18\/eb-5-visa-a-simple-road-to-obtaining-a-green-card\/\" title=\"EB-5 Visa: Ein einfacher Weg zur Erlangung einer Green Card.\">EB-5 Visa: Ein einfacher Weg zur Erlangung einer Green Card.<\/a><\/h3><p class=\"wp-posts-carousel-created-date\">September 18, 2016<\/p><\/div><\/div><\/div><\/div><script type=\"text\/javascript\">\n              jQuery(window).load(function(e) {\n                  var wpPostsCarousel1784941859 = jQuery(\"#wp-posts-carousel-1784941859\");\n                  wpPostsCarousel1784941859.owlCarousel({\n                      loop: 0,\n                      nav: true,\n                      navSpeed: 800,\n                      dots: true,\n                      dotsSpeed: 800,\n                      lazyLoad: false,\n                      autoplay: false,\n                      autoplayHoverPause: false,\n                      autoplayTimeout: 1200,\n                      autoplaySpeed:  800,\n                      margin: 5,\n                      stagePadding: 0,\n                      freeDrag: false,\n                      mouseDrag: true,\n                      touchDrag: true,\n                      slideBy: 1,\n                      fallbackEasing: \"linear\",\n                      responsiveClass: true,\n                      navText: [ \"previous\", \"next\" ],\n                      responsive:{\n                          0:{items: 1},\n                          600:{items: 2},\n                          1000:{items: 4}\n                          \n                      },\n                      autoHeight: true\n                  });\n                  wpPostsCarousel1784941859.on(\"mousewheel\", \".owl-stage\", function(e) {\n                if (e.deltaY > 0) {\n                    wpPostsCarousel1784941859.trigger(\"next.owl\");\n                } else {\n                    wpPostsCarousel1784941859.trigger(\"prev.owl\");\n                }\n                e.preventDefault();\n            });\n              });\n          <\/script><\/div><\/div><\/div><\/div>","protected":false},"excerpt":{"rendered":"<p>Nachrichten U.S. Department of State ver\u00f6ffentlicht Visa-Statistiken f\u00fcr das Gesch\u00e4ftsjahr 2016March 19, 2017Der US-Kongress erweitert das EB-5 Regional Center Programm bis 31. M\u00e4rz.November 20, 2016Senat erweiterte EB-5 Regional Center Programm bis zum 9. DezemberOctober 6, 2016Der US-Kongress diskutiert die Anhebung der Investitionssummee f\u00fcr EB-5 Visum.September 24, 2016EB-5 Visa: Ein einfacher Weg zur Erlangung einer Green<a class=\"moretag\" href=\"https:\/\/www.americaeb5visa.com\/de\/news\/\"><span class=\"screen-reader-text\">Read more about Nachrichten<\/span>[&#8230;]<\/a><\/p>\n","protected":false},"author":1,"featured_media":0,"parent":0,"menu_order":8,"comment_status":"closed","ping_status":"closed","template":"","meta":{"_acf_changed":false,"_monsterinsights_skip_tracking":false,"_monsterinsights_sitenote_active":false,"_monsterinsights_sitenote_note":"","_monsterinsights_sitenote_category":0,"footnotes":""},"class_list":["post-74","page","type-page","status-publish","hentry"],"acf":[],"rttpg_featured_image_url":null,"rttpg_author":{"display_name":"AdminNIso","author_link":"https:\/\/www.americaeb5visa.com\/de\/blog\/author\/admin\/"},"rttpg_comment":0,"rttpg_category":null,"rttpg_excerpt":"Nachrichten U.S. Department of State ver\u00f6ffentlicht Visa-Statistiken f\u00fcr das Gesch\u00e4ftsjahr 2016March 19, 2017Der US-Kongress erweitert das EB-5 Regional Center Programm bis 31. M\u00e4rz.November 20, 2016Senat erweiterte EB-5 Regional Center Programm bis zum 9. DezemberOctober 6, 2016Der US-Kongress diskutiert die Anhebung der Investitionssummee f\u00fcr EB-5 Visum.September 24, 2016EB-5 Visa: Ein einfacher Weg zur Erlangung einer GreenRead&hellip;","_links":{"self":[{"href":"https:\/\/www.americaeb5visa.com\/de\/wp-json\/wp\/v2\/pages\/74","targetHints":{"allow":["GET"]}}],"collection":[{"href":"https:\/\/www.americaeb5visa.com\/de\/wp-json\/wp\/v2\/pages"}],"about":[{"href":"https:\/\/www.americaeb5visa.com\/de\/wp-json\/wp\/v2\/types\/page"}],"author":[{"embeddable":true,"href":"https:\/\/www.americaeb5visa.com\/de\/wp-json\/wp\/v2\/users\/1"}],"replies":[{"embeddable":true,"href":"https:\/\/www.americaeb5visa.com\/de\/wp-json\/wp\/v2\/comments?post=74"}],"version-history":[{"count":0,"href":"https:\/\/www.americaeb5visa.com\/de\/wp-json\/wp\/v2\/pages\/74\/revisions"}],"wp:attachment":[{"href":"https:\/\/www.americaeb5visa.com\/de\/wp-json\/wp\/v2\/media?parent=74"}],"curies":[{"name":"wp","href":"https:\/\/api.w.org\/{rel}","templated":true}]}}