{"id":128,"date":"2017-03-15T18:54:36","date_gmt":"2017-03-15T18:54:36","guid":{"rendered":"http:\/\/www.americaeb5visa.com\/?page_id=128"},"modified":"2022-03-25T05:31:50","modified_gmt":"2022-03-25T05:31:50","slug":"que-es-eb-5what-is-eb-5","status":"publish","type":"page","link":"https:\/\/www.americaeb5visa.com\/es\/que-es-eb-5what-is-eb-5\/","title":{"rendered":"Qu\u00e9 es EB-5"},"content":{"rendered":"<div id=\"pl-128\"  class=\"panel-layout\" ><div id=\"pg-128-0\"  class=\"panel-grid panel-has-style\" ><div class=\"siteorigin-panels-stretch panel-row-style panel-row-style-for-128-0\" data-stretch-type=\"full-stretched\" ><div id=\"pgc-128-0-0\"  class=\"panel-grid-cell\" ><div id=\"panel-128-0-0-0\" class=\"so-panel widget widget_sow-hero panel-first-child panel-last-child\" data-index=\"0\" ><div\n\t\t\t\n\t\t\tclass=\"so-widget-sow-hero so-widget-sow-hero-default-3d3f69fb2c42-128 so-widget-fittext-wrapper\"\n\t\t\t data-fit-text-compressor=\"0.85\"\n\t\t>\t\t\t\t<div class=\"sow-slider-base\" style=\"display: none\" tabindex=\"0\">\n\t\t\t\t\t<ul\n\t\t\t\t\tclass=\"sow-slider-images\"\n\t\t\t\t\tdata-settings=\"{&quot;pagination&quot;:true,&quot;speed&quot;:800,&quot;timeout&quot;:8000,&quot;paused&quot;:false,&quot;pause_on_hover&quot;:false,&quot;swipe&quot;:true,&quot;nav_always_show_desktop&quot;:&quot;&quot;,&quot;nav_always_show_mobile&quot;:&quot;&quot;,&quot;breakpoint&quot;:&quot;780px&quot;,&quot;unmute&quot;:false,&quot;anchor&quot;:null}\"\n\t\t\t\t\tstyle=\"min-height: 600px\"\t\t\t\t\tdata-anchor-id=\"\"\n\t\t\t\t>\t\t<li class=\"sow-slider-image  sow-slider-image-cover\" style=\"visibility: visible;;background-color: #333333;background-image: url(https:\/\/www.americaeb5visa.com\/es\/wp-content\/uploads\/sites\/12\/2017\/04\/EB5Death_to_Stock_Photography_NYC_Skyline_2.jpg)\" >\n\t\t\t\t\t<div class=\"sow-slider-image-container\">\n\t\t\t<div class=\"sow-slider-image-wrapper\">\n\t\t\t\t<h1 style=\"text-align: center\">Qu\u00e9 es EB-5<\/h1><p>\u00a0<\/p><h2 style=\"text-align: center\">El programa de inversionistas que lo lleva a la residencia permanente en EE.UU.<\/h2>\t\t\t<\/div>\n\t\t<\/div>\n\t\t\t\t<\/li>\n\t\t<\/ul>\t\t\t\t<ol class=\"sow-slider-pagination\">\n\t\t\t\t\t\t\t\t\t\t\t<li><a href=\"#\" data-goto=\"0\" aria-label=\"Display slide 1\"><\/a><\/li>\n\t\t\t\t\t\t\t\t\t<\/ol>\n\n\t\t\t\t<div class=\"sow-slide-nav sow-slide-nav-next\">\n\t\t\t\t\t<a href=\"#\" data-goto=\"next\" aria-label=\"Next slide\" data-action=\"next\">\n\t\t\t\t\t\t<em class=\"sow-sld-icon-thin-right\"><\/em>\n\t\t\t\t\t<\/a>\n\t\t\t\t<\/div>\n\n\t\t\t\t<div class=\"sow-slide-nav sow-slide-nav-prev\">\n\t\t\t\t\t<a href=\"#\" data-goto=\"previous\" aria-label=\"Previous slide\" data-action=\"prev\">\n\t\t\t\t\t\t<em class=\"sow-sld-icon-thin-left\"><\/em>\n\t\t\t\t\t<\/a>\n\t\t\t\t<\/div>\n\t\t\t\t<\/div><\/div><\/div><\/div><\/div><\/div><div id=\"pg-128-1\"  class=\"panel-grid panel-has-style\" ><div class=\"panel-row-style panel-row-style-for-128-1\" ><div id=\"pgc-128-1-0\"  class=\"panel-grid-cell\" ><div id=\"panel-128-1-0-0\" class=\"so-panel widget widget_sow-editor panel-first-child panel-last-child\" data-index=\"1\" ><div\n\t\t\t\n\t\t\tclass=\"so-widget-sow-editor so-widget-sow-editor-base\"\n\t\t\t\n\t\t>\n<div class=\"siteorigin-widget-tinymce textwidget\">\n\t<h2>\u00bfQu\u00e9 es una Visa EB-5?<\/h2>\n<p>Si usted es ciudadano de un pa\u00eds fuera de los Estados Unidos y est\u00e1 buscando empezar una vida en Estados Unidos, entonces deber\u00eda considerar solicitar el Programa de Inversionistas Inmigrantes EB-5, administrado por los Servicios de Ciudadan\u00eda e Inmigraci\u00f3n de los Estados Unidos (USCIS). Participar en el programa EB-5 significa hacer una inversi\u00f3n de capital, pero, tan pronto como USCIS determine que el negocio receptor de su inversi\u00f3n califica para el programa EB-5, entonces usted, su c\u00f3nyuge y sus hijos menores de 21 a\u00f1os ya tienen su boleto hacia la obtenci\u00f3n de la residencia permanente \"Green Card\" de los Estados Unidos.<\/p>\n<h2><\/h2>\n<h2>\u00bfCu\u00e1les son los requisitos de EB-5 Visa?<\/h2>\n<p>Los solicitantes de visa EB-5 est\u00e1n obligados a invertir al menos US$ 800,000 en un proyecto del Centro Regional, siempre y cuando la inversi\u00f3n est\u00e9 dentro de un \u00e1rea de alto desempleo o una zona rural en los Estados Unidos. Si estas condiciones no se cumplen, la inversi\u00f3n m\u00ednima elegible se convierte en US$ 1,050,000. Cuando estos fondos se despliegan en la econom\u00eda, tienen que resultar en la creaci\u00f3n de al menos 10 empleos a tiempo completo para trabajadores americanos. El inversionista no necesita preocuparse por el plazo de esta creaci\u00f3n de empleo. Una vez que el inversionista recibe su condici\u00f3n de residente permanente condicional, la empresa receptora tendr\u00e1 dos a\u00f1os para generar diez o m\u00e1s puestos de trabajo para que el inversionista cambie su estado de Tarjeta Verde de condicional a permanente.<\/p>\n<\/div>\n<\/div><\/div><\/div><\/div><\/div><\/div>","protected":false},"excerpt":{"rendered":"<p>\u00bfQu\u00e9 es una Visa EB-5? Si usted es ciudadano de un pa\u00eds fuera de los Estados Unidos y est\u00e1 buscando empezar una vida en Estados Unidos, entonces deber\u00eda considerar solicitar el Programa de Inversionistas Inmigrantes EB-5, administrado por los Servicios de Ciudadan\u00eda e Inmigraci\u00f3n de los Estados Unidos (USCIS). Participar en el programa EB-5 significa<a class=\"moretag\" href=\"https:\/\/www.americaeb5visa.com\/es\/que-es-eb-5what-is-eb-5\/\"><span class=\"screen-reader-text\">Read more about Qu\u00e9 es EB-5<\/span>[&#8230;]<\/a><\/p>\n","protected":false},"author":1,"featured_media":0,"parent":0,"menu_order":9,"comment_status":"closed","ping_status":"closed","template":"","meta":{"_acf_changed":false,"_monsterinsights_skip_tracking":false,"_monsterinsights_sitenote_active":false,"_monsterinsights_sitenote_note":"","_monsterinsights_sitenote_category":0,"footnotes":""},"class_list":["post-128","page","type-page","status-publish","hentry"],"acf":[],"rttpg_featured_image_url":null,"rttpg_author":{"display_name":"AdminNIso","author_link":"https:\/\/www.americaeb5visa.com\/es\/author\/admin\/"},"rttpg_comment":0,"rttpg_category":null,"rttpg_excerpt":"\u00bfQu\u00e9 es una Visa EB-5? Si usted es ciudadano de un pa\u00eds fuera de los Estados Unidos y est\u00e1 buscando empezar una vida en Estados Unidos, entonces deber\u00eda considerar solicitar el Programa de Inversionistas Inmigrantes EB-5, administrado por los Servicios de Ciudadan\u00eda e Inmigraci\u00f3n de los Estados Unidos (USCIS). Participar en el programa EB-5 significaRead&hellip;","_links":{"self":[{"href":"https:\/\/www.americaeb5visa.com\/es\/wp-json\/wp\/v2\/pages\/128","targetHints":{"allow":["GET"]}}],"collection":[{"href":"https:\/\/www.americaeb5visa.com\/es\/wp-json\/wp\/v2\/pages"}],"about":[{"href":"https:\/\/www.americaeb5visa.com\/es\/wp-json\/wp\/v2\/types\/page"}],"author":[{"embeddable":true,"href":"https:\/\/www.americaeb5visa.com\/es\/wp-json\/wp\/v2\/users\/1"}],"replies":[{"embeddable":true,"href":"https:\/\/www.americaeb5visa.com\/es\/wp-json\/wp\/v2\/comments?post=128"}],"version-history":[{"count":0,"href":"https:\/\/www.americaeb5visa.com\/es\/wp-json\/wp\/v2\/pages\/128\/revisions"}],"wp:attachment":[{"href":"https:\/\/www.americaeb5visa.com\/es\/wp-json\/wp\/v2\/media?parent=128"}],"curies":[{"name":"wp","href":"https:\/\/api.w.org\/{rel}","templated":true}]}}