{"id":45,"date":"2017-03-13T22:03:22","date_gmt":"2017-03-13T22:03:22","guid":{"rendered":"http:\/\/www.americaeb5visa.com\/?page_id=45"},"modified":"2025-02-09T11:30:16","modified_gmt":"2025-02-09T11:30:16","slug":"quienes-somoswho-are-we","status":"publish","type":"page","link":"https:\/\/www.americaeb5visa.com\/es\/quienes-somoswho-are-we\/","title":{"rendered":"\u00bfquienes somos?"},"content":{"rendered":"<div id=\"pl-45\"  class=\"panel-layout\" ><div id=\"pg-45-0\"  class=\"panel-grid panel-has-style\" ><div class=\"siteorigin-panels-stretch panel-row-style panel-row-style-for-45-0\" data-stretch-type=\"full-stretched\" ><div id=\"pgc-45-0-0\"  class=\"panel-grid-cell\" ><div id=\"panel-45-0-0-0\" class=\"so-panel widget widget_sow-hero panel-first-child panel-last-child\" data-index=\"0\" ><div\n\t\t\t\n\t\t\tclass=\"so-widget-sow-hero so-widget-sow-hero-default-89b41ad833c8-45 so-widget-fittext-wrapper\"\n\t\t\t data-fit-text-compressor=\"0.85\"\n\t\t>\t\t\t\t<div class=\"sow-slider-base\" style=\"display: none\" tabindex=\"0\">\n\t\t\t\t\t<ul\n\t\t\t\t\tclass=\"sow-slider-images\"\n\t\t\t\t\tdata-settings=\"{&quot;pagination&quot;:true,&quot;speed&quot;:800,&quot;timeout&quot;:8000,&quot;paused&quot;:false,&quot;pause_on_hover&quot;:false,&quot;swipe&quot;:true,&quot;nav_always_show_desktop&quot;:&quot;&quot;,&quot;nav_always_show_mobile&quot;:&quot;&quot;,&quot;breakpoint&quot;:&quot;780px&quot;,&quot;unmute&quot;:false,&quot;anchor&quot;:null}\"\n\t\t\t\t\tstyle=\"min-height: 500px\"\t\t\t\t\tdata-anchor-id=\"\"\n\t\t\t\t>\t\t<li class=\"sow-slider-image  sow-slider-image-cover\" style=\"visibility: visible;;background-color: #333333;background-image: url(https:\/\/www.americaeb5visa.com\/es\/wp-content\/uploads\/sites\/12\/2017\/04\/WhoareWeAdobeStock_25409363.jpg)\" >\n\t\t\t\t\t<div class=\"sow-slider-image-container\">\n\t\t\t<div class=\"sow-slider-image-wrapper\">\n\t\t\t\t<h1 style=\"text-align: center\">\u00bfQu\u00e9 nos hace especiales? Entendimiento.<\/h1>\n<p>\u00a0<\/p>\n<h2 style=\"text-align: center\">Nuestro equipo est\u00e1 compuesto por profesionales altamente calificados que una vez compartieron su sue\u00f1o de inmigrar a los Estados Unidos.<\/h2>\n\t\t\t<\/div>\n\t\t<\/div>\n\t\t\t\t<\/li>\n\t\t<\/ul>\t\t\t\t<ol class=\"sow-slider-pagination\">\n\t\t\t\t\t\t\t\t\t\t\t<li><a href=\"#\" data-goto=\"0\" aria-label=\"Display slide 1\"><\/a><\/li>\n\t\t\t\t\t\t\t\t\t<\/ol>\n\n\t\t\t\t<div class=\"sow-slide-nav sow-slide-nav-next\">\n\t\t\t\t\t<a href=\"#\" data-goto=\"next\" aria-label=\"Next slide\" data-action=\"next\">\n\t\t\t\t\t\t<em class=\"sow-sld-icon-thin-right\"><\/em>\n\t\t\t\t\t<\/a>\n\t\t\t\t<\/div>\n\n\t\t\t\t<div class=\"sow-slide-nav sow-slide-nav-prev\">\n\t\t\t\t\t<a href=\"#\" data-goto=\"previous\" aria-label=\"Previous slide\" data-action=\"prev\">\n\t\t\t\t\t\t<em class=\"sow-sld-icon-thin-left\"><\/em>\n\t\t\t\t\t<\/a>\n\t\t\t\t<\/div>\n\t\t\t\t<\/div><\/div><\/div><\/div><\/div><\/div><div id=\"pg-45-1\"  class=\"panel-grid panel-no-style\" ><div id=\"pgc-45-1-0\"  class=\"panel-grid-cell\" ><div id=\"panel-45-1-0-0\" class=\"so-panel widget widget_sow-editor panel-first-child panel-last-child\" data-index=\"1\" ><div\n\t\t\t\n\t\t\tclass=\"so-widget-sow-editor so-widget-sow-editor-base\"\n\t\t\t\n\t\t>\n<div class=\"siteorigin-widget-tinymce textwidget\">\n\t<h2 style=\"text-align: center;\">30 a\u00f1os<\/h2>\n<p>\u00a0<\/p>\n<p>Nuestro equipo est\u00e1 compuesto por profesionales altamente calificados que una vez compartieron su sue\u00f1o de inmigrar a los Estados Unidos. Entendemos sus reservas, sus preocupaciones y sus miedos. Lo m\u00e1s importante es que entendemos que cada situaci\u00f3n es diferente. Nuestro equipo tiene experiencia trabajando en Wall Street por m\u00e1s de 30 a\u00f1os, estructurando transacciones de renta fija y leyendo memorandos complicados de colocaci\u00f3n privada. Estamos acostumbrados a identificar una gran parte, si no todos los riesgos inherentes a cada inversi\u00f3n. Trabajamos en mitigar los riesgos directos e indirectos para ayudar a aliviar las preocupaciones que los inversionistas podr\u00edan tener. Estos riesgos no pueden ser identificados ni mitigados a trav\u00e9s de una simple lectura de documentos. De esta manera, nos distinguimos de los profesionales locales t\u00edpicos que podr\u00edan confiar \u00fanicamente en la reputaci\u00f3n global de la compa\u00f1\u00eda inmobiliaria patrocinadora. Tenemos en mente su deseo de entender los detalles m\u00e1s delicados de su inversi\u00f3n. Por lo tanto, utilizando nuestra experiencia en banca de inversi\u00f3n, podemos destacar los puntos clave esenciales de riesgo y ventaja para cada proyecto.<\/p>\n<\/div>\n<\/div><\/div><\/div><\/div><div id=\"pg-45-2\"  class=\"panel-grid panel-has-style\" ><div class=\"siteorigin-panels-stretch panel-row-style panel-row-style-for-45-2\" data-stretch-type=\"full\" ><div id=\"pgc-45-2-0\"  class=\"panel-grid-cell\" ><div id=\"panel-45-2-0-0\" class=\"so-panel widget widget_sow-image panel-first-child\" data-index=\"2\" ><div\n\t\t\t\n\t\t\tclass=\"so-widget-sow-image so-widget-sow-image-default-c67d20f9f743-45\"\n\t\t\t\n\t\t>\n<div class=\"sow-image-container\">\n\t\t<img fetchpriority=\"high\" \n\tsrc=\"https:\/\/www.americaeb5visa.com\/es\/wp-content\/uploads\/sites\/12\/2017\/03\/marko-300x300.png\" width=\"300\" height=\"300\" srcset=\"https:\/\/www.americaeb5visa.com\/es\/wp-content\/uploads\/sites\/12\/2017\/03\/marko-300x300.png 300w, https:\/\/www.americaeb5visa.com\/es\/wp-content\/uploads\/sites\/12\/2017\/03\/marko-150x150.png 150w, https:\/\/www.americaeb5visa.com\/es\/wp-content\/uploads\/sites\/12\/2017\/03\/marko-24x24.png 24w, https:\/\/www.americaeb5visa.com\/es\/wp-content\/uploads\/sites\/12\/2017\/03\/marko-36x36.png 36w, https:\/\/www.americaeb5visa.com\/es\/wp-content\/uploads\/sites\/12\/2017\/03\/marko-48x48.png 48w, https:\/\/www.americaeb5visa.com\/es\/wp-content\/uploads\/sites\/12\/2017\/03\/marko.png 427w\" sizes=\"(max-width: 300px) 100vw, 300px\" alt=\"\" \t\tclass=\"so-widget-image\"\/>\n\t<\/div>\n\n<\/div><\/div><div id=\"panel-45-2-0-1\" class=\"so-panel widget widget_sow-editor\" data-index=\"3\" ><div\n\t\t\t\n\t\t\tclass=\"so-widget-sow-editor so-widget-sow-editor-base\"\n\t\t\t\n\t\t>\n<div class=\"siteorigin-widget-tinymce textwidget\">\n\t<h2 class=\"text-center mg-md\" style=\"text-align: center;\">Marko Issever<\/h2>\n<p style=\"text-align: center;\">Director general<\/p>\n<\/div>\n<\/div><\/div><div id=\"panel-45-2-0-2\" class=\"so-panel widget widget_sow-image panel-last-child\" data-index=\"4\" ><div\n\t\t\t\n\t\t\tclass=\"so-widget-sow-image so-widget-sow-image-default-c67d20f9f743-45\"\n\t\t\t\n\t\t>\n<div class=\"sow-image-container\">\n\t\t<img \n\tsrc=\"https:\/\/www.americaeb5visa.com\/es\/wp-content\/uploads\/sites\/12\/2017\/03\/badge-broker-dealer.png\" width=\"224\" height=\"170\" srcset=\"https:\/\/www.americaeb5visa.com\/es\/wp-content\/uploads\/sites\/12\/2017\/03\/badge-broker-dealer.png 224w, https:\/\/www.americaeb5visa.com\/es\/wp-content\/uploads\/sites\/12\/2017\/03\/badge-broker-dealer-24x18.png 24w, https:\/\/www.americaeb5visa.com\/es\/wp-content\/uploads\/sites\/12\/2017\/03\/badge-broker-dealer-36x27.png 36w, https:\/\/www.americaeb5visa.com\/es\/wp-content\/uploads\/sites\/12\/2017\/03\/badge-broker-dealer-48x36.png 48w\" sizes=\"(max-width: 224px) 100vw, 224px\" alt=\"\" \t\tclass=\"so-widget-image\"\/>\n\t<\/div>\n\n<\/div><\/div><\/div><div id=\"pgc-45-2-1\"  class=\"panel-grid-cell\" ><div id=\"panel-45-2-1-0\" class=\"so-panel widget widget_sow-editor panel-first-child panel-last-child\" data-index=\"5\" ><div\n\t\t\t\n\t\t\tclass=\"so-widget-sow-editor so-widget-sow-editor-base\"\n\t\t\t\n\t\t>\n<div class=\"siteorigin-widget-tinymce textwidget\">\n\t<p>Nuestro fundador y CEO, el Sr. Marko Issever se uni\u00f3 a Riverside Management Group (RMG) como Director Gerente en mayo de 2016 para, entre otras cosas, dirigir el levantamiento de capital y las actividades de colocaci\u00f3n relacionadas con EB-5 para la empresa, a trav\u00e9s de su subsidiaria, BCW Securities LLC. Tambi\u00e9n es el socio fundador de BH Capital Management, LLC, una compa\u00f1\u00eda de inversiones inmobiliarias que se especializa en oportunidades de desarrollo e inversi\u00f3n. Antes de unirse a RMG y establecer BHCM, el Sr. Issever fue Director Gerente del Banco de Nueva York Mellon Global &amp; Capital Markets, dirigiendo el negocio de productos derivados de la firma para las instituciones financieras globales. El Sr. Issever ha estado en Wall Street por m\u00e1s de 30 a\u00f1os y tambi\u00e9n fue miembro fundador del negocio de productos derivados en Sakura Global Capital, una filial bancaria japonesa que posteriormente se fusion\u00f3 con Sumitomo Capital Markets para formar SMBC Capital Markets. El Sr. Issever inici\u00f3 su carrera en Wall Street en el Grupo de Estrategias Financieras de Prudential Securities, donde se especializ\u00f3 en oportunidades de valores con respaldo hipotecario, como CMO\u2019s, operaciones de arbitraje controladas por riesgo, as\u00ed como titulizaci\u00f3n respaldadas por activos, incluyendo la titulizaci\u00f3n de pr\u00e9stamos de tenedores de p\u00f3lizas. El Sr. Issever se gradu\u00f3 de la Escuela Wharton de la Universidad de Pensilvania, donde obtuvo su MBA en Finanzas y Maestr\u00eda en Econom\u00eda. Antes de Wharton, se gradu\u00f3 de Bogazici University y Robert College, ubicados en Estanbul. Habla el turco (idioma materno) y el espa\u00f1ol ladino con fluidez. \u00c9l es el presidente fundador de Aleph Learning Center,una organizaci\u00f3n de divulgaci\u00f3n del judaismo y es miembro del directorio de la Congregaci\u00f3n Sefard\u00ed de Manhattan (Manhattan Sephardic Congregation). Posee las licencias de valores serie 7 y 63. Vive con su esposa y tres hijos en la ciudad de Nueva York.<\/p>\n<\/div>\n<\/div><\/div><\/div><\/div><\/div><div id=\"pg-45-3\"  class=\"panel-grid panel-has-style\" ><div class=\"siteorigin-panels-stretch panel-row-style panel-row-style-for-45-3\" data-stretch-type=\"full\" ><div id=\"pgc-45-3-0\"  class=\"panel-grid-cell\" ><div id=\"panel-45-3-0-0\" class=\"so-panel widget widget_sow-editor panel-first-child panel-last-child\" data-index=\"6\" ><div\n\t\t\t\n\t\t\tclass=\"so-widget-sow-editor so-widget-sow-editor-base\"\n\t\t\t\n\t\t>\n<div class=\"siteorigin-widget-tinymce textwidget\">\n\t<p>Niso Zakuto es el director de marketing de America EB-5 Visa. Su principal objetivo es conectarse con los ciudadanos turcos interesados en inmigrar a los Estados Unidos y ayudarles con el proceso EB5. Antes de unirse a la empresa, Niso trabaj\u00f3 como desarrollador de software en PrefectedTech en Jerusal\u00e9n. Niso ha trabajo en la industria inform\u00e1tica por m\u00e1s de siete a\u00f1os. Mientras terminaba su bachillerato en Tecnolog\u00eda de la Informaci\u00f3n y Ciencias de la Computaci\u00f3n de la Universidad de Okan en Estanbul, Niso trabaj\u00f3 como analista en Corvega, una empresa de desarrollo de software. A Niso le encanta solucionar desaf\u00edos y espera utilizar su perfil internacional as\u00ed como sus habilidades en desarrollo de software para ampliar el alcance de America EB-5 Visa.<\/p>\n<\/div>\n<\/div><\/div><\/div><div id=\"pgc-45-3-1\"  class=\"panel-grid-cell\" ><div id=\"panel-45-3-1-0\" class=\"so-panel widget widget_sow-image panel-first-child\" data-index=\"7\" ><div\n\t\t\t\n\t\t\tclass=\"so-widget-sow-image so-widget-sow-image-default-c67d20f9f743-45\"\n\t\t\t\n\t\t>\n<div class=\"sow-image-container\">\n\t\t<img \n\tsrc=\"https:\/\/www.americaeb5visa.com\/es\/wp-content\/uploads\/sites\/12\/2017\/03\/niso-300x300.png\" width=\"300\" height=\"300\" srcset=\"https:\/\/www.americaeb5visa.com\/es\/wp-content\/uploads\/sites\/12\/2017\/03\/niso-300x300.png 300w, https:\/\/www.americaeb5visa.com\/es\/wp-content\/uploads\/sites\/12\/2017\/03\/niso-150x150.png 150w, https:\/\/www.americaeb5visa.com\/es\/wp-content\/uploads\/sites\/12\/2017\/03\/niso-24x24.png 24w, https:\/\/www.americaeb5visa.com\/es\/wp-content\/uploads\/sites\/12\/2017\/03\/niso-36x36.png 36w, https:\/\/www.americaeb5visa.com\/es\/wp-content\/uploads\/sites\/12\/2017\/03\/niso-48x48.png 48w, https:\/\/www.americaeb5visa.com\/es\/wp-content\/uploads\/sites\/12\/2017\/03\/niso.png 427w\" sizes=\"(max-width: 300px) 100vw, 300px\" alt=\"\" \t\tclass=\"so-widget-image\"\/>\n\t<\/div>\n\n<\/div><\/div><div id=\"panel-45-3-1-1\" class=\"so-panel widget widget_sow-editor panel-last-child\" data-index=\"8\" ><div\n\t\t\t\n\t\t\tclass=\"so-widget-sow-editor so-widget-sow-editor-base\"\n\t\t\t\n\t\t>\n<div class=\"siteorigin-widget-tinymce textwidget\">\n\t<h2 class=\"text-center mg-md\" style=\"text-align: center;\">Niso Zakuto<\/h2>\n<p style=\"text-align: center;\">Director de marketing<\/p>\n<\/div>\n<\/div><\/div><\/div><\/div><\/div><div id=\"pg-45-4\"  class=\"panel-grid panel-has-style\" ><div class=\"siteorigin-panels-stretch panel-row-style panel-row-style-for-45-4\" data-stretch-type=\"full\" ><div id=\"pgc-45-4-0\"  class=\"panel-grid-cell\" ><div id=\"panel-45-4-0-0\" class=\"so-panel widget widget_sow-image panel-first-child\" data-index=\"9\" ><div\n\t\t\t\n\t\t\tclass=\"so-widget-sow-image so-widget-sow-image-default-c67d20f9f743-45\"\n\t\t\t\n\t\t>\n<div class=\"sow-image-container\">\n\t\t<img loading=\"lazy\" \n\tsrc=\"https:\/\/www.americaeb5visa.com\/es\/wp-content\/uploads\/sites\/12\/2022\/02\/Cesar-David-Ciriano-Vela-300x300.png\" width=\"300\" height=\"300\" srcset=\"https:\/\/www.americaeb5visa.com\/es\/wp-content\/uploads\/sites\/12\/2022\/02\/Cesar-David-Ciriano-Vela-300x300.png 300w, https:\/\/www.americaeb5visa.com\/es\/wp-content\/uploads\/sites\/12\/2022\/02\/Cesar-David-Ciriano-Vela-150x150.png 150w, https:\/\/www.americaeb5visa.com\/es\/wp-content\/uploads\/sites\/12\/2022\/02\/Cesar-David-Ciriano-Vela-24x24.png 24w, https:\/\/www.americaeb5visa.com\/es\/wp-content\/uploads\/sites\/12\/2022\/02\/Cesar-David-Ciriano-Vela-36x36.png 36w, https:\/\/www.americaeb5visa.com\/es\/wp-content\/uploads\/sites\/12\/2022\/02\/Cesar-David-Ciriano-Vela-48x48.png 48w, https:\/\/www.americaeb5visa.com\/es\/wp-content\/uploads\/sites\/12\/2022\/02\/Cesar-David-Ciriano-Vela.png 427w\" sizes=\"(max-width: 300px) 100vw, 300px\" title=\"Cesar David Ciriano Vela\" alt=\"\" \t\tclass=\"so-widget-image\"\/>\n\t<\/div>\n\n<\/div><\/div><div id=\"panel-45-4-0-1\" class=\"so-panel widget widget_sow-editor panel-last-child\" data-index=\"10\" ><div\n\t\t\t\n\t\t\tclass=\"so-widget-sow-editor so-widget-sow-editor-base\"\n\t\t\t\n\t\t>\n<div class=\"siteorigin-widget-tinymce textwidget\">\n\t<h2 class=\"text-center mg-md\" style=\"text-align: center;\">Dr. C\u00e9sar David Ciriano <\/h2>\n<p style=\"text-align: center;\">Representante Principal de la Pen\u00ednsula Ib\u00e9rica<\/p>\n<\/div>\n<\/div><\/div><\/div><div id=\"pgc-45-4-1\"  class=\"panel-grid-cell\" ><div id=\"panel-45-4-1-0\" class=\"so-panel widget widget_sow-editor panel-first-child panel-last-child\" data-index=\"11\" ><div\n\t\t\t\n\t\t\tclass=\"so-widget-sow-editor so-widget-sow-editor-base\"\n\t\t\t\n\t\t>\n<div class=\"siteorigin-widget-tinymce textwidget\">\n\t<p>Nuestro Representante Principal de la Pen\u00ednsula Ib\u00e9rica, el Dr. C\u00e9sar David Ciriano, es el Director del despacho Ciriano&amp;Asociados, una firma legal profesional con oficinas en Barcelona y Zaragoza en Espa\u00f1a. Su despacho est\u00e1 especializado en Extranjer\u00eda y Ciudadan\u00eda Espa\u00f1ola de personas de origen sefard\u00ed (Nationalit\u00e9 Espagnole S\u00e9farade en franc\u00e9s), Derecho Administrativo (Urbanismo, Medio Ambiente e inversiones), en visados de empresa e inversores para Espa\u00f1a (\u201cgolden visa\u201d y visado de emprendedores), y en Homologaci\u00f3n de T\u00edtulos Universitarios extranjeros. Son la firma de referencia para ciudadanos espa\u00f1oles que buscan descendientes de sefard\u00edes a nivel mundial y atienden a personas sefard\u00edes de todo el mundo y congregaciones en espa\u00f1ol, ingl\u00e9s y franc\u00e9s.<br \/>\nSu equipo dedicado colabora con socios comerciales en numerosas ciudades del mundo, brindando asesoramiento legal en derecho p\u00fablico e inversiones.<br \/>\nPara obtener m\u00e1s informaci\u00f3n sobre las actividades de Ciriano&amp;Asociados, visite:<br \/>\n<a href=\"http:\/\/www.abogadourbanismozaragoza.es\/\">www.abogadourbanismozaragoza.es<\/a> y <a href=\"http:\/\/www.nacionalidadsefardies.es\/\">http:\/\/www.nacionalidadsefardies.es<\/a><\/p>\n<\/div>\n<\/div><\/div><\/div><\/div><\/div><div id=\"pg-45-5\"  class=\"panel-grid panel-has-style\" ><div class=\"siteorigin-panels-stretch panel-row-style panel-row-style-for-45-5\" data-stretch-type=\"full\" ><div id=\"pgc-45-5-0\"  class=\"panel-grid-cell\" ><div id=\"panel-45-5-0-0\" class=\"so-panel widget widget_sow-editor panel-first-child panel-last-child\" data-index=\"12\" ><div\n\t\t\t\n\t\t\tclass=\"so-widget-sow-editor so-widget-sow-editor-base\"\n\t\t\t\n\t\t>\n<div class=\"siteorigin-widget-tinymce textwidget\">\n\t<p>Daniel inicio su carrera profesional en los E.E.U.U. en 1998 en \u2018Republic National Bank of New York\u2019, en el Programa de Entrenamiento Gerencial de el banco; luego permaneci\u00f3 con \u2018HSBC Republic\u2019 donde participo como miembro para la creaci\u00f3n y liderazgo de el Grupo de Asesoria de Inversi\u00f3n para la Banca Privada Internacional.\u00a0 En el 2003, Daniel se integro a \u2018UBS International\u2019 en Nueva York como miembro de un equipo de cuatro Asesores Financieros, donde ayudo a\u00a0 estructurar y manejar portafolios de inversi\u00f3n para clientes privados de America Latina. En el 2006, se junto a la gerencia para tomar el cargo y la responsabilidad de Gerente de Mercadeo y Ventas de la agencia de \u2018UBS International\u2019 en Coral Gables, sucursal la cual tiene mas de 60 Asesores Financieros cubriendo la regi\u00f3n de Centro y Latino America. Desde el 2008 hasta el 2018, Daniel fue miembro de el equipo de inversiones y de la mesa de transacciones de activos l\u00edquidos de el fondo SPNY Capital LP en Nueva York, un fondo de inversi\u00f3n privado de una oficina unifamiliar con un enfoque de estrategia Global Macro. Daniel se grad\u00fao de Licenciado en Ciencias Administrativas (\u201994) menci\u00f3n Gerencia de la Universidad Metropolitana en Caracas Venezuela; y de una Maestr\u00eda en Administraci\u00f3n MBA (\u201997) de la escuela de post-grado \u2018Thunderbird School of Global Management\u2019 en Glendale Arizona. Como parte de sus actividades extracurricular, Daniel ha sido miembro desde hace mas de 16 anos de \u2018Hatzolah\u2019, una organizaci\u00f3n de voluntariado de servicio de emergencias m\u00e9dicas en la ciudad de Nueva York.<\/p>\n<\/div>\n<\/div><\/div><\/div><div id=\"pgc-45-5-1\"  class=\"panel-grid-cell\" ><div id=\"panel-45-5-1-0\" class=\"so-panel widget widget_sow-image panel-first-child\" data-index=\"13\" ><div\n\t\t\t\n\t\t\tclass=\"so-widget-sow-image so-widget-sow-image-default-c67d20f9f743-45\"\n\t\t\t\n\t\t>\n<div class=\"sow-image-container\">\n\t\t<img loading=\"lazy\" \n\tsrc=\"https:\/\/www.americaeb5visa.com\/es\/wp-content\/uploads\/sites\/12\/2018\/04\/Daniel-Blaum-768x768-300x300.jpg\" width=\"300\" height=\"300\" srcset=\"https:\/\/www.americaeb5visa.com\/es\/wp-content\/uploads\/sites\/12\/2018\/04\/Daniel-Blaum-768x768-300x300.jpg 300w, https:\/\/www.americaeb5visa.com\/es\/wp-content\/uploads\/sites\/12\/2018\/04\/Daniel-Blaum-768x768-150x150.jpg 150w, https:\/\/www.americaeb5visa.com\/es\/wp-content\/uploads\/sites\/12\/2018\/04\/Daniel-Blaum-768x768.jpg 768w, https:\/\/www.americaeb5visa.com\/es\/wp-content\/uploads\/sites\/12\/2018\/04\/Daniel-Blaum-768x768-24x24.jpg 24w, https:\/\/www.americaeb5visa.com\/es\/wp-content\/uploads\/sites\/12\/2018\/04\/Daniel-Blaum-768x768-36x36.jpg 36w, https:\/\/www.americaeb5visa.com\/es\/wp-content\/uploads\/sites\/12\/2018\/04\/Daniel-Blaum-768x768-48x48.jpg 48w\" sizes=\"(max-width: 300px) 100vw, 300px\" title=\"Daniel-Blaum-768&#215;768\" alt=\"\" \t\tclass=\"so-widget-image\"\/>\n\t<\/div>\n\n<\/div><\/div><div id=\"panel-45-5-1-1\" class=\"so-panel widget widget_sow-editor panel-last-child\" data-index=\"14\" ><div\n\t\t\t\n\t\t\tclass=\"so-widget-sow-editor so-widget-sow-editor-base\"\n\t\t\t\n\t\t>\n<div class=\"siteorigin-widget-tinymce textwidget\">\n\t<h2 class=\"text-center mg-md\" style=\"text-align: center;\">Daniel Baum<\/h2>\n<p style=\"text-align: center;\">\u00a0Director de Desarrollo de Negocios, Am\u00e9rica Latina<\/p>\n<\/div>\n<\/div><\/div><\/div><\/div><\/div><div id=\"pg-45-6\"  class=\"panel-grid panel-has-style\" ><div class=\"siteorigin-panels-stretch panel-row-style panel-row-style-for-45-6\" data-stretch-type=\"full\" ><div id=\"pgc-45-6-0\"  class=\"panel-grid-cell\" ><div id=\"panel-45-6-0-0\" class=\"so-panel widget widget_sow-image panel-first-child\" data-index=\"15\" ><div\n\t\t\t\n\t\t\tclass=\"so-widget-sow-image so-widget-sow-image-default-c67d20f9f743-45\"\n\t\t\t\n\t\t>\n<div class=\"sow-image-container\">\n\t\t<img loading=\"lazy\" \n\tsrc=\"https:\/\/www.americaeb5visa.com\/es\/wp-content\/uploads\/sites\/12\/2017\/03\/esther-300x300.png\" width=\"300\" height=\"300\" srcset=\"https:\/\/www.americaeb5visa.com\/es\/wp-content\/uploads\/sites\/12\/2017\/03\/esther-300x300.png 300w, https:\/\/www.americaeb5visa.com\/es\/wp-content\/uploads\/sites\/12\/2017\/03\/esther-150x150.png 150w, https:\/\/www.americaeb5visa.com\/es\/wp-content\/uploads\/sites\/12\/2017\/03\/esther-24x24.png 24w, https:\/\/www.americaeb5visa.com\/es\/wp-content\/uploads\/sites\/12\/2017\/03\/esther-36x36.png 36w, https:\/\/www.americaeb5visa.com\/es\/wp-content\/uploads\/sites\/12\/2017\/03\/esther-48x48.png 48w, https:\/\/www.americaeb5visa.com\/es\/wp-content\/uploads\/sites\/12\/2017\/03\/esther.png 427w\" sizes=\"(max-width: 300px) 100vw, 300px\" alt=\"\" \t\tclass=\"so-widget-image\"\/>\n\t<\/div>\n\n<\/div><\/div><div id=\"panel-45-6-0-1\" class=\"so-panel widget widget_sow-editor panel-last-child\" data-index=\"16\" ><div\n\t\t\t\n\t\t\tclass=\"so-widget-sow-editor so-widget-sow-editor-base\"\n\t\t\t\n\t\t>\n<div class=\"siteorigin-widget-tinymce textwidget\">\n\t<h2 class=\"text-center mg-md\" style=\"text-align: center;\">Esther Malka<\/h2>\n<p style=\"text-align: center;\">M\u00e1rketing<\/p>\n<\/div>\n<\/div><\/div><\/div><div id=\"pgc-45-6-1\"  class=\"panel-grid-cell\" ><div id=\"panel-45-6-1-0\" class=\"so-panel widget widget_sow-editor panel-first-child panel-last-child\" data-index=\"17\" ><div\n\t\t\t\n\t\t\tclass=\"so-widget-sow-editor so-widget-sow-editor-base\"\n\t\t\t\n\t\t>\n<div class=\"siteorigin-widget-tinymce textwidget\">\n\t<p>Originalmente de la ciudad de Nueva York, Esther Malka es Coordinadora de Alcanze para America EB-5 Visa. Esther es actualmente un estudiante en bachillerato en la Universidad de Yale dedic\u00e1ndose a una doble especialidad en Econom\u00eda y Estudios \u00a0del Medio Oriente Moderno. Anteriormente, Esther estudi\u00f3 un a\u00f1o en Beit Chana Tzfat, Israel, tomando clases de comunicaciones. En Yale, Esther act\u00faa como Coordinadora de Alcance de REACH, un programa dise\u00f1ado para emparejar a los estudiantes en bachillerato de Yale con los estudiantes de escuela secundaria para que los mentoreen durante el proceso universitario. Esther es tambi\u00e9n Coordinadora de la Competencia MMATHS, una competencia nacional de matem\u00e1ticas en la escuela secundaria, celebrada en Yale, donde est\u00e1 en constante comunicaci\u00f3n con los administradores de la escuela secundaria, promoviendo MMATHS y la competencia. Utilizando sus talentos para la comunicaci\u00f3n, as\u00ed como el conocimiento en estudios internacionales y econom\u00eda, Esther se esfuerza en crear un ambiente din\u00e1mico pero emp\u00e1tico en America EB-5 Visa para que todos nuestro inversionista, desarrolladores de bienes ra\u00edces, y clientes del Centro Regional se sientan m\u00e1s que c\u00f3modos con nuestros servicios.<\/p>\n<\/div>\n<\/div><\/div><\/div><\/div><\/div><\/div>","protected":false},"excerpt":{"rendered":"<p>30 a\u00f1os\u00a0Nuestro equipo est\u00e1 compuesto por profesionales altamente calificados que una vez compartieron su sue\u00f1o de inmigrar a los Estados Unidos. Entendemos sus reservas, sus preocupaciones y sus miedos. Lo m\u00e1s importante es que entendemos que cada situaci\u00f3n es diferente. Nuestro equipo tiene experiencia trabajando en Wall Street por m\u00e1s de 30 a\u00f1os, estructurando transacciones<a class=\"moretag\" href=\"https:\/\/www.americaeb5visa.com\/es\/quienes-somoswho-are-we\/\"><span class=\"screen-reader-text\">Read more about \u00bfquienes somos?<\/span>[&#8230;]<\/a><\/p>\n","protected":false},"author":1,"featured_media":0,"parent":0,"menu_order":10,"comment_status":"closed","ping_status":"closed","template":"","meta":{"_acf_changed":false,"_monsterinsights_skip_tracking":false,"_monsterinsights_sitenote_active":false,"_monsterinsights_sitenote_note":"","_monsterinsights_sitenote_category":0,"footnotes":""},"class_list":["post-45","page","type-page","status-publish","hentry"],"acf":[],"rttpg_featured_image_url":null,"rttpg_author":{"display_name":"AdminNIso","author_link":"https:\/\/www.americaeb5visa.com\/es\/author\/admin\/"},"rttpg_comment":0,"rttpg_category":null,"rttpg_excerpt":"30 a\u00f1os\u00a0Nuestro equipo est\u00e1 compuesto por profesionales altamente calificados que una vez compartieron su sue\u00f1o de inmigrar a los Estados Unidos. Entendemos sus reservas, sus preocupaciones y sus miedos. Lo m\u00e1s importante es que entendemos que cada situaci\u00f3n es diferente. Nuestro equipo tiene experiencia trabajando en Wall Street por m\u00e1s de 30 a\u00f1os, estructurando transaccionesRead&hellip;","_links":{"self":[{"href":"https:\/\/www.americaeb5visa.com\/es\/wp-json\/wp\/v2\/pages\/45","targetHints":{"allow":["GET"]}}],"collection":[{"href":"https:\/\/www.americaeb5visa.com\/es\/wp-json\/wp\/v2\/pages"}],"about":[{"href":"https:\/\/www.americaeb5visa.com\/es\/wp-json\/wp\/v2\/types\/page"}],"author":[{"embeddable":true,"href":"https:\/\/www.americaeb5visa.com\/es\/wp-json\/wp\/v2\/users\/1"}],"replies":[{"embeddable":true,"href":"https:\/\/www.americaeb5visa.com\/es\/wp-json\/wp\/v2\/comments?post=45"}],"version-history":[{"count":0,"href":"https:\/\/www.americaeb5visa.com\/es\/wp-json\/wp\/v2\/pages\/45\/revisions"}],"wp:attachment":[{"href":"https:\/\/www.americaeb5visa.com\/es\/wp-json\/wp\/v2\/media?parent=45"}],"curies":[{"name":"wp","href":"https:\/\/api.w.org\/{rel}","templated":true}]}}