{"id":57,"date":"2017-03-14T21:35:00","date_gmt":"2017-03-14T21:35:00","guid":{"rendered":"http:\/\/www.americaeb5visa.com\/?page_id=57"},"modified":"2022-03-25T05:37:07","modified_gmt":"2022-03-25T05:37:07","slug":"debida-diligencia-eb-5-eb-5-due-diligence","status":"publish","type":"page","link":"https:\/\/www.americaeb5visa.com\/es\/debida-diligencia-eb-5-eb-5-due-diligence\/","title":{"rendered":"Debida Diligencia EB-5"},"content":{"rendered":"<div id=\"pl-57\"  class=\"panel-layout\" ><div id=\"pg-57-0\"  class=\"panel-grid panel-has-style\" ><div class=\"siteorigin-panels-stretch panel-row-style panel-row-style-for-57-0\" data-stretch-type=\"full-stretched\" ><div id=\"pgc-57-0-0\"  class=\"panel-grid-cell\" ><div id=\"panel-57-0-0-0\" class=\"so-panel widget widget_sow-hero panel-first-child panel-last-child\" data-index=\"0\" ><div\n\t\t\t\n\t\t\tclass=\"so-widget-sow-hero so-widget-sow-hero-default-3d3f69fb2c42-57 so-widget-fittext-wrapper\"\n\t\t\t data-fit-text-compressor=\"0.85\"\n\t\t>\t\t\t\t<div class=\"sow-slider-base\" style=\"display: none\" tabindex=\"0\">\n\t\t\t\t\t<ul\n\t\t\t\t\tclass=\"sow-slider-images\"\n\t\t\t\t\tdata-settings=\"{&quot;pagination&quot;:true,&quot;speed&quot;:800,&quot;timeout&quot;:8000,&quot;paused&quot;:false,&quot;pause_on_hover&quot;:false,&quot;swipe&quot;:true,&quot;nav_always_show_desktop&quot;:&quot;&quot;,&quot;nav_always_show_mobile&quot;:&quot;&quot;,&quot;breakpoint&quot;:&quot;780px&quot;,&quot;unmute&quot;:false,&quot;anchor&quot;:null}\"\n\t\t\t\t\tstyle=\"min-height: 600px\"\t\t\t\t\tdata-anchor-id=\"\"\n\t\t\t\t>\t\t<li class=\"sow-slider-image  sow-slider-image-cover\" style=\"visibility: visible;;background-color: #333333;background-image: url(https:\/\/www.americaeb5visa.com\/es\/wp-content\/uploads\/sites\/12\/2017\/04\/EB5Death_to_Stock_Photography_NYC_Skyline_2.jpg)\" >\n\t\t\t\t\t<div class=\"sow-slider-image-container\">\n\t\t\t<div class=\"sow-slider-image-wrapper\">\n\t\t\t\t<h1 style=\"text-align: center\">Debida Diligencia EB-5<\/h1><p>\u00a0<\/p><h2 style=\"text-align: center\">Asegur\u00e1ndose que su inversi\u00f3n sea protegida.<\/h2>\t\t\t<\/div>\n\t\t<\/div>\n\t\t\t\t<\/li>\n\t\t<\/ul>\t\t\t\t<ol class=\"sow-slider-pagination\">\n\t\t\t\t\t\t\t\t\t\t\t<li><a href=\"#\" data-goto=\"0\" aria-label=\"Display slide 1\"><\/a><\/li>\n\t\t\t\t\t\t\t\t\t<\/ol>\n\n\t\t\t\t<div class=\"sow-slide-nav sow-slide-nav-next\">\n\t\t\t\t\t<a href=\"#\" data-goto=\"next\" aria-label=\"Next slide\" data-action=\"next\">\n\t\t\t\t\t\t<em class=\"sow-sld-icon-thin-right\"><\/em>\n\t\t\t\t\t<\/a>\n\t\t\t\t<\/div>\n\n\t\t\t\t<div class=\"sow-slide-nav sow-slide-nav-prev\">\n\t\t\t\t\t<a href=\"#\" data-goto=\"previous\" aria-label=\"Previous slide\" data-action=\"prev\">\n\t\t\t\t\t\t<em class=\"sow-sld-icon-thin-left\"><\/em>\n\t\t\t\t\t<\/a>\n\t\t\t\t<\/div>\n\t\t\t\t<\/div><\/div><\/div><\/div><\/div><\/div><div id=\"pg-57-1\"  class=\"panel-grid panel-has-style\" ><div class=\"siteorigin-panels-stretch panel-row-style panel-row-style-for-57-1\" data-stretch-type=\"full\" ><div id=\"pgc-57-1-0\"  class=\"panel-grid-cell\" ><div id=\"panel-57-1-0-0\" class=\"so-panel widget widget_sow-editor panel-first-child panel-last-child\" data-index=\"1\" ><div\n\t\t\t\n\t\t\tclass=\"so-widget-sow-editor so-widget-sow-editor-base\"\n\t\t\t\n\t\t>\n<div class=\"siteorigin-widget-tinymce textwidget\">\n\t<h2>Acerca de EB-5 Visa<\/h2>\n<ul>\n<li>\u00bfCu\u00e1ntos proyectos EB-5 ha completado la empresa hasta ahora?<\/li>\n<li>\u00bfCu\u00e1l es la inversi\u00f3n requerida? \u00bfHay un costo administrativo? \u00bfCu\u00e1nto cuesta?<\/li>\n<li>Si la inversi\u00f3n es de US$ 800,000, \u00bfcu\u00e1l autoridad certific\u00f3 que el \u00e1rea de desarrollo del proyecto califica como \u00c1rea de Empleo Designada (TEA)?<\/li>\n<li>\u00bfSe podr\u00eda pedir al candidato EB-5 que invierta fondos adicionales por encima de la cantidad inicial en una fecha posterior?<\/li>\n<li>\u00bfQu\u00e9 porcentaje del financiamiento total representa el proyecto EB-5?<\/li>\n<li>\u00bfCu\u00e1nto capital se invierte en la transacci\u00f3n? \u00bfEst\u00e1 eso por debajo de la inversi\u00f3n EB5 en la prioridad de pagos?<\/li>\n<li>\u00bfExiste una deuda bancaria por encima de la EB5 en la prioridad de pagos? \u00bfYa est\u00e1 en el lugar, es decir, comprometido? \u00bfCu\u00e1nto es la deuda?<\/li>\n<li>\u00bfTiene el demandante un inter\u00e9s fijo sobre su inversi\u00f3n? \u00bfPor cu\u00e1nto tiempo?<\/li>\n<li>Si no, \u00bfc\u00f3mo se determina? \u00bfCon qu\u00e9 frecuencia se paga?<\/li>\n<li>\u00bfEl desarrollador proporciona la garant\u00eda de finalizaci\u00f3n del proyecto?<\/li>\n<li>\u00bfCu\u00e1ntos empleos se crean por inversor?<\/li>\n<li>\u00bfQu\u00e9 precauciones se toman para monitorear la creaci\u00f3n de empleo? \u00bfQu\u00e9 medidas se toman si no se ha producido la creaci\u00f3n de empleo necesaria?<\/li>\n<li>\u00bfQui\u00e9n prepar\u00f3 el Informe Econ\u00f3mico que describe la estimaci\u00f3n de la creaci\u00f3n de empleo? \u00bfEst\u00e1 disponible el Informe Econ\u00f3mico para los inversionistas?<\/li>\n<li>\u00bfExiste una valoraci\u00f3n de la propiedad al finalizar? Sobre una base porcentual, \u00bfcu\u00e1nto excede el gasto total de capital de todo el proyecto?<\/li>\n<li>Si la petici\u00f3n I-526 es negada, \u00bfse le reembolsar\u00e1 al inversor toda su inversi\u00f3n? \u00bfEst\u00e1 claramente explicado en el Acuerdo de Suscripci\u00f3n y en el Memorando de colocaci\u00f3n privada?<\/li>\n<li>\u00bfEl inversor tiene que hacer alg\u00fan dep\u00f3sito o pagar alg\u00fan cargo por los materiales de oferta?<\/li>\n<li>\u00bfEl Centro Regional proporciona informes peri\u00f3dicos sobre el estado de la inversi\u00f3n a los inversionistas? Si es as\u00ed, \u00bfcon qu\u00e9 frecuencia?<\/li>\n<\/ul>\n<p>&nbsp;<\/p>\n<h2>Acerca de la inmigraci\u00f3n<\/h2>\n<ul>\n<li>\u00bfCu\u00e1ntas aprobaciones I-526?<\/li>\n<li>\u00bfCu\u00e1ntas negaciones I-526? \u00bfRazones?<\/li>\n<li>\u00bfCu\u00e1ntas aprobaciones de la Tarjeta Verde Condicional?<\/li>\n<li>\u00bfCu\u00e1ntas negaciones de la Tarjeta Verde Condicional? \u00bfRazones?<\/li>\n<li>\u00bfCu\u00e1ntas aprobaciones de Eliminaci\u00f3n de Condiciones?<\/li>\n<li>\u00bfCu\u00e1ntas negaciones de Eliminaci\u00f3n de Condiciones? \u00bfRazones?<\/li>\n<\/ul>\n<p>&nbsp;<\/p>\n<h2>Acerca del Centro Regional<\/h2>\n<ul>\n<li>\u00bfCu\u00e1ndo se estableci\u00f3 el Centro Regional? \u00bfCu\u00e1ndo fue aprobado el I-924?<\/li>\n<li>\u00bfCu\u00e1nto tiempo ha estado el desarrollador en el negocio? Antes de esta oferta, \u00bfhan financiado anteriormente con EB5?<\/li>\n<li>\u00bfTiene el desarrollador una calificaci\u00f3n independiente de las principales agencias globales de calificaci\u00f3n como Standard &amp; Poors y Moody's?<\/li>\n<li>\u00bfCu\u00e1ndo se puede vender la inversi\u00f3n? \u00bfCu\u00e1ndo puede el cliente recuperar su inversi\u00f3n? \u00bfCu\u00e1ntos inversionistas han recibido el retorno de la inversi\u00f3n hasta ahora?<\/li>\n<li>\u00bfC\u00f3mo se determina la cantidad?<\/li>\n<li>\u00bfEl retroceso potencial de otros inversionistas afectar\u00e1 el momento de la devoluci\u00f3n del principal m\u00e1s all\u00e1 del per\u00edodo de tenencia requerido de cinco a\u00f1os a inversionistas cuyas solicitudes I-829 ya han sido aprobadas?<\/li>\n<li>\u00bfLa terminaci\u00f3n anticipada y la ejecuci\u00f3n de la estrategia de salida del proyecto exigir\u00e1n la devoluci\u00f3n del principal a los inversores cuyas solicitudes de I-829 no hayan sido aprobadas o hayan sido aprobadas, pero el per\u00edodo de espera de cinco a\u00f1os no se ha cumplido todav\u00eda? De no ser as\u00ed, \u00bfqu\u00e9 planes tiene el Centro Regional para reasignar los fondos para no poner en peligro la aprobaci\u00f3n del I-829?<\/li>\n<li>\u00bfCu\u00e1ntos a\u00f1os de experiencia tiene el socio general o principal en el proyecto de inversi\u00f3n en el trabajo con programas de inmigrantes inversionistas?<\/li>\n<\/ul>\n<\/div>\n<\/div><\/div><\/div><\/div><\/div><\/div>","protected":false},"excerpt":{"rendered":"<p>Acerca de EB-5 Visa \u00bfCu\u00e1ntos proyectos EB-5 ha completado la empresa hasta ahora? \u00bfCu\u00e1l es la inversi\u00f3n requerida? \u00bfHay un costo administrativo? \u00bfCu\u00e1nto cuesta? Si la inversi\u00f3n es de US$ , \u00bfcu\u00e1l autoridad certific\u00f3 que el \u00e1rea de desarrollo del proyecto califica como \u00c1rea de Empleo Designada (TEA)? \u00bfSe podr\u00eda pedir al candidato EB-5 que<a class=\"moretag\" href=\"https:\/\/www.americaeb5visa.com\/es\/debida-diligencia-eb-5-eb-5-due-diligence\/\"><span class=\"screen-reader-text\">Read more about Debida Diligencia EB-5<\/span>[&#8230;]<\/a><\/p>\n","protected":false},"author":1,"featured_media":0,"parent":0,"menu_order":2,"comment_status":"closed","ping_status":"closed","template":"","meta":{"_acf_changed":false,"_monsterinsights_skip_tracking":false,"_monsterinsights_sitenote_active":false,"_monsterinsights_sitenote_note":"","_monsterinsights_sitenote_category":0,"footnotes":""},"class_list":["post-57","page","type-page","status-publish","hentry"],"acf":[],"rttpg_featured_image_url":null,"rttpg_author":{"display_name":"AdminNIso","author_link":"https:\/\/www.americaeb5visa.com\/es\/author\/admin\/"},"rttpg_comment":0,"rttpg_category":null,"rttpg_excerpt":"Acerca de EB-5 Visa \u00bfCu\u00e1ntos proyectos EB-5 ha completado la empresa hasta ahora? \u00bfCu\u00e1l es la inversi\u00f3n requerida? \u00bfHay un costo administrativo? \u00bfCu\u00e1nto cuesta? Si la inversi\u00f3n es de US$ , \u00bfcu\u00e1l autoridad certific\u00f3 que el \u00e1rea de desarrollo del proyecto califica como \u00c1rea de Empleo Designada (TEA)? \u00bfSe podr\u00eda pedir al candidato EB-5 queRead&hellip;","_links":{"self":[{"href":"https:\/\/www.americaeb5visa.com\/es\/wp-json\/wp\/v2\/pages\/57","targetHints":{"allow":["GET"]}}],"collection":[{"href":"https:\/\/www.americaeb5visa.com\/es\/wp-json\/wp\/v2\/pages"}],"about":[{"href":"https:\/\/www.americaeb5visa.com\/es\/wp-json\/wp\/v2\/types\/page"}],"author":[{"embeddable":true,"href":"https:\/\/www.americaeb5visa.com\/es\/wp-json\/wp\/v2\/users\/1"}],"replies":[{"embeddable":true,"href":"https:\/\/www.americaeb5visa.com\/es\/wp-json\/wp\/v2\/comments?post=57"}],"version-history":[{"count":0,"href":"https:\/\/www.americaeb5visa.com\/es\/wp-json\/wp\/v2\/pages\/57\/revisions"}],"wp:attachment":[{"href":"https:\/\/www.americaeb5visa.com\/es\/wp-json\/wp\/v2\/media?parent=57"}],"curies":[{"name":"wp","href":"https:\/\/api.w.org\/{rel}","templated":true}]}}