{"id":61,"date":"2017-03-14T21:44:01","date_gmt":"2017-03-14T21:44:01","guid":{"rendered":"http:\/\/www.americaeb5visa.com\/?page_id=61"},"modified":"2022-03-25T05:34:26","modified_gmt":"2022-03-25T05:34:26","slug":"requisitos-eb-5","status":"publish","type":"page","link":"https:\/\/www.americaeb5visa.com\/es\/requisitos-eb-5\/","title":{"rendered":"Requisitos EB-5"},"content":{"rendered":"<div id=\"pl-61\"  class=\"panel-layout\" ><div id=\"pg-61-0\"  class=\"panel-grid panel-has-style\" ><div class=\"siteorigin-panels-stretch panel-row-style panel-row-style-for-61-0\" data-stretch-type=\"full-stretched\" ><div id=\"pgc-61-0-0\"  class=\"panel-grid-cell\" ><div id=\"panel-61-0-0-0\" class=\"so-panel widget widget_sow-hero panel-first-child panel-last-child\" data-index=\"0\" ><div\n\t\t\t\n\t\t\tclass=\"so-widget-sow-hero so-widget-sow-hero-default-3d3f69fb2c42-61 so-widget-fittext-wrapper\"\n\t\t\t data-fit-text-compressor=\"0.85\"\n\t\t>\t\t\t\t<div class=\"sow-slider-base\" style=\"display: none\" tabindex=\"0\">\n\t\t\t\t\t<ul\n\t\t\t\t\tclass=\"sow-slider-images\"\n\t\t\t\t\tdata-settings=\"{&quot;pagination&quot;:true,&quot;speed&quot;:800,&quot;timeout&quot;:8000,&quot;paused&quot;:false,&quot;pause_on_hover&quot;:false,&quot;swipe&quot;:true,&quot;nav_always_show_desktop&quot;:&quot;&quot;,&quot;nav_always_show_mobile&quot;:&quot;&quot;,&quot;breakpoint&quot;:&quot;780px&quot;,&quot;unmute&quot;:false,&quot;anchor&quot;:null}\"\n\t\t\t\t\tstyle=\"min-height: 600px\"\t\t\t\t\tdata-anchor-id=\"\"\n\t\t\t\t>\t\t<li class=\"sow-slider-image  sow-slider-image-cover\" style=\"visibility: visible;;background-color: #333333;background-image: url(https:\/\/www.americaeb5visa.com\/es\/wp-content\/uploads\/sites\/12\/2017\/04\/EB5Death_to_Stock_Photography_NYC_Skyline_2.jpg)\" >\n\t\t\t\t\t<div class=\"sow-slider-image-container\">\n\t\t\t<div class=\"sow-slider-image-wrapper\">\n\t\t\t\t<h1 style=\"text-align: center\">Requisitos EB-5<\/h1><h2 style=\"text-align: center\">\u00a0<\/h2><h2 style=\"text-align: center\">Una inversi\u00f3n de capital que crea por los menos 10 empleos para trabajadores estadounidenses.<\/h2>\t\t\t<\/div>\n\t\t<\/div>\n\t\t\t\t<\/li>\n\t\t<\/ul>\t\t\t\t<ol class=\"sow-slider-pagination\">\n\t\t\t\t\t\t\t\t\t\t\t<li><a href=\"#\" data-goto=\"0\" aria-label=\"Display slide 1\"><\/a><\/li>\n\t\t\t\t\t\t\t\t\t<\/ol>\n\n\t\t\t\t<div class=\"sow-slide-nav sow-slide-nav-next\">\n\t\t\t\t\t<a href=\"#\" data-goto=\"next\" aria-label=\"Next slide\" data-action=\"next\">\n\t\t\t\t\t\t<em class=\"sow-sld-icon-thin-right\"><\/em>\n\t\t\t\t\t<\/a>\n\t\t\t\t<\/div>\n\n\t\t\t\t<div class=\"sow-slide-nav sow-slide-nav-prev\">\n\t\t\t\t\t<a href=\"#\" data-goto=\"previous\" aria-label=\"Previous slide\" data-action=\"prev\">\n\t\t\t\t\t\t<em class=\"sow-sld-icon-thin-left\"><\/em>\n\t\t\t\t\t<\/a>\n\t\t\t\t<\/div>\n\t\t\t\t<\/div><\/div><\/div><\/div><\/div><\/div><div id=\"pg-61-1\"  class=\"panel-grid panel-has-style\" ><div class=\"panel-row-style panel-row-style-for-61-1\" ><div id=\"pgc-61-1-0\"  class=\"panel-grid-cell\" ><div id=\"panel-61-1-0-0\" class=\"so-panel widget widget_sow-editor panel-first-child panel-last-child\" data-index=\"1\" ><div\n\t\t\t\n\t\t\tclass=\"so-widget-sow-editor so-widget-sow-editor-base\"\n\t\t\t\n\t\t>\n<div class=\"siteorigin-widget-tinymce textwidget\">\n\t<h2>Requisitos generales<\/h2>\n<p>El gobierno de los Estados Unidos cre\u00f3 el Programa de Inversionistas Inmigrantes EB-5 para fomentar la inversi\u00f3n extranjera en los negocios en los Estados Unidos. A cambio de invertir en un negocio que crea puestos de trabajo para los trabajadores estadounidenses, los extranjeros y sus familias se encuentran elegibles para ser residentes permanentes de los EE.UU. El nombre del programa, \"EB-5\", proviene de la categor\u00eda de visa para la cual los inversionistas inmigrantes aplican - la inmigraci\u00f3n Basada en el Empleo (\u201cEmployment-Based\u201d): Quinta Preferencia EB-5.<\/p>\n<p>Aunque el programa ha evolucionado considerablemente desde su creaci\u00f3n en 1990, actualmente existen dos v\u00edas para los inversionistas que quieren obtener una Visa EB-5:<\/p>\n<ol>\n<li>Inversi\u00f3n directa en una empresa comercial nueva o existente que cree empleos.<\/li>\n<li>Inversi\u00f3n de capital a trav\u00e9s de un \"Centro Regional\", una empresa aprobada por el gobierno, que gestiona activamente los fondos de los inversionistas y el proceso de aprobaci\u00f3n de la inmigraci\u00f3n.<\/li>\n<\/ol>\n<h2><\/h2>\n<h2>Ventajas de invertir en el Centro Regional<\/h2>\n<p>Invertir capital a trav\u00e9s de un Centro Regional ofrece varias ventajas importantes para los inmigrantes que buscan obtener la residencia permanente en los Estados Unidos a trav\u00e9s del programa EB-5. Una de las ventajas m\u00e1s importantes es la capacidad de contabilizar la creaci\u00f3n de trabajos directos as\u00ed como indirectos hacia el \"requisito de creaci\u00f3n de empleo\".<\/p>\n<p>La creaci\u00f3n directa de empleo es el resultado de una inversi\u00f3n que ha creado y mantenido diez nuevos verdaderos empleos identificables durante un per\u00edodo de dos a\u00f1os. Bajo el programa del Centro Regional, los inversores tambi\u00e9n pueden satisfacer el requisito de trabajo demostrando la creaci\u00f3n indirecta de empleo agrupando las inversiones de todos los inversionistas en el proyecto. Estos trabajos pueden ser creados colectivamente o como resultado del capital invertido en una empresa comercial afiliada a un Centro Regional.<\/p>\n<p>En otras palabras, el inversionista no necesita demostrar que \u00e9l o ella contrat\u00f3 directamente a alg\u00fan empleado y la carga de probar la creaci\u00f3n de empleo pas\u00f3 al Centro Regional. A su vez, los Centros Regionales contratan a economistas experimentados que realizan an\u00e1lisis econ\u00f3micos y demuestran que se crearon suficientes empleos directos e indirectos como resultado del proyecto.<\/p>\n<h2><\/h2>\n<h2>Cantidad de la inversi\u00f3n<\/h2>\n<p>Cada solicitante de visa EB-5 debe invertir un m\u00ednimo de US$ 1,050,000 en una empresa que crea empleos. Si la empresa que recibe el capital se localiza en un \u00c1rea de Empleo Designada (\u201cTargeted Employment Area\u201d o TEA) - definida como una zona rural o una regi\u00f3n con alto desempleo - entonces el monto m\u00ednimo de inversi\u00f3n se reduce a US$ 800,000. Hoy en d\u00eda, la mayor\u00eda de las oportunidades de inversi\u00f3n EB5 se encuentran en TEAs.<\/p>\n<\/div>\n<\/div><\/div><\/div><\/div><\/div><\/div>","protected":false},"excerpt":{"rendered":"<p>Requisitos generales El gobierno de los Estados Unidos cre\u00f3 el Programa de Inversionistas Inmigrantes EB-5 para fomentar la inversi\u00f3n extranjera en los negocios en los Estados Unidos. A cambio de invertir en un negocio que crea puestos de trabajo para los trabajadores estadounidenses, los extranjeros y sus familias se encuentran elegibles para ser residentes permanentes<a class=\"moretag\" href=\"https:\/\/www.americaeb5visa.com\/es\/requisitos-eb-5\/\"><span class=\"screen-reader-text\">Read more about Requisitos EB-5<\/span>[&#8230;]<\/a><\/p>\n","protected":false},"author":1,"featured_media":0,"parent":0,"menu_order":4,"comment_status":"closed","ping_status":"closed","template":"","meta":{"_acf_changed":false,"_monsterinsights_skip_tracking":false,"_monsterinsights_sitenote_active":false,"_monsterinsights_sitenote_note":"","_monsterinsights_sitenote_category":0,"footnotes":""},"class_list":["post-61","page","type-page","status-publish","hentry"],"acf":[],"rttpg_featured_image_url":null,"rttpg_author":{"display_name":"AdminNIso","author_link":"https:\/\/www.americaeb5visa.com\/es\/author\/admin\/"},"rttpg_comment":0,"rttpg_category":null,"rttpg_excerpt":"Requisitos generales El gobierno de los Estados Unidos cre\u00f3 el Programa de Inversionistas Inmigrantes EB-5 para fomentar la inversi\u00f3n extranjera en los negocios en los Estados Unidos. A cambio de invertir en un negocio que crea puestos de trabajo para los trabajadores estadounidenses, los extranjeros y sus familias se encuentran elegibles para ser residentes permanentesRead&hellip;","_links":{"self":[{"href":"https:\/\/www.americaeb5visa.com\/es\/wp-json\/wp\/v2\/pages\/61","targetHints":{"allow":["GET"]}}],"collection":[{"href":"https:\/\/www.americaeb5visa.com\/es\/wp-json\/wp\/v2\/pages"}],"about":[{"href":"https:\/\/www.americaeb5visa.com\/es\/wp-json\/wp\/v2\/types\/page"}],"author":[{"embeddable":true,"href":"https:\/\/www.americaeb5visa.com\/es\/wp-json\/wp\/v2\/users\/1"}],"replies":[{"embeddable":true,"href":"https:\/\/www.americaeb5visa.com\/es\/wp-json\/wp\/v2\/comments?post=61"}],"version-history":[{"count":0,"href":"https:\/\/www.americaeb5visa.com\/es\/wp-json\/wp\/v2\/pages\/61\/revisions"}],"wp:attachment":[{"href":"https:\/\/www.americaeb5visa.com\/es\/wp-json\/wp\/v2\/media?parent=61"}],"curies":[{"name":"wp","href":"https:\/\/api.w.org\/{rel}","templated":true}]}}