{"id":69,"date":"2017-03-14T21:58:31","date_gmt":"2017-03-14T21:58:31","guid":{"rendered":"http:\/\/www.americaeb5visa.com\/?page_id=69"},"modified":"2020-01-29T05:10:37","modified_gmt":"2020-01-29T05:10:37","slug":"inversionistas-futuros-titulares-de-tarjetas-verdes-investors-future-green-card-holders","status":"publish","type":"page","link":"https:\/\/www.americaeb5visa.com\/es\/inversionistas-futuros-titulares-de-tarjetas-verdes-investors-future-green-card-holders\/","title":{"rendered":"Inversionistas"},"content":{"rendered":"<div id=\"pl-69\"  class=\"panel-layout\" ><div id=\"pg-69-0\"  class=\"panel-grid panel-has-style\" ><div class=\"siteorigin-panels-stretch panel-row-style panel-row-style-for-69-0\" data-stretch-type=\"full-stretched\" ><div id=\"pgc-69-0-0\"  class=\"panel-grid-cell\" ><div id=\"panel-69-0-0-0\" class=\"so-panel widget widget_sow-hero panel-first-child panel-last-child\" data-index=\"0\" ><div\n\t\t\t\n\t\t\tclass=\"so-widget-sow-hero so-widget-sow-hero-default-3d3f69fb2c42-69 so-widget-fittext-wrapper\"\n\t\t\t data-fit-text-compressor=\"0.85\"\n\t\t>\t\t\t\t<div class=\"sow-slider-base\" style=\"display: none\" tabindex=\"0\">\n\t\t\t\t\t<ul\n\t\t\t\t\tclass=\"sow-slider-images\"\n\t\t\t\t\tdata-settings=\"{&quot;pagination&quot;:true,&quot;speed&quot;:800,&quot;timeout&quot;:8000,&quot;paused&quot;:false,&quot;pause_on_hover&quot;:false,&quot;swipe&quot;:true,&quot;nav_always_show_desktop&quot;:&quot;&quot;,&quot;nav_always_show_mobile&quot;:&quot;&quot;,&quot;breakpoint&quot;:&quot;780px&quot;,&quot;unmute&quot;:false,&quot;anchor&quot;:null}\"\n\t\t\t\t\tstyle=\"min-height: 600px\"\t\t\t\t\tdata-anchor-id=\"\"\n\t\t\t\t>\t\t<li class=\"sow-slider-image  sow-slider-image-cover\" style=\"visibility: visible;;background-color: #333333;background-image: url(https:\/\/www.americaeb5visa.com\/es\/wp-content\/uploads\/sites\/12\/2017\/04\/InvestmentIntro.jpg)\" >\n\t\t\t\t\t<div class=\"sow-slider-image-container\">\n\t\t\t<div class=\"sow-slider-image-wrapper\">\n\t\t\t\t<h1 style=\"text-align: center\">Inversionistas<\/h1><p>\u00a0<\/p><h2 style=\"text-align: center\">Futuros titulares de tarjetas verdes.<\/h2>\t\t\t<\/div>\n\t\t<\/div>\n\t\t\t\t<\/li>\n\t\t<\/ul>\t\t\t\t<ol class=\"sow-slider-pagination\">\n\t\t\t\t\t\t\t\t\t\t\t<li><a href=\"#\" data-goto=\"0\" aria-label=\"Display slide 1\"><\/a><\/li>\n\t\t\t\t\t\t\t\t\t<\/ol>\n\n\t\t\t\t<div class=\"sow-slide-nav sow-slide-nav-next\">\n\t\t\t\t\t<a href=\"#\" data-goto=\"next\" aria-label=\"Next slide\" data-action=\"next\">\n\t\t\t\t\t\t<em class=\"sow-sld-icon-thin-right\"><\/em>\n\t\t\t\t\t<\/a>\n\t\t\t\t<\/div>\n\n\t\t\t\t<div class=\"sow-slide-nav sow-slide-nav-prev\">\n\t\t\t\t\t<a href=\"#\" data-goto=\"previous\" aria-label=\"Previous slide\" data-action=\"prev\">\n\t\t\t\t\t\t<em class=\"sow-sld-icon-thin-left\"><\/em>\n\t\t\t\t\t<\/a>\n\t\t\t\t<\/div>\n\t\t\t\t<\/div><\/div><\/div><\/div><\/div><\/div><div id=\"pg-69-1\"  class=\"panel-grid panel-no-style\" ><div id=\"pgc-69-1-0\"  class=\"panel-grid-cell\" ><div id=\"panel-69-1-0-0\" class=\"so-panel widget widget_sow-editor panel-first-child panel-last-child\" data-index=\"1\" ><div class=\"panel-widget-style panel-widget-style-for-69-1-0-0\" ><div\n\t\t\t\n\t\t\tclass=\"so-widget-sow-editor so-widget-sow-editor-base\"\n\t\t\t\n\t\t>\n<div class=\"siteorigin-widget-tinymce textwidget\">\n\t<h2>\u00bfQui\u00e9nes son los inversionistas?<\/h2>\n<p>Los inversionistas de EB5 son ciudadanos de pa\u00edses extranjeros a los Estados Unidos que desean obtener \"Tarjetas Verdes\", o residencia permanente, para vivir, trabajar y tal vez un d\u00eda convertirse en ciudadanos de los Estados Unidos.<\/p>\n<h2>\u00a0<\/h2>\n<h2>\u00bfPor qu\u00e9 elegir\u00edan los inversionistas los Centros Regionales EB-5?<\/h2>\n<p>El objetivo principal de invertir en un proyecto del Centro Regional EB-5 es obtener una Tarjeta Verde de una manera r\u00e1pida, eficiente y transparente. Adem\u00e1s, los proyectos del Centro Regional EB-5 permiten a los inversionistas recuperar su capital tan pronto como sean elegibles. Como se menciona en otras partes de este sitio web, aunque no hay garant\u00edas en la inversi\u00f3n, el personal de American EB-5 Visa se asegura que los inversionistas tengan la informaci\u00f3n necesaria para invertir en proyectos de Centros Regionales s\u00f3lidos realizados por promotores inmobiliarios con un buen antecedente.<\/p>\n<p>\u00a0<\/p>\n<h2>\u00bfQu\u00e9 servicios ofrecemos a los inversionistas de los proyectos EB-5 auspiciados por el Centro Regional?<\/h2>\n<p>Solicitar una tarjeta verde puede ser confuso. Hay muchos pasos y un n\u00famero de documentos \/ formularios para completar. Uno de nuestro mayor orgullo en America EB-5 Visa es nuestra dedicaci\u00f3n en proporcionar a los inversionistas del Centro Regional toda la informaci\u00f3n necesaria durante su proceso de solicitud de Tarjeta Verde. Colaborando con los patrocinadores de proyectos, abogados de inmigraci\u00f3n y abogados de valores, respondemos a todas las preguntas que los inversionistas puedan tener al completar el Cuestionario para Inversionistas (Investor Questionnaire). Proponemos ser un recurso en vivo, mientras que los inversionistas navegan a trav\u00e9s de los memorandos de colocaci\u00f3n privada, as\u00ed como cualquier otro documento de oferta. Adem\u00e1s, a medida que los inversionistas completan sus Acuerdos de Suscripci\u00f3n (Subscription Agreement), facilitamos el proceso de recolecci\u00f3n de los datos necesarios para la solicitud de la visa I-526 para el inversionista inmigrante. Durante el proceso, ayudamos a aclarar y explicar todas y cada una de las secciones m\u00e1s confusas o m\u00e1s t\u00e9cnicas \u00a0incluyendo, pero no limitado a rellenar el Cuestionario para Fuente de Recursos (Source of Funds Questionnaire).<\/p>\n<\/div>\n<\/div><\/div><\/div><\/div><\/div><\/div>","protected":false},"excerpt":{"rendered":"<p>\u00bfQui\u00e9nes son los inversionistas?Los inversionistas de EB5 son ciudadanos de pa\u00edses extranjeros a los Estados Unidos que desean obtener &#8220;Tarjetas Verdes&#8221;, o residencia permanente, para vivir, trabajar y tal vez un d\u00eda convertirse en ciudadanos de los Estados Unidos.\u00a0\u00bfPor qu\u00e9 elegir\u00edan los inversionistas los Centros Regionales EB-5?El objetivo principal de invertir en un proyecto del<a class=\"moretag\" href=\"https:\/\/www.americaeb5visa.com\/es\/inversionistas-futuros-titulares-de-tarjetas-verdes-investors-future-green-card-holders\/\"><span class=\"screen-reader-text\">Read more about Inversionistas<\/span>[&#8230;]<\/a><\/p>\n","protected":false},"author":1,"featured_media":0,"parent":0,"menu_order":6,"comment_status":"closed","ping_status":"closed","template":"","meta":{"_acf_changed":false,"_monsterinsights_skip_tracking":false,"_monsterinsights_sitenote_active":false,"_monsterinsights_sitenote_note":"","_monsterinsights_sitenote_category":0,"footnotes":""},"class_list":["post-69","page","type-page","status-publish","hentry"],"acf":[],"rttpg_featured_image_url":null,"rttpg_author":{"display_name":"AdminNIso","author_link":"https:\/\/www.americaeb5visa.com\/es\/author\/admin\/"},"rttpg_comment":0,"rttpg_category":null,"rttpg_excerpt":"\u00bfQui\u00e9nes son los inversionistas?Los inversionistas de EB5 son ciudadanos de pa\u00edses extranjeros a los Estados Unidos que desean obtener \"Tarjetas Verdes\", o residencia permanente, para vivir, trabajar y tal vez un d\u00eda convertirse en ciudadanos de los Estados Unidos.\u00a0\u00bfPor qu\u00e9 elegir\u00edan los inversionistas los Centros Regionales EB-5?El objetivo principal de invertir en un proyecto delRead&hellip;","_links":{"self":[{"href":"https:\/\/www.americaeb5visa.com\/es\/wp-json\/wp\/v2\/pages\/69","targetHints":{"allow":["GET"]}}],"collection":[{"href":"https:\/\/www.americaeb5visa.com\/es\/wp-json\/wp\/v2\/pages"}],"about":[{"href":"https:\/\/www.americaeb5visa.com\/es\/wp-json\/wp\/v2\/types\/page"}],"author":[{"embeddable":true,"href":"https:\/\/www.americaeb5visa.com\/es\/wp-json\/wp\/v2\/users\/1"}],"replies":[{"embeddable":true,"href":"https:\/\/www.americaeb5visa.com\/es\/wp-json\/wp\/v2\/comments?post=69"}],"version-history":[{"count":0,"href":"https:\/\/www.americaeb5visa.com\/es\/wp-json\/wp\/v2\/pages\/69\/revisions"}],"wp:attachment":[{"href":"https:\/\/www.americaeb5visa.com\/es\/wp-json\/wp\/v2\/media?parent=69"}],"curies":[{"name":"wp","href":"https:\/\/api.w.org\/{rel}","templated":true}]}}