{"id":72,"date":"2017-03-14T21:59:45","date_gmt":"2017-03-14T21:59:45","guid":{"rendered":"http:\/\/www.americaeb5visa.com\/?page_id=72"},"modified":"2020-01-29T05:08:18","modified_gmt":"2020-01-29T05:08:18","slug":"inversiones-empresa-comercial-o-centro-regional-investments-commercial-enterprise-or-regional-center","status":"publish","type":"page","link":"https:\/\/www.americaeb5visa.com\/es\/inversiones-empresa-comercial-o-centro-regional-investments-commercial-enterprise-or-regional-center\/","title":{"rendered":"Inversiones"},"content":{"rendered":"<div id=\"pl-72\"  class=\"panel-layout\" ><div id=\"pg-72-0\"  class=\"panel-grid panel-has-style\" ><div class=\"siteorigin-panels-stretch panel-row-style panel-row-style-for-72-0\" data-stretch-type=\"full-stretched\" ><div id=\"pgc-72-0-0\"  class=\"panel-grid-cell\" ><div id=\"panel-72-0-0-0\" class=\"so-panel widget widget_sow-hero panel-first-child panel-last-child\" data-index=\"0\" ><div\n\t\t\t\n\t\t\tclass=\"so-widget-sow-hero so-widget-sow-hero-default-3d3f69fb2c42-72 so-widget-fittext-wrapper\"\n\t\t\t data-fit-text-compressor=\"0.85\"\n\t\t>\t\t\t\t<div class=\"sow-slider-base\" style=\"display: none\" tabindex=\"0\">\n\t\t\t\t\t<ul\n\t\t\t\t\tclass=\"sow-slider-images\"\n\t\t\t\t\tdata-settings=\"{&quot;pagination&quot;:true,&quot;speed&quot;:800,&quot;timeout&quot;:8000,&quot;paused&quot;:false,&quot;pause_on_hover&quot;:false,&quot;swipe&quot;:true,&quot;nav_always_show_desktop&quot;:&quot;&quot;,&quot;nav_always_show_mobile&quot;:&quot;&quot;,&quot;breakpoint&quot;:&quot;780px&quot;,&quot;unmute&quot;:false,&quot;anchor&quot;:null}\"\n\t\t\t\t\tstyle=\"min-height: 600px\"\t\t\t\t\tdata-anchor-id=\"\"\n\t\t\t\t>\t\t<li class=\"sow-slider-image  sow-slider-image-cover\" style=\"visibility: visible;;background-color: #333333;background-image: url(https:\/\/www.americaeb5visa.com\/es\/wp-content\/uploads\/sites\/12\/2017\/04\/InvestmentIntro.jpg)\" >\n\t\t\t\t\t<div class=\"sow-slider-image-container\">\n\t\t\t<div class=\"sow-slider-image-wrapper\">\n\t\t\t\t<h1 style=\"text-align: center\"><strong>Inversiones<\/strong><\/h1><p>\u00a0<\/p><h2 style=\"text-align: center\"><strong>Empresa comercial o Centro Regional.<\/strong><\/h2>\t\t\t<\/div>\n\t\t<\/div>\n\t\t\t\t<\/li>\n\t\t<\/ul>\t\t\t\t<ol class=\"sow-slider-pagination\">\n\t\t\t\t\t\t\t\t\t\t\t<li><a href=\"#\" data-goto=\"0\" aria-label=\"Display slide 1\"><\/a><\/li>\n\t\t\t\t\t\t\t\t\t<\/ol>\n\n\t\t\t\t<div class=\"sow-slide-nav sow-slide-nav-next\">\n\t\t\t\t\t<a href=\"#\" data-goto=\"next\" aria-label=\"Next slide\" data-action=\"next\">\n\t\t\t\t\t\t<em class=\"sow-sld-icon-thin-right\"><\/em>\n\t\t\t\t\t<\/a>\n\t\t\t\t<\/div>\n\n\t\t\t\t<div class=\"sow-slide-nav sow-slide-nav-prev\">\n\t\t\t\t\t<a href=\"#\" data-goto=\"previous\" aria-label=\"Previous slide\" data-action=\"prev\">\n\t\t\t\t\t\t<em class=\"sow-sld-icon-thin-left\"><\/em>\n\t\t\t\t\t<\/a>\n\t\t\t\t<\/div>\n\t\t\t\t<\/div><\/div><\/div><\/div><\/div><\/div><div id=\"pg-72-1\"  class=\"panel-grid panel-no-style\" ><div id=\"pgc-72-1-0\"  class=\"panel-grid-cell\" ><div id=\"panel-72-1-0-0\" class=\"so-panel widget widget_sow-editor panel-first-child panel-last-child\" data-index=\"1\" ><div class=\"panel-widget-style panel-widget-style-for-72-1-0-0\" ><div\n\t\t\t\n\t\t\tclass=\"so-widget-sow-editor so-widget-sow-editor-base\"\n\t\t\t\n\t\t>\n<div class=\"siteorigin-widget-tinymce textwidget\">\n\t<h2><strong>\u00bfQu\u00e9 es una inversi\u00f3n EB-5?<\/strong><\/h2>\n<p>Hay dos formas de invertir en una visa EB-5. Una opci\u00f3n es invertir directamente en una empresa comercial como socio general o limitado, propietario \u00fanico, accionista de una corporaci\u00f3n, trust empresarial, u otra estructura de negocios privada \/ p\u00fablica. O tambi\u00e9n la mayor\u00eda de los inversionistas EB-5 invierten en los Centros Regionales, designados por el USCIS para administrar las inversiones de EB-5, por lo cual son responsables de adherir a los reglamentos del programa EB-5 formulados por USCIS. Los Centros Regionales benefician de m\u00e1s flexibilidad en t\u00e9rminos de requisitos que las inversiones comerciales directas. Por ejemplo, s\u00f3lo los Centros Regionales pueden a\u00f1adir y demostrar la creaci\u00f3n de empleos usando modelos econ\u00f3micos que no distinguen entre trabajadores a medio tiempo y tiempo completo, en lugar de mostrar la n\u00f3mina de sueldos. Adicionalmente, los Centros Regionales pueden agregar \u00a0\"trabajos indirectos\" hacia el requisito de creaci\u00f3n de trabajo. Estos son trabajos que se crearon fuera de la Nueva Empresa Comercial (NCE), pero resultan de la inversi\u00f3n EB-5 en la NCE. Esto significa que las inversiones en los Centros Regionales tienden a estructurar muchas entidades e incluirlas.<\/p>\n<p>\u00a0<\/p>\n<h2><strong>\u00bfCu\u00e1les son las ventajas de las inversiones dirigidas hacia el Centro Regional?<\/strong><\/h2>\n<p>En primer lugar, como los Centros Regionales deben adherir a los reglamentos del USCIS, los inversionistas no necesitan estar involucrados activamente en el negocio. Como tal, este tipo de inversi\u00f3n es recomendado para aquellos que prefieren no involucrarse y no ser responsables de la gesti\u00f3n directa de su inversi\u00f3n. Si bien el rendimiento de los Centros Regionales es bajo, la gesti\u00f3n profesional de este proyecto se asegura de que el proyecto cumpla con todos los requisitos para la EB-5, mientras que el inversionista est\u00e9 en camino de recibir su Tarjeta Verde sin preocupaciones. Con los Centros Regionales, cumplir con el requisito de creaci\u00f3n de empleo es sin retos. Como se ha mencionado brevemente, las inversiones en los Centros Regionales s\u00f3lo necesitan generar trabajos indirectos. Los trabajos indirectos pueden ser creados para proporcionar bienes y servicios para el proyecto de EB-5 y cuentan hacia el requisito de creaci\u00f3n de empleos. Naturalmente, a medida que se contraten empleados para trabajar en el proyecto EB-5, su ingreso aumentar\u00e1, resultando en una mayor participaci\u00f3n en la econom\u00eda comunitaria y, por lo tanto, en la creaci\u00f3n de m\u00e1s empleos mas all\u00e1 de la comunidad. Estos trabajos inducidos, tambi\u00e9n, califican hacia el requisito para obtener la visa.<\/p>\n<\/div>\n<\/div><\/div><\/div><\/div><\/div><\/div>","protected":false},"excerpt":{"rendered":"<p>\u00bfQu\u00e9 es una inversi\u00f3n EB-5?Hay dos formas de invertir en una visa EB-5. Una opci\u00f3n es invertir directamente en una empresa comercial como socio general o limitado, propietario \u00fanico, accionista de una corporaci\u00f3n, trust empresarial, u otra estructura de negocios privada \/ p\u00fablica. O tambi\u00e9n la mayor\u00eda de los inversionistas EB-5 invierten en los Centros<a class=\"moretag\" href=\"https:\/\/www.americaeb5visa.com\/es\/inversiones-empresa-comercial-o-centro-regional-investments-commercial-enterprise-or-regional-center\/\"><span class=\"screen-reader-text\">Read more about Inversiones<\/span>[&#8230;]<\/a><\/p>\n","protected":false},"author":1,"featured_media":0,"parent":0,"menu_order":5,"comment_status":"closed","ping_status":"closed","template":"","meta":{"_acf_changed":false,"_monsterinsights_skip_tracking":false,"_monsterinsights_sitenote_active":false,"_monsterinsights_sitenote_note":"","_monsterinsights_sitenote_category":0,"footnotes":""},"class_list":["post-72","page","type-page","status-publish","hentry"],"acf":[],"rttpg_featured_image_url":null,"rttpg_author":{"display_name":"AdminNIso","author_link":"https:\/\/www.americaeb5visa.com\/es\/author\/admin\/"},"rttpg_comment":0,"rttpg_category":null,"rttpg_excerpt":"\u00bfQu\u00e9 es una inversi\u00f3n EB-5?Hay dos formas de invertir en una visa EB-5. Una opci\u00f3n es invertir directamente en una empresa comercial como socio general o limitado, propietario \u00fanico, accionista de una corporaci\u00f3n, trust empresarial, u otra estructura de negocios privada \/ p\u00fablica. O tambi\u00e9n la mayor\u00eda de los inversionistas EB-5 invierten en los CentrosRead&hellip;","_links":{"self":[{"href":"https:\/\/www.americaeb5visa.com\/es\/wp-json\/wp\/v2\/pages\/72","targetHints":{"allow":["GET"]}}],"collection":[{"href":"https:\/\/www.americaeb5visa.com\/es\/wp-json\/wp\/v2\/pages"}],"about":[{"href":"https:\/\/www.americaeb5visa.com\/es\/wp-json\/wp\/v2\/types\/page"}],"author":[{"embeddable":true,"href":"https:\/\/www.americaeb5visa.com\/es\/wp-json\/wp\/v2\/users\/1"}],"replies":[{"embeddable":true,"href":"https:\/\/www.americaeb5visa.com\/es\/wp-json\/wp\/v2\/comments?post=72"}],"version-history":[{"count":0,"href":"https:\/\/www.americaeb5visa.com\/es\/wp-json\/wp\/v2\/pages\/72\/revisions"}],"wp:attachment":[{"href":"https:\/\/www.americaeb5visa.com\/es\/wp-json\/wp\/v2\/media?parent=72"}],"curies":[{"name":"wp","href":"https:\/\/api.w.org\/{rel}","templated":true}]}}