{"id":128,"date":"2017-03-15T18:54:36","date_gmt":"2017-03-15T18:54:36","guid":{"rendered":"http:\/\/www.americaeb5visa.com\/?page_id=128"},"modified":"2022-03-25T05:31:50","modified_gmt":"2022-03-25T05:31:50","slug":"what-is-eb-5","status":"publish","type":"page","link":"https:\/\/www.americaeb5visa.com\/fr\/what-is-eb-5\/","title":{"rendered":"Qu&#8217;est-ce qu&#8217;un visa EB-5?"},"content":{"rendered":"<div id=\"pl-128\"  class=\"panel-layout\" ><div id=\"pg-128-0\"  class=\"panel-grid panel-has-style\" ><div class=\"siteorigin-panels-stretch panel-row-style panel-row-style-for-128-0\" data-stretch-type=\"full-stretched\" ><div id=\"pgc-128-0-0\"  class=\"panel-grid-cell\" ><div id=\"panel-128-0-0-0\" class=\"so-panel widget widget_sow-hero panel-first-child panel-last-child\" data-index=\"0\" ><div\n\t\t\t\n\t\t\tclass=\"so-widget-sow-hero so-widget-sow-hero-default-3d3f69fb2c42-128 so-widget-fittext-wrapper\"\n\t\t\t data-fit-text-compressor=\"0.85\"\n\t\t>\t\t\t\t<div class=\"sow-slider-base\" style=\"display: none\" tabindex=\"0\">\n\t\t\t\t\t<ul\n\t\t\t\t\tclass=\"sow-slider-images\"\n\t\t\t\t\tdata-settings=\"{&quot;pagination&quot;:true,&quot;speed&quot;:800,&quot;timeout&quot;:8000,&quot;paused&quot;:false,&quot;pause_on_hover&quot;:false,&quot;swipe&quot;:true,&quot;nav_always_show_desktop&quot;:&quot;&quot;,&quot;nav_always_show_mobile&quot;:&quot;&quot;,&quot;breakpoint&quot;:&quot;780px&quot;,&quot;unmute&quot;:false,&quot;anchor&quot;:null}\"\n\t\t\t\t\tstyle=\"min-height: 600px\"\t\t\t\t\tdata-anchor-id=\"\"\n\t\t\t\t>\t\t<li class=\"sow-slider-image  sow-slider-image-cover\" style=\"visibility: visible;;background-color: #333333;background-image: url(https:\/\/www.americaeb5visa.com\/fr\/wp-content\/uploads\/sites\/15\/2017\/03\/EB5Death_to_Stock_Photography_NYC_Skyline_2.jpg)\" >\n\t\t\t\t\t<div class=\"sow-slider-image-container\">\n\t\t\t<div class=\"sow-slider-image-wrapper\">\n\t\t\t\t<h1 style=\"text-align: center\">Qu'est-ce qu'un visa EB-5?<\/h1><h1 class=\"text-center\" style=\"text-align: center\">\u00a0<\/h1><h2 style=\"text-align: center\">Le programme d'investisseurs qui m\u00e8ne \u00e0 la r\u00e9sidence permanente aux \u00c9tats-Unis.\u00a0\u00a0\u00a0\u00a0<\/h2>\t\t\t<\/div>\n\t\t<\/div>\n\t\t\t\t<\/li>\n\t\t<\/ul>\t\t\t\t<ol class=\"sow-slider-pagination\">\n\t\t\t\t\t\t\t\t\t\t\t<li><a href=\"#\" data-goto=\"0\" aria-label=\"Display slide 1\"><\/a><\/li>\n\t\t\t\t\t\t\t\t\t<\/ol>\n\n\t\t\t\t<div class=\"sow-slide-nav sow-slide-nav-next\">\n\t\t\t\t\t<a href=\"#\" data-goto=\"next\" aria-label=\"Next slide\" data-action=\"next\">\n\t\t\t\t\t\t<em class=\"sow-sld-icon-thin-right\"><\/em>\n\t\t\t\t\t<\/a>\n\t\t\t\t<\/div>\n\n\t\t\t\t<div class=\"sow-slide-nav sow-slide-nav-prev\">\n\t\t\t\t\t<a href=\"#\" data-goto=\"previous\" aria-label=\"Previous slide\" data-action=\"prev\">\n\t\t\t\t\t\t<em class=\"sow-sld-icon-thin-left\"><\/em>\n\t\t\t\t\t<\/a>\n\t\t\t\t<\/div>\n\t\t\t\t<\/div><\/div><\/div><\/div><\/div><\/div><div id=\"pg-128-1\"  class=\"panel-grid panel-has-style\" ><div class=\"panel-row-style panel-row-style-for-128-1\" ><div id=\"pgc-128-1-0\"  class=\"panel-grid-cell\" ><div id=\"panel-128-1-0-0\" class=\"so-panel widget widget_sow-editor panel-first-child panel-last-child\" data-index=\"1\" ><div\n\t\t\t\n\t\t\tclass=\"so-widget-sow-editor so-widget-sow-editor-base\"\n\t\t\t\n\t\t>\n<div class=\"siteorigin-widget-tinymce textwidget\">\n\t<h1><strong>Qu'est-ce qu'un visa EB-5? <\/strong><\/h1>\n<p>Si vous \u00eates citoyen d'un pays autre que les \u00c9tats-Unis et que vous cherchez \u00e0 vivre en Am\u00e9rique, vous devriez envisager de postuler pour le programme d'investisseurs immigrants EB-5, administr\u00e9 par les Services de Citoyennet\u00e9 et d'Immigration (USCIS) des \u00c9tats-Unis. Participer au programme EB-5 signifie faire un investissement en capital, et d\u00e8s lors que l'USCIS d\u00e9termine que l'entreprise r\u00e9ceptrice de votre investissement est admissible au programme EB-5, alors vous, votre conjoint et vos enfants de moins de 21 ans ont le droit d'obtenir une \u00abcarte verte\u00bb de r\u00e9sidence permanente des \u00c9tats-Unis.<\/p>\n<h1><strong>Quelles sont les exigences du Visa EB-5? <\/strong><\/h1>\n<p>Les demandeurs de visa EB-5 sont tenus d'investir au moins 800,000$ dans un projet d'un Centre R\u00e9gional \u00e0 condition que l'investissement se situe dans une zone \u00e0 ch\u00f4mage \u00e9lev\u00e9 ou dans une zone rurale aux \u00c9tats-Unis. Si ces conditions ne sont pas remplies, l'investissement minimal admissible devient 1,050,000 de dollars. Lorsque ces fonds sont d\u00e9ploy\u00e9s dans l'\u00e9conomie, ils doivent g\u00e9n\u00e9rer au moins 10 emplois \u00e0 plein temps pour les travailleurs am\u00e9ricains. L'investisseur n'a pas \u00e0 se soucier du moment de la cr\u00e9ation de ces emplois. Une fois que l'investisseur re\u00e7oit son statut de r\u00e9sidence permanente conditionnelle, la soci\u00e9t\u00e9 de r\u00e9ception aura alors deux ans pour g\u00e9n\u00e9rer dix emplois ou plus afin que l'investisseur change son statut de conditionnel \u00e0 permanent.<\/p>\n<\/div>\n<\/div><\/div><\/div><\/div><\/div><\/div>","protected":false},"excerpt":{"rendered":"<p>Qu&#8217;est-ce qu&#8217;un visa EB-5? Si vous \u00eates citoyen d&#8217;un pays autre que les \u00c9tats-Unis et que vous cherchez \u00e0 vivre en Am\u00e9rique, vous devriez envisager de postuler pour le programme d&#8217;investisseurs immigrants EB-5, administr\u00e9 par les Services de Citoyennet\u00e9 et d&#8217;Immigration (USCIS) des \u00c9tats-Unis. Participer au programme EB-5 signifie faire un investissement en capital, et<a class=\"moretag\" href=\"https:\/\/www.americaeb5visa.com\/fr\/what-is-eb-5\/\"><span class=\"screen-reader-text\">Read more about Qu&#8217;est-ce qu&#8217;un visa EB-5?<\/span>[&#8230;]<\/a><\/p>\n","protected":false},"author":1,"featured_media":0,"parent":0,"menu_order":9,"comment_status":"closed","ping_status":"closed","template":"","meta":{"_acf_changed":false,"_monsterinsights_skip_tracking":false,"_monsterinsights_sitenote_active":false,"_monsterinsights_sitenote_note":"","_monsterinsights_sitenote_category":0,"footnotes":""},"class_list":["post-128","page","type-page","status-publish","hentry"],"acf":[],"rttpg_featured_image_url":null,"rttpg_author":{"display_name":"AdminNIso","author_link":"https:\/\/www.americaeb5visa.com\/fr\/blog\/author\/admin\/"},"rttpg_comment":0,"rttpg_category":null,"rttpg_excerpt":"Qu'est-ce qu'un visa EB-5? Si vous \u00eates citoyen d'un pays autre que les \u00c9tats-Unis et que vous cherchez \u00e0 vivre en Am\u00e9rique, vous devriez envisager de postuler pour le programme d'investisseurs immigrants EB-5, administr\u00e9 par les Services de Citoyennet\u00e9 et d'Immigration (USCIS) des \u00c9tats-Unis. Participer au programme EB-5 signifie faire un investissement en capital, etRead&hellip;","_links":{"self":[{"href":"https:\/\/www.americaeb5visa.com\/fr\/wp-json\/wp\/v2\/pages\/128","targetHints":{"allow":["GET"]}}],"collection":[{"href":"https:\/\/www.americaeb5visa.com\/fr\/wp-json\/wp\/v2\/pages"}],"about":[{"href":"https:\/\/www.americaeb5visa.com\/fr\/wp-json\/wp\/v2\/types\/page"}],"author":[{"embeddable":true,"href":"https:\/\/www.americaeb5visa.com\/fr\/wp-json\/wp\/v2\/users\/1"}],"replies":[{"embeddable":true,"href":"https:\/\/www.americaeb5visa.com\/fr\/wp-json\/wp\/v2\/comments?post=128"}],"version-history":[{"count":0,"href":"https:\/\/www.americaeb5visa.com\/fr\/wp-json\/wp\/v2\/pages\/128\/revisions"}],"wp:attachment":[{"href":"https:\/\/www.americaeb5visa.com\/fr\/wp-json\/wp\/v2\/media?parent=128"}],"curies":[{"name":"wp","href":"https:\/\/api.w.org\/{rel}","templated":true}]}}