{"id":45,"date":"2017-03-13T22:03:22","date_gmt":"2017-03-13T22:03:22","guid":{"rendered":"http:\/\/www.americaeb5visa.com\/?page_id=45"},"modified":"2025-02-09T11:30:16","modified_gmt":"2025-02-09T11:30:16","slug":"who-are-we","status":"publish","type":"page","link":"https:\/\/www.americaeb5visa.com\/fr\/who-are-we\/","title":{"rendered":"Who are we?"},"content":{"rendered":"<div id=\"pl-45\"  class=\"panel-layout\" ><div id=\"pg-45-0\"  class=\"panel-grid panel-has-style\" ><div class=\"siteorigin-panels-stretch panel-row-style panel-row-style-for-45-0\" data-stretch-type=\"full-stretched\" ><div id=\"pgc-45-0-0\"  class=\"panel-grid-cell\" ><div id=\"panel-45-0-0-0\" class=\"so-panel widget widget_sow-hero panel-first-child panel-last-child\" data-index=\"0\" ><div\n\t\t\t\n\t\t\tclass=\"so-widget-sow-hero so-widget-sow-hero-default-89b41ad833c8-45 so-widget-fittext-wrapper\"\n\t\t\t data-fit-text-compressor=\"0.85\"\n\t\t>\t\t\t\t<div class=\"sow-slider-base\" style=\"display: none\" tabindex=\"0\">\n\t\t\t\t\t<ul\n\t\t\t\t\tclass=\"sow-slider-images\"\n\t\t\t\t\tdata-settings=\"{&quot;pagination&quot;:true,&quot;speed&quot;:800,&quot;timeout&quot;:8000,&quot;paused&quot;:false,&quot;pause_on_hover&quot;:false,&quot;swipe&quot;:true,&quot;nav_always_show_desktop&quot;:&quot;&quot;,&quot;nav_always_show_mobile&quot;:&quot;&quot;,&quot;breakpoint&quot;:&quot;780px&quot;,&quot;unmute&quot;:false,&quot;anchor&quot;:null}\"\n\t\t\t\t\tstyle=\"min-height: 500px\"\t\t\t\t\tdata-anchor-id=\"\"\n\t\t\t\t>\t\t<li class=\"sow-slider-image  sow-slider-image-cover\" style=\"visibility: visible;;background-color: #333333;background-image: url(https:\/\/www.americaeb5visa.com\/fr\/wp-content\/uploads\/sites\/15\/2017\/03\/WhoareWeAdobeStock_25409363.jpg)\" >\n\t\t\t\t\t<div class=\"sow-slider-image-container\">\n\t\t\t<div class=\"sow-slider-image-wrapper\">\n\t\t\t\t<h1 style=\"text-align: center\">En quoi sommes nous meilleurs? Compr\u00e9hension.<\/h1><h2 style=\"text-align: center\">\u00a0<\/h2><h3 style=\"text-align: center\">Notre \u00e9quipe est enti\u00e8rement compos\u00e9e de professionnels sp\u00e9cialement qualifi\u00e9s qui a partag\u00e9 votre r\u00eave d'immigrer aux \u00c9tats-Unis.<\/h3>\t\t\t<\/div>\n\t\t<\/div>\n\t\t\t\t<\/li>\n\t\t<\/ul>\t\t\t\t<ol class=\"sow-slider-pagination\">\n\t\t\t\t\t\t\t\t\t\t\t<li><a href=\"#\" data-goto=\"0\" aria-label=\"Display slide 1\"><\/a><\/li>\n\t\t\t\t\t\t\t\t\t<\/ol>\n\n\t\t\t\t<div class=\"sow-slide-nav sow-slide-nav-next\">\n\t\t\t\t\t<a href=\"#\" data-goto=\"next\" aria-label=\"Next slide\" data-action=\"next\">\n\t\t\t\t\t\t<em class=\"sow-sld-icon-thin-right\"><\/em>\n\t\t\t\t\t<\/a>\n\t\t\t\t<\/div>\n\n\t\t\t\t<div class=\"sow-slide-nav sow-slide-nav-prev\">\n\t\t\t\t\t<a href=\"#\" data-goto=\"previous\" aria-label=\"Previous slide\" data-action=\"prev\">\n\t\t\t\t\t\t<em class=\"sow-sld-icon-thin-left\"><\/em>\n\t\t\t\t\t<\/a>\n\t\t\t\t<\/div>\n\t\t\t\t<\/div><\/div><\/div><\/div><\/div><\/div><div id=\"pg-45-1\"  class=\"panel-grid panel-no-style\" ><div id=\"pgc-45-1-0\"  class=\"panel-grid-cell\" ><div id=\"panel-45-1-0-0\" class=\"so-panel widget widget_sow-editor panel-first-child panel-last-child\" data-index=\"1\" ><div\n\t\t\t\n\t\t\tclass=\"so-widget-sow-editor so-widget-sow-editor-base\"\n\t\t\t\n\t\t>\n<div class=\"siteorigin-widget-tinymce textwidget\">\n\t<h2 style=\"text-align: center;\">30 ans<\/h2>\n<p>Notre \u00e9quipe est enti\u00e8rement compos\u00e9e de professionnels sp\u00e9cialement qualifi\u00e9s qui ont d\u00e9j\u00e0 partag\u00e9 votre r\u00eave d'immigrer aux \u00c9tats-Unis. Nous comprenons vos appr\u00e9hensions, vos soucis et vos peurs. Plus important encore, nous comprenons que chaque situation est diff\u00e9rente. Notre direction a travaill\u00e9 sur Wall Street depuis plus de 30 ans, structurant les op\u00e9rations \u00e0 revenu fixe et lisant des m\u00e9morandums compliqu\u00e9s de placement priv\u00e9. Nous sommes habitu\u00e9s \u00e0 identifier une grande partie, sinon tous les risques inh\u00e9rents \u00e0 chaque investissement. Nous travaillons sur la formulation de mitigants directs et indirects pour aider \u00e0 att\u00e9nuer les pr\u00e9occupations que les investisseurs pourraient avoir. Ces risques ne peuvent \u00eatre identifi\u00e9s ni att\u00e9nu\u00e9s gr\u00e2ce \u00e0 une lecture simple des documents.<\/p>\n<p>De cette fa\u00e7on, nous nous distinguons parmi les professionnels locaux typiques qui pourraient uniquement compter sur la r\u00e9putation mondiale de l'entreprise immobili\u00e8re sponsorisante. Nous appr\u00e9cions votre d\u00e9sir de comprendre les d\u00e9tails plus pr\u00e9cis de votre investissement. Par cons\u00e9quent, en utilisant notre contexte de banque d'investissement, nous pouvons mettre en \u00e9vidence les points essentiels de pr\u00e9occupation ainsi que les points d'avantage de chaque projet.<\/p>\n<\/div>\n<\/div><\/div><\/div><\/div><div id=\"pg-45-2\"  class=\"panel-grid panel-has-style\" ><div class=\"siteorigin-panels-stretch panel-row-style panel-row-style-for-45-2\" data-stretch-type=\"full\" ><div id=\"pgc-45-2-0\"  class=\"panel-grid-cell\" ><div id=\"panel-45-2-0-0\" class=\"so-panel widget widget_sow-image panel-first-child\" data-index=\"2\" ><div\n\t\t\t\n\t\t\tclass=\"so-widget-sow-image so-widget-sow-image-default-c67d20f9f743-45\"\n\t\t\t\n\t\t>\n<div class=\"sow-image-container\">\n\t\t<img fetchpriority=\"high\" \n\tsrc=\"https:\/\/www.americaeb5visa.com\/fr\/wp-content\/uploads\/sites\/15\/2017\/03\/marko-300x300.png\" width=\"300\" height=\"300\" srcset=\"https:\/\/www.americaeb5visa.com\/fr\/wp-content\/uploads\/sites\/15\/2017\/03\/marko-300x300.png 300w, https:\/\/www.americaeb5visa.com\/fr\/wp-content\/uploads\/sites\/15\/2017\/03\/marko-150x150.png 150w, https:\/\/www.americaeb5visa.com\/fr\/wp-content\/uploads\/sites\/15\/2017\/03\/marko-24x24.png 24w, https:\/\/www.americaeb5visa.com\/fr\/wp-content\/uploads\/sites\/15\/2017\/03\/marko-36x36.png 36w, https:\/\/www.americaeb5visa.com\/fr\/wp-content\/uploads\/sites\/15\/2017\/03\/marko-48x48.png 48w, https:\/\/www.americaeb5visa.com\/fr\/wp-content\/uploads\/sites\/15\/2017\/03\/marko.png 427w\" sizes=\"(max-width: 300px) 100vw, 300px\" alt=\"\" \t\tclass=\"so-widget-image\"\/>\n\t<\/div>\n\n<\/div><\/div><div id=\"panel-45-2-0-1\" class=\"so-panel widget widget_sow-editor\" data-index=\"3\" ><div\n\t\t\t\n\t\t\tclass=\"so-widget-sow-editor so-widget-sow-editor-base\"\n\t\t\t\n\t\t>\n<div class=\"siteorigin-widget-tinymce textwidget\">\n\t<h2 class=\"text-center mg-md\" style=\"text-align: center;\">Marko Issever<\/h2>\n<h3 style=\"text-align: center;\">Directeur g\u00e9n\u00e9ral<\/h3>\n<\/div>\n<\/div><\/div><div id=\"panel-45-2-0-2\" class=\"so-panel widget widget_sow-image panel-last-child\" data-index=\"4\" ><div\n\t\t\t\n\t\t\tclass=\"so-widget-sow-image so-widget-sow-image-default-c67d20f9f743-45\"\n\t\t\t\n\t\t>\n<div class=\"sow-image-container\">\n\t\t<img \n\tsrc=\"https:\/\/www.americaeb5visa.com\/fr\/wp-content\/uploads\/sites\/15\/2017\/03\/badge-broker-dealer.png\" width=\"224\" height=\"170\" srcset=\"https:\/\/www.americaeb5visa.com\/fr\/wp-content\/uploads\/sites\/15\/2017\/03\/badge-broker-dealer.png 224w, https:\/\/www.americaeb5visa.com\/fr\/wp-content\/uploads\/sites\/15\/2017\/03\/badge-broker-dealer-24x18.png 24w, https:\/\/www.americaeb5visa.com\/fr\/wp-content\/uploads\/sites\/15\/2017\/03\/badge-broker-dealer-36x27.png 36w, https:\/\/www.americaeb5visa.com\/fr\/wp-content\/uploads\/sites\/15\/2017\/03\/badge-broker-dealer-48x36.png 48w\" sizes=\"(max-width: 224px) 100vw, 224px\" alt=\"\" \t\tclass=\"so-widget-image\"\/>\n\t<\/div>\n\n<\/div><\/div><\/div><div id=\"pgc-45-2-1\"  class=\"panel-grid-cell\" ><div id=\"panel-45-2-1-0\" class=\"so-panel widget widget_sow-editor panel-first-child panel-last-child\" data-index=\"5\" ><div\n\t\t\t\n\t\t\tclass=\"so-widget-sow-editor so-widget-sow-editor-base\"\n\t\t\t\n\t\t>\n<div class=\"siteorigin-widget-tinymce textwidget\">\n\t<p>Notre fondateur et PDG, Mr. Marko Issever a rejoint Riverside Management Group en tant que directeur g\u00e9n\u00e9ral en mai 2016 afin de mener, entre autres, les activit\u00e9s d'agrandissement et de placement de l'EB-5 dans l'entreprise, et ce, par l'interm\u00e9diaire de sa filiale en propri\u00e9t\u00e9 exclusive, BCW Securities LLC.<br \/>\nIl est \u00e9galement le partenaire fondateur de BH Capital Management, LLC, une soci\u00e9t\u00e9 d'investissement immobilier sp\u00e9cialis\u00e9e dans les opportunit\u00e9s de d\u00e9veloppement et d'investissement.<br \/>\nAvant de rejoindre RMG et d'\u00e9tablir BHCM, Mr. Issever \u00e9tait administrateur d\u00e9l\u00e9gu\u00e9 \u00e0 The Bank of New York Mellon Global &amp; Capital Markets, qui dirige l'activit\u00e9 d\u00e9riv\u00e9e de l'entreprise aupr\u00e8s des institutions financi\u00e8res \u00e0 l'\u00e9chelle mondiale.<br \/>\nMr. Issever est \u00e0 Wall Street depuis plus de 30 ans et a \u00e9galement \u00e9t\u00e9 membre fondateur de l'activit\u00e9 d\u00e9riv\u00e9e de Sakura Global Capital, une filiale bancaire japonaise qui a ensuite fusionn\u00e9 avec Sumitomo Capital Markets pour former SMBC Capital Markets. Mr. Issever a commenc\u00e9 sa carri\u00e8re \u00e0 Wall Street dans le Groupe des strat\u00e9gies financi\u00e8res de Prudential Securities, o\u00f9 il s'est sp\u00e9cialis\u00e9 dans les possibilit\u00e9s d'investissement soutenus par des hypoth\u00e8ques telles que les op\u00e9rations d'arbitrage contr\u00f4l\u00e9es par les risques, ainsi que d'autres titrisations assorties d'actifs, y compris la titrisation de pr\u00eats de titulaires de polices.<br \/>\nMr. Issever est dipl\u00f4m\u00e9 de la Wharton School of University of Pennsylvania, o\u00f9 il a obtenu son MBA en finance et en MA en \u00e9conomie. Avant d'aller \u00e0 Wharton, il a \u00e9t\u00e9 dipl\u00f4m\u00e9 de l'Universit\u00e9 Bogazici et du Robert College, situ\u00e9 \u00e0 Istanbul.<br \/>\nIl parle couramment l'anglais, le Turc (natif) et l'Espagnol Ladino.<br \/>\nIl est le pr\u00e9sident fondateur d'Aleph Learning Center, un organisme de sensibilisation juif et membre du conseil d'administration de Manhattan Sephardic Congregation.<br \/>\nIl d\u00e9tient les licences de titres des s\u00e9ries 7 et 63.<br \/>\nIl vit avec sa femme et ses trois enfants \u00e0 New York City.<\/p>\n<\/div>\n<\/div><\/div><\/div><\/div><\/div><div id=\"pg-45-3\"  class=\"panel-grid panel-has-style\" ><div class=\"siteorigin-panels-stretch panel-row-style panel-row-style-for-45-3\" data-stretch-type=\"full\" ><div id=\"pgc-45-3-0\"  class=\"panel-grid-cell\" ><div id=\"panel-45-3-0-0\" class=\"so-panel widget widget_sow-editor panel-first-child panel-last-child\" data-index=\"6\" ><div\n\t\t\t\n\t\t\tclass=\"so-widget-sow-editor so-widget-sow-editor-base\"\n\t\t\t\n\t\t>\n<div class=\"siteorigin-widget-tinymce textwidget\">\n\t<p>Niso Zakuto est le directeur marketing de America EB-5 Visa. Son principal objectif est de contacter les citoyens turcs qui souhaitent immigrer aux \u00c9tats-Unis et les aider avec le processus EB5. Avant de rejoindre l'entreprise, Niso a travaill\u00e9 comme d\u00e9veloppeur de logiciels chez PrefectedTech \u00e0 J\u00e9rusalem. Niso travaille depuis plus de sept ans dans l'industrie informatique. En terminant son baccalaur\u00e9at en technologie informatique et en informatique de l'Universit\u00e9 d'Okan \u00e0 Istanbul, Niso a travaill\u00e9 comme analyste chez Corvega, une soci\u00e9t\u00e9 de d\u00e9veloppement de logiciels. Niso aime relever les d\u00e9fis et esp\u00e8re utiliser ses connaissances internationales ainsi que ses comp\u00e9tences de d\u00e9veloppement logiciel pour \u00e9tendre la port\u00e9e d'America EB-5 Visa.<\/p>\n<\/div>\n<\/div><\/div><\/div><div id=\"pgc-45-3-1\"  class=\"panel-grid-cell\" ><div id=\"panel-45-3-1-0\" class=\"so-panel widget widget_sow-image panel-first-child\" data-index=\"7\" ><div\n\t\t\t\n\t\t\tclass=\"so-widget-sow-image so-widget-sow-image-default-c67d20f9f743-45\"\n\t\t\t\n\t\t>\n<div class=\"sow-image-container\">\n\t\t<img \n\tsrc=\"https:\/\/www.americaeb5visa.com\/fr\/wp-content\/uploads\/sites\/15\/2017\/03\/niso-300x300.png\" width=\"300\" height=\"300\" srcset=\"https:\/\/www.americaeb5visa.com\/fr\/wp-content\/uploads\/sites\/15\/2017\/03\/niso-300x300.png 300w, https:\/\/www.americaeb5visa.com\/fr\/wp-content\/uploads\/sites\/15\/2017\/03\/niso-150x150.png 150w, https:\/\/www.americaeb5visa.com\/fr\/wp-content\/uploads\/sites\/15\/2017\/03\/niso-24x24.png 24w, https:\/\/www.americaeb5visa.com\/fr\/wp-content\/uploads\/sites\/15\/2017\/03\/niso-36x36.png 36w, https:\/\/www.americaeb5visa.com\/fr\/wp-content\/uploads\/sites\/15\/2017\/03\/niso-48x48.png 48w, https:\/\/www.americaeb5visa.com\/fr\/wp-content\/uploads\/sites\/15\/2017\/03\/niso.png 427w\" sizes=\"(max-width: 300px) 100vw, 300px\" alt=\"\" \t\tclass=\"so-widget-image\"\/>\n\t<\/div>\n\n<\/div><\/div><div id=\"panel-45-3-1-1\" class=\"so-panel widget widget_sow-editor panel-last-child\" data-index=\"8\" ><div\n\t\t\t\n\t\t\tclass=\"so-widget-sow-editor so-widget-sow-editor-base\"\n\t\t\t\n\t\t>\n<div class=\"siteorigin-widget-tinymce textwidget\">\n\t<h2 class=\"text-center mg-md\" style=\"text-align: center;\">Niso Zakuto<\/h2>\n<h3 style=\"text-align: center;\">Directeur marketing<\/h3>\n<\/div>\n<\/div><\/div><\/div><\/div><\/div><div id=\"pg-45-4\"  class=\"panel-grid panel-has-style\" ><div class=\"siteorigin-panels-stretch panel-row-style panel-row-style-for-45-4\" data-stretch-type=\"full\" ><div id=\"pgc-45-4-0\"  class=\"panel-grid-cell\" ><div id=\"panel-45-4-0-0\" class=\"so-panel widget widget_sow-image panel-first-child\" data-index=\"9\" ><div\n\t\t\t\n\t\t\tclass=\"so-widget-sow-image so-widget-sow-image-default-c67d20f9f743-45\"\n\t\t\t\n\t\t>\n<div class=\"sow-image-container\">\n\t\t<img loading=\"lazy\" \n\tsrc=\"https:\/\/www.americaeb5visa.com\/fr\/wp-content\/uploads\/sites\/15\/2017\/03\/esther-300x300.png\" width=\"300\" height=\"300\" srcset=\"https:\/\/www.americaeb5visa.com\/fr\/wp-content\/uploads\/sites\/15\/2017\/03\/esther-300x300.png 300w, https:\/\/www.americaeb5visa.com\/fr\/wp-content\/uploads\/sites\/15\/2017\/03\/esther-150x150.png 150w, https:\/\/www.americaeb5visa.com\/fr\/wp-content\/uploads\/sites\/15\/2017\/03\/esther-24x24.png 24w, https:\/\/www.americaeb5visa.com\/fr\/wp-content\/uploads\/sites\/15\/2017\/03\/esther-36x36.png 36w, https:\/\/www.americaeb5visa.com\/fr\/wp-content\/uploads\/sites\/15\/2017\/03\/esther-48x48.png 48w, https:\/\/www.americaeb5visa.com\/fr\/wp-content\/uploads\/sites\/15\/2017\/03\/esther.png 427w\" sizes=\"(max-width: 300px) 100vw, 300px\" alt=\"\" \t\tclass=\"so-widget-image\"\/>\n\t<\/div>\n\n<\/div><\/div><div id=\"panel-45-4-0-1\" class=\"so-panel widget widget_sow-editor panel-last-child\" data-index=\"10\" ><div\n\t\t\t\n\t\t\tclass=\"so-widget-sow-editor so-widget-sow-editor-base\"\n\t\t\t\n\t\t>\n<div class=\"siteorigin-widget-tinymce textwidget\">\n\t<h2 class=\"text-center mg-md\" style=\"text-align: center;\">Esther Malka<\/h2>\n<h3 style=\"text-align: center;\">Commercialisation<\/h3>\n<\/div>\n<\/div><\/div><\/div><div id=\"pgc-45-4-1\"  class=\"panel-grid-cell\" ><div id=\"panel-45-4-1-0\" class=\"so-panel widget widget_sow-editor panel-first-child panel-last-child\" data-index=\"11\" ><div\n\t\t\t\n\t\t\tclass=\"so-widget-sow-editor so-widget-sow-editor-base\"\n\t\t\t\n\t\t>\n<div class=\"siteorigin-widget-tinymce textwidget\">\n\t<p>\u00c0 l'origine de New York City, Esther Malka sert de coordinatrice de sensibilisation de l'Am\u00e9rique EB-5 Visa. Esther est actuellement \u00e9tudiante de premier cycle \u00e0 l'Universit\u00e9 de Yale et poursuit un double majeure en \u00e9conomie et en \u00e9tudes modernes du Moyen-Orient. \u00c0 Yale, Esther est la coordinatrice de la sensibilisation de REACH, un programme con\u00e7u pour associer les \u00e9tudiants de premier cycle de Yale aux a\u00een\u00e9s du secondaire pour les guider tout au long du processus universitaire. Esther est \u00e9galement coordinatrice de la comp\u00e9tition du MMATHS, un concours national de math\u00e9matiques des lyc\u00e9es, tenu \u00e0 Yale. elle est en communication constante avec les administrateurs du secondaire qui font la promotion du MMATHS et de la comp\u00e9tition. Pr\u00e9c\u00e9demment, Esther a pass\u00e9 une ann\u00e9e \u00e0 \u00e9tudier \u00e0 Beit Chana Tzfat, en Isra\u00ebl, en prenant des cours dans les communications. En utilisant ses comp\u00e9tences en communication ainsi que ses connaissances en \u00e9tudes et en \u00e9conomie internationales, Esther s'efforce de cr\u00e9er un environnement \u00e0 la pointe tout en \u00e9tant emphatique, \u00e0 l'Am\u00e9rique EB-5 Visa, afin que nos investisseurs, nos promoteurs immobiliers et nos clients du Centre R\u00e9gional se sentent plus \u00e0 l'aise avec nos services.<\/p>\n<\/div>\n<\/div><\/div><\/div><\/div><\/div><div id=\"pg-45-5\"  class=\"panel-grid panel-has-style\" ><div class=\"siteorigin-panels-stretch panel-row-style panel-row-style-for-45-5\" data-stretch-type=\"full\" ><div id=\"pgc-45-5-0\"  class=\"panel-grid-cell\" ><div id=\"panel-45-5-0-0\" class=\"so-panel widget widget_sow-editor panel-first-child panel-last-child\" data-index=\"12\" ><div\n\t\t\t\n\t\t\tclass=\"so-widget-sow-editor so-widget-sow-editor-base\"\n\t\t\t\n\t\t>\n<div class=\"siteorigin-widget-tinymce textwidget\">\n\t<div dir=\"auto\">N\u00e9 et instruit en France, Shalom est dipl\u00f4m\u00e9 de l\u2019\u00e9cole rabbinique Central Tomchei Timim \u00e0 New York et a obtenu son ordination rabbinique avec distinction. Avant cela, il a fr\u00e9quent\u00e9 la division de la m\u00eame \u00e9cole \u00e0 Brunoy, en France. Il est le coordinateur europ\u00e9en d\u2019America EB5 Visa. En outre, il fait partie du corps dirigeant le Manhattan Kollel dans l'Upper East Side de Manhattan. Le Manhattan Kollel est une filiale de Manhattan Sephardic Congregation o\u00f9 Shalom est \u00e9galement directeur de l'\u00e9cole d\u2019h\u00e9breu et chef d'administration. Tant dans son poste de supervision du Manhattan Kollel que dans son poste \u00e0 la congr\u00e9gation s\u00e9pharade de Manhattan, Shalom a l'opportunit\u00e9 d'interagir de mani\u00e8re tr\u00e8s personnelle avec des immigrants du Moyen-Orient, d'Afrique du Nord, du Canada et de pays francophones comme la France, la Belgique, le Luxembourg et la Suisse.<\/div>\n<div dir=\"auto\"><\/div>\n<div dir=\"auto\">En tant qu'immigrant aux \u00c9tats-Unis lui-m\u00eame, Shalom s\u2019identifie aux d\u00e9fis uniques de chaque client cherchant un visa EB5 de notre entreprise. Parlant couramment sa langue maternelle, l\u2019anglais et l'h\u00e9breu, Shalom constitue une ressource inestimable pour les citoyens qui \u00e9migrent de pays \u00e9trangers o\u00f9 ces langues sont parl\u00e9es.<\/div>\n<div dir=\"auto\"><\/div>\n<div dir=\"auto\">Interrog\u00e9 sur les valeurs les plus importantes pour Shalom, il \u00e9num\u00e8re le professionnalisme, l'humilit\u00e9, le d\u00e9vouement, la fiabilit\u00e9 et la diligence au plus haut niveau. Dans son temps libre, Shalom est un joueur d'\u00e9checs passionn\u00e9, un passionn\u00e9 d'arts martiaux et un cuisinier. Les clients de Shalom trouvent extr\u00eamement r\u00e9confortant de savoir que m\u00eame si l'immigration via le processus d'investissement est compliqu\u00e9e, ils peuvent compter sur leur conseiller dont l'int\u00e9grit\u00e9, la connaissance et surtout l'honn\u00eatet\u00e9 se manifeste dans tout ce qu\u2019il entreprend.<\/div>\n<\/div>\n<\/div><\/div><\/div><div id=\"pgc-45-5-1\"  class=\"panel-grid-cell\" ><div id=\"panel-45-5-1-0\" class=\"so-panel widget widget_sow-image panel-first-child\" data-index=\"13\" ><div\n\t\t\t\n\t\t\tclass=\"so-widget-sow-image so-widget-sow-image-default-c67d20f9f743-45\"\n\t\t\t\n\t\t>\n<div class=\"sow-image-container\">\n\t\t<img loading=\"lazy\" \n\tsrc=\"https:\/\/www.americaeb5visa.com\/fr\/wp-content\/uploads\/sites\/15\/2018\/06\/Shalom-300x300.png\" width=\"300\" height=\"300\" srcset=\"https:\/\/www.americaeb5visa.com\/fr\/wp-content\/uploads\/sites\/15\/2018\/06\/Shalom-300x300.png 300w, https:\/\/www.americaeb5visa.com\/fr\/wp-content\/uploads\/sites\/15\/2018\/06\/Shalom-150x150.png 150w, https:\/\/www.americaeb5visa.com\/fr\/wp-content\/uploads\/sites\/15\/2018\/06\/Shalom-24x24.png 24w, https:\/\/www.americaeb5visa.com\/fr\/wp-content\/uploads\/sites\/15\/2018\/06\/Shalom-36x36.png 36w, https:\/\/www.americaeb5visa.com\/fr\/wp-content\/uploads\/sites\/15\/2018\/06\/Shalom-48x48.png 48w, https:\/\/www.americaeb5visa.com\/fr\/wp-content\/uploads\/sites\/15\/2018\/06\/Shalom.png 427w\" sizes=\"(max-width: 300px) 100vw, 300px\" alt=\"\" \t\tclass=\"so-widget-image\"\/>\n\t<\/div>\n\n<\/div><\/div><div id=\"panel-45-5-1-1\" class=\"so-panel widget widget_sow-editor panel-last-child\" data-index=\"14\" ><div\n\t\t\t\n\t\t\tclass=\"so-widget-sow-editor so-widget-sow-editor-base\"\n\t\t\t\n\t\t>\n<div class=\"siteorigin-widget-tinymce textwidget\">\n\t<h2 class=\"text-center mg-md\" style=\"text-align: center;\">R. Shalom Sibony<\/h2>\n<h4 dir=\"auto\" style=\"text-align: center;\">Coordinateur europ\u00e9en<\/h4>\n<\/div>\n<\/div><\/div><\/div><\/div><\/div><div id=\"pg-45-6\"  class=\"panel-grid panel-has-style\" ><div class=\"siteorigin-panels-stretch panel-row-style panel-row-style-for-45-6\" data-stretch-type=\"full\" ><div id=\"pgc-45-6-0\"  class=\"panel-grid-cell\" ><div id=\"panel-45-6-0-0\" class=\"so-panel widget widget_sow-image panel-first-child\" data-index=\"15\" ><div\n\t\t\t\n\t\t\tclass=\"so-widget-sow-image so-widget-sow-image-default-c67d20f9f743-45\"\n\t\t\t\n\t\t>\n<div class=\"sow-image-container\">\n\t\t<img loading=\"lazy\" \n\tsrc=\"https:\/\/www.americaeb5visa.com\/fr\/wp-content\/uploads\/sites\/15\/2017\/12\/IMG-20170828-WA0039-203x300-203x300.jpg\" width=\"203\" height=\"300\" srcset=\"https:\/\/www.americaeb5visa.com\/fr\/wp-content\/uploads\/sites\/15\/2017\/12\/IMG-20170828-WA0039-203x300.jpg 203w, https:\/\/www.americaeb5visa.com\/fr\/wp-content\/uploads\/sites\/15\/2017\/12\/IMG-20170828-WA0039-203x300-16x24.jpg 16w, https:\/\/www.americaeb5visa.com\/fr\/wp-content\/uploads\/sites\/15\/2017\/12\/IMG-20170828-WA0039-203x300-24x36.jpg 24w, https:\/\/www.americaeb5visa.com\/fr\/wp-content\/uploads\/sites\/15\/2017\/12\/IMG-20170828-WA0039-203x300-32x48.jpg 32w\" sizes=\"(max-width: 203px) 100vw, 203px\" title=\"IMG-20170828-WA0039-203&#215;300\" alt=\"\" \t\tclass=\"so-widget-image\"\/>\n\t<\/div>\n\n<\/div><\/div><div id=\"panel-45-6-0-1\" class=\"so-panel widget widget_sow-editor panel-last-child\" data-index=\"16\" ><div\n\t\t\t\n\t\t\tclass=\"so-widget-sow-editor so-widget-sow-editor-base\"\n\t\t\t\n\t\t>\n<div class=\"siteorigin-widget-tinymce textwidget\">\n\t<h2 class=\"text-center mg-md\" style=\"text-align: center;\">R. Levi Sibony<\/h2>\n<\/div>\n<\/div><\/div><\/div><div id=\"pgc-45-6-1\"  class=\"panel-grid-cell\" ><div id=\"panel-45-6-1-0\" class=\"so-panel widget widget_sow-editor panel-first-child panel-last-child\" data-index=\"17\" ><div class=\"panel-widget-style panel-widget-style-for-45-6-1-0\" ><div\n\t\t\t\n\t\t\tclass=\"so-widget-sow-editor so-widget-sow-editor-base\"\n\t\t\t\n\t\t>\n<div class=\"siteorigin-widget-tinymce textwidget\">\n\t<p>N\u00e9 \u00e0 Montreuil dans la r\u00e9gion parisienne, R. Levi fit des \u00e9tudes rabbiniques sup\u00e9rieures \u00e0 la prestigieuse Yeshiva de Brunoy. R. Levi a re\u00e7u son ordination rabbinique \u00e0 Sydney en Australie, apr\u00e8s un an d'\u00e9tudes, d'enseignement et de service \u00e0 la communaut\u00e9 juive locale. Apr\u00e8s avoir re\u00e7u l'ordination rabbinique, R. Levi est revenu dans sa ville natale en France o\u00f9 il dirige les activit\u00e9s de la communaut\u00e9 juive. R. Levi est une personne, avec de grandes comp\u00e9tences en mati\u00e8re de sensibilisation et d'\u00e9ducation. Ses ant\u00e9c\u00e9dents et ses comp\u00e9tences lui conf\u00e8rent un grand atout \u00e0 la t\u00eate de notre succursale en France.<\/p>\n<\/div>\n<\/div><\/div><\/div><\/div><\/div><\/div><\/div>","protected":false},"excerpt":{"rendered":"<p>30 ansNotre \u00e9quipe est enti\u00e8rement compos\u00e9e de professionnels sp\u00e9cialement qualifi\u00e9s qui ont d\u00e9j\u00e0 partag\u00e9 votre r\u00eave d&#8217;immigrer aux \u00c9tats-Unis. Nous comprenons vos appr\u00e9hensions, vos soucis et vos peurs. Plus important encore, nous comprenons que chaque situation est diff\u00e9rente. Notre direction a travaill\u00e9 sur Wall Street depuis plus de 30 ans, structurant les op\u00e9rations \u00e0 revenu<a class=\"moretag\" href=\"https:\/\/www.americaeb5visa.com\/fr\/who-are-we\/\"><span class=\"screen-reader-text\">Read more about Who are we?<\/span>[&#8230;]<\/a><\/p>\n","protected":false},"author":1,"featured_media":0,"parent":0,"menu_order":10,"comment_status":"closed","ping_status":"closed","template":"","meta":{"_acf_changed":false,"_monsterinsights_skip_tracking":false,"_monsterinsights_sitenote_active":false,"_monsterinsights_sitenote_note":"","_monsterinsights_sitenote_category":0,"footnotes":""},"class_list":["post-45","page","type-page","status-publish","hentry"],"acf":[],"rttpg_featured_image_url":null,"rttpg_author":{"display_name":"AdminNIso","author_link":"https:\/\/www.americaeb5visa.com\/fr\/blog\/author\/admin\/"},"rttpg_comment":0,"rttpg_category":null,"rttpg_excerpt":"30 ansNotre \u00e9quipe est enti\u00e8rement compos\u00e9e de professionnels sp\u00e9cialement qualifi\u00e9s qui ont d\u00e9j\u00e0 partag\u00e9 votre r\u00eave d'immigrer aux \u00c9tats-Unis. Nous comprenons vos appr\u00e9hensions, vos soucis et vos peurs. Plus important encore, nous comprenons que chaque situation est diff\u00e9rente. Notre direction a travaill\u00e9 sur Wall Street depuis plus de 30 ans, structurant les op\u00e9rations \u00e0 revenuRead&hellip;","_links":{"self":[{"href":"https:\/\/www.americaeb5visa.com\/fr\/wp-json\/wp\/v2\/pages\/45","targetHints":{"allow":["GET"]}}],"collection":[{"href":"https:\/\/www.americaeb5visa.com\/fr\/wp-json\/wp\/v2\/pages"}],"about":[{"href":"https:\/\/www.americaeb5visa.com\/fr\/wp-json\/wp\/v2\/types\/page"}],"author":[{"embeddable":true,"href":"https:\/\/www.americaeb5visa.com\/fr\/wp-json\/wp\/v2\/users\/1"}],"replies":[{"embeddable":true,"href":"https:\/\/www.americaeb5visa.com\/fr\/wp-json\/wp\/v2\/comments?post=45"}],"version-history":[{"count":0,"href":"https:\/\/www.americaeb5visa.com\/fr\/wp-json\/wp\/v2\/pages\/45\/revisions"}],"wp:attachment":[{"href":"https:\/\/www.americaeb5visa.com\/fr\/wp-json\/wp\/v2\/media?parent=45"}],"curies":[{"name":"wp","href":"https:\/\/api.w.org\/{rel}","templated":true}]}}