{"id":57,"date":"2017-03-14T21:35:00","date_gmt":"2017-03-14T21:35:00","guid":{"rendered":"http:\/\/www.americaeb5visa.com\/?page_id=57"},"modified":"2022-03-25T05:37:07","modified_gmt":"2022-03-25T05:37:07","slug":"eb-5-due-diligence","status":"publish","type":"page","link":"https:\/\/www.americaeb5visa.com\/fr\/eb-5-due-diligence\/","title":{"rendered":"La diligence requise pour l&#8217;EB5"},"content":{"rendered":"<div id=\"pl-57\"  class=\"panel-layout\" ><div id=\"pg-57-0\"  class=\"panel-grid panel-has-style\" ><div class=\"siteorigin-panels-stretch panel-row-style panel-row-style-for-57-0\" data-stretch-type=\"full-stretched\" ><div id=\"pgc-57-0-0\"  class=\"panel-grid-cell\" ><div id=\"panel-57-0-0-0\" class=\"so-panel widget widget_sow-hero panel-first-child panel-last-child\" data-index=\"0\" ><div\n\t\t\t\n\t\t\tclass=\"so-widget-sow-hero so-widget-sow-hero-default-3d3f69fb2c42-57 so-widget-fittext-wrapper\"\n\t\t\t data-fit-text-compressor=\"0.85\"\n\t\t>\t\t\t\t<div class=\"sow-slider-base\" style=\"display: none\" tabindex=\"0\">\n\t\t\t\t\t<ul\n\t\t\t\t\tclass=\"sow-slider-images\"\n\t\t\t\t\tdata-settings=\"{&quot;pagination&quot;:true,&quot;speed&quot;:800,&quot;timeout&quot;:8000,&quot;paused&quot;:false,&quot;pause_on_hover&quot;:false,&quot;swipe&quot;:true,&quot;nav_always_show_desktop&quot;:&quot;&quot;,&quot;nav_always_show_mobile&quot;:&quot;&quot;,&quot;breakpoint&quot;:&quot;780px&quot;,&quot;unmute&quot;:false,&quot;anchor&quot;:null}\"\n\t\t\t\t\tstyle=\"min-height: 600px\"\t\t\t\t\tdata-anchor-id=\"\"\n\t\t\t\t>\t\t<li class=\"sow-slider-image  sow-slider-image-cover\" style=\"visibility: visible;;background-color: #333333;background-image: url(https:\/\/www.americaeb5visa.com\/fr\/wp-content\/uploads\/sites\/15\/2017\/03\/EB5Death_to_Stock_Photography_NYC_Skyline_2.jpg)\" >\n\t\t\t\t\t<div class=\"sow-slider-image-container\">\n\t\t\t<div class=\"sow-slider-image-wrapper\">\n\t\t\t\t<h1 style=\"text-align: center\">La diligence requise pour l'EB5<\/h1><h2 style=\"text-align: center\">Assurez-vous que votre investissement soit s\u00e9curis\u00e9<\/h2><p>\u00a0<\/p>\t\t\t<\/div>\n\t\t<\/div>\n\t\t\t\t<\/li>\n\t\t<\/ul>\t\t\t\t<ol class=\"sow-slider-pagination\">\n\t\t\t\t\t\t\t\t\t\t\t<li><a href=\"#\" data-goto=\"0\" aria-label=\"Display slide 1\"><\/a><\/li>\n\t\t\t\t\t\t\t\t\t<\/ol>\n\n\t\t\t\t<div class=\"sow-slide-nav sow-slide-nav-next\">\n\t\t\t\t\t<a href=\"#\" data-goto=\"next\" aria-label=\"Next slide\" data-action=\"next\">\n\t\t\t\t\t\t<em class=\"sow-sld-icon-thin-right\"><\/em>\n\t\t\t\t\t<\/a>\n\t\t\t\t<\/div>\n\n\t\t\t\t<div class=\"sow-slide-nav sow-slide-nav-prev\">\n\t\t\t\t\t<a href=\"#\" data-goto=\"previous\" aria-label=\"Previous slide\" data-action=\"prev\">\n\t\t\t\t\t\t<em class=\"sow-sld-icon-thin-left\"><\/em>\n\t\t\t\t\t<\/a>\n\t\t\t\t<\/div>\n\t\t\t\t<\/div><\/div><\/div><\/div><\/div><\/div><div id=\"pg-57-1\"  class=\"panel-grid panel-has-style\" ><div class=\"siteorigin-panels-stretch panel-row-style panel-row-style-for-57-1\" data-stretch-type=\"full\" ><div id=\"pgc-57-1-0\"  class=\"panel-grid-cell\" ><div id=\"panel-57-1-0-0\" class=\"so-panel widget widget_sow-editor panel-first-child panel-last-child\" data-index=\"1\" ><div\n\t\t\t\n\t\t\tclass=\"so-widget-sow-editor so-widget-sow-editor-base\"\n\t\t\t\n\t\t>\n<div class=\"siteorigin-widget-tinymce textwidget\">\n\t<h2>\u00c0 propos du Visa EB-5<\/h2>\n<ul>\n<li>Combien de projets EB-5 la soci\u00e9t\u00e9 a-t-elle achev\u00e9s jusqu'\u00e0 pr\u00e9sent?<\/li>\n<li>Combien est l'investissement requis? Existe-t-il des frais d'administration? Combien? Si l'investissement est de 800,000 $, quelle autorit\u00e9 a certifi\u00e9 que la zone de d\u00e9veloppement du projet est qualifi\u00e9e comme Zone d'Emploi Cibl\u00e9e (TEA)?<\/li>\n<li>Le demandeur EB-5 pourrait-il \u00eatre requis d'investir des sommes suppl\u00e9mentaires au-del\u00e0 du montant initial \u00e0 une date ult\u00e9rieure?<\/li>\n<li>Quel pourcentage du financement global repr\u00e9sente le projet EB-5?<\/li>\n<li>Combien d'\u00e9quit\u00e9 est investi dans la transaction? Est-ce en dessous de l'investissement EB-5 vis-\u00e0-vis de la priorit\u00e9 des retours?<\/li>\n<li>Existe-t-il une dette bancaire devant \u00eatre pay\u00e9e en priorit\u00e9 \u00e0 l'EB-5?<\/li>\n<li>Est-ce d\u00e9j\u00e0 en place, c'est-\u00e0-dire engag\u00e9? Combien co\u00fbte la dette?<\/li>\n<li>Le demandeur est-il pay\u00e9 un int\u00e9r\u00eat fixe sur son investissement? Pour combien de temps?<\/li>\n<li>Sinon, comment est-il d\u00e9termin\u00e9? \u00c0 quelle fr\u00e9quence est-il pay\u00e9?<\/li>\n<li>Le d\u00e9veloppeur fournit-il une garantie d'ach\u00e8vement du projet?<\/li>\n<li>Combien d'emplois sont cr\u00e9\u00e9s par investisseur?<\/li>\n<li>Quelles sont les pr\u00e9cautions prises pour surveiller la cr\u00e9ation d'emplois?<\/li>\n<li>Quelles mesures sont prises si la cr\u00e9ation d'emplois requise n'a pas eu lieu?<\/li>\n<li>Qui pr\u00e9pare le rapport \u00e9conomique qui d\u00e9crit l'estimation de la cr\u00e9ation d'emplois? Le rapport \u00e9conomique est-il disponible pour les investisseurs \u00e0 voir?<\/li>\n<li>Y a-t-il une \u00e9valuation de la valeur de la propri\u00e9t\u00e9 \u00e0 l'aboutissement du projet? En pourcentage, de combien cela d\u00e9passe le total des d\u00e9penses en capital de l'ensemble du projet?<\/li>\n<li>Si l'I-526 est refus\u00e9, l'investisseur sera-t-il rembours\u00e9 de son investissement enti\u00e8rement? Est-ce clairement indiqu\u00e9 dans le contrat de souscription et le m\u00e9morandum de placement priv\u00e9?<\/li>\n<li>L'investisseur doit-il faire un d\u00e9p\u00f4t ou payer des frais pour le mat\u00e9riel offert?<\/li>\n<li>Le Centre R\u00e9gional fournit-il r\u00e9guli\u00e8rement des rapports sur l'\u00e9tat de l'investissement aux investisseurs? Dans l'affirmative, \u00e0 quelle fr\u00e9quence?<\/li>\n<\/ul>\n<h2>\u00c0 propos de l'immigration<\/h2>\n<ul>\n<li>Combien d'approbations de l'I-526?<\/li>\n<li>Combien de refus de l'I-526? Les raisons?<\/li>\n<li>Combien d'approbations de cartes vertes conditionn\u00e9es?<\/li>\n<li>Combien de refus de cartes vertes conditionn\u00e9es? Les raisons?<\/li>\n<li>Combien d'approbations de suppression des conditions?<\/li>\n<li>Combien de refus de suppression des conditions? Les raisons?<\/li>\n<\/ul>\n<h2>\u00c0 propos du Centre R\u00e9gional<\/h2>\n<ul>\n<li>Quand le Centre R\u00e9gional a-t-il \u00e9t\u00e9 \u00e9tabli?<\/li>\n<li>Quand l'I-924 at-il \u00e9t\u00e9 approuv\u00e9?<\/li>\n<li>Depuis combien de temps le d\u00e9veloppeur est-il en affaires? Avant cette offre, a-t-il d\u00e9j\u00e0 financ\u00e9 un projet par EB-5?<\/li>\n<li>Le d\u00e9veloppeur a-t-il une cote ind\u00e9pendante des principales agences de notation mondiales telles que Standard &amp; Poors et Moody's?<\/li>\n<li>Quand l'investissement peut-il \u00eatre vendu? Quand le client peut-il recevoir son investissement? Combien d'investisseurs ont re\u00e7u le retour d'investissement \u00e0 ce jour? Comment le montant est-il d\u00e9termin\u00e9?<\/li>\n<li>La r\u00e9trogradation potentielle d'autres investisseurs affectera-t-elle le moment du retour du capital au-del\u00e0 de la p\u00e9riode de d\u00e9tention exig\u00e9e de cinq ans aux investisseurs dont les demandes I-829 ont d\u00e9j\u00e0 \u00e9t\u00e9 approuv\u00e9es?<\/li>\n<li>La mise en \u0153uvre anticip\u00e9e et l'ex\u00e9cution de la strat\u00e9gie de sortie du projet n\u00e9cessitent-ils le retour du principal aux investisseurs dont les demandes I-829 n'ont pas encore \u00e9t\u00e9 approuv\u00e9es ou ont \u00e9t\u00e9 approuv\u00e9es, mais la p\u00e9riode de d\u00e9tention de cinq ans requise n'est pas encore remplie? Sinon, quels plans le Centre r\u00e9gional a-t-il mis en place pour red\u00e9ployer les fonds afin de ne pas compromettre l'approbation de l'I-829?<\/li>\n<li>Combien d'ann\u00e9es d'exp\u00e9rience le partenaire g\u00e9n\u00e9ral ou principal dans le projet d'investissement a-t-il travaill\u00e9 avec les programmes d'investisseurs immigrants?<\/li>\n<\/ul>\n<\/div>\n<\/div><\/div><\/div><\/div><\/div><\/div>","protected":false},"excerpt":{"rendered":"<p>\u00c0 propos du Visa EB-5 Combien de projets EB-5 la soci\u00e9t\u00e9 a-t-elle achev\u00e9s jusqu&#8217;\u00e0 pr\u00e9sent? Combien est l&#8217;investissement requis? Existe-t-il des frais d&#8217;administration? Combien? Si l&#8217;investissement est de $, quelle autorit\u00e9 a certifi\u00e9 que la zone de d\u00e9veloppement du projet est qualifi\u00e9e comme Zone d&#8217;Emploi Cibl\u00e9e (TEA)? Le demandeur EB-5 pourrait-il \u00eatre requis d&#8217;investir des<a class=\"moretag\" href=\"https:\/\/www.americaeb5visa.com\/fr\/eb-5-due-diligence\/\"><span class=\"screen-reader-text\">Read more about La diligence requise pour l&#8217;EB5<\/span>[&#8230;]<\/a><\/p>\n","protected":false},"author":1,"featured_media":0,"parent":0,"menu_order":2,"comment_status":"closed","ping_status":"closed","template":"","meta":{"_acf_changed":false,"_monsterinsights_skip_tracking":false,"_monsterinsights_sitenote_active":false,"_monsterinsights_sitenote_note":"","_monsterinsights_sitenote_category":0,"footnotes":""},"class_list":["post-57","page","type-page","status-publish","hentry"],"acf":[],"rttpg_featured_image_url":null,"rttpg_author":{"display_name":"AdminNIso","author_link":"https:\/\/www.americaeb5visa.com\/fr\/blog\/author\/admin\/"},"rttpg_comment":0,"rttpg_category":null,"rttpg_excerpt":"\u00c0 propos du Visa EB-5 Combien de projets EB-5 la soci\u00e9t\u00e9 a-t-elle achev\u00e9s jusqu'\u00e0 pr\u00e9sent? Combien est l'investissement requis? Existe-t-il des frais d'administration? Combien? Si l'investissement est de $, quelle autorit\u00e9 a certifi\u00e9 que la zone de d\u00e9veloppement du projet est qualifi\u00e9e comme Zone d'Emploi Cibl\u00e9e (TEA)? Le demandeur EB-5 pourrait-il \u00eatre requis d'investir desRead&hellip;","_links":{"self":[{"href":"https:\/\/www.americaeb5visa.com\/fr\/wp-json\/wp\/v2\/pages\/57","targetHints":{"allow":["GET"]}}],"collection":[{"href":"https:\/\/www.americaeb5visa.com\/fr\/wp-json\/wp\/v2\/pages"}],"about":[{"href":"https:\/\/www.americaeb5visa.com\/fr\/wp-json\/wp\/v2\/types\/page"}],"author":[{"embeddable":true,"href":"https:\/\/www.americaeb5visa.com\/fr\/wp-json\/wp\/v2\/users\/1"}],"replies":[{"embeddable":true,"href":"https:\/\/www.americaeb5visa.com\/fr\/wp-json\/wp\/v2\/comments?post=57"}],"version-history":[{"count":0,"href":"https:\/\/www.americaeb5visa.com\/fr\/wp-json\/wp\/v2\/pages\/57\/revisions"}],"wp:attachment":[{"href":"https:\/\/www.americaeb5visa.com\/fr\/wp-json\/wp\/v2\/media?parent=57"}],"curies":[{"name":"wp","href":"https:\/\/api.w.org\/{rel}","templated":true}]}}