{"id":61,"date":"2017-03-14T21:44:01","date_gmt":"2017-03-14T21:44:01","guid":{"rendered":"http:\/\/www.americaeb5visa.com\/?page_id=61"},"modified":"2022-03-25T05:34:26","modified_gmt":"2022-03-25T05:34:26","slug":"eb-5-requirements","status":"publish","type":"page","link":"https:\/\/www.americaeb5visa.com\/fr\/eb-5-requirements\/","title":{"rendered":"Les exigences de l&#8217;EB-5"},"content":{"rendered":"<div id=\"pl-61\"  class=\"panel-layout\" ><div id=\"pg-61-0\"  class=\"panel-grid panel-has-style\" ><div class=\"siteorigin-panels-stretch panel-row-style panel-row-style-for-61-0\" data-stretch-type=\"full-stretched\" ><div id=\"pgc-61-0-0\"  class=\"panel-grid-cell\" ><div id=\"panel-61-0-0-0\" class=\"so-panel widget widget_sow-hero panel-first-child panel-last-child\" data-index=\"0\" ><div\n\t\t\t\n\t\t\tclass=\"so-widget-sow-hero so-widget-sow-hero-default-3d3f69fb2c42-61 so-widget-fittext-wrapper\"\n\t\t\t data-fit-text-compressor=\"0.85\"\n\t\t>\t\t\t\t<div class=\"sow-slider-base\" style=\"display: none\" tabindex=\"0\">\n\t\t\t\t\t<ul\n\t\t\t\t\tclass=\"sow-slider-images\"\n\t\t\t\t\tdata-settings=\"{&quot;pagination&quot;:true,&quot;speed&quot;:800,&quot;timeout&quot;:8000,&quot;paused&quot;:false,&quot;pause_on_hover&quot;:false,&quot;swipe&quot;:true,&quot;nav_always_show_desktop&quot;:&quot;&quot;,&quot;nav_always_show_mobile&quot;:&quot;&quot;,&quot;breakpoint&quot;:&quot;780px&quot;,&quot;unmute&quot;:false,&quot;anchor&quot;:null}\"\n\t\t\t\t\tstyle=\"min-height: 600px\"\t\t\t\t\tdata-anchor-id=\"\"\n\t\t\t\t>\t\t<li class=\"sow-slider-image  sow-slider-image-cover\" style=\"visibility: visible;;background-color: #333333;background-image: url(https:\/\/www.americaeb5visa.com\/fr\/wp-content\/uploads\/sites\/15\/2017\/03\/EB5Death_to_Stock_Photography_NYC_Skyline_2.jpg)\" >\n\t\t\t\t\t<div class=\"sow-slider-image-container\">\n\t\t\t<div class=\"sow-slider-image-wrapper\">\n\t\t\t\t<h1 style=\"text-align: center\">Les exigences de l'EB-5<\/h1><h2 style=\"text-align: center\">Un investissement en capital qui cr\u00e9e au moins 10 emplois pour les travailleurs am\u00e9ricains.<\/h2>\t\t\t<\/div>\n\t\t<\/div>\n\t\t\t\t<\/li>\n\t\t<\/ul>\t\t\t\t<ol class=\"sow-slider-pagination\">\n\t\t\t\t\t\t\t\t\t\t\t<li><a href=\"#\" data-goto=\"0\" aria-label=\"Display slide 1\"><\/a><\/li>\n\t\t\t\t\t\t\t\t\t<\/ol>\n\n\t\t\t\t<div class=\"sow-slide-nav sow-slide-nav-next\">\n\t\t\t\t\t<a href=\"#\" data-goto=\"next\" aria-label=\"Next slide\" data-action=\"next\">\n\t\t\t\t\t\t<em class=\"sow-sld-icon-thin-right\"><\/em>\n\t\t\t\t\t<\/a>\n\t\t\t\t<\/div>\n\n\t\t\t\t<div class=\"sow-slide-nav sow-slide-nav-prev\">\n\t\t\t\t\t<a href=\"#\" data-goto=\"previous\" aria-label=\"Previous slide\" data-action=\"prev\">\n\t\t\t\t\t\t<em class=\"sow-sld-icon-thin-left\"><\/em>\n\t\t\t\t\t<\/a>\n\t\t\t\t<\/div>\n\t\t\t\t<\/div><\/div><\/div><\/div><\/div><\/div><div id=\"pg-61-1\"  class=\"panel-grid panel-has-style\" ><div class=\"panel-row-style panel-row-style-for-61-1\" ><div id=\"pgc-61-1-0\"  class=\"panel-grid-cell\" ><div id=\"panel-61-1-0-0\" class=\"so-panel widget widget_sow-editor panel-first-child panel-last-child\" data-index=\"1\" ><div\n\t\t\t\n\t\t\tclass=\"so-widget-sow-editor so-widget-sow-editor-base\"\n\t\t\t\n\t\t>\n<div class=\"siteorigin-widget-tinymce textwidget\">\n\t<h2>Exigences de l'EB-5<\/h2>\n<p>Le gouvernement am\u00e9ricain a cr\u00e9\u00e9 le programme d'investisseurs immigrants EB-5 pour encourager les investissements \u00e9trangers dans les entreprises am\u00e9ricaines. En \u00e9change d'un investissement dans une entreprise qui cr\u00e9e des emplois pour les travailleurs am\u00e9ricains, les ressortissants \u00e9trangers et leurs familles sont admissibles \u00e0 devenir r\u00e9sidents permanents des \u00c9tats-Unis. Le nom du programme, \u00abEB-5\u00bb, provient de la cat\u00e9gorie de visa pour laquelle appliquent les investisseurs immigrants - l'immigration ax\u00e9e sur l'emploi: cinqui\u00e8me pr\u00e9f\u00e9rence EB-5.<\/p>\n<p>Alors que le programme a consid\u00e9rablement \u00e9volu\u00e9 depuis sa cr\u00e9ation en 1990, il propose actuellement deux fa\u00e7ons pour les investisseurs \u00e9trangers d'obtenir un visa EB-5:<\/p>\n<ol>\n<li>Investissements directs dans une entreprise commerciale nouvelle ou existante qui cr\u00e9e des emplois.<\/li>\n<li>Investir du capital par l'interm\u00e9diaire d'un \u00abCentre R\u00e9gional\u00bb, une entreprise approuv\u00e9e par le gouvernement, qui g\u00e8re activement les fonds d'investisseurs et le processus d'approbation de l'immigration.<\/li>\n<\/ol>\n<h2><\/h2>\n<h2>Avantages d'investir par le Centre R\u00e9gional<\/h2>\n<p>Investir du capital par l'interm\u00e9diaire d'un Centre R\u00e9gional offre plusieurs avantages majeurs aux immigrants qui cherchent une r\u00e9sidence aux \u00c9tats-Unis par le biais du programme EB-5. L'un des avantages les plus importants est la capacit\u00e9 de compter les emplois directs et indirects pour les \u00abexigences de cr\u00e9ation d'emplois\u00bb.<\/p>\n<p>La cr\u00e9ation directe d'emplois est le r\u00e9sultat d'un investissement qui a cr\u00e9\u00e9 et soutenu dix nouveaux emplois identifiables et r\u00e9els sur une p\u00e9riode de deux ans. Dans le cadre du programme du Centre R\u00e9gional, les investisseurs peuvent \u00e9galement satisfaire l'exigence des emplois en montrant la cr\u00e9ation d'emplois indirects \u00e0 partir de fonds communs de tous les investisseurs dans le projet. Ces emplois peuvent \u00eatre cr\u00e9\u00e9s collectivement ou en raison du capital investi dans une entreprise commerciale affili\u00e9e \u00e0 un Centre R\u00e9gional.<\/p>\n<p>En d'autres termes, l'investisseur n'a pas besoin de montrer qu'il a directement embauch\u00e9 des employ\u00e9s. Le fardeau de prouver la cr\u00e9ation d'emplois est transmis au Centre R\u00e9gional. Les Centres R\u00e9gionaux, de leur c\u00f4t\u00e9, embauchent des \u00e9conomistes exp\u00e9riment\u00e9s qui effectuent une analyse \u00e9conomique et prouvent que des emplois directs et indirects suffisants sont cr\u00e9\u00e9s de par le projet.<\/p>\n<h2><\/h2>\n<h2>Montant de l'investissement<\/h2>\n<p>Chaque demandeur de visa EB-5 doit investir un minimum de 1,050,000$ dans une entreprise cr\u00e9atrice d'emplois. Si le capital d'accueil de l'entreprise est situ\u00e9 dans une zone d'emploi cibl\u00e9e (TEA) - d\u00e9finie comme une zone rurale ou une r\u00e9gion \u00e0 taux de ch\u00f4mage \u00e9lev\u00e9 - alors le montant minimal de l'investissement est r\u00e9duit \u00e0 800,000$. Aujourd'hui, la plupart des opportunit\u00e9s d'investissement EB-5 sont situ\u00e9es dans les zones d\u00e9nomm\u00e9es TEA.<\/p>\n<\/div>\n<\/div><\/div><\/div><\/div><\/div><\/div>","protected":false},"excerpt":{"rendered":"<p>Exigences de l&#8217;EB-5 Le gouvernement am\u00e9ricain a cr\u00e9\u00e9 le programme d&#8217;investisseurs immigrants EB-5 pour encourager les investissements \u00e9trangers dans les entreprises am\u00e9ricaines. En \u00e9change d&#8217;un investissement dans une entreprise qui cr\u00e9e des emplois pour les travailleurs am\u00e9ricains, les ressortissants \u00e9trangers et leurs familles sont admissibles \u00e0 devenir r\u00e9sidents permanents des \u00c9tats-Unis. Le nom du programme,<a class=\"moretag\" href=\"https:\/\/www.americaeb5visa.com\/fr\/eb-5-requirements\/\"><span class=\"screen-reader-text\">Read more about Les exigences de l&#8217;EB-5<\/span>[&#8230;]<\/a><\/p>\n","protected":false},"author":1,"featured_media":0,"parent":0,"menu_order":4,"comment_status":"closed","ping_status":"closed","template":"","meta":{"_acf_changed":false,"_monsterinsights_skip_tracking":false,"_monsterinsights_sitenote_active":false,"_monsterinsights_sitenote_note":"","_monsterinsights_sitenote_category":0,"footnotes":""},"class_list":["post-61","page","type-page","status-publish","hentry"],"acf":[],"rttpg_featured_image_url":null,"rttpg_author":{"display_name":"AdminNIso","author_link":"https:\/\/www.americaeb5visa.com\/fr\/blog\/author\/admin\/"},"rttpg_comment":0,"rttpg_category":null,"rttpg_excerpt":"Exigences de l'EB-5 Le gouvernement am\u00e9ricain a cr\u00e9\u00e9 le programme d'investisseurs immigrants EB-5 pour encourager les investissements \u00e9trangers dans les entreprises am\u00e9ricaines. En \u00e9change d'un investissement dans une entreprise qui cr\u00e9e des emplois pour les travailleurs am\u00e9ricains, les ressortissants \u00e9trangers et leurs familles sont admissibles \u00e0 devenir r\u00e9sidents permanents des \u00c9tats-Unis. Le nom du programme,Read&hellip;","_links":{"self":[{"href":"https:\/\/www.americaeb5visa.com\/fr\/wp-json\/wp\/v2\/pages\/61","targetHints":{"allow":["GET"]}}],"collection":[{"href":"https:\/\/www.americaeb5visa.com\/fr\/wp-json\/wp\/v2\/pages"}],"about":[{"href":"https:\/\/www.americaeb5visa.com\/fr\/wp-json\/wp\/v2\/types\/page"}],"author":[{"embeddable":true,"href":"https:\/\/www.americaeb5visa.com\/fr\/wp-json\/wp\/v2\/users\/1"}],"replies":[{"embeddable":true,"href":"https:\/\/www.americaeb5visa.com\/fr\/wp-json\/wp\/v2\/comments?post=61"}],"version-history":[{"count":0,"href":"https:\/\/www.americaeb5visa.com\/fr\/wp-json\/wp\/v2\/pages\/61\/revisions"}],"wp:attachment":[{"href":"https:\/\/www.americaeb5visa.com\/fr\/wp-json\/wp\/v2\/media?parent=61"}],"curies":[{"name":"wp","href":"https:\/\/api.w.org\/{rel}","templated":true}]}}