{"id":69,"date":"2017-03-14T21:58:31","date_gmt":"2017-03-14T21:58:31","guid":{"rendered":"http:\/\/www.americaeb5visa.com\/?page_id=69"},"modified":"2020-01-29T05:10:38","modified_gmt":"2020-01-29T05:10:38","slug":"investors-future-green-card-holders","status":"publish","type":"page","link":"https:\/\/www.americaeb5visa.com\/fr\/investors-future-green-card-holders\/","title":{"rendered":"Investisseurs"},"content":{"rendered":"<div id=\"pl-69\"  class=\"panel-layout\" ><div id=\"pg-69-0\"  class=\"panel-grid panel-has-style\" ><div class=\"siteorigin-panels-stretch panel-row-style panel-row-style-for-69-0\" data-stretch-type=\"full-stretched\" ><div id=\"pgc-69-0-0\"  class=\"panel-grid-cell\" ><div id=\"panel-69-0-0-0\" class=\"so-panel widget widget_sow-hero panel-first-child panel-last-child\" data-index=\"0\" ><div\n\t\t\t\n\t\t\tclass=\"so-widget-sow-hero so-widget-sow-hero-default-3d3f69fb2c42-69 so-widget-fittext-wrapper\"\n\t\t\t data-fit-text-compressor=\"0.85\"\n\t\t>\t\t\t\t<div class=\"sow-slider-base\" style=\"display: none\" tabindex=\"0\">\n\t\t\t\t\t<ul\n\t\t\t\t\tclass=\"sow-slider-images\"\n\t\t\t\t\tdata-settings=\"{&quot;pagination&quot;:true,&quot;speed&quot;:800,&quot;timeout&quot;:8000,&quot;paused&quot;:false,&quot;pause_on_hover&quot;:false,&quot;swipe&quot;:true,&quot;nav_always_show_desktop&quot;:&quot;&quot;,&quot;nav_always_show_mobile&quot;:&quot;&quot;,&quot;breakpoint&quot;:&quot;780px&quot;,&quot;unmute&quot;:false,&quot;anchor&quot;:null}\"\n\t\t\t\t\tstyle=\"min-height: 600px\"\t\t\t\t\tdata-anchor-id=\"\"\n\t\t\t\t>\t\t<li class=\"sow-slider-image  sow-slider-image-cover\" style=\"visibility: visible;;background-color: #333333;background-image: url(https:\/\/www.americaeb5visa.com\/fr\/wp-content\/uploads\/sites\/15\/2017\/03\/InvestmentIntro.jpg)\" >\n\t\t\t\t\t<div class=\"sow-slider-image-container\">\n\t\t\t<div class=\"sow-slider-image-wrapper\">\n\t\t\t\t<h1 style=\"text-align: center\"><strong>Investisseurs <\/strong><\/h1><h2 style=\"text-align: center\"><strong>Future titulaires de Carte Verte.<\/strong>\u00a0\u00a0<\/h2>\t\t\t<\/div>\n\t\t<\/div>\n\t\t\t\t<\/li>\n\t\t<\/ul>\t\t\t\t<ol class=\"sow-slider-pagination\">\n\t\t\t\t\t\t\t\t\t\t\t<li><a href=\"#\" data-goto=\"0\" aria-label=\"Display slide 1\"><\/a><\/li>\n\t\t\t\t\t\t\t\t\t<\/ol>\n\n\t\t\t\t<div class=\"sow-slide-nav sow-slide-nav-next\">\n\t\t\t\t\t<a href=\"#\" data-goto=\"next\" aria-label=\"Next slide\" data-action=\"next\">\n\t\t\t\t\t\t<em class=\"sow-sld-icon-thin-right\"><\/em>\n\t\t\t\t\t<\/a>\n\t\t\t\t<\/div>\n\n\t\t\t\t<div class=\"sow-slide-nav sow-slide-nav-prev\">\n\t\t\t\t\t<a href=\"#\" data-goto=\"previous\" aria-label=\"Previous slide\" data-action=\"prev\">\n\t\t\t\t\t\t<em class=\"sow-sld-icon-thin-left\"><\/em>\n\t\t\t\t\t<\/a>\n\t\t\t\t<\/div>\n\t\t\t\t<\/div><\/div><\/div><\/div><\/div><\/div><div id=\"pg-69-1\"  class=\"panel-grid panel-no-style\" ><div id=\"pgc-69-1-0\"  class=\"panel-grid-cell\" ><div id=\"panel-69-1-0-0\" class=\"so-panel widget widget_sow-editor panel-first-child panel-last-child\" data-index=\"1\" ><div class=\"panel-widget-style panel-widget-style-for-69-1-0-0\" ><div\n\t\t\t\n\t\t\tclass=\"so-widget-sow-editor so-widget-sow-editor-base\"\n\t\t\t\n\t\t>\n<div class=\"siteorigin-widget-tinymce textwidget\">\n\t<h2><strong>Qui sont les investisseurs?<\/strong><\/h2>\n<p>\u00a0 Les investisseurs EB-5 sont des citoyens de pays autres que les \u00c9tats-Unis qui souhaitent obtenir une \u00abcarte verte\u00bb ou un statut de r\u00e9sident permanent, afin de vivre, travailler et peut-\u00eatre un jour devenir citoyens des \u00c9tats-Unis.<\/p>\n<p>\u00a0<\/p>\n<h2><strong>Pourquoi les investisseurs choisiraient-ils les Centres R\u00e9gionaux EB-5?<\/strong><\/h2>\n<p>\u00a0Le but principal de l'investissement dans un projet du Centre R\u00e9gional EB-5 est d'obtenir une carte verte de mani\u00e8re rapide, efficace et transparente. En outre, les projets du Centre R\u00e9gional EB-5 permettent aux investisseurs de r\u00e9cup\u00e9rer leur capital d\u00e8s qu'ils sont \u00e9ligibles. Comme mentionn\u00e9 ailleurs sur ce site web, bien qu'il n'y ai pas de garanties dans l'investissement, le personnel d'America EB-5 Visa s'assure que les investisseurs disposent des informations n\u00e9cessaires pour investir dans des projets r\u00e9gionaux solides r\u00e9alis\u00e9s par des promoteurs immobiliers avec des ant\u00e9c\u00e9dents solides.<\/p>\n<p>\u00a0<\/p>\n<h2><strong>Quels services fournissons-nous aux investisseurs des projets EB-5 parrain\u00e9s par le Centre r\u00e9<\/strong><strong>gional?<\/strong><\/h2>\n<p>\u00a0\u00a0 La demande de Carte Verte peut \u00eatre source de confusion. Il y a plusieurs \u00e9tapes et plusieurs documents\/formulaires \u00e0 remplir. L'une de nos plus grande fiert\u00e9 chez America EB-5 Visa est notre engagement \u00e0 fournir aux investisseurs du Centre R\u00e9gional toutes les informations n\u00e9cessaires tout au long de leur processus de demande de Carte Verte. En collaboration avec les promoteurs de projets, les avocats de l'immigration et les avocats d'investissement, nous r\u00e9pondons \u00e0 toutes les questions que les investisseurs peuvent avoir en remplissant le Questionnaire de l'Investisseur. Nous serons une ressource direct pendant que les investisseurs naviguent \u00e0 travers les m\u00e9morandums de placement priv\u00e9 ainsi que tout autre document d'offre. De plus, au fur et \u00e0 mesure que les investisseurs compl\u00e8tent leurs ententes de partenariat sp\u00e9cifiques, nous facilitons le processus de collecte des donn\u00e9es n\u00e9cessaires \u00e0 la demande de visa d'investisseur immigrant I-526. Nous clarifierons et expliquerons toutes les sections ou perplexit\u00e9s confuses, y compris, mais pas uniquement, le Questionnaire sur les Sources des Fonds.<\/p>\n<\/div>\n<\/div><\/div><\/div><\/div><\/div><\/div>","protected":false},"excerpt":{"rendered":"<p>Qui sont les investisseurs?\u00a0 Les investisseurs EB-5 sont des citoyens de pays autres que les \u00c9tats-Unis qui souhaitent obtenir une \u00abcarte verte\u00bb ou un statut de r\u00e9sident permanent, afin de vivre, travailler et peut-\u00eatre un jour devenir citoyens des \u00c9tats-Unis.\u00a0Pourquoi les investisseurs choisiraient-ils les Centres R\u00e9gionaux EB-5?\u00a0Le but principal de l&#8217;investissement dans un projet du<a class=\"moretag\" href=\"https:\/\/www.americaeb5visa.com\/fr\/investors-future-green-card-holders\/\"><span class=\"screen-reader-text\">Read more about Investisseurs<\/span>[&#8230;]<\/a><\/p>\n","protected":false},"author":1,"featured_media":0,"parent":0,"menu_order":6,"comment_status":"closed","ping_status":"closed","template":"","meta":{"_acf_changed":false,"_monsterinsights_skip_tracking":false,"_monsterinsights_sitenote_active":false,"_monsterinsights_sitenote_note":"","_monsterinsights_sitenote_category":0,"footnotes":""},"class_list":["post-69","page","type-page","status-publish","hentry"],"acf":[],"rttpg_featured_image_url":null,"rttpg_author":{"display_name":"AdminNIso","author_link":"https:\/\/www.americaeb5visa.com\/fr\/blog\/author\/admin\/"},"rttpg_comment":0,"rttpg_category":null,"rttpg_excerpt":"Qui sont les investisseurs?\u00a0 Les investisseurs EB-5 sont des citoyens de pays autres que les \u00c9tats-Unis qui souhaitent obtenir une \u00abcarte verte\u00bb ou un statut de r\u00e9sident permanent, afin de vivre, travailler et peut-\u00eatre un jour devenir citoyens des \u00c9tats-Unis.\u00a0Pourquoi les investisseurs choisiraient-ils les Centres R\u00e9gionaux EB-5?\u00a0Le but principal de l'investissement dans un projet duRead&hellip;","_links":{"self":[{"href":"https:\/\/www.americaeb5visa.com\/fr\/wp-json\/wp\/v2\/pages\/69","targetHints":{"allow":["GET"]}}],"collection":[{"href":"https:\/\/www.americaeb5visa.com\/fr\/wp-json\/wp\/v2\/pages"}],"about":[{"href":"https:\/\/www.americaeb5visa.com\/fr\/wp-json\/wp\/v2\/types\/page"}],"author":[{"embeddable":true,"href":"https:\/\/www.americaeb5visa.com\/fr\/wp-json\/wp\/v2\/users\/1"}],"replies":[{"embeddable":true,"href":"https:\/\/www.americaeb5visa.com\/fr\/wp-json\/wp\/v2\/comments?post=69"}],"version-history":[{"count":0,"href":"https:\/\/www.americaeb5visa.com\/fr\/wp-json\/wp\/v2\/pages\/69\/revisions"}],"wp:attachment":[{"href":"https:\/\/www.americaeb5visa.com\/fr\/wp-json\/wp\/v2\/media?parent=69"}],"curies":[{"name":"wp","href":"https:\/\/api.w.org\/{rel}","templated":true}]}}