{"id":72,"date":"2017-03-14T21:59:45","date_gmt":"2017-03-14T21:59:45","guid":{"rendered":"http:\/\/www.americaeb5visa.com\/?page_id=72"},"modified":"2020-01-29T05:08:19","modified_gmt":"2020-01-29T05:08:19","slug":"investments-commercial-enterprise-or-regional-center","status":"publish","type":"page","link":"https:\/\/www.americaeb5visa.com\/fr\/investments-commercial-enterprise-or-regional-center\/","title":{"rendered":"Investissements"},"content":{"rendered":"<div id=\"pl-72\"  class=\"panel-layout\" ><div id=\"pg-72-0\"  class=\"panel-grid panel-has-style\" ><div class=\"siteorigin-panels-stretch panel-row-style panel-row-style-for-72-0\" data-stretch-type=\"full-stretched\" ><div id=\"pgc-72-0-0\"  class=\"panel-grid-cell\" ><div id=\"panel-72-0-0-0\" class=\"so-panel widget widget_sow-hero panel-first-child panel-last-child\" data-index=\"0\" ><div\n\t\t\t\n\t\t\tclass=\"so-widget-sow-hero so-widget-sow-hero-default-3d3f69fb2c42-72 so-widget-fittext-wrapper\"\n\t\t\t data-fit-text-compressor=\"0.85\"\n\t\t>\t\t\t\t<div class=\"sow-slider-base\" style=\"display: none\" tabindex=\"0\">\n\t\t\t\t\t<ul\n\t\t\t\t\tclass=\"sow-slider-images\"\n\t\t\t\t\tdata-settings=\"{&quot;pagination&quot;:true,&quot;speed&quot;:800,&quot;timeout&quot;:8000,&quot;paused&quot;:false,&quot;pause_on_hover&quot;:false,&quot;swipe&quot;:true,&quot;nav_always_show_desktop&quot;:&quot;&quot;,&quot;nav_always_show_mobile&quot;:&quot;&quot;,&quot;breakpoint&quot;:&quot;780px&quot;,&quot;unmute&quot;:false,&quot;anchor&quot;:null}\"\n\t\t\t\t\tstyle=\"min-height: 600px\"\t\t\t\t\tdata-anchor-id=\"\"\n\t\t\t\t>\t\t<li class=\"sow-slider-image  sow-slider-image-cover\" style=\"visibility: visible;;background-color: #333333;background-image: url(https:\/\/www.americaeb5visa.com\/fr\/wp-content\/uploads\/sites\/15\/2017\/03\/InvestmentIntro.jpg)\" >\n\t\t\t\t\t<div class=\"sow-slider-image-container\">\n\t\t\t<div class=\"sow-slider-image-wrapper\">\n\t\t\t\t<h1 style=\"text-align: center\">Investissements<\/h1><h2 style=\"text-align: center\">Entreprise commerciale ou centre r\u00e9gional.<\/h2>\t\t\t<\/div>\n\t\t<\/div>\n\t\t\t\t<\/li>\n\t\t<\/ul>\t\t\t\t<ol class=\"sow-slider-pagination\">\n\t\t\t\t\t\t\t\t\t\t\t<li><a href=\"#\" data-goto=\"0\" aria-label=\"Display slide 1\"><\/a><\/li>\n\t\t\t\t\t\t\t\t\t<\/ol>\n\n\t\t\t\t<div class=\"sow-slide-nav sow-slide-nav-next\">\n\t\t\t\t\t<a href=\"#\" data-goto=\"next\" aria-label=\"Next slide\" data-action=\"next\">\n\t\t\t\t\t\t<em class=\"sow-sld-icon-thin-right\"><\/em>\n\t\t\t\t\t<\/a>\n\t\t\t\t<\/div>\n\n\t\t\t\t<div class=\"sow-slide-nav sow-slide-nav-prev\">\n\t\t\t\t\t<a href=\"#\" data-goto=\"previous\" aria-label=\"Previous slide\" data-action=\"prev\">\n\t\t\t\t\t\t<em class=\"sow-sld-icon-thin-left\"><\/em>\n\t\t\t\t\t<\/a>\n\t\t\t\t<\/div>\n\t\t\t\t<\/div><\/div><\/div><\/div><\/div><\/div><div id=\"pg-72-1\"  class=\"panel-grid panel-no-style\" ><div id=\"pgc-72-1-0\"  class=\"panel-grid-cell\" ><div id=\"panel-72-1-0-0\" class=\"so-panel widget widget_sow-editor panel-first-child panel-last-child\" data-index=\"1\" ><div class=\"panel-widget-style panel-widget-style-for-72-1-0-0\" ><div\n\t\t\t\n\t\t\tclass=\"so-widget-sow-editor so-widget-sow-editor-base\"\n\t\t\t\n\t\t>\n<div class=\"siteorigin-widget-tinymce textwidget\">\n\t<h2>Qu'est-ce qu'un investissement EB-5?<\/h2>\n<p>Il existe deux fa\u00e7ons de r\u00e9aliser un investissement EB-5. L'une des options consiste \u00e0 investir directement dans une entreprise commerciale en tant que partenaire ou partenaire \u00e0 responsabilit\u00e9 limit\u00e9e, propri\u00e9taire unique, actionnaire d'une soci\u00e9t\u00e9, fiducie d'entreprise ou autre structure d'entreprise priv\u00e9e ou publique. La majorit\u00e9 des investisseurs EB-5 d\u00e9cident d'investir dans des Centres R\u00e9gionaux, d\u00e9sign\u00e9s par l'USCIS (services d'immigration et citoyennet\u00e9) pour administrer des projets d'investissement EB-5 et sont donc responsables de l'adh\u00e9sion au r\u00e8glement du programme EB-5 de l'USCIS. Les Centres R\u00e9gionaux sont soumis \u00e0 des exigences r\u00e9glementaires beaucoup plus cl\u00e9mentes que les investissements directs. Par exemple, les Centres R\u00e9gionaux peuvent calculer et v\u00e9rifier la cr\u00e9ation d'emplois avec des mod\u00e8les \u00e9conomiques qui ne distinguent pas entre les travailleurs \u00e0 temps partiel et les travailleurs \u00e0 plein temps, plut\u00f4t que d'afficher les fiches de paie. De plus, les centres r\u00e9gionaux peuvent compter les \u00abemplois indirects\u00bb pour satisfaire l'exigence de cr\u00e9ation d'emplois. Ce sont des emplois cr\u00e9\u00e9s en dehors de la Nouvelle Entreprise Commerciale (NCE), mais qui r\u00e9sultent de l'investissement EB-5 dans les NCE. Cela signifie que les investissements du Centre r\u00e9gional ont souvent des structures impliquant plusieurs entit\u00e9s et comprennent des accords de dette.<\/p>\n<p>\u00a0<\/p>\n<h2>Quelles sont les commodit\u00e9s des investissements parrain\u00e9s par le Centre R\u00e9gional?<\/h2>\n<p>D'abord, puisque les centres r\u00e9gionaux doivent respecter les r\u00e9glementations de l'USCIS, l'investisseur ne doit pas \u00eatre activement impliqu\u00e9 dans l'entreprise. Pour cela, ce type d'investissement est mieux adapt\u00e9 pour les investisseurs qui souhaitent une approche plus efficace, o\u00f9 ils ne sont pas responsables de la gestion directe de leur investissement. Bien que les profits des projets dans les Centres R\u00e9gionaux soit faible, la gestion professionnelle du projet visera \u00e0 garantir que le projet satisfait \u00e0 toutes les exigences de l'EB-5 pendant que l'investisseur attend de recevoir sa carte verte sans se soucier de satisfaire les exigences. Avec les centres r\u00e9gionaux, remplir l'exigence de cr\u00e9ation d'emplois est sans tracas. Comme nous l'avons d\u00e9j\u00e0 mentionn\u00e9 bri\u00e8vement, les investissements par un Centre R\u00e9gional ne doivent que donner lieu \u00e0 des emplois indirects ou induits. Les emplois indirects peuvent \u00eatre a la fois des emplois cr\u00e9\u00e9s afin de fournir des biens ou des services au projet EB-5 et compter l'exigence de cr\u00e9ation d'emplois. Naturellement, au fur et \u00e0 mesure que les employ\u00e9s seront charg\u00e9s de travailler sur le projet EB-5, leurs revenus augmenteront, ce qui entra\u00eenera une plus grande participation \u00e0 l'\u00e9conomie public et, par cons\u00e9quent, plus d'emplois cr\u00e9\u00e9s dans la communaut\u00e9 nationale. Ces emplois induits, adh\u00e9rents \u00e9galement aux exigences du visa EB-5.<\/p>\n<\/div>\n<\/div><\/div><\/div><\/div><\/div><\/div>","protected":false},"excerpt":{"rendered":"<p>Qu&#8217;est-ce qu&#8217;un investissement EB-5?Il existe deux fa\u00e7ons de r\u00e9aliser un investissement EB-5. L&#8217;une des options consiste \u00e0 investir directement dans une entreprise commerciale en tant que partenaire ou partenaire \u00e0 responsabilit\u00e9 limit\u00e9e, propri\u00e9taire unique, actionnaire d&#8217;une soci\u00e9t\u00e9, fiducie d&#8217;entreprise ou autre structure d&#8217;entreprise priv\u00e9e ou publique. La majorit\u00e9 des investisseurs EB-5 d\u00e9cident d&#8217;investir dans des<a class=\"moretag\" href=\"https:\/\/www.americaeb5visa.com\/fr\/investments-commercial-enterprise-or-regional-center\/\"><span class=\"screen-reader-text\">Read more about Investissements<\/span>[&#8230;]<\/a><\/p>\n","protected":false},"author":1,"featured_media":0,"parent":0,"menu_order":5,"comment_status":"closed","ping_status":"closed","template":"","meta":{"_acf_changed":false,"_monsterinsights_skip_tracking":false,"_monsterinsights_sitenote_active":false,"_monsterinsights_sitenote_note":"","_monsterinsights_sitenote_category":0,"footnotes":""},"class_list":["post-72","page","type-page","status-publish","hentry"],"acf":[],"rttpg_featured_image_url":null,"rttpg_author":{"display_name":"AdminNIso","author_link":"https:\/\/www.americaeb5visa.com\/fr\/blog\/author\/admin\/"},"rttpg_comment":0,"rttpg_category":null,"rttpg_excerpt":"Qu'est-ce qu'un investissement EB-5?Il existe deux fa\u00e7ons de r\u00e9aliser un investissement EB-5. L'une des options consiste \u00e0 investir directement dans une entreprise commerciale en tant que partenaire ou partenaire \u00e0 responsabilit\u00e9 limit\u00e9e, propri\u00e9taire unique, actionnaire d'une soci\u00e9t\u00e9, fiducie d'entreprise ou autre structure d'entreprise priv\u00e9e ou publique. La majorit\u00e9 des investisseurs EB-5 d\u00e9cident d'investir dans desRead&hellip;","_links":{"self":[{"href":"https:\/\/www.americaeb5visa.com\/fr\/wp-json\/wp\/v2\/pages\/72","targetHints":{"allow":["GET"]}}],"collection":[{"href":"https:\/\/www.americaeb5visa.com\/fr\/wp-json\/wp\/v2\/pages"}],"about":[{"href":"https:\/\/www.americaeb5visa.com\/fr\/wp-json\/wp\/v2\/types\/page"}],"author":[{"embeddable":true,"href":"https:\/\/www.americaeb5visa.com\/fr\/wp-json\/wp\/v2\/users\/1"}],"replies":[{"embeddable":true,"href":"https:\/\/www.americaeb5visa.com\/fr\/wp-json\/wp\/v2\/comments?post=72"}],"version-history":[{"count":0,"href":"https:\/\/www.americaeb5visa.com\/fr\/wp-json\/wp\/v2\/pages\/72\/revisions"}],"wp:attachment":[{"href":"https:\/\/www.americaeb5visa.com\/fr\/wp-json\/wp\/v2\/media?parent=72"}],"curies":[{"name":"wp","href":"https:\/\/api.w.org\/{rel}","templated":true}]}}