{"id":74,"date":"2017-03-14T22:01:10","date_gmt":"2017-03-14T22:01:10","guid":{"rendered":"http:\/\/www.americaeb5visa.com\/?page_id=74"},"modified":"2024-04-22T02:46:35","modified_gmt":"2024-04-22T02:46:35","slug":"news","status":"publish","type":"page","link":"https:\/\/www.americaeb5visa.com\/fr\/news\/","title":{"rendered":"Nouvelles"},"content":{"rendered":"<div id=\"pl-74\"  class=\"panel-layout\" ><div id=\"pg-74-0\"  class=\"panel-grid panel-no-style\" ><div id=\"pgc-74-0-0\"  class=\"panel-grid-cell\" ><div id=\"panel-74-0-0-0\" class=\"so-panel widget widget_sow-headline panel-first-child\" data-index=\"0\" ><div\n\t\t\t\n\t\t\tclass=\"so-widget-sow-headline so-widget-sow-headline-default-194407f109ba-74\"\n\t\t\t\n\t\t><div class=\"sow-headline-container \">\n\t\t\t\t\t\t\t<h1 class=\"sow-headline\">\n\t\t\t\t\t\tNouvelles\t\t\t\t\t\t<\/h1>\n\t\t\t\t\t\t\t\t\t\t\t<div class=\"decoration\">\n\t\t\t\t\t\t<div class=\"decoration-inside\"><\/div>\n\t\t\t\t\t<\/div>\n\t\t\t\t\t<\/div>\n<\/div><\/div><div id=\"panel-74-0-0-1\" class=\"so-panel widget widget_wp_posts_carousel panel-last-child\" data-index=\"1\" ><div id=\"wp-posts-carousel-1777560940\" class=\"default-theme wp-posts-carousel owl-carousel\"><div class=\"wp-posts-carousel-slide slides-4\"><div class=\"wp-posts-carousel-container\"><div class=\"wp-posts-carousel-image\"><a href=\"https:\/\/www.americaeb5visa.com\/fr\/blog\/2020\/04\/28\/le-president-trump-a-signe-un-decret-suspendant-temporairement-limmigration-aux-etats-unis-mais-rassurez-vous-cela-ne-comprend-pas-eb-5-et-de-nombreuses-autres-categories-dimmigrants-et-nonimmi\/\" title=\"Read more Le pr\u00e9sident Trump a sign\u00e9 un d\u00e9cret, suspendant temporairement l&#039;immigration aux \u00c9tats-Unis\"><img decoding=\"async\" alt=\"Le pr\u00e9sident Trump a sign\u00e9 un d\u00e9cret, suspendant temporairement l&#039;immigration aux \u00c9tats-Unis\" style=\"max-width:100%;max-height:100%\" src=\"https:\/\/www.americaeb5visa.com\/fr\/wp-content\/uploads\/sites\/15\/2017\/03\/trump-2546104-thumbnail-150x150.jpg\"><\/a><\/div><div class=\"wp-posts-carousel-details\"><h3 class=\"wp-posts-carousel-title\"><a href=\"https:\/\/www.americaeb5visa.com\/fr\/blog\/2020\/04\/28\/le-president-trump-a-signe-un-decret-suspendant-temporairement-limmigration-aux-etats-unis-mais-rassurez-vous-cela-ne-comprend-pas-eb-5-et-de-nombreuses-autres-categories-dimmigrants-et-nonimmi\/\" title=\"Le pr\u00e9sident Trump a sign\u00e9 un d\u00e9cret, suspendant temporairement l&#039;immigration aux \u00c9tats-Unis\">Le pr\u00e9sident Trump a sign\u00e9 un d\u00e9cret, suspendant temporairement l&#039;immigration aux \u00c9tats-Unis<\/a><\/h3><p class=\"wp-posts-carousel-created-date\">April 28, 2020<\/p><\/div><\/div><\/div><div class=\"wp-posts-carousel-slide slides-4\"><div class=\"wp-posts-carousel-container\"><div class=\"wp-posts-carousel-image\"><a href=\"https:\/\/www.americaeb5visa.com\/fr\/blog\/2017\/03\/19\/u-s-department-of-state-releases-visa-statistics-for-fiscal-year-2016\/\" title=\"Read more Le D\u00e9partement d&#039;\u00c9tat des \u00c9tats-Unis publie des statistiques de visa pour l&#039;ann\u00e9e financi\u00e8re 2016\"><img decoding=\"async\" alt=\"Le D\u00e9partement d&#039;\u00c9tat des \u00c9tats-Unis publie des statistiques de visa pour l&#039;ann\u00e9e financi\u00e8re 2016\" style=\"max-width:100%;max-height:100%\" src=\"https:\/\/www.americaeb5visa.com\/fr\/wp-content\/uploads\/sites\/15\/2017\/04\/BlogAdobeStock_101769558-150x150.jpg\"><\/a><\/div><div class=\"wp-posts-carousel-details\"><h3 class=\"wp-posts-carousel-title\"><a href=\"https:\/\/www.americaeb5visa.com\/fr\/blog\/2017\/03\/19\/u-s-department-of-state-releases-visa-statistics-for-fiscal-year-2016\/\" title=\"Le D\u00e9partement d&#039;\u00c9tat des \u00c9tats-Unis publie des statistiques de visa pour l&#039;ann\u00e9e financi\u00e8re 2016\">Le D\u00e9partement d&#039;\u00c9tat des \u00c9tats-Unis publie des statistiques de visa pour l&#039;ann\u00e9e financi\u00e8re 2016<\/a><\/h3><p class=\"wp-posts-carousel-created-date\">March 19, 2017<\/p><\/div><\/div><\/div><div class=\"wp-posts-carousel-slide slides-4\"><div class=\"wp-posts-carousel-container\"><div class=\"wp-posts-carousel-image\"><a href=\"https:\/\/www.americaeb5visa.com\/fr\/blog\/2016\/12\/19\/on-december-6th-2016-u-s-congress-passed-the-continuing-resolution-cr-legislation\/\" title=\"Read more Le 6 d\u00e9cembre 2016, le Congr\u00e8s Am\u00e9ricain a adopt\u00e9 la l\u00e9gislation concernant la R\u00e9solution Permanente.\"><img decoding=\"async\" alt=\"Le 6 d\u00e9cembre 2016, le Congr\u00e8s Am\u00e9ricain a adopt\u00e9 la l\u00e9gislation concernant la R\u00e9solution Permanente.\" style=\"max-width:100%;max-height:100%\" src=\"https:\/\/www.americaeb5visa.com\/fr\/wp-content\/uploads\/sites\/15\/2017\/04\/InvestmentIntro-150x150.jpg\"><\/a><\/div><div class=\"wp-posts-carousel-details\"><h3 class=\"wp-posts-carousel-title\"><a href=\"https:\/\/www.americaeb5visa.com\/fr\/blog\/2016\/12\/19\/on-december-6th-2016-u-s-congress-passed-the-continuing-resolution-cr-legislation\/\" title=\"Le 6 d\u00e9cembre 2016, le Congr\u00e8s Am\u00e9ricain a adopt\u00e9 la l\u00e9gislation concernant la R\u00e9solution Permanente.\">Le 6 d\u00e9cembre 2016, le Congr\u00e8s Am\u00e9ricain a adopt\u00e9 la l\u00e9gislation concernant la R\u00e9solution Permanente.<\/a><\/h3><p class=\"wp-posts-carousel-created-date\">December 19, 2016<\/p><\/div><\/div><\/div><div class=\"wp-posts-carousel-slide slides-4\"><div class=\"wp-posts-carousel-container\"><div class=\"wp-posts-carousel-image\"><a href=\"https:\/\/www.americaeb5visa.com\/fr\/blog\/2016\/11\/20\/congress-extends-eb-5-regional-center-program-to-march-31st-is-locked-congress-extends-eb-5-regional-center-program-to-march-31st\/\" title=\"Read more Le congr\u00e8s prolonge le programme du Centre r\u00e9gional EB-5 au 31 mars.\"><img decoding=\"async\" alt=\"Le congr\u00e8s prolonge le programme du Centre r\u00e9gional EB-5 au 31 mars.\" style=\"max-width:100%;max-height:100%\" src=\"https:\/\/www.americaeb5visa.com\/fr\/wp-content\/uploads\/sites\/15\/2017\/04\/RibbonAdobeStock_72339142-1-150x150.jpg\"><\/a><\/div><div class=\"wp-posts-carousel-details\"><h3 class=\"wp-posts-carousel-title\"><a href=\"https:\/\/www.americaeb5visa.com\/fr\/blog\/2016\/11\/20\/congress-extends-eb-5-regional-center-program-to-march-31st-is-locked-congress-extends-eb-5-regional-center-program-to-march-31st\/\" title=\"Le congr\u00e8s prolonge le programme du Centre r\u00e9gional EB-5 au 31 mars.\">Le congr\u00e8s prolonge le programme du Centre r\u00e9gional EB-5 au 31 mars.<\/a><\/h3><p class=\"wp-posts-carousel-created-date\">November 20, 2016<\/p><\/div><\/div><\/div><div class=\"wp-posts-carousel-slide slides-4\"><div class=\"wp-posts-carousel-container\"><div class=\"wp-posts-carousel-image\"><a href=\"https:\/\/www.americaeb5visa.com\/fr\/blog\/2016\/10\/06\/senate-extended-eb-5-regional-center-program-to-december-9th\/\" title=\"Read more Le s\u00e9nat am\u00e9ricain prolonge le programme du Centre R\u00e9gional EB-5 jusqu&#039;au 9 d\u00e9cembre.\"><img decoding=\"async\" alt=\"Le s\u00e9nat am\u00e9ricain prolonge le programme du Centre R\u00e9gional EB-5 jusqu&#039;au 9 d\u00e9cembre.\" style=\"max-width:100%;max-height:100%\" src=\"https:\/\/www.americaeb5visa.com\/fr\/wp-content\/uploads\/sites\/15\/2017\/04\/WhoareWeAdobeStock_25409363-150x150.jpg\"><\/a><\/div><div class=\"wp-posts-carousel-details\"><h3 class=\"wp-posts-carousel-title\"><a href=\"https:\/\/www.americaeb5visa.com\/fr\/blog\/2016\/10\/06\/senate-extended-eb-5-regional-center-program-to-december-9th\/\" title=\"Le s\u00e9nat am\u00e9ricain prolonge le programme du Centre R\u00e9gional EB-5 jusqu&#039;au 9 d\u00e9cembre.\">Le s\u00e9nat am\u00e9ricain prolonge le programme du Centre R\u00e9gional EB-5 jusqu&#039;au 9 d\u00e9cembre.<\/a><\/h3><p class=\"wp-posts-carousel-created-date\">October 6, 2016<\/p><\/div><\/div><\/div><div class=\"wp-posts-carousel-slide slides-4\"><div class=\"wp-posts-carousel-container\"><div class=\"wp-posts-carousel-image\"><a href=\"https:\/\/www.americaeb5visa.com\/fr\/blog\/2016\/09\/24\/congress-considering-raising-investment-amount-for-eb-5-visa\/\" title=\"Read more Le Congr\u00e8s envisage d&#039;augmenter le montant de l&#039;investissement pour le visa EB-5.\"><img decoding=\"async\" alt=\"Le Congr\u00e8s envisage d&#039;augmenter le montant de l&#039;investissement pour le visa EB-5.\" style=\"max-width:100%;max-height:100%\" src=\"https:\/\/www.americaeb5visa.com\/fr\/wp-content\/uploads\/sites\/15\/2017\/04\/EB5Death_to_Stock_Photography_NYC_Skyline_2-150x150.jpg\"><\/a><\/div><div class=\"wp-posts-carousel-details\"><h3 class=\"wp-posts-carousel-title\"><a href=\"https:\/\/www.americaeb5visa.com\/fr\/blog\/2016\/09\/24\/congress-considering-raising-investment-amount-for-eb-5-visa\/\" title=\"Le Congr\u00e8s envisage d&#039;augmenter le montant de l&#039;investissement pour le visa EB-5.\">Le Congr\u00e8s envisage d&#039;augmenter le montant de l&#039;investissement pour le visa EB-5.<\/a><\/h3><p class=\"wp-posts-carousel-created-date\">September 24, 2016<\/p><\/div><\/div><\/div><div class=\"wp-posts-carousel-slide slides-4\"><div class=\"wp-posts-carousel-container\"><div class=\"wp-posts-carousel-image\"><a href=\"https:\/\/www.americaeb5visa.com\/fr\/blog\/2016\/09\/18\/eb-5-visa-a-simple-road-to-obtaining-a-green-card\/\" title=\"Read more Visa EB-5: une route simple pour obtenir une carte verte.\"><img decoding=\"async\" alt=\"Visa EB-5: une route simple pour obtenir une carte verte.\" style=\"max-width:100%;max-height:100%\" src=\"https:\/\/www.americaeb5visa.com\/fr\/wp-content\/uploads\/sites\/15\/2017\/04\/Logo512SiteIcon-150x150.png\"><\/a><\/div><div class=\"wp-posts-carousel-details\"><h3 class=\"wp-posts-carousel-title\"><a href=\"https:\/\/www.americaeb5visa.com\/fr\/blog\/2016\/09\/18\/eb-5-visa-a-simple-road-to-obtaining-a-green-card\/\" title=\"Visa EB-5: une route simple pour obtenir une carte verte.\">Visa EB-5: une route simple pour obtenir une carte verte.<\/a><\/h3><p class=\"wp-posts-carousel-created-date\">September 18, 2016<\/p><\/div><\/div><\/div><\/div><script type=\"text\/javascript\">\n              jQuery(window).load(function(e) {\n                  var wpPostsCarousel1777560940 = jQuery(\"#wp-posts-carousel-1777560940\");\n                  wpPostsCarousel1777560940.owlCarousel({\n                      loop: 0,\n                      nav: true,\n                      navSpeed: 800,\n                      dots: true,\n                      dotsSpeed: 800,\n                      lazyLoad: false,\n                      autoplay: false,\n                      autoplayHoverPause: false,\n                      autoplayTimeout: 1200,\n                      autoplaySpeed:  800,\n                      margin: 5,\n                      stagePadding: 0,\n                      freeDrag: false,\n                      mouseDrag: true,\n                      touchDrag: true,\n                      slideBy: 1,\n                      fallbackEasing: \"linear\",\n                      responsiveClass: true,\n                      navText: [ \"previous\", \"next\" ],\n                      responsive:{\n                          0:{items: 1},\n                          600:{items: 2},\n                          1000:{items: 4}\n                          \n                      },\n                      autoHeight: true\n                  });\n                  wpPostsCarousel1777560940.on(\"mousewheel\", \".owl-stage\", function(e) {\n                if (e.deltaY > 0) {\n                    wpPostsCarousel1777560940.trigger(\"next.owl\");\n                } else {\n                    wpPostsCarousel1777560940.trigger(\"prev.owl\");\n                }\n                e.preventDefault();\n            });\n              });\n          <\/script><\/div><\/div><\/div><\/div>","protected":false},"excerpt":{"rendered":"<p>Nouvelles Le pr\u00e9sident Trump a sign\u00e9 un d\u00e9cret, suspendant temporairement l&#039;immigration aux \u00c9tats-UnisApril 28, 2020Le D\u00e9partement d&#039;\u00c9tat des \u00c9tats-Unis publie des statistiques de visa pour l&#039;ann\u00e9e financi\u00e8re 2016March 19, 2017Le 6 d\u00e9cembre 2016, le Congr\u00e8s Am\u00e9ricain a adopt\u00e9 la l\u00e9gislation concernant la R\u00e9solution Permanente.December 19, 2016Le congr\u00e8s prolonge le programme du Centre r\u00e9gional EB-5 au<a class=\"moretag\" href=\"https:\/\/www.americaeb5visa.com\/fr\/news\/\"><span class=\"screen-reader-text\">Read more about Nouvelles<\/span>[&#8230;]<\/a><\/p>\n","protected":false},"author":1,"featured_media":0,"parent":0,"menu_order":8,"comment_status":"closed","ping_status":"closed","template":"","meta":{"_acf_changed":false,"_monsterinsights_skip_tracking":false,"_monsterinsights_sitenote_active":false,"_monsterinsights_sitenote_note":"","_monsterinsights_sitenote_category":0,"footnotes":""},"class_list":["post-74","page","type-page","status-publish","hentry"],"acf":[],"rttpg_featured_image_url":null,"rttpg_author":{"display_name":"AdminNIso","author_link":"https:\/\/www.americaeb5visa.com\/fr\/blog\/author\/admin\/"},"rttpg_comment":0,"rttpg_category":null,"rttpg_excerpt":"Nouvelles Le pr\u00e9sident Trump a sign\u00e9 un d\u00e9cret, suspendant temporairement l&#039;immigration aux \u00c9tats-UnisApril 28, 2020Le D\u00e9partement d&#039;\u00c9tat des \u00c9tats-Unis publie des statistiques de visa pour l&#039;ann\u00e9e financi\u00e8re 2016March 19, 2017Le 6 d\u00e9cembre 2016, le Congr\u00e8s Am\u00e9ricain a adopt\u00e9 la l\u00e9gislation concernant la R\u00e9solution Permanente.December 19, 2016Le congr\u00e8s prolonge le programme du Centre r\u00e9gional EB-5 auRead&hellip;","_links":{"self":[{"href":"https:\/\/www.americaeb5visa.com\/fr\/wp-json\/wp\/v2\/pages\/74","targetHints":{"allow":["GET"]}}],"collection":[{"href":"https:\/\/www.americaeb5visa.com\/fr\/wp-json\/wp\/v2\/pages"}],"about":[{"href":"https:\/\/www.americaeb5visa.com\/fr\/wp-json\/wp\/v2\/types\/page"}],"author":[{"embeddable":true,"href":"https:\/\/www.americaeb5visa.com\/fr\/wp-json\/wp\/v2\/users\/1"}],"replies":[{"embeddable":true,"href":"https:\/\/www.americaeb5visa.com\/fr\/wp-json\/wp\/v2\/comments?post=74"}],"version-history":[{"count":0,"href":"https:\/\/www.americaeb5visa.com\/fr\/wp-json\/wp\/v2\/pages\/74\/revisions"}],"wp:attachment":[{"href":"https:\/\/www.americaeb5visa.com\/fr\/wp-json\/wp\/v2\/media?parent=74"}],"curies":[{"name":"wp","href":"https:\/\/api.w.org\/{rel}","templated":true}]}}