{"id":45,"date":"2017-03-13T22:03:22","date_gmt":"2017-03-13T22:03:22","guid":{"rendered":"http:\/\/www.americaeb5visa.com\/?page_id=45"},"modified":"2025-02-09T11:30:16","modified_gmt":"2025-02-09T11:30:16","slug":"who-are-we","status":"publish","type":"page","link":"https:\/\/www.americaeb5visa.com\/it\/who-are-we\/","title":{"rendered":"Chi siamo noi?"},"content":{"rendered":"<div id=\"pl-45\"  class=\"panel-layout\" ><div id=\"pg-45-0\"  class=\"panel-grid panel-has-style\" ><div class=\"siteorigin-panels-stretch panel-row-style panel-row-style-for-45-0\" data-stretch-type=\"full-stretched\" ><div id=\"pgc-45-0-0\"  class=\"panel-grid-cell\" ><div id=\"panel-45-0-0-0\" class=\"so-panel widget widget_sow-hero panel-first-child panel-last-child\" data-index=\"0\" ><div\n\t\t\t\n\t\t\tclass=\"so-widget-sow-hero so-widget-sow-hero-default-89b41ad833c8-45 so-widget-fittext-wrapper\"\n\t\t\t data-fit-text-compressor=\"0.85\"\n\t\t>\t\t\t\t<div class=\"sow-slider-base\" style=\"display: none\" tabindex=\"0\">\n\t\t\t\t\t<ul\n\t\t\t\t\tclass=\"sow-slider-images\"\n\t\t\t\t\tdata-settings=\"{&quot;pagination&quot;:true,&quot;speed&quot;:800,&quot;timeout&quot;:8000,&quot;paused&quot;:false,&quot;pause_on_hover&quot;:false,&quot;swipe&quot;:true,&quot;nav_always_show_desktop&quot;:&quot;&quot;,&quot;nav_always_show_mobile&quot;:&quot;&quot;,&quot;breakpoint&quot;:&quot;780px&quot;,&quot;unmute&quot;:false,&quot;anchor&quot;:null}\"\n\t\t\t\t\tstyle=\"min-height: 500px\"\t\t\t\t\tdata-anchor-id=\"\"\n\t\t\t\t>\t\t<li class=\"sow-slider-image  sow-slider-image-cover\" style=\"visibility: visible;;background-color: #333333;background-image: url(https:\/\/www.americaeb5visa.com\/it\/wp-content\/uploads\/sites\/19\/2017\/03\/WhoareWeAdobeStock_25409363.jpg)\" >\n\t\t\t\t\t<div class=\"sow-slider-image-container\">\n\t\t\t<div class=\"sow-slider-image-wrapper\">\n\t\t\t\t<h1 class=\"text-center mg-lg tc-white\" style=\"text-align: center\">Cosa ci rende cos\u00ec speciali? La comprensione<\/h1>\n<h3 style=\"text-align: center\"><\/h3>\n<h3 style=\"text-align: center\">Il nostro team \u00e8 totalmente composto da soli professionisti qualificati, che hanno una volta condiviso il vostro sogno di immigrare negli Stati Uniti.<\/h3>\t\t\t<\/div>\n\t\t<\/div>\n\t\t\t\t<\/li>\n\t\t<\/ul>\t\t\t\t<ol class=\"sow-slider-pagination\">\n\t\t\t\t\t\t\t\t\t\t\t<li><a href=\"#\" data-goto=\"0\" aria-label=\"Display slide 1\"><\/a><\/li>\n\t\t\t\t\t\t\t\t\t<\/ol>\n\n\t\t\t\t<div class=\"sow-slide-nav sow-slide-nav-next\">\n\t\t\t\t\t<a href=\"#\" data-goto=\"next\" aria-label=\"Next slide\" data-action=\"next\">\n\t\t\t\t\t\t<em class=\"sow-sld-icon-thin-right\"><\/em>\n\t\t\t\t\t<\/a>\n\t\t\t\t<\/div>\n\n\t\t\t\t<div class=\"sow-slide-nav sow-slide-nav-prev\">\n\t\t\t\t\t<a href=\"#\" data-goto=\"previous\" aria-label=\"Previous slide\" data-action=\"prev\">\n\t\t\t\t\t\t<em class=\"sow-sld-icon-thin-left\"><\/em>\n\t\t\t\t\t<\/a>\n\t\t\t\t<\/div>\n\t\t\t\t<\/div><\/div><\/div><\/div><\/div><\/div><div id=\"pg-45-1\"  class=\"panel-grid panel-no-style\" ><div id=\"pgc-45-1-0\"  class=\"panel-grid-cell\" ><div id=\"panel-45-1-0-0\" class=\"so-panel widget widget_sow-editor panel-first-child panel-last-child\" data-index=\"1\" ><div\n\t\t\t\n\t\t\tclass=\"so-widget-sow-editor so-widget-sow-editor-base\"\n\t\t\t\n\t\t>\n<div class=\"siteorigin-widget-tinymce textwidget\">\n\t<p style=\"text-align: center;\">30 Anni<\/p>\n<p> Il nostro team \u00e8 composto unicamente da personale qualificato, il quale ha a sua volta condiviso il vostro sogno di immigrare negli Stati Uniti. Siamo a conoscenza delle vostre apprensioni, preoccupazioni e paure. Ed ancora pi\u00f9 importante, comprendiamo il fatto che ogni situazione \u00e8 a s\u00e8.<\/p>\n<p>La nostra dirigenza ha un\u2019esperienza trentennale con Wall Street, nello strutturare transazioni a reddito fisso e leggere memorandum complessi di collocamento privato. Siamo soliti identificare parte, se non tutti, i rischi inerenti ad ogni investimento e lavoriamo sulla formulazione di mitiganti diretti e indiretti per alleviare le preoccupazioni che gli investitori potrebbero avere. Questi rischi non possono essere identificati n\u00e9 mitigati attraverso una semplice lettura dei documenti. In quest\u2019onda, ci distinguiamo tra i tipici professionisti locali che potrebbero, invece, affidarsi esclusivamente alla sponsorizzazione della reputazione globale della societ\u00e0 immobiliare.<\/p>\n<p>Apprezziamo il tuo desiderio di comprendere i dettagli pi\u00f9 fini del tuo investimento. Pertanto, utilizzando il nostro background nell\u2019investment banking, possiamo evidenziare i punti chiavi essenziali nell\u2019interesse e vantaggio di ciascun progetto.<\/p>\n<\/div>\n<\/div><\/div><\/div><\/div><div id=\"pg-45-2\"  class=\"panel-grid panel-has-style\" ><div class=\"siteorigin-panels-stretch panel-row-style panel-row-style-for-45-2\" data-stretch-type=\"full\" ><div id=\"pgc-45-2-0\"  class=\"panel-grid-cell\" ><div id=\"panel-45-2-0-0\" class=\"so-panel widget widget_sow-image panel-first-child\" data-index=\"2\" ><div\n\t\t\t\n\t\t\tclass=\"so-widget-sow-image so-widget-sow-image-default-c67d20f9f743-45\"\n\t\t\t\n\t\t>\n<div class=\"sow-image-container\">\n\t\t<img fetchpriority=\"high\" \n\tsrc=\"https:\/\/www.americaeb5visa.com\/it\/wp-content\/uploads\/sites\/19\/2017\/03\/marko-300x300.png\" width=\"300\" height=\"300\" srcset=\"https:\/\/www.americaeb5visa.com\/it\/wp-content\/uploads\/sites\/19\/2017\/03\/marko-300x300.png 300w, https:\/\/www.americaeb5visa.com\/it\/wp-content\/uploads\/sites\/19\/2017\/03\/marko-150x150.png 150w, https:\/\/www.americaeb5visa.com\/it\/wp-content\/uploads\/sites\/19\/2017\/03\/marko-24x24.png 24w, https:\/\/www.americaeb5visa.com\/it\/wp-content\/uploads\/sites\/19\/2017\/03\/marko-36x36.png 36w, https:\/\/www.americaeb5visa.com\/it\/wp-content\/uploads\/sites\/19\/2017\/03\/marko-48x48.png 48w, https:\/\/www.americaeb5visa.com\/it\/wp-content\/uploads\/sites\/19\/2017\/03\/marko.png 427w\" sizes=\"(max-width: 300px) 100vw, 300px\" alt=\"\" \t\tclass=\"so-widget-image\"\/>\n\t<\/div>\n\n<\/div><\/div><div id=\"panel-45-2-0-1\" class=\"so-panel widget widget_sow-editor\" data-index=\"3\" ><div\n\t\t\t\n\t\t\tclass=\"so-widget-sow-editor so-widget-sow-editor-base\"\n\t\t\t\n\t\t>\n<div class=\"siteorigin-widget-tinymce textwidget\">\n\t<h3 style=\"text-align: center;\">Marko Issever<\/h3>\n<h3 style=\"text-align: center;\">Amministratore Delegato<\/h3>\n<\/div>\n<\/div><\/div><div id=\"panel-45-2-0-2\" class=\"so-panel widget widget_sow-image panel-last-child\" data-index=\"4\" ><div\n\t\t\t\n\t\t\tclass=\"so-widget-sow-image so-widget-sow-image-default-c67d20f9f743-45\"\n\t\t\t\n\t\t>\n<div class=\"sow-image-container\">\n\t\t<img \n\tsrc=\"https:\/\/www.americaeb5visa.com\/it\/wp-content\/uploads\/sites\/19\/2017\/03\/badge-broker-dealer.png\" width=\"224\" height=\"170\" srcset=\"https:\/\/www.americaeb5visa.com\/it\/wp-content\/uploads\/sites\/19\/2017\/03\/badge-broker-dealer.png 224w, https:\/\/www.americaeb5visa.com\/it\/wp-content\/uploads\/sites\/19\/2017\/03\/badge-broker-dealer-24x18.png 24w, https:\/\/www.americaeb5visa.com\/it\/wp-content\/uploads\/sites\/19\/2017\/03\/badge-broker-dealer-36x27.png 36w, https:\/\/www.americaeb5visa.com\/it\/wp-content\/uploads\/sites\/19\/2017\/03\/badge-broker-dealer-48x36.png 48w\" sizes=\"(max-width: 224px) 100vw, 224px\" alt=\"\" \t\tclass=\"so-widget-image\"\/>\n\t<\/div>\n\n<\/div><\/div><\/div><div id=\"pgc-45-2-1\"  class=\"panel-grid-cell\" ><div id=\"panel-45-2-1-0\" class=\"so-panel widget widget_sow-editor panel-first-child panel-last-child\" data-index=\"5\" ><div\n\t\t\t\n\t\t\tclass=\"so-widget-sow-editor so-widget-sow-editor-base\"\n\t\t\t\n\t\t>\n<div class=\"siteorigin-widget-tinymce textwidget\">\n\t<p>Il nostro fondatore e CEO, Marko Issever \u00e8 entrato a far parte della Riverside Management Group come direttore d\u2019impresa nel Maggio 2016 al fine, tra le altre cose, di dirigere le attivit\u00e0 di collocamento e di raccolta di capitale dell\u2019azienda EB-5, tramite la BCW Securities LLC, consociata e sua di propriet\u00e0. <br \/>Il signor Issever \u00e8 anche il socio fondatore della BH Capital Management, LLC, una compagnia di investimento immobiliare, specializzata nelle opportunit\u00e0 di sviluppo ed investimento. <br \/>Prima di entrare a far parte della RMG e fondare la BHCM, il singor Issever \u00e8 stato direttore d\u2019impresa della The Bank of New York Mellon Global &amp; Capital Markets, portando il business del mercato dei derivati della societ\u00e0 verso istituzioni finanziare di livello globale. <br \/>Marko Issever ha lavorato a Wall Street per oltre trent\u2019anni ed \u00e8 stato, in oltre, membro fondatore del business del mercato dei derivati del Sakura Global Capital, una consociata banca giapponese, che si \u00e8 fusa successivamente con la Sumitomo Capital Markets, formando cos\u00ec la SMBC Capital Markets.<br \/>Ha cominciato la sua carriera a Wall Street nel Prudential Securities\u2019 Financial Strategies Group, dove si \u00e8 specializzato nel where he specialized in mortgage backed security opportunities such as CMO\u2019s, risk-controlled arbitrage transactions, as well as other asset backed securitizations including securitization of policy holder loans.<br \/>Si \u00e8, precedentemente, laureato presso la Wharton School of University of Pennsylvania in Finanza, specializzandosi in Economia. <br \/>Ancor prima di frequentare la Wharton, ha studiato alla Bogazici University e al Robert College di Istanbul.<br \/>Parla fluentemente turco, perch\u00e8 madrelingua, e giudeo-spagnolo. <br \/>E\u2019, inoltre, il presidente fondatore della Aleph Learning Center, un\u2019organizzazione ebraica di sensibilizzazione ed \u00e8 membro del consiglio della Manhattan Sephardic Congregation.<br \/>Possiede le licenze di sicurezza, numeri 7 e 63.<br \/>Marko Issever vive con sua moglie e i loro tre figli a New York City. <\/p>\n<\/div>\n<\/div><\/div><\/div><\/div><\/div><div id=\"pg-45-3\"  class=\"panel-grid panel-has-style\" ><div class=\"siteorigin-panels-stretch panel-row-style panel-row-style-for-45-3\" data-stretch-type=\"full\" ><div id=\"pgc-45-3-0\"  class=\"panel-grid-cell\" ><div id=\"panel-45-3-0-0\" class=\"so-panel widget widget_sow-editor panel-first-child panel-last-child\" data-index=\"6\" ><div\n\t\t\t\n\t\t\tclass=\"so-widget-sow-editor so-widget-sow-editor-base\"\n\t\t\t\n\t\t>\n<div class=\"siteorigin-widget-tinymce textwidget\">\n\t<p>Niso Zakuto \u00e8 il direttore capo generale dell\u2019America EB-5 Visa. Il suo obiettivo principale \u00e8 quello di contattare i cittadini turchi, interessati ad emigrare negli Statu Uniti, aiutandoli con il processo EB5.<br \/>Prima di entrare a far parte di quest\u2019azienda, Niso ha lavorato come sviluppatore software alla PrefectedTech a Gerusalemme. Niso \u00e8 nel industria informatica da oltre sette anni. <br \/>Durante la fine dei suoi studi in Information Technology e Scienze Informatiche alla Okan University di Istanbul, Niso ha lavorato come analista a Corvega, un\u2019azienda di programmazione di software.<br \/>Niso, amante delle sfide, spera di poter utilizzare il suo background internazionale e le sue competenze in quanto sviluppatore software per espandere la portata dell\u2019America EB-5 Visa.<\/p>\n<\/div>\n<\/div><\/div><\/div><div id=\"pgc-45-3-1\"  class=\"panel-grid-cell\" ><div id=\"panel-45-3-1-0\" class=\"so-panel widget widget_sow-image panel-first-child\" data-index=\"7\" ><div\n\t\t\t\n\t\t\tclass=\"so-widget-sow-image so-widget-sow-image-default-c67d20f9f743-45\"\n\t\t\t\n\t\t>\n<div class=\"sow-image-container\">\n\t\t<img \n\tsrc=\"https:\/\/www.americaeb5visa.com\/it\/wp-content\/uploads\/sites\/19\/2017\/03\/niso-300x300.png\" width=\"300\" height=\"300\" srcset=\"https:\/\/www.americaeb5visa.com\/it\/wp-content\/uploads\/sites\/19\/2017\/03\/niso-300x300.png 300w, https:\/\/www.americaeb5visa.com\/it\/wp-content\/uploads\/sites\/19\/2017\/03\/niso-150x150.png 150w, https:\/\/www.americaeb5visa.com\/it\/wp-content\/uploads\/sites\/19\/2017\/03\/niso-24x24.png 24w, https:\/\/www.americaeb5visa.com\/it\/wp-content\/uploads\/sites\/19\/2017\/03\/niso-36x36.png 36w, https:\/\/www.americaeb5visa.com\/it\/wp-content\/uploads\/sites\/19\/2017\/03\/niso-48x48.png 48w, https:\/\/www.americaeb5visa.com\/it\/wp-content\/uploads\/sites\/19\/2017\/03\/niso.png 427w\" sizes=\"(max-width: 300px) 100vw, 300px\" alt=\"\" \t\tclass=\"so-widget-image\"\/>\n\t<\/div>\n\n<\/div><\/div><div id=\"panel-45-3-1-1\" class=\"so-panel widget widget_sow-editor panel-last-child\" data-index=\"8\" ><div\n\t\t\t\n\t\t\tclass=\"so-widget-sow-editor so-widget-sow-editor-base\"\n\t\t\t\n\t\t>\n<div class=\"siteorigin-widget-tinymce textwidget\">\n\t<h2 class=\"text-center mg-md\" style=\"text-align: center;\">Niso Zakuto<\/h2>\n<h4 class=\"text-center mg-md\" style=\"text-align: center;\">Direttore d\u2019impresa<\/h4>\n<\/div>\n<\/div><\/div><\/div><\/div><\/div><div id=\"pg-45-4\"  class=\"panel-grid panel-has-style\" ><div class=\"siteorigin-panels-stretch panel-row-style panel-row-style-for-45-4\" data-stretch-type=\"full\" ><div id=\"pgc-45-4-0\"  class=\"panel-grid-cell\" ><div id=\"panel-45-4-0-0\" class=\"so-panel widget widget_sow-image panel-first-child\" data-index=\"9\" ><div\n\t\t\t\n\t\t\tclass=\"so-widget-sow-image so-widget-sow-image-default-c67d20f9f743-45\"\n\t\t\t\n\t\t>\n<div class=\"sow-image-container\">\n\t\t<img loading=\"lazy\" \n\tsrc=\"https:\/\/www.americaeb5visa.com\/it\/wp-content\/uploads\/sites\/19\/2017\/03\/masami-300x300.png\" width=\"300\" height=\"300\" srcset=\"https:\/\/www.americaeb5visa.com\/it\/wp-content\/uploads\/sites\/19\/2017\/03\/masami-300x300.png 300w, https:\/\/www.americaeb5visa.com\/it\/wp-content\/uploads\/sites\/19\/2017\/03\/masami-150x150.png 150w, https:\/\/www.americaeb5visa.com\/it\/wp-content\/uploads\/sites\/19\/2017\/03\/masami-24x24.png 24w, https:\/\/www.americaeb5visa.com\/it\/wp-content\/uploads\/sites\/19\/2017\/03\/masami-36x36.png 36w, https:\/\/www.americaeb5visa.com\/it\/wp-content\/uploads\/sites\/19\/2017\/03\/masami-48x48.png 48w, https:\/\/www.americaeb5visa.com\/it\/wp-content\/uploads\/sites\/19\/2017\/03\/masami.png 427w\" sizes=\"(max-width: 300px) 100vw, 300px\" alt=\"\" \t\tclass=\"so-widget-image\"\/>\n\t<\/div>\n\n<\/div><\/div><div id=\"panel-45-4-0-1\" class=\"so-panel widget widget_sow-editor panel-last-child\" data-index=\"10\" ><div\n\t\t\t\n\t\t\tclass=\"so-widget-sow-editor so-widget-sow-editor-base\"\n\t\t\t\n\t\t>\n<div class=\"siteorigin-widget-tinymce textwidget\">\n\t<h2 class=\"text-center mg-md\" style=\"text-align: center;\">Masami Hibino<\/h2>\n<h4 class=\"text-center mg-md\" style=\"text-align: center;\">Sviluppo del Business in Asia<\/h4>\n<\/div>\n<\/div><\/div><\/div><div id=\"pgc-45-4-1\"  class=\"panel-grid-cell\" ><div id=\"panel-45-4-1-0\" class=\"so-panel widget widget_sow-editor panel-first-child panel-last-child\" data-index=\"11\" ><div\n\t\t\t\n\t\t\tclass=\"so-widget-sow-editor so-widget-sow-editor-base\"\n\t\t\t\n\t\t>\n<div class=\"siteorigin-widget-tinymce textwidget\">\n\t<p>Masami Hibino \u00e8 responsabile dello sviluppo dell\u2019America EB-5 Visa in Asia. E\u2019 sicura di s\u00e8, capace e possiede una rimarcata spinta al successo in ogni ambito della sua vita. <br \/>Laureata alla Stern School of Business at NYU, il background in finanza di Masami l\u2019ha aiutata ad avere successo in molteplici attivit\u00e0 imprenditoriali. In tal proposito, oltre ai suoi doveri nell\u2019America EB-5 Visa, \u00e8 anche un agente immobiliare presso la Brown Harris Stevens. <br \/>Proprio come i clienti di successo dell\u2019America EB-5 Visa, Masami \u00e8 emigrata negli Stati Uniti and vive a New York City da quasi trentanni. <br \/>Masami pu\u00f2 identificarsi con le sfide che deve affrontare un immigrante, incluso, ma non solo, decidere dove vivere and ottenere i permessi necessari per una transazione senza. <br \/>Lei crede nel fornire accessibilit\u00e0 e trasparenza attraverso ogni transazione per aiutare i suoi clienti sia con i loro visti che con i loro bisogni immobiliare. <br \/>Come proprietario ed investitore di molteplici propriet\u00e0 a New York City e agli Hamptons, consiglia direttamente i suoi clienti nella compravendita di propriet\u00e0 immobiliari con le sue conoscenze ed esperienze nel mercato.<\/p>\n<\/div>\n<\/div><\/div><\/div><\/div><\/div><div id=\"pg-45-5\"  class=\"panel-grid panel-has-style\" ><div class=\"siteorigin-panels-stretch panel-row-style panel-row-style-for-45-5\" data-stretch-type=\"full\" ><div id=\"pgc-45-5-0\"  class=\"panel-grid-cell\" ><div id=\"panel-45-5-0-0\" class=\"so-panel widget widget_sow-editor panel-first-child panel-last-child\" data-index=\"12\" ><div\n\t\t\t\n\t\t\tclass=\"so-widget-sow-editor so-widget-sow-editor-base\"\n\t\t\t\n\t\t>\n<div class=\"siteorigin-widget-tinymce textwidget\">\n\t<p>Originaria di New York City, Esther Malka lavora presso la America EB-5 Visa come coordinatrice della sensibilzzazione e relazioni pubbliche.<br \/>Esther \u00e8 attualmente una studentessa della Yale University, in cui persegue una doppia specializzazione in Economia e in Studi Mediorientali Moderni. A Yale, Esther \u00e8 una coordinatrice del programma di sensibilizzazione, REACH, progettato per accoppiare student di Yael con studenti di scuola superiore per fargli da mentore nel processo di immatricolazione universitario. <br \/>E\u2019 anche una coordinatrice della competizione nazionale di matematica MMATHS, tenutasi a Yael, per studenti di scuola superiore; per la quale si trova in costante communicazione con gli amministratori delle scuole superiori al fine di promuovere tale competizione. <br \/>Precedentemente, per l\u2019appunto, Esther ha studiato un anno a studiare Comunicazioni presso il Beit Chana Tzfat in Israele. <br \/>Utilizzando le sue abilit\u00e0 e la sua conoscenza negli studi internazionali e nell\u2019economia, Esther si sforza nel creare un ambiente SHARP e allo stesso tempo empatico nell\u2019America EB-5 Visa, cos\u00ec che i nostri investitori, agenti immobiliari e clienti del Regional Center si sentano piu a proprio agio con i nostri servizi.<\/p>\n<\/div>\n<\/div><\/div><\/div><div id=\"pgc-45-5-1\"  class=\"panel-grid-cell\" ><div id=\"panel-45-5-1-0\" class=\"so-panel widget widget_sow-image panel-first-child\" data-index=\"13\" ><div\n\t\t\t\n\t\t\tclass=\"so-widget-sow-image so-widget-sow-image-default-c67d20f9f743-45\"\n\t\t\t\n\t\t>\n<div class=\"sow-image-container\">\n\t\t<img loading=\"lazy\" \n\tsrc=\"https:\/\/www.americaeb5visa.com\/it\/wp-content\/uploads\/sites\/19\/2017\/03\/esther-300x300.png\" width=\"300\" height=\"300\" srcset=\"https:\/\/www.americaeb5visa.com\/it\/wp-content\/uploads\/sites\/19\/2017\/03\/esther-300x300.png 300w, https:\/\/www.americaeb5visa.com\/it\/wp-content\/uploads\/sites\/19\/2017\/03\/esther-150x150.png 150w, https:\/\/www.americaeb5visa.com\/it\/wp-content\/uploads\/sites\/19\/2017\/03\/esther-24x24.png 24w, https:\/\/www.americaeb5visa.com\/it\/wp-content\/uploads\/sites\/19\/2017\/03\/esther-36x36.png 36w, https:\/\/www.americaeb5visa.com\/it\/wp-content\/uploads\/sites\/19\/2017\/03\/esther-48x48.png 48w, https:\/\/www.americaeb5visa.com\/it\/wp-content\/uploads\/sites\/19\/2017\/03\/esther.png 427w\" sizes=\"(max-width: 300px) 100vw, 300px\" alt=\"\" \t\tclass=\"so-widget-image\"\/>\n\t<\/div>\n\n<\/div><\/div><div id=\"panel-45-5-1-1\" class=\"so-panel widget widget_sow-editor panel-last-child\" data-index=\"14\" ><div\n\t\t\t\n\t\t\tclass=\"so-widget-sow-editor so-widget-sow-editor-base\"\n\t\t\t\n\t\t>\n<div class=\"siteorigin-widget-tinymce textwidget\">\n\t<h2 class=\"text-center mg-md\" style=\"text-align: center;\">Esther Malka<\/h2>\n<h4 class=\"text-center mg-md\" style=\"text-align: center;\">Direttrice delle relazioni pubbliche<\/h4>\n<\/div>\n<\/div><\/div><\/div><\/div><\/div><\/div>","protected":false},"excerpt":{"rendered":"<p>30 Anni Il nostro team \u00e8 composto unicamente da personale qualificato, il quale ha a sua volta condiviso il vostro sogno di immigrare negli Stati Uniti. Siamo a conoscenza delle vostre apprensioni, preoccupazioni e paure. Ed ancora pi\u00f9 importante, comprendiamo il fatto che ogni situazione \u00e8 a s\u00e8. La nostra dirigenza ha un\u2019esperienza trentennale con<a class=\"moretag\" href=\"https:\/\/www.americaeb5visa.com\/it\/who-are-we\/\"><span class=\"screen-reader-text\">Read more about Chi siamo noi?<\/span>[&#8230;]<\/a><\/p>\n","protected":false},"author":1,"featured_media":0,"parent":0,"menu_order":10,"comment_status":"closed","ping_status":"closed","template":"","meta":{"_acf_changed":false,"_monsterinsights_skip_tracking":false,"_monsterinsights_sitenote_active":false,"_monsterinsights_sitenote_note":"","_monsterinsights_sitenote_category":0,"footnotes":""},"class_list":["post-45","page","type-page","status-publish","hentry"],"acf":[],"rttpg_featured_image_url":null,"rttpg_author":{"display_name":"AdminNIso","author_link":"https:\/\/www.americaeb5visa.com\/it\/blog\/author\/admin\/"},"rttpg_comment":0,"rttpg_category":null,"rttpg_excerpt":"30 Anni Il nostro team \u00e8 composto unicamente da personale qualificato, il quale ha a sua volta condiviso il vostro sogno di immigrare negli Stati Uniti. Siamo a conoscenza delle vostre apprensioni, preoccupazioni e paure. Ed ancora pi\u00f9 importante, comprendiamo il fatto che ogni situazione \u00e8 a s\u00e8. La nostra dirigenza ha un\u2019esperienza trentennale conRead&hellip;","_links":{"self":[{"href":"https:\/\/www.americaeb5visa.com\/it\/wp-json\/wp\/v2\/pages\/45","targetHints":{"allow":["GET"]}}],"collection":[{"href":"https:\/\/www.americaeb5visa.com\/it\/wp-json\/wp\/v2\/pages"}],"about":[{"href":"https:\/\/www.americaeb5visa.com\/it\/wp-json\/wp\/v2\/types\/page"}],"author":[{"embeddable":true,"href":"https:\/\/www.americaeb5visa.com\/it\/wp-json\/wp\/v2\/users\/1"}],"replies":[{"embeddable":true,"href":"https:\/\/www.americaeb5visa.com\/it\/wp-json\/wp\/v2\/comments?post=45"}],"version-history":[{"count":0,"href":"https:\/\/www.americaeb5visa.com\/it\/wp-json\/wp\/v2\/pages\/45\/revisions"}],"wp:attachment":[{"href":"https:\/\/www.americaeb5visa.com\/it\/wp-json\/wp\/v2\/media?parent=45"}],"curies":[{"name":"wp","href":"https:\/\/api.w.org\/{rel}","templated":true}]}}