{"id":57,"date":"2017-03-14T21:35:00","date_gmt":"2017-03-14T21:35:00","guid":{"rendered":"http:\/\/www.americaeb5visa.com\/?page_id=57"},"modified":"2022-03-25T05:37:07","modified_gmt":"2022-03-25T05:37:07","slug":"eb-5-due-diligence","status":"publish","type":"page","link":"https:\/\/www.americaeb5visa.com\/it\/eb-5-due-diligence\/","title":{"rendered":"Dovuta diligenza per il visto EB-5"},"content":{"rendered":"<div id=\"pl-57\"  class=\"panel-layout\" ><div id=\"pg-57-0\"  class=\"panel-grid panel-has-style\" ><div class=\"siteorigin-panels-stretch panel-row-style panel-row-style-for-57-0\" data-stretch-type=\"full-stretched\" ><div id=\"pgc-57-0-0\"  class=\"panel-grid-cell\" ><div id=\"panel-57-0-0-0\" class=\"so-panel widget widget_sow-hero panel-first-child panel-last-child\" data-index=\"0\" ><div\n\t\t\t\n\t\t\tclass=\"so-widget-sow-hero so-widget-sow-hero-default-3d3f69fb2c42-57 so-widget-fittext-wrapper\"\n\t\t\t data-fit-text-compressor=\"0.85\"\n\t\t>\t\t\t\t<div class=\"sow-slider-base\" style=\"display: none\" tabindex=\"0\">\n\t\t\t\t\t<ul\n\t\t\t\t\tclass=\"sow-slider-images\"\n\t\t\t\t\tdata-settings=\"{&quot;pagination&quot;:true,&quot;speed&quot;:800,&quot;timeout&quot;:8000,&quot;paused&quot;:false,&quot;pause_on_hover&quot;:false,&quot;swipe&quot;:true,&quot;nav_always_show_desktop&quot;:&quot;&quot;,&quot;nav_always_show_mobile&quot;:&quot;&quot;,&quot;breakpoint&quot;:&quot;780px&quot;,&quot;unmute&quot;:false,&quot;anchor&quot;:null}\"\n\t\t\t\t\tstyle=\"min-height: 600px\"\t\t\t\t\tdata-anchor-id=\"\"\n\t\t\t\t>\t\t<li class=\"sow-slider-image  sow-slider-image-cover\" style=\"visibility: visible;;background-color: #333333;background-image: url(https:\/\/www.americaeb5visa.com\/it\/wp-content\/uploads\/sites\/19\/2017\/03\/EB5Death_to_Stock_Photography_NYC_Skyline_2.jpg)\" >\n\t\t\t\t\t<div class=\"sow-slider-image-container\">\n\t\t\t<div class=\"sow-slider-image-wrapper\">\n\t\t\t\t<h1 class=\"text-center mg-md \" style=\"text-align: center\">Dovuta Diligenza per il Visto EB-5 <\/h1>\n<h2 class=\"text-center\" style=\"text-align: center\"><\/h2>\n<h2 class=\"text-center\" style=\"text-align: center\">Assicurarsi di compiere un investimento sicuro<\/h2>\t\t\t<\/div>\n\t\t<\/div>\n\t\t\t\t<\/li>\n\t\t<\/ul>\t\t\t\t<ol class=\"sow-slider-pagination\">\n\t\t\t\t\t\t\t\t\t\t\t<li><a href=\"#\" data-goto=\"0\" aria-label=\"Display slide 1\"><\/a><\/li>\n\t\t\t\t\t\t\t\t\t<\/ol>\n\n\t\t\t\t<div class=\"sow-slide-nav sow-slide-nav-next\">\n\t\t\t\t\t<a href=\"#\" data-goto=\"next\" aria-label=\"Next slide\" data-action=\"next\">\n\t\t\t\t\t\t<em class=\"sow-sld-icon-thin-right\"><\/em>\n\t\t\t\t\t<\/a>\n\t\t\t\t<\/div>\n\n\t\t\t\t<div class=\"sow-slide-nav sow-slide-nav-prev\">\n\t\t\t\t\t<a href=\"#\" data-goto=\"previous\" aria-label=\"Previous slide\" data-action=\"prev\">\n\t\t\t\t\t\t<em class=\"sow-sld-icon-thin-left\"><\/em>\n\t\t\t\t\t<\/a>\n\t\t\t\t<\/div>\n\t\t\t\t<\/div><\/div><\/div><\/div><\/div><\/div><div id=\"pg-57-1\"  class=\"panel-grid panel-has-style\" ><div class=\"siteorigin-panels-stretch panel-row-style panel-row-style-for-57-1\" data-stretch-type=\"full\" ><div id=\"pgc-57-1-0\"  class=\"panel-grid-cell\" ><div id=\"panel-57-1-0-0\" class=\"so-panel widget widget_sow-editor panel-first-child panel-last-child\" data-index=\"1\" ><div\n\t\t\t\n\t\t\tclass=\"so-widget-sow-editor so-widget-sow-editor-base\"\n\t\t\t\n\t\t>\n<div class=\"siteorigin-widget-tinymce textwidget\">\n\t<p><strong>Riguardo il visto EB\u20135<\/strong><\/p>\n<ul>\n<li>Quanti progetti EB-5 ha completato la societ\u00e0 fino ad ora?<\/li>\n<li>A quanto ammonta l'investimento richiesto? C'\u00e8 una tassa amministrativa? Quanto?<\/li>\n<li>Se l'investimento \u00e8 di $ 800,000, quale autorit\u00e0 certifica che l'area di sviluppo del progetto \u00e8 considerata idonea, in quanto zona di occupazione mirata (TEA).<\/li>\n<li>Potrebbe essere chiesto al richiedente EB-5 di investire ulteriori fondi oltre l'importo iniziale in un secondo momento?<\/li>\n<li>Quale percentuale del finanziamento complessivo rappresenta il progetto EB-5?<\/li>\n<li>Quanta equity \u00e8 investita nella transazione? \u00c8 al di sotto dell'investimento EB-5 nella priorit\u00e0 dei pagamenti?<\/li>\n<li>Esiste un debito bancario al di sopra dell\u2019EB-5 nella priorit\u00e0 dei pagamenti? \u00c8 gi\u00e0 operativo, ad esempio un\u2019impegno? Di quant\u2019\u00e8 il debito?<\/li>\n<li>Il richiedente ha pagato un interesse fisso sul suo investimento? Per quanto tempo?<\/li>\n<li>Se no, come \u00e8 determinato? Quanto spesso viene pagato?<\/li>\n<li>Lo sviluppatore fornisce la garanzia del completamento del progetto?<\/li>\n<li>Quanti posti di lavoro sono creati per l\u2019investitore?<\/li>\n<li>Quali precauzioni sono prese per monitorare la creazione di posti di lavoro? Quali passi vengono intrapresi se la creazione del lavoro richiesta non si \u00e8 verificata?<\/li>\n<li>Chi ha preparato la relazione economica che delinea la stima della creazione di posti di lavoro? Il rapporto economico \u00e8 accessibile per gli investitori?<\/li>\n<li>Esiste una valutazione del valore della propriet\u00e0 al completamento? In termini di percentuali, di quanto supera la spesa del capitale totale dell'intero progetto?<\/li>\n<li>Se l'I-526 viene rifiutato, l'investitore ricever\u00e0 il rimborso dell'intero investimento? Viene chiaramente enunciato nel Contratto di abbonamento e nel Memorandum di collocamento privato?<\/li>\n<li>L'investitore deve effettuare un deposito o pagare una commissione per i materiali oggetto di offerta?<\/li>\n<li>Does the investor have to make any deposit or pay any fee for the offering materials?<\/li>\n<li>Il Centro Regionale fornisce regolarmente informazioni sullo stato dell'investimento agli investitori? Se s\u00ec, quanto spesso?<\/li>\n<\/ul>\n<p><strong>Informazioni sull'immigrazione<\/strong><\/p>\n<ul>\n<li>Quante approvazioni per l\u2019I-526?<\/li>\n<li>Quant I-526 negati? Motivi?<\/li>\n<li>Quante approvazioni per la Conditional Green Card?<\/li>\n<li>Quante negazioni per la Conditional Green Card? Motivi?<\/li>\n<li>Quante approvazioni per la rimozione della condizionale?<\/li>\n<li>Quanti rifiuti di rimozione della condizionale? Motivi?<\/li>\n<\/ul>\n<p><strong>Informazioni sul Centro Regionale <\/strong><\/p>\n<ul>\n<li>Quando \u00e8 stato istituito il Centro Regionale? Quando \u00e8 stato approvato l\u2019I-924?<\/li>\n<li>Da quanto tempo lo sviluppatore \u00e8 in attivit\u00e0? Prima di questa offerta, hanno precedentemente investito tramite EB-5?<\/li>\n<li>Lo sviluppatore ha una valutazione autonoma dalle principali agenzie di rating globali come Standard &amp; Poors e Moody's?<\/li>\n<li>Quando pu\u00f2 essere venduto l'investimento? Quand\u2019\u00e8 che il cliente pu\u00f2 ricevere il suo investimento? Quanti investitori hanno ricevuto il loro investimento finora?<\/li>\n<li>About Regional Center<\/li>\n<li>Come viene determinato l'importo?<\/li>\n<li>La potenziale regressione di altri investitori incider\u00e0 sui tempi di restituzione del capitale oltre il periodo di detenzione di cinque anni richiesto per gli investitori i cui moduli I-829 sono gi\u00e0 stati approvati?<\/li>\n<li>Il completamento e l'attuazione anticipata della strategia di uscita del progetto richiedono la restituzione del capitale agli investitori i cui moduli I-829 non sono ancora stati approvati o sono stati<\/li>\n<li>approvati, ma il periodo di trattenimento di cinque anni richiesto non \u00e8 ancora stato completato? Senno, come pianifica il Centro regionale di ridistribuire i fondi al fine di non mettere a repentaglio l'approvazione dell\u2019I-829?<\/li>\n<li>Quanti anni di esperienza ha il partner generale o il direttore in progetti di investimento nel lavorare con programmi legati a investitori immigrati?<\/li>\n<\/ul>\n<\/div>\n<\/div><\/div><\/div><\/div><\/div><\/div>","protected":false},"excerpt":{"rendered":"<p>Riguardo il visto EB\u20135 Quanti progetti EB-5 ha completato la societ\u00e0 fino ad ora? A quanto ammonta l&#8217;investimento richiesto? C&#8217;\u00e8 una tassa amministrativa? Quanto? Se l&#8217;investimento \u00e8 di $ , quale autorit\u00e0 certifica che l&#8217;area di sviluppo del progetto \u00e8 considerata idonea, in quanto zona di occupazione mirata (TEA). Potrebbe essere chiesto al richiedente EB-5<a class=\"moretag\" href=\"https:\/\/www.americaeb5visa.com\/it\/eb-5-due-diligence\/\"><span class=\"screen-reader-text\">Read more about Dovuta diligenza per il visto EB-5<\/span>[&#8230;]<\/a><\/p>\n","protected":false},"author":1,"featured_media":0,"parent":0,"menu_order":2,"comment_status":"closed","ping_status":"closed","template":"","meta":{"_acf_changed":false,"_monsterinsights_skip_tracking":false,"_monsterinsights_sitenote_active":false,"_monsterinsights_sitenote_note":"","_monsterinsights_sitenote_category":0,"footnotes":""},"class_list":["post-57","page","type-page","status-publish","hentry"],"acf":[],"rttpg_featured_image_url":null,"rttpg_author":{"display_name":"AdminNIso","author_link":"https:\/\/www.americaeb5visa.com\/it\/blog\/author\/admin\/"},"rttpg_comment":0,"rttpg_category":null,"rttpg_excerpt":"Riguardo il visto EB\u20135 Quanti progetti EB-5 ha completato la societ\u00e0 fino ad ora? A quanto ammonta l'investimento richiesto? C'\u00e8 una tassa amministrativa? Quanto? Se l'investimento \u00e8 di $ , quale autorit\u00e0 certifica che l'area di sviluppo del progetto \u00e8 considerata idonea, in quanto zona di occupazione mirata (TEA). Potrebbe essere chiesto al richiedente EB-5Read&hellip;","_links":{"self":[{"href":"https:\/\/www.americaeb5visa.com\/it\/wp-json\/wp\/v2\/pages\/57","targetHints":{"allow":["GET"]}}],"collection":[{"href":"https:\/\/www.americaeb5visa.com\/it\/wp-json\/wp\/v2\/pages"}],"about":[{"href":"https:\/\/www.americaeb5visa.com\/it\/wp-json\/wp\/v2\/types\/page"}],"author":[{"embeddable":true,"href":"https:\/\/www.americaeb5visa.com\/it\/wp-json\/wp\/v2\/users\/1"}],"replies":[{"embeddable":true,"href":"https:\/\/www.americaeb5visa.com\/it\/wp-json\/wp\/v2\/comments?post=57"}],"version-history":[{"count":0,"href":"https:\/\/www.americaeb5visa.com\/it\/wp-json\/wp\/v2\/pages\/57\/revisions"}],"wp:attachment":[{"href":"https:\/\/www.americaeb5visa.com\/it\/wp-json\/wp\/v2\/media?parent=57"}],"curies":[{"name":"wp","href":"https:\/\/api.w.org\/{rel}","templated":true}]}}