{"id":61,"date":"2017-03-14T21:44:01","date_gmt":"2017-03-14T21:44:01","guid":{"rendered":"http:\/\/www.americaeb5visa.com\/?page_id=61"},"modified":"2022-03-25T05:34:27","modified_gmt":"2022-03-25T05:34:27","slug":"eb-5-requirements","status":"publish","type":"page","link":"https:\/\/www.americaeb5visa.com\/it\/eb-5-requirements\/","title":{"rendered":"Requisiti EB-5"},"content":{"rendered":"<div id=\"pl-61\"  class=\"panel-layout\" ><div id=\"pg-61-0\"  class=\"panel-grid panel-has-style\" ><div class=\"siteorigin-panels-stretch panel-row-style panel-row-style-for-61-0\" data-stretch-type=\"full-stretched\" ><div id=\"pgc-61-0-0\"  class=\"panel-grid-cell\" ><div id=\"panel-61-0-0-0\" class=\"so-panel widget widget_sow-hero panel-first-child panel-last-child\" data-index=\"0\" ><div\n\t\t\t\n\t\t\tclass=\"so-widget-sow-hero so-widget-sow-hero-default-3d3f69fb2c42-61 so-widget-fittext-wrapper\"\n\t\t\t data-fit-text-compressor=\"0.85\"\n\t\t>\t\t\t\t<div class=\"sow-slider-base\" style=\"display: none\" tabindex=\"0\">\n\t\t\t\t\t<ul\n\t\t\t\t\tclass=\"sow-slider-images\"\n\t\t\t\t\tdata-settings=\"{&quot;pagination&quot;:true,&quot;speed&quot;:800,&quot;timeout&quot;:8000,&quot;paused&quot;:false,&quot;pause_on_hover&quot;:false,&quot;swipe&quot;:true,&quot;nav_always_show_desktop&quot;:&quot;&quot;,&quot;nav_always_show_mobile&quot;:&quot;&quot;,&quot;breakpoint&quot;:&quot;780px&quot;,&quot;unmute&quot;:false,&quot;anchor&quot;:null}\"\n\t\t\t\t\tstyle=\"min-height: 600px\"\t\t\t\t\tdata-anchor-id=\"\"\n\t\t\t\t>\t\t<li class=\"sow-slider-image  sow-slider-image-cover\" style=\"visibility: visible;;background-color: #333333;background-image: url(https:\/\/www.americaeb5visa.com\/it\/wp-content\/uploads\/sites\/19\/2017\/03\/EB5Death_to_Stock_Photography_NYC_Skyline_2.jpg)\" >\n\t\t\t\t\t<div class=\"sow-slider-image-container\">\n\t\t\t<div class=\"sow-slider-image-wrapper\">\n\t\t\t\t<h1 class=\"text-center mg-md \" style=\"text-align: center;padding-left: 30px\">Requisiti EB-5<\/h1>\n<h2 style=\"text-align: center\">Un investimento di capitale che crea almeno 10 posti di lavoro per gli americani.<\/h2>\t\t\t<\/div>\n\t\t<\/div>\n\t\t\t\t<\/li>\n\t\t<\/ul>\t\t\t\t<ol class=\"sow-slider-pagination\">\n\t\t\t\t\t\t\t\t\t\t\t<li><a href=\"#\" data-goto=\"0\" aria-label=\"Display slide 1\"><\/a><\/li>\n\t\t\t\t\t\t\t\t\t<\/ol>\n\n\t\t\t\t<div class=\"sow-slide-nav sow-slide-nav-next\">\n\t\t\t\t\t<a href=\"#\" data-goto=\"next\" aria-label=\"Next slide\" data-action=\"next\">\n\t\t\t\t\t\t<em class=\"sow-sld-icon-thin-right\"><\/em>\n\t\t\t\t\t<\/a>\n\t\t\t\t<\/div>\n\n\t\t\t\t<div class=\"sow-slide-nav sow-slide-nav-prev\">\n\t\t\t\t\t<a href=\"#\" data-goto=\"previous\" aria-label=\"Previous slide\" data-action=\"prev\">\n\t\t\t\t\t\t<em class=\"sow-sld-icon-thin-left\"><\/em>\n\t\t\t\t\t<\/a>\n\t\t\t\t<\/div>\n\t\t\t\t<\/div><\/div><\/div><\/div><\/div><\/div><div id=\"pg-61-1\"  class=\"panel-grid panel-has-style\" ><div class=\"panel-row-style panel-row-style-for-61-1\" ><div id=\"pgc-61-1-0\"  class=\"panel-grid-cell\" ><div id=\"panel-61-1-0-0\" class=\"so-panel widget widget_sow-editor panel-first-child panel-last-child\" data-index=\"1\" ><div\n\t\t\t\n\t\t\tclass=\"so-widget-sow-editor so-widget-sow-editor-base\"\n\t\t\t\n\t\t>\n<div class=\"siteorigin-widget-tinymce textwidget\">\n\t<h1>Requisiti generali<\/h1>\n<p>Il governo degli Stati Uniti ha creato l\u2019EB-5 Immigrant Investor Program per incoraggiare gli investimenti esteri nelle attivit\u00e0 degli Stati Uniti. In cambio dell'investimento in un'azienda che crea posti di lavoro per i lavoratori degli Stati Uniti, i cittadini stranieri e le loro famiglie hanno i requisiti per diventare residenti permanenti negli Stati Uniti. Il nome del programma, \"EB-5\", deriva dalla categoria di visto per la quale fanno domanda gli investitori immigrati - Immigrazione basata sull'occupazione: quinta preferenza EB-5.<\/p>\n<p>Mentre il programma si \u00e8 evoluto considerevolmente dalla sua creazione nel 1990, ci sono attualmente due modi per gli investitori stranieri di ottenere un visto EB-5:<br \/>\n1. Investimento diretto in un'impresa commerciale nuova o esistente che crea posti di lavoro.<br \/>\n2. Investire capitale attraverso un \"Centro regionale\", una societ\u00e0 approvata dal governo, che gestisce attivamente i fondi degli investitori e il processo di approvazione dell'immigrazione.<\/p>\n<h1>I vantaggi di investire nel Centro regionale<\/h1>\n<p>Investire capitali attraverso un Centro regionale offre diversi vantaggi importanti agli immigrati che cercano la residenza negli Stati Uniti attraverso il programma EB-5. Uno dei vantaggi pi\u00f9 importanti \u00e8 la capacit\u00e0 di contare sia i lavori diretti che quelli indiretti verso il \"requisito della creazione di posti di lavoro\".<br \/>\nLa creazione diretta di posti di lavoro \u00e8 il risultato di un investimento che ha creato e sostenuto dieci nuovi posti di lavoro identificabili in un periodo di due anni. Nell'ambito del programma del Centro Regionale, gli investitori possono anche soddisfare i requisiti di lavoro mostrando la creazione di posti di lavoro indiretti da fondi comuni di tutti gli investitori nel progetto. Questi lavori possono essere creati collettivamente o come risultato del capitale investito in un'impresa commerciale affiliata a un Centro Regionale.<br \/>\nIn altre parole, l'investitore non ha bisogno di dimostrare che ha assunto direttamente dipendenti. L'onere di provare la creazione di posti di lavoro viene trasferito al Centro regionale. I Centri Regionali, a loro volta, assumono economisti esperti che eseguono analisi economiche e dimostrano che sono stati creati sufficienti posti di lavoro diretti e indiretti come risultato del progetto.<\/p>\n<h1>Quantit\u00e0 di investimento<\/h1>\n<p>Ogni richiedente Visa EB-5 deve investire un minimo di $ 1,050,000 in un'impresa che crea posti di lavoro. Se l'impresa che riceve il capitale si trova in una Zona di Occupazione Mirata (Targeted Employment Area - TEA) - definita come un'area rurale o una regione ad alto tasso di disoccupazione - l'importo minimo di investimento viene ridotto a $ 800,000. Oggi, la maggior parte delle opportunit\u00e0 di investimento EB-5 si trova nei TEA.<\/p>\n<\/div>\n<\/div><\/div><\/div><\/div><\/div><\/div>","protected":false},"excerpt":{"rendered":"<p>Requisiti generali Il governo degli Stati Uniti ha creato l\u2019EB-5 Immigrant Investor Program per incoraggiare gli investimenti esteri nelle attivit\u00e0 degli Stati Uniti. In cambio dell&#8217;investimento in un&#8217;azienda che crea posti di lavoro per i lavoratori degli Stati Uniti, i cittadini stranieri e le loro famiglie hanno i requisiti per diventare residenti permanenti negli Stati<a class=\"moretag\" href=\"https:\/\/www.americaeb5visa.com\/it\/eb-5-requirements\/\"><span class=\"screen-reader-text\">Read more about Requisiti EB-5<\/span>[&#8230;]<\/a><\/p>\n","protected":false},"author":1,"featured_media":0,"parent":0,"menu_order":4,"comment_status":"closed","ping_status":"closed","template":"","meta":{"_acf_changed":false,"_monsterinsights_skip_tracking":false,"_monsterinsights_sitenote_active":false,"_monsterinsights_sitenote_note":"","_monsterinsights_sitenote_category":0,"footnotes":""},"class_list":["post-61","page","type-page","status-publish","hentry"],"acf":[],"rttpg_featured_image_url":null,"rttpg_author":{"display_name":"AdminNIso","author_link":"https:\/\/www.americaeb5visa.com\/it\/blog\/author\/admin\/"},"rttpg_comment":0,"rttpg_category":null,"rttpg_excerpt":"Requisiti generali Il governo degli Stati Uniti ha creato l\u2019EB-5 Immigrant Investor Program per incoraggiare gli investimenti esteri nelle attivit\u00e0 degli Stati Uniti. In cambio dell'investimento in un'azienda che crea posti di lavoro per i lavoratori degli Stati Uniti, i cittadini stranieri e le loro famiglie hanno i requisiti per diventare residenti permanenti negli StatiRead&hellip;","_links":{"self":[{"href":"https:\/\/www.americaeb5visa.com\/it\/wp-json\/wp\/v2\/pages\/61","targetHints":{"allow":["GET"]}}],"collection":[{"href":"https:\/\/www.americaeb5visa.com\/it\/wp-json\/wp\/v2\/pages"}],"about":[{"href":"https:\/\/www.americaeb5visa.com\/it\/wp-json\/wp\/v2\/types\/page"}],"author":[{"embeddable":true,"href":"https:\/\/www.americaeb5visa.com\/it\/wp-json\/wp\/v2\/users\/1"}],"replies":[{"embeddable":true,"href":"https:\/\/www.americaeb5visa.com\/it\/wp-json\/wp\/v2\/comments?post=61"}],"version-history":[{"count":0,"href":"https:\/\/www.americaeb5visa.com\/it\/wp-json\/wp\/v2\/pages\/61\/revisions"}],"wp:attachment":[{"href":"https:\/\/www.americaeb5visa.com\/it\/wp-json\/wp\/v2\/media?parent=61"}],"curies":[{"name":"wp","href":"https:\/\/api.w.org\/{rel}","templated":true}]}}