{"id":72,"date":"2017-03-14T21:59:45","date_gmt":"2017-03-14T21:59:45","guid":{"rendered":"http:\/\/www.americaeb5visa.com\/?page_id=72"},"modified":"2020-01-29T05:08:19","modified_gmt":"2020-01-29T05:08:19","slug":"investments-commercial-enterprise-or-regional-center","status":"publish","type":"page","link":"https:\/\/www.americaeb5visa.com\/it\/investments-commercial-enterprise-or-regional-center\/","title":{"rendered":"InvestmentI"},"content":{"rendered":"<div id=\"pl-72\"  class=\"panel-layout\" ><div id=\"pg-72-0\"  class=\"panel-grid panel-has-style\" ><div class=\"siteorigin-panels-stretch panel-row-style panel-row-style-for-72-0\" data-stretch-type=\"full-stretched\" ><div id=\"pgc-72-0-0\"  class=\"panel-grid-cell\" ><div id=\"panel-72-0-0-0\" class=\"so-panel widget widget_sow-hero panel-first-child panel-last-child\" data-index=\"0\" ><div\n\t\t\t\n\t\t\tclass=\"so-widget-sow-hero so-widget-sow-hero-default-3d3f69fb2c42-72 so-widget-fittext-wrapper\"\n\t\t\t data-fit-text-compressor=\"0.85\"\n\t\t>\t\t\t\t<div class=\"sow-slider-base\" style=\"display: none\" tabindex=\"0\">\n\t\t\t\t\t<ul\n\t\t\t\t\tclass=\"sow-slider-images\"\n\t\t\t\t\tdata-settings=\"{&quot;pagination&quot;:true,&quot;speed&quot;:800,&quot;timeout&quot;:8000,&quot;paused&quot;:false,&quot;pause_on_hover&quot;:false,&quot;swipe&quot;:true,&quot;nav_always_show_desktop&quot;:&quot;&quot;,&quot;nav_always_show_mobile&quot;:&quot;&quot;,&quot;breakpoint&quot;:&quot;780px&quot;,&quot;unmute&quot;:false,&quot;anchor&quot;:null}\"\n\t\t\t\t\tstyle=\"min-height: 600px\"\t\t\t\t\tdata-anchor-id=\"\"\n\t\t\t\t>\t\t<li class=\"sow-slider-image  sow-slider-image-cover\" style=\"visibility: visible;;background-color: #333333;background-image: url(https:\/\/www.americaeb5visa.com\/it\/wp-content\/uploads\/sites\/19\/2017\/03\/InvestmentIntro.jpg)\" >\n\t\t\t\t\t<div class=\"sow-slider-image-container\">\n\t\t\t<div class=\"sow-slider-image-wrapper\">\n\t\t\t\t<h1 class=\"text-center mg-md \" style=\"text-align: center\">InvestmentI<\/h1>\n<h2 class=\"text-center mg-md \" style=\"text-align: center\">Imprenditoria commerciale o Centro Regionale<\/h2>\t\t\t<\/div>\n\t\t<\/div>\n\t\t\t\t<\/li>\n\t\t<\/ul>\t\t\t\t<ol class=\"sow-slider-pagination\">\n\t\t\t\t\t\t\t\t\t\t\t<li><a href=\"#\" data-goto=\"0\" aria-label=\"Display slide 1\"><\/a><\/li>\n\t\t\t\t\t\t\t\t\t<\/ol>\n\n\t\t\t\t<div class=\"sow-slide-nav sow-slide-nav-next\">\n\t\t\t\t\t<a href=\"#\" data-goto=\"next\" aria-label=\"Next slide\" data-action=\"next\">\n\t\t\t\t\t\t<em class=\"sow-sld-icon-thin-right\"><\/em>\n\t\t\t\t\t<\/a>\n\t\t\t\t<\/div>\n\n\t\t\t\t<div class=\"sow-slide-nav sow-slide-nav-prev\">\n\t\t\t\t\t<a href=\"#\" data-goto=\"previous\" aria-label=\"Previous slide\" data-action=\"prev\">\n\t\t\t\t\t\t<em class=\"sow-sld-icon-thin-left\"><\/em>\n\t\t\t\t\t<\/a>\n\t\t\t\t<\/div>\n\t\t\t\t<\/div><\/div><\/div><\/div><\/div><\/div><div id=\"pg-72-1\"  class=\"panel-grid panel-no-style\" ><div id=\"pgc-72-1-0\"  class=\"panel-grid-cell\" ><div id=\"panel-72-1-0-0\" class=\"so-panel widget widget_sow-editor panel-first-child panel-last-child\" data-index=\"1\" ><div class=\"panel-widget-style panel-widget-style-for-72-1-0-0\" ><div\n\t\t\t\n\t\t\tclass=\"so-widget-sow-editor so-widget-sow-editor-base\"\n\t\t\t\n\t\t>\n<div class=\"siteorigin-widget-tinymce textwidget\">\n\t<h2>Che cos\u2019\u00e8 un investimento EB-5?<\/h2>\n<p>Ci sono due modi per fare un investimento EB-5Un\u2019opzione \u00e8 quella di investire direttamente su un\u2019impresa commerciale come una societ\u00e0 in nome collettivo o una societ\u00e0 in accomandita semplice , unico proprietario, azionista di una societ\u00e0, societ\u00e0 fiduciaria o altra struttura commerciale privata\/pubblica. <br \/>La maggior parte degli investitori EB-5 decide di investire in Centri Regionali, designati da USCIS per amministrare i progetti d\u2019investimento EB-5 e, pertanto, sono responsabili del rispetto dei regolamenti del programma USCIS EB-5. <br \/>I Centri Regionali hanno anche requisiti normativi molto pi\u00f9 miti rispetto agli investimenti diretti. Ad esempio, solo i Centri Regionali possono calcolare e verificare la creazione di posti di lavoro con modelli economici che non distinguono tra lavoratori part-time e lavoratori a tempo pieno, invece di mostrare i dati sui salari. Inoltre, i Centri Regionali possono contare \"lavori indiretti\" nei requisiti di creazione di posti di lavoro. Si tratta di posti di lavoro creati al di fuori della New Commercial Enterprise (NCE), ma derivanti dall'investimento EB-5 nel NCE. Ci\u00f2 significa che gli investimenti nei Regional Center hanno spesso strutture che coinvolgono pi\u00f9 entit\u00e0 e includono accordi sul debito.<\/p>\n<h2>Quali sono gli inconvenienti degli investimenti sponsorizzati dal Regional Center?<\/h2>\n<p>Innanzitutto, poich\u00e9 i centri regionali devono aderire ai regolamenti USCIS, l'investitore non deve essere coinvolto attivamente nel business. In quanto tale, questo tipo di investimento \u00e8 pi\u00f9 adatto per coloro che desiderano un approccio pi\u00f9 disinvolto, in cui non sono responsabili della gestione diretta del proprio investimento. Accettato che la redditivit\u00e0 degli investimenti dei progetti attraverso i Centri Regionali \u00e8 bassa, la gestione professionale del progetto mirer\u00e0 a garantire che il progetto soddisfi tutti i requisiti dell\u2019EB-5, mentre l'investitore pu\u00f2 cominciare il cammino per ricevere la sua Green Card senza preoccupazioni. Con i Centri Regionali, soddisfare i requisiti di creazione di posti di lavoro non \u00e8 problematico. Come accennato in precedenza, gli investimenti del Centro Regionale devono portare solo a lavori indiretti o indotti. I lavori indiretti possono essere lavori creati per fornire beni o servizi al progetto EB-5 e possono rientrare nei requisiti della creazione di posti di lavoro. Naturalmente, poich\u00e9 i dipendenti saranno incaricati di lavorare sul progetto EB-5, il loro reddito aumenter\u00e0, con conseguente maggiore partecipazione all'economia della comunit\u00e0 e quindi pi\u00f9 posti di lavoro verrebbero creati all'interno della pi\u00f9 grande comunit\u00e0. Anche questi lavori indotti (induced jobs) si qualificano per la richiesta del visto.<\/p>\n<\/div>\n<\/div><\/div><\/div><\/div><\/div><\/div>","protected":false},"excerpt":{"rendered":"<p>Che cos\u2019\u00e8 un investimento EB-5? Ci sono due modi per fare un investimento EB-5Un\u2019opzione \u00e8 quella di investire direttamente su un\u2019impresa commerciale come una societ\u00e0 in nome collettivo o una societ\u00e0 in accomandita semplice , unico proprietario, azionista di una societ\u00e0, societ\u00e0 fiduciaria o altra struttura commerciale privata\/pubblica. La maggior parte degli investitori EB-5 decide<a class=\"moretag\" href=\"https:\/\/www.americaeb5visa.com\/it\/investments-commercial-enterprise-or-regional-center\/\"><span class=\"screen-reader-text\">Read more about InvestmentI<\/span>[&#8230;]<\/a><\/p>\n","protected":false},"author":1,"featured_media":0,"parent":0,"menu_order":5,"comment_status":"closed","ping_status":"closed","template":"","meta":{"_acf_changed":false,"_monsterinsights_skip_tracking":false,"_monsterinsights_sitenote_active":false,"_monsterinsights_sitenote_note":"","_monsterinsights_sitenote_category":0,"footnotes":""},"class_list":["post-72","page","type-page","status-publish","hentry"],"acf":[],"rttpg_featured_image_url":null,"rttpg_author":{"display_name":"AdminNIso","author_link":"https:\/\/www.americaeb5visa.com\/it\/blog\/author\/admin\/"},"rttpg_comment":0,"rttpg_category":null,"rttpg_excerpt":"Che cos\u2019\u00e8 un investimento EB-5? Ci sono due modi per fare un investimento EB-5Un\u2019opzione \u00e8 quella di investire direttamente su un\u2019impresa commerciale come una societ\u00e0 in nome collettivo o una societ\u00e0 in accomandita semplice , unico proprietario, azionista di una societ\u00e0, societ\u00e0 fiduciaria o altra struttura commerciale privata\/pubblica. La maggior parte degli investitori EB-5 decideRead&hellip;","_links":{"self":[{"href":"https:\/\/www.americaeb5visa.com\/it\/wp-json\/wp\/v2\/pages\/72","targetHints":{"allow":["GET"]}}],"collection":[{"href":"https:\/\/www.americaeb5visa.com\/it\/wp-json\/wp\/v2\/pages"}],"about":[{"href":"https:\/\/www.americaeb5visa.com\/it\/wp-json\/wp\/v2\/types\/page"}],"author":[{"embeddable":true,"href":"https:\/\/www.americaeb5visa.com\/it\/wp-json\/wp\/v2\/users\/1"}],"replies":[{"embeddable":true,"href":"https:\/\/www.americaeb5visa.com\/it\/wp-json\/wp\/v2\/comments?post=72"}],"version-history":[{"count":0,"href":"https:\/\/www.americaeb5visa.com\/it\/wp-json\/wp\/v2\/pages\/72\/revisions"}],"wp:attachment":[{"href":"https:\/\/www.americaeb5visa.com\/it\/wp-json\/wp\/v2\/media?parent=72"}],"curies":[{"name":"wp","href":"https:\/\/api.w.org\/{rel}","templated":true}]}}