{"id":74,"date":"2017-03-14T22:01:10","date_gmt":"2017-03-14T22:01:10","guid":{"rendered":"http:\/\/www.americaeb5visa.com\/?page_id=74"},"modified":"2024-04-22T02:46:36","modified_gmt":"2024-04-22T02:46:36","slug":"news","status":"publish","type":"page","link":"https:\/\/www.americaeb5visa.com\/it\/news\/","title":{"rendered":"News"},"content":{"rendered":"<div id=\"pl-74\"  class=\"panel-layout\" ><div id=\"pg-74-0\"  class=\"panel-grid panel-no-style\" ><div id=\"pgc-74-0-0\"  class=\"panel-grid-cell\" ><div id=\"panel-74-0-0-0\" class=\"so-panel widget widget_sow-headline panel-first-child\" data-index=\"0\" ><div\n\t\t\t\n\t\t\tclass=\"so-widget-sow-headline so-widget-sow-headline-default-194407f109ba-74\"\n\t\t\t\n\t\t><div class=\"sow-headline-container \">\n\t\t\t\t\t\t\t<h1 class=\"sow-headline\">\n\t\t\t\t\t\tNews\t\t\t\t\t\t<\/h1>\n\t\t\t\t\t\t\t\t\t\t\t<div class=\"decoration\">\n\t\t\t\t\t\t<div class=\"decoration-inside\"><\/div>\n\t\t\t\t\t<\/div>\n\t\t\t\t\t<\/div>\n<\/div><\/div><div id=\"panel-74-0-0-1\" class=\"so-panel widget widget_wp_posts_carousel panel-last-child\" data-index=\"1\" ><div id=\"wp-posts-carousel-1787922995\" class=\"default-theme wp-posts-carousel owl-carousel\"><div class=\"wp-posts-carousel-slide slides-4\"><div class=\"wp-posts-carousel-container\"><div class=\"wp-posts-carousel-image\"><a href=\"https:\/\/www.americaeb5visa.com\/it\/blog\/2017\/12\/13\/il-congresso-ha-prorogato-di-nuovo-la-legge-in-vigore-fino-al-22-dicembre-2017-senza-modifiche\/\" title=\"Read more Il Congresso ha prorogato &quot;di nuovo&quot; la legge in vigore fino al 22 dicembre 2017 senza modifiche!\"><img decoding=\"async\" alt=\"Il Congresso ha prorogato &quot;di nuovo&quot; la legge in vigore fino al 22 dicembre 2017 senza modifiche!\" style=\"max-width:100%;max-height:100%\" src=\"https:\/\/www.americaeb5visa.com\/it\/wp-content\/uploads\/sites\/19\/2017\/12\/navy-pier-2776326-150x150.jpg\"><\/a><\/div><div class=\"wp-posts-carousel-details\"><h3 class=\"wp-posts-carousel-title\"><a href=\"https:\/\/www.americaeb5visa.com\/it\/blog\/2017\/12\/13\/il-congresso-ha-prorogato-di-nuovo-la-legge-in-vigore-fino-al-22-dicembre-2017-senza-modifiche\/\" title=\"Il Congresso ha prorogato &quot;di nuovo&quot; la legge in vigore fino al 22 dicembre 2017 senza modifiche!\">Il Congresso ha prorogato &quot;di nuovo&quot; la legge in vigore fino al 22 dicembre 2017 senza modifiche!<\/a><\/h3><p class=\"wp-posts-carousel-created-date\">December 13, 2017<\/p><\/div><\/div><\/div><div class=\"wp-posts-carousel-slide slides-4\"><div class=\"wp-posts-carousel-container\"><div class=\"wp-posts-carousel-image\"><a href=\"https:\/\/www.americaeb5visa.com\/it\/blog\/2017\/09\/12\/il-congresso-ha-protratto-lattuale-legge-all8-dicembre-2017-senza-modifiche\/\" title=\"Read more Il Congresso ha protratto l&#039;attuale legge all&#039;8 dicembre 2017 senza modifiche!\"><img decoding=\"async\" alt=\"Il Congresso ha protratto l&#039;attuale legge all&#039;8 dicembre 2017 senza modifiche!\" style=\"max-width:100%;max-height:100%\" src=\"https:\/\/www.americaeb5visa.com\/it\/wp-content\/uploads\/sites\/19\/2017\/09\/new-york-2834734-150x150.jpg\"><\/a><\/div><div class=\"wp-posts-carousel-details\"><h3 class=\"wp-posts-carousel-title\"><a href=\"https:\/\/www.americaeb5visa.com\/it\/blog\/2017\/09\/12\/il-congresso-ha-protratto-lattuale-legge-all8-dicembre-2017-senza-modifiche\/\" title=\"Il Congresso ha protratto l&#039;attuale legge all&#039;8 dicembre 2017 senza modifiche!\">Il Congresso ha protratto l&#039;attuale legge all&#039;8 dicembre 2017 senza modifiche!<\/a><\/h3><p class=\"wp-posts-carousel-created-date\">September 12, 2017<\/p><\/div><\/div><\/div><div class=\"wp-posts-carousel-slide slides-4\"><div class=\"wp-posts-carousel-container\"><div class=\"wp-posts-carousel-image\"><a href=\"https:\/\/www.americaeb5visa.com\/it\/blog\/2017\/05\/01\/safe-until-at-least-september-30-2017\/\" title=\"Read more Salvo almeno fino al 30 settembre 2017!\"><img decoding=\"async\" alt=\"Salvo almeno fino al 30 settembre 2017!\" style=\"max-width:100%;max-height:100%\" src=\"https:\/\/www.americaeb5visa.com\/it\/wp-content\/uploads\/sites\/19\/2017\/05\/Adam-Miller-photos-for-EB5-site-5-150x150.jpg\"><\/a><\/div><div class=\"wp-posts-carousel-details\"><h3 class=\"wp-posts-carousel-title\"><a href=\"https:\/\/www.americaeb5visa.com\/it\/blog\/2017\/05\/01\/safe-until-at-least-september-30-2017\/\" title=\"Salvo almeno fino al 30 settembre 2017!\">Salvo almeno fino al 30 settembre 2017!<\/a><\/h3><p class=\"wp-posts-carousel-created-date\">May 1, 2017<\/p><\/div><\/div><\/div><div class=\"wp-posts-carousel-slide slides-4\"><div class=\"wp-posts-carousel-container\"><div class=\"wp-posts-carousel-image\"><a href=\"https:\/\/www.americaeb5visa.com\/it\/blog\/2017\/04\/30\/is-it-a-relief-or-more-build-up-of-anxiety\/\" title=\"Read more \u00c8 un sollievo o pi\u00f9 un accumulo di ansia?\"><img decoding=\"async\" alt=\"\u00c8 un sollievo o pi\u00f9 un accumulo di ansia?\" style=\"max-width:100%;max-height:100%\" src=\"https:\/\/www.americaeb5visa.com\/it\/wp-content\/uploads\/sites\/19\/2017\/04\/Adam-Miller-photos-for-EB5-site-3-1-150x150.jpg\"><\/a><\/div><div class=\"wp-posts-carousel-details\"><h3 class=\"wp-posts-carousel-title\"><a href=\"https:\/\/www.americaeb5visa.com\/it\/blog\/2017\/04\/30\/is-it-a-relief-or-more-build-up-of-anxiety\/\" title=\"\u00c8 un sollievo o pi\u00f9 un accumulo di ansia?\">\u00c8 un sollievo o pi\u00f9 un accumulo di ansia?<\/a><\/h3><p class=\"wp-posts-carousel-created-date\">April 30, 2017<\/p><\/div><\/div><\/div><div class=\"wp-posts-carousel-slide slides-4\"><div class=\"wp-posts-carousel-container\"><div class=\"wp-posts-carousel-image\"><a href=\"https:\/\/www.americaeb5visa.com\/it\/blog\/2017\/04\/20\/h-1b-quota-has-been-met\/\" title=\"Read more La quota H-1B \u00e8 stata raggiunta! Di nuovo!\"><img decoding=\"async\" alt=\"La quota H-1B \u00e8 stata raggiunta! Di nuovo!\" style=\"max-width:100%;max-height:100%\" src=\"https:\/\/www.americaeb5visa.com\/it\/wp-content\/uploads\/sites\/19\/2017\/04\/TopPic-150x150.jpg\"><\/a><\/div><div class=\"wp-posts-carousel-details\"><h3 class=\"wp-posts-carousel-title\"><a href=\"https:\/\/www.americaeb5visa.com\/it\/blog\/2017\/04\/20\/h-1b-quota-has-been-met\/\" title=\"La quota H-1B \u00e8 stata raggiunta! Di nuovo!\">La quota H-1B \u00e8 stata raggiunta! Di nuovo!<\/a><\/h3><p class=\"wp-posts-carousel-created-date\">April 20, 2017<\/p><\/div><\/div><\/div><div class=\"wp-posts-carousel-slide slides-4\"><div class=\"wp-posts-carousel-container\"><div class=\"wp-posts-carousel-image\"><a href=\"https:\/\/www.americaeb5visa.com\/it\/blog\/2017\/03\/19\/u-s-department-of-state-releases-visa-statistics-for-fiscal-year-2016\/\" title=\"Read more Il Dipartimento di Stato degli Stati Uniti rilascia le statistiche sui visti per l&#039;anno fiscale 2016\"><img decoding=\"async\" alt=\"Il Dipartimento di Stato degli Stati Uniti rilascia le statistiche sui visti per l&#039;anno fiscale 2016\" style=\"max-width:100%;max-height:100%\" src=\"https:\/\/www.americaeb5visa.com\/it\/wp-content\/uploads\/sites\/19\/2017\/04\/BlogAdobeStock_101769558-150x150.jpg\"><\/a><\/div><div class=\"wp-posts-carousel-details\"><h3 class=\"wp-posts-carousel-title\"><a href=\"https:\/\/www.americaeb5visa.com\/it\/blog\/2017\/03\/19\/u-s-department-of-state-releases-visa-statistics-for-fiscal-year-2016\/\" title=\"Il Dipartimento di Stato degli Stati Uniti rilascia le statistiche sui visti per l&#039;anno fiscale 2016\">Il Dipartimento di Stato degli Stati Uniti rilascia le statistiche sui visti per l&#039;anno fiscale 2016<\/a><\/h3><p class=\"wp-posts-carousel-created-date\">March 19, 2017<\/p><\/div><\/div><\/div><div class=\"wp-posts-carousel-slide slides-4\"><div class=\"wp-posts-carousel-container\"><div class=\"wp-posts-carousel-image\"><a href=\"https:\/\/www.americaeb5visa.com\/it\/blog\/2016\/12\/19\/il-6-dicembre-2016-il-congresso-degli-stati-uniti-ha-passato-la-legislazione-continuing-resolution-cr\/\" title=\"Read more Il 6 Dicembre 2016, il Congresso degli Stati Uniti ha passato la legislazione continuing resolution (CR)\"><img decoding=\"async\" alt=\"Il 6 Dicembre 2016, il Congresso degli Stati Uniti ha passato la legislazione continuing resolution (CR)\" style=\"max-width:100%;max-height:100%\" src=\"https:\/\/www.americaeb5visa.com\/it\/wp-content\/uploads\/sites\/19\/2017\/04\/InvestmentIntro-150x150.jpg\"><\/a><\/div><div class=\"wp-posts-carousel-details\"><h3 class=\"wp-posts-carousel-title\"><a href=\"https:\/\/www.americaeb5visa.com\/it\/blog\/2016\/12\/19\/il-6-dicembre-2016-il-congresso-degli-stati-uniti-ha-passato-la-legislazione-continuing-resolution-cr\/\" title=\"Il 6 Dicembre 2016, il Congresso degli Stati Uniti ha passato la legislazione continuing resolution (CR)\">Il 6 Dicembre 2016, il Congresso degli Stati Uniti ha passato la legislazione continuing resolution (CR)<\/a><\/h3><p class=\"wp-posts-carousel-created-date\">December 19, 2016<\/p><\/div><\/div><\/div><div class=\"wp-posts-carousel-slide slides-4\"><div class=\"wp-posts-carousel-container\"><div class=\"wp-posts-carousel-image\"><a href=\"https:\/\/www.americaeb5visa.com\/it\/blog\/2016\/11\/20\/il-congresso-estende-il-programma-eb-5-regional-center-fino-al-31-marzo\/\" title=\"Read more Il congresso estende il programma EB 5 Regional Center fino al 31 marzo.\"><img decoding=\"async\" alt=\"Il congresso estende il programma EB 5 Regional Center fino al 31 marzo.\" style=\"max-width:100%;max-height:100%\" src=\"https:\/\/www.americaeb5visa.com\/it\/wp-content\/uploads\/sites\/19\/2017\/04\/RibbonAdobeStock_72339142-1-150x150.jpg\"><\/a><\/div><div class=\"wp-posts-carousel-details\"><h3 class=\"wp-posts-carousel-title\"><a href=\"https:\/\/www.americaeb5visa.com\/it\/blog\/2016\/11\/20\/il-congresso-estende-il-programma-eb-5-regional-center-fino-al-31-marzo\/\" title=\"Il congresso estende il programma EB 5 Regional Center fino al 31 marzo.\">Il congresso estende il programma EB 5 Regional Center fino al 31 marzo.<\/a><\/h3><p class=\"wp-posts-carousel-created-date\">November 20, 2016<\/p><\/div><\/div><\/div><div class=\"wp-posts-carousel-slide slides-4\"><div class=\"wp-posts-carousel-container\"><div class=\"wp-posts-carousel-image\"><a href=\"https:\/\/www.americaeb5visa.com\/it\/blog\/2016\/10\/06\/il-senato-ha-esteso-il-programma-del-centro-regionale-eb-5-al-9-dicembre\/\" title=\"Read more il Senato ha esteso il programma del centro regionale EB 5 al 9 dicembre\"><img decoding=\"async\" alt=\"il Senato ha esteso il programma del centro regionale EB 5 al 9 dicembre\" style=\"max-width:100%;max-height:100%\" src=\"https:\/\/www.americaeb5visa.com\/it\/wp-content\/uploads\/sites\/19\/2017\/04\/WhoareWeAdobeStock_25409363-150x150.jpg\"><\/a><\/div><div class=\"wp-posts-carousel-details\"><h3 class=\"wp-posts-carousel-title\"><a href=\"https:\/\/www.americaeb5visa.com\/it\/blog\/2016\/10\/06\/il-senato-ha-esteso-il-programma-del-centro-regionale-eb-5-al-9-dicembre\/\" title=\"il Senato ha esteso il programma del centro regionale EB 5 al 9 dicembre\">il Senato ha esteso il programma del centro regionale EB 5 al 9 dicembre<\/a><\/h3><p class=\"wp-posts-carousel-created-date\">October 6, 2016<\/p><\/div><\/div><\/div><div class=\"wp-posts-carousel-slide slides-4\"><div class=\"wp-posts-carousel-container\"><div class=\"wp-posts-carousel-image\"><a href=\"https:\/\/www.americaeb5visa.com\/it\/blog\/2016\/09\/24\/congress-considering-raising-investment-amount-for-eb-5-visa\/\" title=\"Read more Congresso in vista dell\u2019aumento degli investimenti per l\u2019EB-5 Visa.\"><img decoding=\"async\" alt=\"Congresso in vista dell\u2019aumento degli investimenti per l\u2019EB-5 Visa.\" style=\"max-width:100%;max-height:100%\" src=\"https:\/\/www.americaeb5visa.com\/it\/wp-content\/uploads\/sites\/19\/2017\/04\/EB5Death_to_Stock_Photography_NYC_Skyline_2-150x150.jpg\"><\/a><\/div><div class=\"wp-posts-carousel-details\"><h3 class=\"wp-posts-carousel-title\"><a href=\"https:\/\/www.americaeb5visa.com\/it\/blog\/2016\/09\/24\/congress-considering-raising-investment-amount-for-eb-5-visa\/\" title=\"Congresso in vista dell\u2019aumento degli investimenti per l\u2019EB-5 Visa.\">Congresso in vista dell\u2019aumento degli investimenti per l\u2019EB-5 Visa.<\/a><\/h3><p class=\"wp-posts-carousel-created-date\">September 24, 2016<\/p><\/div><\/div><\/div><\/div><script type=\"text\/javascript\">\n              jQuery(window).load(function(e) {\n                  var wpPostsCarousel1787922995 = jQuery(\"#wp-posts-carousel-1787922995\");\n                  wpPostsCarousel1787922995.owlCarousel({\n                      loop: 0,\n                      nav: true,\n                      navSpeed: 800,\n                      dots: true,\n                      dotsSpeed: 800,\n                      lazyLoad: false,\n                      autoplay: false,\n                      autoplayHoverPause: false,\n                      autoplayTimeout: 1200,\n                      autoplaySpeed:  800,\n                      margin: 5,\n                      stagePadding: 0,\n                      freeDrag: false,\n                      mouseDrag: true,\n                      touchDrag: true,\n                      slideBy: 1,\n                      fallbackEasing: \"linear\",\n                      responsiveClass: true,\n                      navText: [ \"previous\", \"next\" ],\n                      responsive:{\n                          0:{items: 1},\n                          600:{items: 2},\n                          1000:{items: 4}\n                          \n                      },\n                      autoHeight: true\n                  });\n                  wpPostsCarousel1787922995.on(\"mousewheel\", \".owl-stage\", function(e) {\n                if (e.deltaY > 0) {\n                    wpPostsCarousel1787922995.trigger(\"next.owl\");\n                } else {\n                    wpPostsCarousel1787922995.trigger(\"prev.owl\");\n                }\n                e.preventDefault();\n            });\n              });\n          <\/script><\/div><\/div><\/div><\/div>","protected":false},"excerpt":{"rendered":"<p>News Il Congresso ha prorogato &quot;di nuovo&quot; la legge in vigore fino al 22 dicembre 2017 senza modifiche!December 13, 2017Il Congresso ha protratto l&#039;attuale legge all&#039;8 dicembre 2017 senza modifiche!September 12, 2017Salvo almeno fino al 30 settembre 2017!May 1, 2017\u00c8 un sollievo o pi\u00f9 un accumulo di ansia?April 30, 2017La quota H-1B \u00e8 stata raggiunta!<a class=\"moretag\" href=\"https:\/\/www.americaeb5visa.com\/it\/news\/\"><span class=\"screen-reader-text\">Read more about News<\/span>[&#8230;]<\/a><\/p>\n","protected":false},"author":1,"featured_media":0,"parent":0,"menu_order":8,"comment_status":"closed","ping_status":"closed","template":"","meta":{"_acf_changed":false,"_monsterinsights_skip_tracking":false,"_monsterinsights_sitenote_active":false,"_monsterinsights_sitenote_note":"","_monsterinsights_sitenote_category":0,"footnotes":""},"class_list":["post-74","page","type-page","status-publish","hentry"],"acf":[],"rttpg_featured_image_url":null,"rttpg_author":{"display_name":"AdminNIso","author_link":"https:\/\/www.americaeb5visa.com\/it\/blog\/author\/admin\/"},"rttpg_comment":0,"rttpg_category":null,"rttpg_excerpt":"News Il Congresso ha prorogato &quot;di nuovo&quot; la legge in vigore fino al 22 dicembre 2017 senza modifiche!December 13, 2017Il Congresso ha protratto l&#039;attuale legge all&#039;8 dicembre 2017 senza modifiche!September 12, 2017Salvo almeno fino al 30 settembre 2017!May 1, 2017\u00c8 un sollievo o pi\u00f9 un accumulo di ansia?April 30, 2017La quota H-1B \u00e8 stata raggiunta!Read&hellip;","_links":{"self":[{"href":"https:\/\/www.americaeb5visa.com\/it\/wp-json\/wp\/v2\/pages\/74","targetHints":{"allow":["GET"]}}],"collection":[{"href":"https:\/\/www.americaeb5visa.com\/it\/wp-json\/wp\/v2\/pages"}],"about":[{"href":"https:\/\/www.americaeb5visa.com\/it\/wp-json\/wp\/v2\/types\/page"}],"author":[{"embeddable":true,"href":"https:\/\/www.americaeb5visa.com\/it\/wp-json\/wp\/v2\/users\/1"}],"replies":[{"embeddable":true,"href":"https:\/\/www.americaeb5visa.com\/it\/wp-json\/wp\/v2\/comments?post=74"}],"version-history":[{"count":0,"href":"https:\/\/www.americaeb5visa.com\/it\/wp-json\/wp\/v2\/pages\/74\/revisions"}],"wp:attachment":[{"href":"https:\/\/www.americaeb5visa.com\/it\/wp-json\/wp\/v2\/media?parent=74"}],"curies":[{"name":"wp","href":"https:\/\/api.w.org\/{rel}","templated":true}]}}