{"id":45,"date":"2017-03-13T22:03:22","date_gmt":"2017-03-13T22:03:22","guid":{"rendered":"http:\/\/www.americaeb5visa.com\/?page_id=45"},"modified":"2025-02-09T11:30:17","modified_gmt":"2025-02-09T11:30:17","slug":"who-are-we","status":"publish","type":"page","link":"https:\/\/www.americaeb5visa.com\/ro\/who-are-we\/","title":{"rendered":"Cine suntem noi?"},"content":{"rendered":"<div id=\"pl-45\"  class=\"panel-layout\" ><div id=\"pg-45-0\"  class=\"panel-grid panel-has-style\" ><div class=\"siteorigin-panels-stretch panel-row-style panel-row-style-for-45-0\" data-stretch-type=\"full-stretched\" ><div id=\"pgc-45-0-0\"  class=\"panel-grid-cell\" ><div id=\"panel-45-0-0-0\" class=\"so-panel widget widget_sow-hero panel-first-child panel-last-child\" data-index=\"0\" ><div\n\t\t\t\n\t\t\tclass=\"so-widget-sow-hero so-widget-sow-hero-default-89b41ad833c8-45 so-widget-fittext-wrapper\"\n\t\t\t data-fit-text-compressor=\"0.85\"\n\t\t>\t\t\t\t<div class=\"sow-slider-base\" style=\"display: none\" tabindex=\"0\">\n\t\t\t\t\t<ul\n\t\t\t\t\tclass=\"sow-slider-images\"\n\t\t\t\t\tdata-settings=\"{&quot;pagination&quot;:true,&quot;speed&quot;:800,&quot;timeout&quot;:8000,&quot;paused&quot;:false,&quot;pause_on_hover&quot;:false,&quot;swipe&quot;:true,&quot;nav_always_show_desktop&quot;:&quot;&quot;,&quot;nav_always_show_mobile&quot;:&quot;&quot;,&quot;breakpoint&quot;:&quot;780px&quot;,&quot;unmute&quot;:false,&quot;anchor&quot;:null}\"\n\t\t\t\t\tstyle=\"min-height: 500px\"\t\t\t\t\tdata-anchor-id=\"\"\n\t\t\t\t>\t\t<li class=\"sow-slider-image  sow-slider-image-cover\" style=\"visibility: visible;;background-color: #333333;background-image: url(https:\/\/www.americaeb5visa.com\/ro\/wp-content\/uploads\/sites\/32\/2017\/03\/WhoareWeAdobeStock_25409363.jpg)\" >\n\t\t\t\t\t<div class=\"sow-slider-image-container\">\n\t\t\t<div class=\"sow-slider-image-wrapper\">\n\t\t\t\t<h1 class=\"text-center mg-lg tc-white\" style=\"text-align: center\">Ce ne face pe noi speciali? Intelegerea.<\/h1>\n<h3 style=\"text-align: center\"><\/h3>\n<h3 style=\"text-align: center\">Echipa noastra este alcatuita din profesionisti cu calificari unice care odata v-au impartasit visul de a emigra in Statele Unite Procesul EB-5<\/h3>\t\t\t<\/div>\n\t\t<\/div>\n\t\t\t\t<\/li>\n\t\t<\/ul>\t\t\t\t<ol class=\"sow-slider-pagination\">\n\t\t\t\t\t\t\t\t\t\t\t<li><a href=\"#\" data-goto=\"0\" aria-label=\"Display slide 1\"><\/a><\/li>\n\t\t\t\t\t\t\t\t\t<\/ol>\n\n\t\t\t\t<div class=\"sow-slide-nav sow-slide-nav-next\">\n\t\t\t\t\t<a href=\"#\" data-goto=\"next\" aria-label=\"Next slide\" data-action=\"next\">\n\t\t\t\t\t\t<em class=\"sow-sld-icon-thin-right\"><\/em>\n\t\t\t\t\t<\/a>\n\t\t\t\t<\/div>\n\n\t\t\t\t<div class=\"sow-slide-nav sow-slide-nav-prev\">\n\t\t\t\t\t<a href=\"#\" data-goto=\"previous\" aria-label=\"Previous slide\" data-action=\"prev\">\n\t\t\t\t\t\t<em class=\"sow-sld-icon-thin-left\"><\/em>\n\t\t\t\t\t<\/a>\n\t\t\t\t<\/div>\n\t\t\t\t<\/div><\/div><\/div><\/div><\/div><\/div><div id=\"pg-45-1\"  class=\"panel-grid panel-no-style\" ><div id=\"pgc-45-1-0\"  class=\"panel-grid-cell\" ><div id=\"panel-45-1-0-0\" class=\"so-panel widget widget_sow-editor panel-first-child panel-last-child\" data-index=\"1\" ><div\n\t\t\t\n\t\t\tclass=\"so-widget-sow-editor so-widget-sow-editor-base\"\n\t\t\t\n\t\t>\n<div class=\"siteorigin-widget-tinymce textwidget\">\n\t<h2 style=\"text-align: center;\">30 de ani<\/h2>\n<p>Echipa noastra este alcatuita complet din profesionisti califica\u021bi care au impartasit odata visul dvs. de a emigra in Statele Unite. Intelegem rezervele, ingrijorarile si temerile dvs. Cel mai important, intelegem ca fiecare situatie este diferita.<\/p>\n<p>Conducerea noastra are experienta de peste 30 de ani pe Wall Street, in structurarea tranzactiilor cu venit fix si citirea memorandumurilor complicate de plasament privat. Suntem obisnuiti sa identificam o mare parte, daca nu toate riscurile inerente fiecarei investitii. Lucram la formularea unor masuri de atenuare directe \u0219i indirecte pentru a ajuta la diminuarea preocuparilor investitorilor. Aceste riscuri nu pot fi identificate si nici atenuate prin simpla citire a documentelor. In acest mod, ne distingem in randul profesionistilor locali tipici care s-ar putea baza exclusiv pe reputatia globala a companiei imobiliare sponsorizatoare. Apreciem dorinta dvs. de a intelege detaliile mai fine ale investitiei dvs. Prin urmare, utilizand fundalul investitiilor bancare, putem evidentia punctele cheie de preocupare si avantaje ale fiecarui proiect.<\/p>\n<\/div>\n<\/div><\/div><\/div><\/div><div id=\"pg-45-2\"  class=\"panel-grid panel-has-style\" ><div class=\"siteorigin-panels-stretch panel-row-style panel-row-style-for-45-2\" data-stretch-type=\"full\" ><div id=\"pgc-45-2-0\"  class=\"panel-grid-cell\" ><div id=\"panel-45-2-0-0\" class=\"so-panel widget widget_sow-image panel-first-child\" data-index=\"2\" ><div\n\t\t\t\n\t\t\tclass=\"so-widget-sow-image so-widget-sow-image-default-c67d20f9f743-45\"\n\t\t\t\n\t\t>\n<div class=\"sow-image-container\">\n\t\t<img fetchpriority=\"high\" \n\tsrc=\"https:\/\/www.americaeb5visa.com\/ro\/wp-content\/uploads\/sites\/32\/2017\/03\/marko-300x300.png\" width=\"300\" height=\"300\" srcset=\"https:\/\/www.americaeb5visa.com\/ro\/wp-content\/uploads\/sites\/32\/2017\/03\/marko-300x300.png 300w, https:\/\/www.americaeb5visa.com\/ro\/wp-content\/uploads\/sites\/32\/2017\/03\/marko-150x150.png 150w, https:\/\/www.americaeb5visa.com\/ro\/wp-content\/uploads\/sites\/32\/2017\/03\/marko-24x24.png 24w, https:\/\/www.americaeb5visa.com\/ro\/wp-content\/uploads\/sites\/32\/2017\/03\/marko-36x36.png 36w, https:\/\/www.americaeb5visa.com\/ro\/wp-content\/uploads\/sites\/32\/2017\/03\/marko-48x48.png 48w, https:\/\/www.americaeb5visa.com\/ro\/wp-content\/uploads\/sites\/32\/2017\/03\/marko.png 427w\" sizes=\"(max-width: 300px) 100vw, 300px\" alt=\"\" \t\tclass=\"so-widget-image\"\/>\n\t<\/div>\n\n<\/div><\/div><div id=\"panel-45-2-0-1\" class=\"so-panel widget widget_sow-editor\" data-index=\"3\" ><div\n\t\t\t\n\t\t\tclass=\"so-widget-sow-editor so-widget-sow-editor-base\"\n\t\t\t\n\t\t>\n<div class=\"siteorigin-widget-tinymce textwidget\">\n\t<h2 class=\"text-center mg-md\" style=\"text-align: center;\">Marko Issever<\/h2>\n<h4 style=\"text-align: center;\">Director general<\/h4>\n<\/div>\n<\/div><\/div><div id=\"panel-45-2-0-2\" class=\"so-panel widget widget_sow-image panel-last-child\" data-index=\"4\" ><div\n\t\t\t\n\t\t\tclass=\"so-widget-sow-image so-widget-sow-image-default-c67d20f9f743-45\"\n\t\t\t\n\t\t>\n<div class=\"sow-image-container\">\n\t\t<img \n\tsrc=\"https:\/\/www.americaeb5visa.com\/ro\/wp-content\/uploads\/sites\/32\/2017\/03\/badge-broker-dealer.png\" width=\"224\" height=\"170\" srcset=\"https:\/\/www.americaeb5visa.com\/ro\/wp-content\/uploads\/sites\/32\/2017\/03\/badge-broker-dealer.png 224w, https:\/\/www.americaeb5visa.com\/ro\/wp-content\/uploads\/sites\/32\/2017\/03\/badge-broker-dealer-24x18.png 24w, https:\/\/www.americaeb5visa.com\/ro\/wp-content\/uploads\/sites\/32\/2017\/03\/badge-broker-dealer-36x27.png 36w, https:\/\/www.americaeb5visa.com\/ro\/wp-content\/uploads\/sites\/32\/2017\/03\/badge-broker-dealer-48x36.png 48w\" sizes=\"(max-width: 224px) 100vw, 224px\" alt=\"\" \t\tclass=\"so-widget-image\"\/>\n\t<\/div>\n\n<\/div><\/div><\/div><div id=\"pgc-45-2-1\"  class=\"panel-grid-cell\" ><div id=\"panel-45-2-1-0\" class=\"so-panel widget widget_sow-editor panel-first-child panel-last-child\" data-index=\"5\" ><div\n\t\t\t\n\t\t\tclass=\"so-widget-sow-editor so-widget-sow-editor-base\"\n\t\t\t\n\t\t>\n<div class=\"siteorigin-widget-tinymce textwidget\">\n\t<p>Fondatorul si CEO-ul nostru, dl. Marko Issever, s-a alaturat grupului Riverside Management Group in calitate de director general in mai 2016, pentru a conduce, printre altele, activitatea de mobilizare si plasare a capitalului EB-5, prin intermediul filialei sale detinute in totalitate, BCW Securities LLC.<br \/>El este, de asemenea, partenerul fondator al BH Capital Management, LLC, o companie de investitii imobiliare care este specializata \u00een oportunitati de dezvoltare si investitii.<br \/>Inainte de a se alatura companiei RMG \u0219i de a infiinta BHCM, dl. Issever a fost directorul general al Bank of New York Mellon Global &amp; Capital Markets, conducand afacerile derivate ale firmei catre institutiile financiare la nivel global.<br \/>Domnul Issever a fost pe Wall Street de peste 30 de ani si a fost membru fondator al afacerii derivate din Sakura Global Capital, o filiala a bancii japoneze, care ulterior a fuzionat cu Sumitomo Capital Markets pentru a forma SMBC Capital Markets.<br \/>Domnul Issever si-a \u00eenceput cariera pe Wall Street in Grupul de Strategii Financiare al Prudential Securities, unde s-a specializat in oportunitati de securitate garantate de ipoteci, cum ar fi tranzactiile de arbitraj cu controlul riscului, precum si alte securitizari garantate cu active, inclusiv securitizarea creditelor detinute de polite de asigurare.<br \/>Dl. Issever este absolvent The Wharton School of University of Pennsylvania, unde si-a obtinut diploma de MBA in finante si MA in economie. Inainte de a participa la Wharton, a absolvit Universitatea Bogazici si Robert College din Istanbul.<br \/>Vorbeste limba turca (nativ) si fluent limba iudeo-spaniol\u0103. Este pre\u0219edintele fondator al Aleph Learning Centre, o organizatie evreiasca de mobilizare si membru in Consiliului de Administratie al Manhattan Sephardic Congregation.<br \/>El detine licentele seriei 7 &amp; 63 de valori mobiliare. Locuieste impreuna cu sotia si cu cei trei copii in orasul New York.<\/p>\n<\/div>\n<\/div><\/div><\/div><\/div><\/div><div id=\"pg-45-3\"  class=\"panel-grid panel-has-style\" ><div class=\"siteorigin-panels-stretch panel-row-style panel-row-style-for-45-3\" data-stretch-type=\"full\" ><div id=\"pgc-45-3-0\"  class=\"panel-grid-cell\" ><div id=\"panel-45-3-0-0\" class=\"so-panel widget widget_sow-editor panel-first-child panel-last-child\" data-index=\"6\" ><div\n\t\t\t\n\t\t\tclass=\"so-widget-sow-editor so-widget-sow-editor-base\"\n\t\t\t\n\t\t>\n<div class=\"siteorigin-widget-tinymce textwidget\">\n\t<p>Niso Zakuto este directorul principal de marketing al America EB-5 Visa. Obiectivul sau principal este de a identifica cetatenii turci care sunt interesati sa emigreze in Statele Unite si sa-i ajute in procesul EB5. <br \/>Inainte de a se alatura firmei, Niso a lucrat ca dezvoltator de software la PrefectedTech din Ierusalim. Niso se afl\u0103 in industria calculatoarelor de peste sapte ani. In timp ce-si termina licenta in Informatica si Tehnologia Informatiei la Universitatea Okan din Istanbul, Niso a lucrat ca analist la Corvega, o firma de dezvoltare software.<br \/>Niso se dezvolta in fata provocarilor si spera sa-si utilizeze cunostintele interna\u021bionale, precum \u0219i abilitatile de dezvoltare a software-ului pentru a extinde acoperirea America EB-5 Visa.<\/p>\n<\/div>\n<\/div><\/div><\/div><div id=\"pgc-45-3-1\"  class=\"panel-grid-cell\" ><div id=\"panel-45-3-1-0\" class=\"so-panel widget widget_sow-image panel-first-child\" data-index=\"7\" ><div\n\t\t\t\n\t\t\tclass=\"so-widget-sow-image so-widget-sow-image-default-c67d20f9f743-45\"\n\t\t\t\n\t\t>\n<div class=\"sow-image-container\">\n\t\t<img \n\tsrc=\"https:\/\/www.americaeb5visa.com\/ro\/wp-content\/uploads\/sites\/32\/2017\/03\/niso-300x300.png\" width=\"300\" height=\"300\" srcset=\"https:\/\/www.americaeb5visa.com\/ro\/wp-content\/uploads\/sites\/32\/2017\/03\/niso-300x300.png 300w, https:\/\/www.americaeb5visa.com\/ro\/wp-content\/uploads\/sites\/32\/2017\/03\/niso-150x150.png 150w, https:\/\/www.americaeb5visa.com\/ro\/wp-content\/uploads\/sites\/32\/2017\/03\/niso-24x24.png 24w, https:\/\/www.americaeb5visa.com\/ro\/wp-content\/uploads\/sites\/32\/2017\/03\/niso-36x36.png 36w, https:\/\/www.americaeb5visa.com\/ro\/wp-content\/uploads\/sites\/32\/2017\/03\/niso-48x48.png 48w, https:\/\/www.americaeb5visa.com\/ro\/wp-content\/uploads\/sites\/32\/2017\/03\/niso.png 427w\" sizes=\"(max-width: 300px) 100vw, 300px\" alt=\"\" \t\tclass=\"so-widget-image\"\/>\n\t<\/div>\n\n<\/div><\/div><div id=\"panel-45-3-1-1\" class=\"so-panel widget widget_sow-editor panel-last-child\" data-index=\"8\" ><div\n\t\t\t\n\t\t\tclass=\"so-widget-sow-editor so-widget-sow-editor-base\"\n\t\t\t\n\t\t>\n<div class=\"siteorigin-widget-tinymce textwidget\">\n\t<h2 class=\"text-center mg-md\" style=\"text-align: center;\">Niso Zakuto<\/h2>\n<h4 style=\"text-align: center;\">Director de Marketing<\/h4>\n<\/div>\n<\/div><\/div><\/div><\/div><\/div><div id=\"pg-45-4\"  class=\"panel-grid panel-has-style\" ><div class=\"siteorigin-panels-stretch panel-row-style panel-row-style-for-45-4\" data-stretch-type=\"full\" ><div id=\"pgc-45-4-0\"  class=\"panel-grid-cell\" ><div id=\"panel-45-4-0-0\" class=\"so-panel widget widget_sow-image panel-first-child\" data-index=\"9\" ><div\n\t\t\t\n\t\t\tclass=\"so-widget-sow-image so-widget-sow-image-default-c67d20f9f743-45\"\n\t\t\t\n\t\t>\n<div class=\"sow-image-container\">\n\t\t<img loading=\"lazy\" \n\tsrc=\"https:\/\/www.americaeb5visa.com\/ro\/wp-content\/uploads\/sites\/32\/2017\/03\/masami-300x300.png\" width=\"300\" height=\"300\" srcset=\"https:\/\/www.americaeb5visa.com\/ro\/wp-content\/uploads\/sites\/32\/2017\/03\/masami-300x300.png 300w, https:\/\/www.americaeb5visa.com\/ro\/wp-content\/uploads\/sites\/32\/2017\/03\/masami-150x150.png 150w, https:\/\/www.americaeb5visa.com\/ro\/wp-content\/uploads\/sites\/32\/2017\/03\/masami-24x24.png 24w, https:\/\/www.americaeb5visa.com\/ro\/wp-content\/uploads\/sites\/32\/2017\/03\/masami-36x36.png 36w, https:\/\/www.americaeb5visa.com\/ro\/wp-content\/uploads\/sites\/32\/2017\/03\/masami-48x48.png 48w, https:\/\/www.americaeb5visa.com\/ro\/wp-content\/uploads\/sites\/32\/2017\/03\/masami.png 427w\" sizes=\"(max-width: 300px) 100vw, 300px\" alt=\"\" \t\tclass=\"so-widget-image\"\/>\n\t<\/div>\n\n<\/div><\/div><div id=\"panel-45-4-0-1\" class=\"so-panel widget widget_sow-editor panel-last-child\" data-index=\"10\" ><div\n\t\t\t\n\t\t\tclass=\"so-widget-sow-editor so-widget-sow-editor-base\"\n\t\t\t\n\t\t>\n<div class=\"siteorigin-widget-tinymce textwidget\">\n\t<h2 class=\"text-center mg-md\" style=\"text-align: center;\">Masami Hibino<\/h2>\n<h4 style=\"text-align: center;\">Dezvoltarea afacerilor asiatice<\/h4>\n<\/div>\n<\/div><\/div><\/div><div id=\"pgc-45-4-1\"  class=\"panel-grid-cell\" ><div id=\"panel-45-4-1-0\" class=\"so-panel widget widget_sow-editor panel-first-child panel-last-child\" data-index=\"11\" ><div class=\"panel-widget-style panel-widget-style-for-45-4-1-0\" ><div\n\t\t\t\n\t\t\tclass=\"so-widget-sow-editor so-widget-sow-editor-base\"\n\t\t\t\n\t\t>\n<div class=\"siteorigin-widget-tinymce textwidget\">\n\t<p>Masami Hibino este responsabila pentru dezvoltarea afacerilor asiatice ale America EB-5 Visa. Este increzatoare, capabila si poseda o inclinatie remarcabila pentru a reu\u0219i in fiecare aspect al vietii ei. Ca absolventa al uni MBA la <a href=\"http:\/\/www.stern.nyu.edu\/\">Stern School of Business at NYU<\/a>, trecutul \u00a0lui Masami in domeniul finantelor a ajutat-o sa reuseasca in mai multe partenertiate de afaceri. Astfel ca, pe langa indatoririle sale la America EB-5 Visa, ea este un agent de vanz\u0103ri imobiliare la <a href=\"https:\/\/www.bhsusa.com\/\">Brown Harris Stevens<\/a>. La fel ca si alti clienti de succes ai America EB-5 Visa, Masami a emigrat in Statele Unite si traieste in NYC de aproape 30 de ani. Masami se poate identifica cu provocarile cu care se confrunta un imigrant \u00een Statele Unite, incluzand dar fara a se limita la a decide unde sa traiasca si sa obtina permisele necesare pentru o tranzitie fara griji. Ea crede in oferirea accesibilitatii si transparentei in fiecare tranzactie pe care o face, fie ca ii ajuta pe clientii sai cu vize sau nevoi imobiliare. In calitate de proprietar si investitor al mai multor proprietati din New York si Hamptons, ea \u00eei sfatuieste pe clien\u021bii sai sa cumpere si sa vanda proprietati imobiliare bazandu-se pe cunostintele de prima mana pe care le are asupra pietei \u0219i pe experienta ei.<\/p>\n<\/div>\n<\/div><\/div><\/div><\/div><\/div><\/div><div id=\"pg-45-5\"  class=\"panel-grid panel-has-style\" ><div class=\"siteorigin-panels-stretch panel-row-style panel-row-style-for-45-5\" data-stretch-type=\"full\" ><div id=\"pgc-45-5-0\"  class=\"panel-grid-cell\" ><div id=\"panel-45-5-0-0\" class=\"so-panel widget widget_sow-editor panel-first-child panel-last-child\" data-index=\"12\" ><div\n\t\t\t\n\t\t\tclass=\"so-widget-sow-editor so-widget-sow-editor-base\"\n\t\t\t\n\t\t>\n<div class=\"siteorigin-widget-tinymce textwidget\">\n\t<p>Reprezentantul nostru pentru Dezvoltarea Afacerilor din Rom\u00e2nia, Alexa Nicolau, s-a n\u0103scut \u00een Bucure\u0219ti, Rom\u00e2nia. A crescut \u00een Bucure\u0219ti, unde \u0219i-a lansat ini\u021bial cariera \u00een industria de marketing digital.<br \/>\nEa a lucrat in rolul de consultant \u00een strategia digital\u0103, dezvoltarea afacerilor \u0219i dezvoltarea mentalit\u0103\u021bii antreprenoriale. Este considerat\u0103 ca un entuziast in branding \u0219i design de produs \u0219i are o experien\u021b\u0103 vast\u0103 \u00een marketing digital, comer\u021b electronic \u0219i dezvoltare de afaceri.<br \/>\nEste, de asemenea, mentor \u0219i voluntar certificat pentru start-up-uri, cu mai multe programe na\u021bionale de sprijin antreprenorial \u0219i organiza\u021bii interna\u021bionale care promoveaz\u0103 interna\u021bionalizarea start-up-urilor. \u00cen calitate de membru WBAF Angel Investment Fund Rom\u00e2nia, ea conecteaz\u0103 investitori \u0219i antreprenori califica\u021bi la fluxurile de tranzac\u021bii ale Fondului.<br \/>\nEa a jucat diferite roluri \u00een cariera ei, de la manager de marketing p\u00e2n\u0103 la CEO al propriei companii \u0219i consultant pentru companii IT. Printre altele. incluziunea, egalitatea de gen \u0219i sustenabilitatea sunt componente vitale ale muncii ei. Este flexibil\u0103 \u0219i un agent de schimbare cu o mentalitate global\u0103, foarte creativ\u0103 \u0219i practic\u0103, permi\u021b\u00e2ndu-i s\u0103 rezolve probleme. Viziunea ei este s\u0103-\u0219i extind\u0103 \u0219i s\u0103-\u0219i promoveze serviciile la nivel global \u0219i s\u0103 construiasc\u0103 rela\u021bii profesionale \u00een Rom\u00e2nia \u0219i alte \u021b\u0103ri europene cu cele mai eficiente tehnici.<\/p>\n<\/div>\n<\/div><\/div><\/div><div id=\"pgc-45-5-1\"  class=\"panel-grid-cell\" ><div id=\"panel-45-5-1-0\" class=\"so-panel widget widget_sow-image panel-first-child\" data-index=\"13\" ><div\n\t\t\t\n\t\t\tclass=\"so-widget-sow-image so-widget-sow-image-default-c67d20f9f743-45\"\n\t\t\t\n\t\t>\n<div class=\"sow-image-container\">\n\t\t<img loading=\"lazy\" \n\tsrc=\"https:\/\/www.americaeb5visa.com\/ro\/wp-content\/uploads\/sites\/32\/2022\/10\/Alexa-Nicolau-300x300.png\" width=\"300\" height=\"300\" srcset=\"https:\/\/www.americaeb5visa.com\/ro\/wp-content\/uploads\/sites\/32\/2022\/10\/Alexa-Nicolau-300x300.png 300w, https:\/\/www.americaeb5visa.com\/ro\/wp-content\/uploads\/sites\/32\/2022\/10\/Alexa-Nicolau-150x150.png 150w, https:\/\/www.americaeb5visa.com\/ro\/wp-content\/uploads\/sites\/32\/2022\/10\/Alexa-Nicolau-24x24.png 24w, https:\/\/www.americaeb5visa.com\/ro\/wp-content\/uploads\/sites\/32\/2022\/10\/Alexa-Nicolau-36x36.png 36w, https:\/\/www.americaeb5visa.com\/ro\/wp-content\/uploads\/sites\/32\/2022\/10\/Alexa-Nicolau-48x48.png 48w, https:\/\/www.americaeb5visa.com\/ro\/wp-content\/uploads\/sites\/32\/2022\/10\/Alexa-Nicolau.png 427w\" sizes=\"(max-width: 300px) 100vw, 300px\" title=\"Alexa Nicolau\" alt=\"\" \t\tclass=\"so-widget-image\"\/>\n\t<\/div>\n\n<\/div><\/div><div id=\"panel-45-5-1-1\" class=\"so-panel widget widget_sow-editor panel-last-child\" data-index=\"14\" ><div\n\t\t\t\n\t\t\tclass=\"so-widget-sow-editor so-widget-sow-editor-base\"\n\t\t\t\n\t\t>\n<div class=\"siteorigin-widget-tinymce textwidget\">\n\t<h2 class=\"text-center mg-md\" style=\"text-align: center;\">Alexa Nicolau<\/h2>\n<h4 style=\"text-align: center;\">Reprezentant pentru Dezvoltarea Afacerilor<\/h4>\n<\/div>\n<\/div><\/div><\/div><\/div><\/div><\/div>","protected":false},"excerpt":{"rendered":"<p>30 de ani Echipa noastra este alcatuita complet din profesionisti califica\u021bi care au impartasit odata visul dvs. de a emigra in Statele Unite. Intelegem rezervele, ingrijorarile si temerile dvs. Cel mai important, intelegem ca fiecare situatie este diferita. Conducerea noastra are experienta de peste 30 de ani pe Wall Street, in structurarea tranzactiilor cu venit<a class=\"moretag\" href=\"https:\/\/www.americaeb5visa.com\/ro\/who-are-we\/\"><span class=\"screen-reader-text\">Read more about Cine suntem noi?<\/span>[&#8230;]<\/a><\/p>\n","protected":false},"author":1,"featured_media":0,"parent":0,"menu_order":10,"comment_status":"closed","ping_status":"closed","template":"","meta":{"_acf_changed":false,"_monsterinsights_skip_tracking":false,"_monsterinsights_sitenote_active":false,"_monsterinsights_sitenote_note":"","_monsterinsights_sitenote_category":0,"footnotes":""},"class_list":["post-45","page","type-page","status-publish","hentry"],"acf":[],"rttpg_featured_image_url":null,"rttpg_author":{"display_name":"AdminNIso","author_link":"https:\/\/www.americaeb5visa.com\/ro\/blog\/author\/admin\/"},"rttpg_comment":0,"rttpg_category":null,"rttpg_excerpt":"30 de ani Echipa noastra este alcatuita complet din profesionisti califica\u021bi care au impartasit odata visul dvs. de a emigra in Statele Unite. Intelegem rezervele, ingrijorarile si temerile dvs. Cel mai important, intelegem ca fiecare situatie este diferita. Conducerea noastra are experienta de peste 30 de ani pe Wall Street, in structurarea tranzactiilor cu venitRead&hellip;","_links":{"self":[{"href":"https:\/\/www.americaeb5visa.com\/ro\/wp-json\/wp\/v2\/pages\/45","targetHints":{"allow":["GET"]}}],"collection":[{"href":"https:\/\/www.americaeb5visa.com\/ro\/wp-json\/wp\/v2\/pages"}],"about":[{"href":"https:\/\/www.americaeb5visa.com\/ro\/wp-json\/wp\/v2\/types\/page"}],"author":[{"embeddable":true,"href":"https:\/\/www.americaeb5visa.com\/ro\/wp-json\/wp\/v2\/users\/1"}],"replies":[{"embeddable":true,"href":"https:\/\/www.americaeb5visa.com\/ro\/wp-json\/wp\/v2\/comments?post=45"}],"version-history":[{"count":0,"href":"https:\/\/www.americaeb5visa.com\/ro\/wp-json\/wp\/v2\/pages\/45\/revisions"}],"wp:attachment":[{"href":"https:\/\/www.americaeb5visa.com\/ro\/wp-json\/wp\/v2\/media?parent=45"}],"curies":[{"name":"wp","href":"https:\/\/api.w.org\/{rel}","templated":true}]}}