{"id":128,"date":"2017-03-15T18:54:36","date_gmt":"2017-03-15T18:54:36","guid":{"rendered":"http:\/\/www.americaeb5visa.com\/?page_id=128"},"modified":"2022-03-25T00:31:49","modified_gmt":"2022-03-25T05:31:49","slug":"eb-5-nedir","status":"publish","type":"page","link":"https:\/\/www.americaeb5visa.com\/tr\/eb-5-nedir\/","title":{"rendered":"EB-5 Nedir?"},"content":{"rendered":"<div id=\"pl-128\"  class=\"panel-layout\" ><div id=\"pg-128-0\"  class=\"panel-grid panel-has-style\" ><div class=\"siteorigin-panels-stretch panel-row-style panel-row-style-for-128-0\" data-stretch-type=\"full-stretched\" ><div id=\"pgc-128-0-0\"  class=\"panel-grid-cell\" ><div id=\"panel-128-0-0-0\" class=\"so-panel widget widget_sow-hero panel-first-child panel-last-child\" data-index=\"0\" ><div\n\t\t\t\n\t\t\tclass=\"so-widget-sow-hero so-widget-sow-hero-default-3d3f69fb2c42-128 so-widget-fittext-wrapper\"\n\t\t\t data-fit-text-compressor=\"0.85\"\n\t\t>\t\t\t\t<div class=\"sow-slider-base\" style=\"display: none\" tabindex=\"0\">\n\t\t\t\t\t<ul\n\t\t\t\t\tclass=\"sow-slider-images\"\n\t\t\t\t\tdata-settings=\"{&quot;pagination&quot;:true,&quot;speed&quot;:800,&quot;timeout&quot;:8000,&quot;paused&quot;:false,&quot;pause_on_hover&quot;:false,&quot;swipe&quot;:true,&quot;nav_always_show_desktop&quot;:&quot;&quot;,&quot;nav_always_show_mobile&quot;:&quot;&quot;,&quot;breakpoint&quot;:&quot;780px&quot;,&quot;unmute&quot;:false,&quot;anchor&quot;:null}\"\n\t\t\t\t\tstyle=\"min-height: 600px\"\t\t\t\t\tdata-anchor-id=\"\"\n\t\t\t\t>\t\t<li class=\"sow-slider-image  sow-slider-image-cover\" style=\"visibility: visible;;background-color: #333333;background-image: url(https:\/\/www.americaeb5visa.com\/tr\/wp-content\/uploads\/sites\/6\/2017\/03\/Death_to_Stock_Photography_NYC_Skyline_2-2.jpg)\" >\n\t\t\t\t\t<div class=\"sow-slider-image-container\">\n\t\t\t<div class=\"sow-slider-image-wrapper\">\n\t\t\t\t<h1 style=\"text-align: center\">EB-5 nedir?<\/h1><h2 style=\"text-align: center\">\u00a0<\/h2><h2 style=\"text-align: center\">ABD\u2019de ikametinizi sa\u011flayan yat\u0131r\u0131m program\u0131<\/h2>\t\t\t<\/div>\n\t\t<\/div>\n\t\t\t\t<\/li>\n\t\t<\/ul>\t\t\t\t<ol class=\"sow-slider-pagination\">\n\t\t\t\t\t\t\t\t\t\t\t<li><a href=\"#\" data-goto=\"0\" aria-label=\"Display slide 1\"><\/a><\/li>\n\t\t\t\t\t\t\t\t\t<\/ol>\n\n\t\t\t\t<div class=\"sow-slide-nav sow-slide-nav-next\">\n\t\t\t\t\t<a href=\"#\" data-goto=\"next\" aria-label=\"Next slide\" data-action=\"next\">\n\t\t\t\t\t\t<em class=\"sow-sld-icon-thin-right\"><\/em>\n\t\t\t\t\t<\/a>\n\t\t\t\t<\/div>\n\n\t\t\t\t<div class=\"sow-slide-nav sow-slide-nav-prev\">\n\t\t\t\t\t<a href=\"#\" data-goto=\"previous\" aria-label=\"Previous slide\" data-action=\"prev\">\n\t\t\t\t\t\t<em class=\"sow-sld-icon-thin-left\"><\/em>\n\t\t\t\t\t<\/a>\n\t\t\t\t<\/div>\n\t\t\t\t<\/div><\/div><\/div><\/div><\/div><\/div><div id=\"pg-128-1\"  class=\"panel-grid panel-has-style\" ><div class=\"panel-row-style panel-row-style-for-128-1\" ><div id=\"pgc-128-1-0\"  class=\"panel-grid-cell\" ><div id=\"panel-128-1-0-0\" class=\"so-panel widget widget_sow-editor panel-first-child panel-last-child\" data-index=\"1\" ><div\n\t\t\t\n\t\t\tclass=\"so-widget-sow-editor so-widget-sow-editor-base\"\n\t\t\t\n\t\t>\n<div class=\"siteorigin-widget-tinymce textwidget\">\n\t<h2>EB-5 Vizesi Nedir?<\/h2>\n<p>Amerika Birle\u015fik Devletleri d\u0131\u015f\u0131ndaki bir \u00fclkenin vatanda\u015f\u0131 iseniz ve Amerika'da ya\u015famaya ba\u015flamak istiyorsan\u0131z, ABD Vatanda\u015fl\u0131k ve G\u00f6\u00e7menlik Hizmetleri (USCIS) taraf\u0131ndan y\u00f6netilen EB-5 G\u00f6\u00e7men Yat\u0131r\u0131m Program\u0131'na ba\u015fvurmay\u0131 d\u00fc\u015f\u00fcnmenizi tavsiye ediyoruz. EB-5 program\u0131na kat\u0131lmak, bir sermaye yat\u0131r\u0131m\u0131 yapmak anlam\u0131na gelir. USCIS, sizin yat\u0131r\u0131m\u0131n\u0131z\u0131n EB-5 program\u0131 i\u00e7in yeterli oldu\u011funu onaylad\u0131\u011f\u0131 anda siz, e\u015finiz, 21 ya\u015f\u0131n\u0131n alt\u0131ndaki \u00e7ocuklar\u0131n\u0131z ile beraber Ye\u015fil Kart almak i\u00e7in Amerika\u2019ya giden tek y\u00f6nl\u00fc biletinizi alm\u0131\u015f oluyorsunuz.<\/p>\n<h2><\/h2>\n<h2><\/h2>\n<h2>EB-5 Vizesi i\u00e7in gerekli ko\u015fullar nelerdir?<\/h2>\n<p>EB-5 vizesine ba\u015fvuranlar ABD'de bulunan herhangi bir B\u00f6lgesel Merkez projesine, bug\u00fcnk\u00fc mevzuat \u015fartlar\u0131na g\u00f6re, en az 800,000 $ tutar\u0131nda bir yat\u0131r\u0131m yapmak zorundad\u0131rlar.\u00a0 Bu asgari miktar tutar\u0131ndaki yat\u0131r\u0131m, proje yaln\u0131z \u00e7ok fazla i\u015f imk\u00e2n\u0131 bulunmayan bir yerde veya k\u0131rsal yerlerde ger\u00e7ekle\u015fti\u011fi zaman ge\u00e7erlidir. E\u011fer bu ko\u015fullar sa\u011flanam\u0131yorsa, EB-5 i\u00e7in gerekli maddi yat\u0131r\u0131m\u0131n, bug\u00fcnk\u00fc mevzuat \u015fartlar\u0131na g\u00f6re, 1,050,000 $ olmas\u0131 gerekiyor.\u00a0 Ayr\u0131ca, yat\u0131r\u0131m\u0131n ekonomiye sa\u011flad\u0131\u011f\u0131 katk\u0131 sonucu en az on adet tam zamanl\u0131 istihdam yaratmas\u0131 ko\u015fullan\u0131yor.\u00a0 Ancak yat\u0131r\u0131mc\u0131n\u0131n, sa\u011flanan bu istihdam\u0131n zamanlamas\u0131 hakk\u0131nda endi\u015felenmesi gerekmiyor.\u00a0 Yat\u0131r\u0131mc\u0131, daimi ikamet hakk\u0131n\u0131 kazand\u0131ktan sonra, yat\u0131r\u0131m\u0131 alan \u015firkete, en az on i\u015f sa\u011flayabilmesi i\u00e7in, iki y\u0131ll\u0131k s\u00fcre tan\u0131n\u0131yor. \u0130ki y\u0131l ve daha az s\u00fcrede bu \u00f6l\u00e7\u00fct sa\u011fland\u0131\u011f\u0131nda yat\u0131r\u0131mc\u0131n\u0131n ABD'de daimi ikamet hakk\u0131 \u015eartl\u0131 Yerle\u015fim hakk\u0131ndan S\u00fcrekli Yerle\u015fim hakk\u0131na d\u00f6nd\u00fcr\u00fcl\u00fcyor.<\/p>\n<h1><\/h1>\n<\/div>\n<\/div><\/div><\/div><\/div><\/div><\/div>","protected":false},"excerpt":{"rendered":"<p>EB-5 Vizesi Nedir? Amerika Birle\u015fik Devletleri d\u0131\u015f\u0131ndaki bir \u00fclkenin vatanda\u015f\u0131 iseniz ve Amerika&#8217;da ya\u015famaya ba\u015flamak istiyorsan\u0131z, ABD Vatanda\u015fl\u0131k ve G\u00f6\u00e7menlik Hizmetleri (USCIS) taraf\u0131ndan y\u00f6netilen EB-5 G\u00f6\u00e7men Yat\u0131r\u0131m Program\u0131&#8217;na ba\u015fvurmay\u0131 d\u00fc\u015f\u00fcnmenizi tavsiye ediyoruz. EB-5 program\u0131na kat\u0131lmak, bir sermaye yat\u0131r\u0131m\u0131 yapmak anlam\u0131na gelir. USCIS, sizin yat\u0131r\u0131m\u0131n\u0131z\u0131n EB-5 program\u0131 i\u00e7in yeterli oldu\u011funu onaylad\u0131\u011f\u0131 anda siz, e\u015finiz, 21 ya\u015f\u0131n\u0131n<a class=\"moretag\" href=\"https:\/\/www.americaeb5visa.com\/tr\/eb-5-nedir\/\"><span class=\"screen-reader-text\">Hakk\u0131nda daha fazlas\u0131n\u0131 oku EB-5 Nedir?<\/span>[&#8230;]<\/a><\/p>\n","protected":false},"author":1,"featured_media":0,"parent":0,"menu_order":0,"comment_status":"closed","ping_status":"closed","template":"","meta":{"_acf_changed":false,"_monsterinsights_skip_tracking":false,"_monsterinsights_sitenote_active":false,"_monsterinsights_sitenote_note":"","_monsterinsights_sitenote_category":0,"footnotes":""},"class_list":["post-128","page","type-page","status-publish","hentry"],"acf":[],"rttpg_featured_image_url":null,"rttpg_author":{"display_name":"AdminNIso","author_link":"https:\/\/www.americaeb5visa.com\/tr\/blog\/author\/admin\/"},"rttpg_comment":0,"rttpg_category":null,"rttpg_excerpt":"EB-5 Vizesi Nedir? Amerika Birle\u015fik Devletleri d\u0131\u015f\u0131ndaki bir \u00fclkenin vatanda\u015f\u0131 iseniz ve Amerika'da ya\u015famaya ba\u015flamak istiyorsan\u0131z, ABD Vatanda\u015fl\u0131k ve G\u00f6\u00e7menlik Hizmetleri (USCIS) taraf\u0131ndan y\u00f6netilen EB-5 G\u00f6\u00e7men Yat\u0131r\u0131m Program\u0131'na ba\u015fvurmay\u0131 d\u00fc\u015f\u00fcnmenizi tavsiye ediyoruz. EB-5 program\u0131na kat\u0131lmak, bir sermaye yat\u0131r\u0131m\u0131 yapmak anlam\u0131na gelir. USCIS, sizin yat\u0131r\u0131m\u0131n\u0131z\u0131n EB-5 program\u0131 i\u00e7in yeterli oldu\u011funu onaylad\u0131\u011f\u0131 anda siz, e\u015finiz, 21 ya\u015f\u0131n\u0131nHakk\u0131nda&hellip;","_links":{"self":[{"href":"https:\/\/www.americaeb5visa.com\/tr\/wp-json\/wp\/v2\/pages\/128","targetHints":{"allow":["GET"]}}],"collection":[{"href":"https:\/\/www.americaeb5visa.com\/tr\/wp-json\/wp\/v2\/pages"}],"about":[{"href":"https:\/\/www.americaeb5visa.com\/tr\/wp-json\/wp\/v2\/types\/page"}],"author":[{"embeddable":true,"href":"https:\/\/www.americaeb5visa.com\/tr\/wp-json\/wp\/v2\/users\/1"}],"replies":[{"embeddable":true,"href":"https:\/\/www.americaeb5visa.com\/tr\/wp-json\/wp\/v2\/comments?post=128"}],"version-history":[{"count":0,"href":"https:\/\/www.americaeb5visa.com\/tr\/wp-json\/wp\/v2\/pages\/128\/revisions"}],"wp:attachment":[{"href":"https:\/\/www.americaeb5visa.com\/tr\/wp-json\/wp\/v2\/media?parent=128"}],"curies":[{"name":"wp","href":"https:\/\/api.w.org\/{rel}","templated":true}]}}