{"id":61,"date":"2017-03-14T21:44:01","date_gmt":"2017-03-14T21:44:01","guid":{"rendered":"http:\/\/www.americaeb5visa.com\/?page_id=61"},"modified":"2022-03-25T00:34:26","modified_gmt":"2022-03-25T05:34:26","slug":"eb-5-gereklilikleri","status":"publish","type":"page","link":"https:\/\/www.americaeb5visa.com\/tr\/eb-5-gereklilikleri\/","title":{"rendered":"EB-5 Gereklilikleri"},"content":{"rendered":"<div id=\"pl-61\"  class=\"panel-layout\" ><div id=\"pg-61-0\"  class=\"panel-grid panel-has-style\" ><div class=\"siteorigin-panels-stretch panel-row-style panel-row-style-for-61-0\" data-stretch-type=\"full-stretched\" ><div id=\"pgc-61-0-0\"  class=\"panel-grid-cell\" ><div id=\"panel-61-0-0-0\" class=\"so-panel widget widget_sow-hero panel-first-child panel-last-child\" data-index=\"0\" ><div\n\t\t\t\n\t\t\tclass=\"so-widget-sow-hero so-widget-sow-hero-default-3d3f69fb2c42-61 so-widget-fittext-wrapper\"\n\t\t\t data-fit-text-compressor=\"0.85\"\n\t\t>\t\t\t\t<div class=\"sow-slider-base\" style=\"display: none\" tabindex=\"0\">\n\t\t\t\t\t<ul\n\t\t\t\t\tclass=\"sow-slider-images\"\n\t\t\t\t\tdata-settings=\"{&quot;pagination&quot;:true,&quot;speed&quot;:800,&quot;timeout&quot;:8000,&quot;paused&quot;:false,&quot;pause_on_hover&quot;:false,&quot;swipe&quot;:true,&quot;nav_always_show_desktop&quot;:&quot;&quot;,&quot;nav_always_show_mobile&quot;:&quot;&quot;,&quot;breakpoint&quot;:&quot;780px&quot;,&quot;unmute&quot;:false,&quot;anchor&quot;:null}\"\n\t\t\t\t\tstyle=\"min-height: 600px\"\t\t\t\t\tdata-anchor-id=\"\"\n\t\t\t\t>\t\t<li class=\"sow-slider-image  sow-slider-image-cover\" style=\"visibility: visible;;background-color: #333333;background-image: url(https:\/\/www.americaeb5visa.com\/tr\/wp-content\/uploads\/sites\/6\/2017\/03\/Death_to_Stock_Photography_NYC_Skyline_2-2.jpg)\" >\n\t\t\t\t\t<div class=\"sow-slider-image-container\">\n\t\t\t<div class=\"sow-slider-image-wrapper\">\n\t\t\t\t<h1 style=\"text-align: center\">EB-5 Gereklilikleri<\/h1>\n<h1 style=\"text-align: center\">\u00a0<\/h1>\n<h2 style=\"text-align: center\">ABD i\u00e7inde en az 10 ki\u015fiye i\u015f imk\u00e2n\u0131 sa\u011flayan sermaye yat\u0131r\u0131m\u0131<\/h2>\n\t\t\t<\/div>\n\t\t<\/div>\n\t\t\t\t<\/li>\n\t\t<\/ul>\t\t\t\t<ol class=\"sow-slider-pagination\">\n\t\t\t\t\t\t\t\t\t\t\t<li><a href=\"#\" data-goto=\"0\" aria-label=\"Display slide 1\"><\/a><\/li>\n\t\t\t\t\t\t\t\t\t<\/ol>\n\n\t\t\t\t<div class=\"sow-slide-nav sow-slide-nav-next\">\n\t\t\t\t\t<a href=\"#\" data-goto=\"next\" aria-label=\"Next slide\" data-action=\"next\">\n\t\t\t\t\t\t<em class=\"sow-sld-icon-thin-right\"><\/em>\n\t\t\t\t\t<\/a>\n\t\t\t\t<\/div>\n\n\t\t\t\t<div class=\"sow-slide-nav sow-slide-nav-prev\">\n\t\t\t\t\t<a href=\"#\" data-goto=\"previous\" aria-label=\"Previous slide\" data-action=\"prev\">\n\t\t\t\t\t\t<em class=\"sow-sld-icon-thin-left\"><\/em>\n\t\t\t\t\t<\/a>\n\t\t\t\t<\/div>\n\t\t\t\t<\/div><\/div><\/div><\/div><\/div><\/div><div id=\"pg-61-1\"  class=\"panel-grid panel-has-style\" ><div class=\"panel-row-style panel-row-style-for-61-1\" ><div id=\"pgc-61-1-0\"  class=\"panel-grid-cell\" ><div id=\"panel-61-1-0-0\" class=\"so-panel widget widget_sow-editor panel-first-child panel-last-child\" data-index=\"1\" ><div\n\t\t\t\n\t\t\tclass=\"so-widget-sow-editor so-widget-sow-editor-base\"\n\t\t\t\n\t\t>\n<div class=\"siteorigin-widget-tinymce textwidget\">\n\t<h2>Genel \u015eartlar<\/h2>\n<p>ABD h\u00fck\u00fcmeti, ABD i\u015fletmelerindeki yabanc\u0131 yat\u0131r\u0131mlar\u0131 te\u015fvik etmek i\u00e7in EB-5 G\u00f6\u00e7men Yat\u0131r\u0131mc\u0131 Program\u0131'n\u0131 olu\u015fturdu. ABD'li i\u015f\u00e7iler i\u00e7in i\u015f yaratan bir i\u015fletmeye yat\u0131r\u0131m yapmak kar\u015f\u0131l\u0131\u011f\u0131nda, yabanc\u0131 uyruklular ve aileleri ABD'de daimi ikamet etme hakk\u0131na sahip olabiliyorlar. Program\u0131n ismi \"EB-5\",\u00a0 yabanc\u0131 g\u00f6\u00e7men yat\u0131r\u0131mc\u0131lar\u0131n ba\u015fvurdu\u011fu - \u0130stihdam Esasl\u0131 G\u00f6\u00e7menlik: Be\u015finci Tercih EB-5 - vize kategorisinden geliyor.<\/p>\n<p>Program 1990'da kurulduktan sonra olduk\u00e7a geli\u015fmekle birlikte, \u015fu anda yabanc\u0131 yat\u0131r\u0131mc\u0131lar\u0131n EB-5 Vizesi almalar\u0131 i\u00e7in iki yol bulunuyor:<\/p>\n<ol>\n<li>\u0130\u015f imk\u00e2n\u0131 yaratan yeni veya mevcut bir ticaret giri\u015fimine do\u011frudan yat\u0131r\u0131m.<\/li>\n<li>Sermayeyi, yat\u0131r\u0131mc\u0131 fonlar\u0131n\u0131 ve g\u00f6\u00e7 onay s\u00fcrecini aktif bir \u015fekilde y\u00f6neten ve h\u00fck\u00fcmet taraf\u0131ndan onaylanm\u0131\u015f bir firma olan \"B\u00f6lgesel Merkez\" arac\u0131l\u0131\u011f\u0131yla yat\u0131r\u0131m yapmak. Bu tip firmalar maddi yat\u0131r\u0131mlar\u0131 inceleyerek g\u00f6\u00e7men program\u0131n\u0131 onayl\u0131yorlar ve ABD'ye yap\u0131lan g\u00f6\u00e7lerde i\u015flemleri ciddi miktarda kolayla\u015ft\u0131r\u0131yorlar.<\/li>\n<\/ol>\n<h2>B\u00f6lgesel Merkez arac\u0131l\u0131\u011f\u0131yla yat\u0131r\u0131m yapman\u0131n avantajlar\u0131<\/h2>\n<p>Sermayeyi B\u00f6lgesel Merkezi arac\u0131l\u0131\u011f\u0131yla yat\u0131rmak, EB-5 program\u0131 \u00fczerinden ABD'de ya\u015famak isteyen g\u00f6\u00e7menlere \u00e7e\u015fitli avantajlar sa\u011flamaktad\u0131r. En \u00f6nemli avantajlardan biri, do\u011frudan ve dolayl\u0131 bir \u015fekilde yarat\u0131lan i\u015fler \"i\u015f yaratma gereksinimi\" gereklili\u011fini yerine getirmektedir. Do\u011frudan i\u015f imk\u00e2n\u0131 yaratmak iki y\u0131l i\u00e7inde en az on tane yeni ve ger\u00e7ek tan\u0131mlanabilir i\u015f imk\u00e2n\u0131 yaratacak bir yat\u0131r\u0131m yapmak olarak alg\u0131lanabilir. Ancak B\u00f6lgesel Merkez program\u0131 sayesinde yat\u0131r\u0131mc\u0131lar, i\u015f imk\u00e2n\u0131 gereklili\u011fini fon havuzundaki di\u011fer yat\u0131r\u0131mc\u0131lardan sa\u011flanm\u0131\u015f dolayl\u0131 i\u015fleri de ortaya sunarak yerine getirebilirler. Bu i\u015fler topluca sa\u011flanm\u0131\u015f olmakla beraber B\u00f6lgesel Merkeze ba\u011fl\u0131 bir ticari i\u015fletmeye yap\u0131lan yat\u0131r\u0131m sonucunda da yarat\u0131labilir. Ba\u015fka bir deyi\u015fle, yat\u0131r\u0131mc\u0131lar herhangi bir \u00e7al\u0131\u015fan\u0131 do\u011frudan i\u015fe alm\u0131\u015f olduklar\u0131n\u0131 g\u00f6stermek zorunda de\u011fildirler. Aksine, i\u015f yarat\u0131m\u0131n\u0131 ispatlama y\u00fck\u00fcml\u00fcl\u00fc\u011f\u00fcn\u00fc B\u00f6lgesel Merkeze devretmi\u015f olmaktad\u0131rlar. B\u00f6lgesel Merkezler ise, ekonomik analiz ger\u00e7ekle\u015ftiren ve projenin do\u011frudan veya dolayl\u0131 olarak yeterli meslek imk\u00e2n\u0131 sundu\u011funu ispatlamakla g\u00f6revlendirilmi\u015f deneyimli ekonomistler tutarlar.<\/p>\n<h2>Yat\u0131r\u0131mlar\u0131n Miktarlar\u0131<\/h2>\n<p>Her EB-5 Vize aday\u0131, i\u015f yaratan bir giri\u015fime en az 1,050,000 $ yat\u0131r\u0131m yapmal\u0131d\u0131r. E\u011fer, yat\u0131r\u0131m sermayesini alan i\u015fletme, Hedefli \u0130stihdam Alan\u0131 (TEA) olarak bilinen k\u0131rsal bir y\u00f6rede veya y\u00fcksek i\u015fsizlik oran\u0131 olan bir b\u00f6lgede ise, asgari yat\u0131r\u0131m tutar\u0131 800,000 $\u2019a d\u00fc\u015f\u00fcr\u00fcl\u00fcr. G\u00fcn\u00fcm\u00fczde \u00e7o\u011fu EB-5 yat\u0131r\u0131m olanaklar\u0131 TEA b\u00f6lgelerinde bulunmaktad\u0131r.<\/p>\n<\/div>\n<\/div><\/div><\/div><\/div><\/div><\/div>","protected":false},"excerpt":{"rendered":"<p>Genel \u015eartlar ABD h\u00fck\u00fcmeti, ABD i\u015fletmelerindeki yabanc\u0131 yat\u0131r\u0131mlar\u0131 te\u015fvik etmek i\u00e7in EB-5 G\u00f6\u00e7men Yat\u0131r\u0131mc\u0131 Program\u0131&#8217;n\u0131 olu\u015fturdu. ABD&#8217;li i\u015f\u00e7iler i\u00e7in i\u015f yaratan bir i\u015fletmeye yat\u0131r\u0131m yapmak kar\u015f\u0131l\u0131\u011f\u0131nda, yabanc\u0131 uyruklular ve aileleri ABD&#8217;de daimi ikamet etme hakk\u0131na sahip olabiliyorlar. Program\u0131n ismi &#8220;EB-5&#8221;,\u00a0 yabanc\u0131 g\u00f6\u00e7men yat\u0131r\u0131mc\u0131lar\u0131n ba\u015fvurdu\u011fu &#8211; \u0130stihdam Esasl\u0131 G\u00f6\u00e7menlik: Be\u015finci Tercih EB-5 &#8211; vize kategorisinden geliyor.<a class=\"moretag\" href=\"https:\/\/www.americaeb5visa.com\/tr\/eb-5-gereklilikleri\/\"><span class=\"screen-reader-text\">Hakk\u0131nda daha fazlas\u0131n\u0131 oku EB-5 Gereklilikleri<\/span>[&#8230;]<\/a><\/p>\n","protected":false},"author":1,"featured_media":0,"parent":0,"menu_order":0,"comment_status":"closed","ping_status":"closed","template":"","meta":{"_acf_changed":false,"_monsterinsights_skip_tracking":false,"_monsterinsights_sitenote_active":false,"_monsterinsights_sitenote_note":"","_monsterinsights_sitenote_category":0,"footnotes":""},"class_list":["post-61","page","type-page","status-publish","hentry"],"acf":[],"rttpg_featured_image_url":null,"rttpg_author":{"display_name":"AdminNIso","author_link":"https:\/\/www.americaeb5visa.com\/tr\/blog\/author\/admin\/"},"rttpg_comment":0,"rttpg_category":null,"rttpg_excerpt":"Genel \u015eartlar ABD h\u00fck\u00fcmeti, ABD i\u015fletmelerindeki yabanc\u0131 yat\u0131r\u0131mlar\u0131 te\u015fvik etmek i\u00e7in EB-5 G\u00f6\u00e7men Yat\u0131r\u0131mc\u0131 Program\u0131'n\u0131 olu\u015fturdu. ABD'li i\u015f\u00e7iler i\u00e7in i\u015f yaratan bir i\u015fletmeye yat\u0131r\u0131m yapmak kar\u015f\u0131l\u0131\u011f\u0131nda, yabanc\u0131 uyruklular ve aileleri ABD'de daimi ikamet etme hakk\u0131na sahip olabiliyorlar. Program\u0131n ismi \"EB-5\",\u00a0 yabanc\u0131 g\u00f6\u00e7men yat\u0131r\u0131mc\u0131lar\u0131n ba\u015fvurdu\u011fu - \u0130stihdam Esasl\u0131 G\u00f6\u00e7menlik: Be\u015finci Tercih EB-5 - vize kategorisinden geliyor.Hakk\u0131nda&hellip;","_links":{"self":[{"href":"https:\/\/www.americaeb5visa.com\/tr\/wp-json\/wp\/v2\/pages\/61","targetHints":{"allow":["GET"]}}],"collection":[{"href":"https:\/\/www.americaeb5visa.com\/tr\/wp-json\/wp\/v2\/pages"}],"about":[{"href":"https:\/\/www.americaeb5visa.com\/tr\/wp-json\/wp\/v2\/types\/page"}],"author":[{"embeddable":true,"href":"https:\/\/www.americaeb5visa.com\/tr\/wp-json\/wp\/v2\/users\/1"}],"replies":[{"embeddable":true,"href":"https:\/\/www.americaeb5visa.com\/tr\/wp-json\/wp\/v2\/comments?post=61"}],"version-history":[{"count":0,"href":"https:\/\/www.americaeb5visa.com\/tr\/wp-json\/wp\/v2\/pages\/61\/revisions"}],"wp:attachment":[{"href":"https:\/\/www.americaeb5visa.com\/tr\/wp-json\/wp\/v2\/media?parent=61"}],"curies":[{"name":"wp","href":"https:\/\/api.w.org\/{rel}","templated":true}]}}