{"id":64,"date":"2017-03-14T21:46:46","date_gmt":"2017-03-14T21:46:46","guid":{"rendered":"http:\/\/www.americaeb5visa.com\/?page_id=64"},"modified":"2020-06-11T09:36:33","modified_gmt":"2020-06-11T14:36:33","slug":"eb-5-islemi","status":"publish","type":"page","link":"https:\/\/www.americaeb5visa.com\/tr\/eb-5-islemi\/","title":{"rendered":"EB-5 \u0130\u015flemi"},"content":{"rendered":"<div id=\"pl-64\"  class=\"panel-layout\" ><div id=\"pg-64-0\"  class=\"panel-grid panel-has-style\" ><div class=\"siteorigin-panels-stretch panel-row-style panel-row-style-for-64-0\" data-stretch-type=\"full-stretched\" ><div id=\"pgc-64-0-0\"  class=\"panel-grid-cell\" ><div id=\"panel-64-0-0-0\" class=\"so-panel widget widget_sow-hero panel-first-child panel-last-child\" data-index=\"0\" ><div\n\t\t\t\n\t\t\tclass=\"so-widget-sow-hero so-widget-sow-hero-default-3d3f69fb2c42-64 so-widget-fittext-wrapper\"\n\t\t\t data-fit-text-compressor=\"0.85\"\n\t\t>\t\t\t\t<div class=\"sow-slider-base\" style=\"display: none\" tabindex=\"0\">\n\t\t\t\t\t<ul\n\t\t\t\t\tclass=\"sow-slider-images\"\n\t\t\t\t\tdata-settings=\"{&quot;pagination&quot;:true,&quot;speed&quot;:800,&quot;timeout&quot;:8000,&quot;paused&quot;:false,&quot;pause_on_hover&quot;:false,&quot;swipe&quot;:true,&quot;nav_always_show_desktop&quot;:&quot;&quot;,&quot;nav_always_show_mobile&quot;:&quot;&quot;,&quot;breakpoint&quot;:&quot;780px&quot;,&quot;unmute&quot;:false,&quot;anchor&quot;:null}\"\n\t\t\t\t\tstyle=\"min-height: 600px\"\t\t\t\t\tdata-anchor-id=\"\"\n\t\t\t\t>\t\t<li class=\"sow-slider-image  sow-slider-image-cover\" style=\"visibility: visible;;background-color: #333333;background-image: url(https:\/\/www.americaeb5visa.com\/tr\/wp-content\/uploads\/sites\/6\/2017\/03\/Death_to_Stock_Photography_NYC_Skyline_2-2.jpg)\" >\n\t\t\t\t\t<div class=\"sow-slider-image-container\">\n\t\t\t<div class=\"sow-slider-image-wrapper\">\n\t\t\t\t<h1 style=\"text-align: center\">EB-5 \u0130\u015flemi<\/h1><h2 style=\"text-align: center\">\u00a0<\/h2><h2 style=\"text-align: center\">Ye\u015fil Kart'\u0131n\u0131z\u0131 alman\u0131z i\u00e7in gereken \u00fc\u00e7 kolay a\u015fama<\/h2>\t\t\t<\/div>\n\t\t<\/div>\n\t\t\t\t<\/li>\n\t\t<\/ul>\t\t\t\t<ol class=\"sow-slider-pagination\">\n\t\t\t\t\t\t\t\t\t\t\t<li><a href=\"#\" data-goto=\"0\" aria-label=\"Display slide 1\"><\/a><\/li>\n\t\t\t\t\t\t\t\t\t<\/ol>\n\n\t\t\t\t<div class=\"sow-slide-nav sow-slide-nav-next\">\n\t\t\t\t\t<a href=\"#\" data-goto=\"next\" aria-label=\"Next slide\" data-action=\"next\">\n\t\t\t\t\t\t<em class=\"sow-sld-icon-thin-right\"><\/em>\n\t\t\t\t\t<\/a>\n\t\t\t\t<\/div>\n\n\t\t\t\t<div class=\"sow-slide-nav sow-slide-nav-prev\">\n\t\t\t\t\t<a href=\"#\" data-goto=\"previous\" aria-label=\"Previous slide\" data-action=\"prev\">\n\t\t\t\t\t\t<em class=\"sow-sld-icon-thin-left\"><\/em>\n\t\t\t\t\t<\/a>\n\t\t\t\t<\/div>\n\t\t\t\t<\/div><\/div><\/div><\/div><\/div><\/div><div id=\"pg-64-1\"  class=\"panel-grid panel-no-style\" ><div id=\"pgc-64-1-0\"  class=\"panel-grid-cell\" ><div id=\"panel-64-1-0-0\" class=\"so-panel widget widget_text panel-first-child panel-last-child\" data-index=\"1\" >\t\t\t<div class=\"textwidget\">\t\t\t<section id=\"cd-timeline\" class=\"cd-container timeline-express\">\n\n\t\t\t\n<div class=\"cd-timeline-block ocak 01 2017 announcement-no-image announcement-182\">\n\n\t\n\t\t<div class=\"cd-timeline-img cd-picture icon-no-readmore\" style=\"background:#e81414;\">\n\n\t\t\t<!-- Custom Action Hook -->\n\t\t\t\n\t\t\t\t<!-- Standard Font Awesome Icon -->\n\t\t\t\t<span class=\"fa fa-flag-o\" title=\"G\u00f6\u00e7menlik avukat\u0131 ara\u015ft\u0131rma ve se\u00e7me d\u00f6nemi.\"><\/span>\n\n\t\t\t\n\t\t<\/div> <!-- cd-timeline-img -->\n\n\t\n\t<!-- Timeline Content -->\n\t<div class=\"cd-timeline-content\">\n\n\t\t\n\t\t<!-- Announcement Title -->\n\t\t<div class=\"cd-timeline-title-container\">\n\n\t\t\t\n\t\t\t<h2 class=\"cd-timeline-item-title\">\n\t\t\t\tG\u00f6\u00e7menlik avukat\u0131 ara\u015ft\u0131rma ve se\u00e7me d\u00f6nemi.\t\t\t<\/h2>\n\n\t\t\t\t\t<\/div>\n\t\t<!-- End Announcement Title -->\n\n\t\t\n\t\t<!-- Announcement Excerpt -->\n\t\t<div class=\"the-excerpt\">\n\t\t\t<p>Daha sonra kiminle \u00e7al\u0131\u015f\u0131laca\u011f\u0131n\u0131n kararla\u015ft\u0131r\u0131lmas\u0131 (Birinci Y\u0131l)<\/p>\n\t\t<\/div>\n\t\t<!-- End Announcement Excerpt -->\n\n\t\t\n\t<\/div>\n\t<!-- End Timeline Content -->\n\n<\/div>\n<!-- End Timeline Block -->\n\n<div class=\"cd-timeline-block ocak 02 2017 announcement-no-image announcement-175\">\n\n\t\n\t\t<div class=\"cd-timeline-img cd-picture icon-no-readmore\" style=\"background:#e81414;\">\n\n\t\t\t<!-- Custom Action Hook -->\n\t\t\t\n\t\t\t\t<!-- Standard Font Awesome Icon -->\n\t\t\t\t<span class=\"fa fa-angle-down\" title=\"M\u00fcmessil kurum ile anla\u015fma yap\u0131lmas\u0131\"><\/span>\n\n\t\t\t\n\t\t<\/div> <!-- cd-timeline-img -->\n\n\t\n\t<!-- Timeline Content -->\n\t<div class=\"cd-timeline-content\">\n\n\t\t\n\t\t<!-- Announcement Title -->\n\t\t<div class=\"cd-timeline-title-container\">\n\n\t\t\t\n\t\t\t<h2 class=\"cd-timeline-item-title\">\n\t\t\t\tM\u00fcmessil kurum ile anla\u015fma yap\u0131lmas\u0131\t\t\t<\/h2>\n\n\t\t\t\t\t<\/div>\n\t\t<!-- End Announcement Title -->\n\n\t\t\n\t\t<!-- Announcement Excerpt -->\n\t\t<div class=\"the-excerpt\">\n\t\t\t<p>M\u00fcmessil kurumla \u00e7al\u0131\u015fmaya ba\u015flamadan evvel ellerinde size uygun en az bir EB-5 projesinin oldu\u011fundan emin olun (Birinci Y\u0131l)<\/p>\n\t\t<\/div>\n\t\t<!-- End Announcement Excerpt -->\n\n\t\t\n\t<\/div>\n\t<!-- End Timeline Content -->\n\n<\/div>\n<!-- End Timeline Block -->\n\n<div class=\"cd-timeline-block ocak 03 2017 announcement-no-image announcement-183\">\n\n\t\n\t\t<div class=\"cd-timeline-img cd-picture icon-no-readmore\" style=\"background:#e81414;\">\n\n\t\t\t<!-- Custom Action Hook -->\n\t\t\t\n\t\t\t\t<!-- Standard Font Awesome Icon -->\n\t\t\t\t<span class=\"fa fa-angle-down\" title=\"Projeleri de\u011ferlendirin.\"><\/span>\n\n\t\t\t\n\t\t<\/div> <!-- cd-timeline-img -->\n\n\t\n\t<!-- Timeline Content -->\n\t<div class=\"cd-timeline-content\">\n\n\t\t\n\t\t<!-- Announcement Title -->\n\t\t<div class=\"cd-timeline-title-container\">\n\n\t\t\t\n\t\t\t<h2 class=\"cd-timeline-item-title\">\n\t\t\t\tProjeleri de\u011ferlendirin.\t\t\t<\/h2>\n\n\t\t\t\t\t<\/div>\n\t\t<!-- End Announcement Title -->\n\n\t\t\n\t\t<!-- Announcement Excerpt -->\n\t\t<div class=\"the-excerpt\">\n\t\t\t<p>Bro\u015f\u00fcrleri, \u00f6zel yerle\u015fim bildirilerini ve di\u011fer b\u00fct\u00fcn dosyalar\u0131 inceleyin. (Birinci Y\u0131l)<\/p>\n\t\t<\/div>\n\t\t<!-- End Announcement Excerpt -->\n\n\t\t\n\t<\/div>\n\t<!-- End Timeline Content -->\n\n<\/div>\n<!-- End Timeline Block -->\n\n<div class=\"cd-timeline-block ocak 04 2017 announcement-no-image announcement-184\">\n\n\t\n\t\t<div class=\"cd-timeline-img cd-picture icon-no-readmore\" style=\"background:#e81414;\">\n\n\t\t\t<!-- Custom Action Hook -->\n\t\t\t\n\t\t\t\t<!-- Standard Font Awesome Icon -->\n\t\t\t\t<span class=\"fa fa-angle-down\" title=\"Bir Proje se\u00e7in.\"><\/span>\n\n\t\t\t\n\t\t<\/div> <!-- cd-timeline-img -->\n\n\t\n\t<!-- Timeline Content -->\n\t<div class=\"cd-timeline-content\">\n\n\t\t\n\t\t<!-- Announcement Title -->\n\t\t<div class=\"cd-timeline-title-container\">\n\n\t\t\t\n\t\t\t<h2 class=\"cd-timeline-item-title\">\n\t\t\t\tBir Proje se\u00e7in.\t\t\t<\/h2>\n\n\t\t\t\t\t<\/div>\n\t\t<!-- End Announcement Title -->\n\n\t\t\n\t\t<!-- Announcement Excerpt -->\n\t\t<div class=\"the-excerpt\">\n\t\t\t<p>Bu proje belirli bir B\u00f6lgesel Merkez taraf\u0131ndan desteklenen ve EB-5 i\u00e7in uygun bir proje olmal\u0131 (Birinci Y\u0131l)<\/p>\n\t\t<\/div>\n\t\t<!-- End Announcement Excerpt -->\n\n\t\t\n\t<\/div>\n\t<!-- End Timeline Content -->\n\n<\/div>\n<!-- End Timeline Block -->\n\n<div class=\"cd-timeline-block ocak 05 2017 announcement-no-image announcement-185\">\n\n\t\n\t\t<div class=\"cd-timeline-img cd-picture icon-no-readmore\" style=\"background:#e81414;\">\n\n\t\t\t<!-- Custom Action Hook -->\n\t\t\t\n\t\t\t\t<!-- Standard Font Awesome Icon -->\n\t\t\t\t<span class=\"fa fa-angle-down\" title=\"Yat\u0131r\u0131mc\u0131 anketini doldurun\"><\/span>\n\n\t\t\t\n\t\t<\/div> <!-- cd-timeline-img -->\n\n\t\n\t<!-- Timeline Content -->\n\t<div class=\"cd-timeline-content\">\n\n\t\t\n\t\t<!-- Announcement Title -->\n\t\t<div class=\"cd-timeline-title-container\">\n\n\t\t\t\n\t\t\t<h2 class=\"cd-timeline-item-title\">\n\t\t\t\tYat\u0131r\u0131mc\u0131 anketini doldurun\t\t\t<\/h2>\n\n\t\t\t\t\t<\/div>\n\t\t<!-- End Announcement Title -->\n\n\t\t\n\t\t<!-- Announcement Excerpt -->\n\t\t<div class=\"the-excerpt\">\n\t\t\t<p>(Birinci Y\u0131l)<\/p>\n\t\t<\/div>\n\t\t<!-- End Announcement Excerpt -->\n\n\t\t\n\t<\/div>\n\t<!-- End Timeline Content -->\n\n<\/div>\n<!-- End Timeline Block -->\n\n<div class=\"cd-timeline-block ocak 06 2017 announcement-no-image announcement-186\">\n\n\t\n\t\t<div class=\"cd-timeline-img cd-picture icon-no-readmore\" style=\"background:#e81414;\">\n\n\t\t\t<!-- Custom Action Hook -->\n\t\t\t\n\t\t\t\t<!-- Standard Font Awesome Icon -->\n\t\t\t\t<span class=\"fa fa-angle-down\" title=\"Avukat\u0131n\u0131zla sermaye kaynaklar\u0131 belgelerini derleyin\"><\/span>\n\n\t\t\t\n\t\t<\/div> <!-- cd-timeline-img -->\n\n\t\n\t<!-- Timeline Content -->\n\t<div class=\"cd-timeline-content\">\n\n\t\t\n\t\t<!-- Announcement Title -->\n\t\t<div class=\"cd-timeline-title-container\">\n\n\t\t\t\n\t\t\t<h2 class=\"cd-timeline-item-title\">\n\t\t\t\tAvukat\u0131n\u0131zla sermaye kaynaklar\u0131 belgelerini derleyin\t\t\t<\/h2>\n\n\t\t\t\t\t<\/div>\n\t\t<!-- End Announcement Title -->\n\n\t\t\n\t\t<!-- Announcement Excerpt -->\n\t\t<div class=\"the-excerpt\">\n\t\t\t<p>(Birinci Y\u0131l)<\/p>\n\t\t<\/div>\n\t\t<!-- End Announcement Excerpt -->\n\n\t\t\n\t<\/div>\n\t<!-- End Timeline Content -->\n\n<\/div>\n<!-- End Timeline Block -->\n\n<div class=\"cd-timeline-block ocak 08 2017 announcement-no-image announcement-187\">\n\n\t\n\t\t<div class=\"cd-timeline-img cd-picture icon-no-readmore\" style=\"background:#e81414;\">\n\n\t\t\t<!-- Custom Action Hook -->\n\t\t\t\n\t\t\t\t<!-- Standard Font Awesome Icon -->\n\t\t\t\t<span class=\"fa fa-angle-down\" title=\"Kat\u0131l\u0131m\u0131n\u0131z\u0131 tamamlay\u0131n\"><\/span>\n\n\t\t\t\n\t\t<\/div> <!-- cd-timeline-img -->\n\n\t\n\t<!-- Timeline Content -->\n\t<div class=\"cd-timeline-content\">\n\n\t\t\n\t\t<!-- Announcement Title -->\n\t\t<div class=\"cd-timeline-title-container\">\n\n\t\t\t\n\t\t\t<h2 class=\"cd-timeline-item-title\">\n\t\t\t\tKat\u0131l\u0131m\u0131n\u0131z\u0131 tamamlay\u0131n\t\t\t<\/h2>\n\n\t\t\t\t\t<\/div>\n\t\t<!-- End Announcement Title -->\n\n\t\t\n\t\t<!-- Announcement Excerpt -->\n\t\t<div class=\"the-excerpt\">\n\t\t\t<p>(Birinci Y\u0131l)<\/p>\n\t\t<\/div>\n\t\t<!-- End Announcement Excerpt -->\n\n\t\t\n\t<\/div>\n\t<!-- End Timeline Content -->\n\n<\/div>\n<!-- End Timeline Block -->\n\n<div class=\"cd-timeline-block ocak 10 2017 announcement-no-image announcement-188\">\n\n\t\n\t\t<div class=\"cd-timeline-img cd-picture icon-no-readmore\" style=\"background:#e81414;\">\n\n\t\t\t<!-- Custom Action Hook -->\n\t\t\t\n\t\t\t\t<!-- Standard Font Awesome Icon -->\n\t\t\t\t<span class=\"fa fa-angle-down\" title=\"Fonlar\u0131 projenin yediemin hesab\u0131na transfer edin\"><\/span>\n\n\t\t\t\n\t\t<\/div> <!-- cd-timeline-img -->\n\n\t\n\t<!-- Timeline Content -->\n\t<div class=\"cd-timeline-content\">\n\n\t\t\n\t\t<!-- Announcement Title -->\n\t\t<div class=\"cd-timeline-title-container\">\n\n\t\t\t\n\t\t\t<h2 class=\"cd-timeline-item-title\">\n\t\t\t\tFonlar\u0131 projenin yediemin hesab\u0131na transfer edin\t\t\t<\/h2>\n\n\t\t\t\t\t<\/div>\n\t\t<!-- End Announcement Title -->\n\n\t\t\n\t\t<!-- Announcement Excerpt -->\n\t\t<div class=\"the-excerpt\">\n\t\t\t<p>(Birinci Y\u0131l)<\/p>\n\t\t<\/div>\n\t\t<!-- End Announcement Excerpt -->\n\n\t\t\n\t<\/div>\n\t<!-- End Timeline Content -->\n\n<\/div>\n<!-- End Timeline Block -->\n\n<div class=\"cd-timeline-block ocak 11 2017 announcement-no-image announcement-189\">\n\n\t\n\t\t<div class=\"cd-timeline-img cd-picture icon-no-readmore\" style=\"background:#e81414;\">\n\n\t\t\t<!-- Custom Action Hook -->\n\t\t\t\n\t\t\t\t<!-- Standard Font Awesome Icon -->\n\t\t\t\t<span class=\"fa fa-star-o\" title=\"Avukat\u0131n\u0131z, EB-5 dilek\u00e7e paketinizi (Form I-526) USCIS\u2019e g\u00f6nderir.\"><\/span>\n\n\t\t\t\n\t\t<\/div> <!-- cd-timeline-img -->\n\n\t\n\t<!-- Timeline Content -->\n\t<div class=\"cd-timeline-content\">\n\n\t\t\n\t\t<!-- Announcement Title -->\n\t\t<div class=\"cd-timeline-title-container\">\n\n\t\t\t\n\t\t\t<h2 class=\"cd-timeline-item-title\">\n\t\t\t\tAvukat\u0131n\u0131z, EB-5 dilek\u00e7e paketinizi (Form I-526) USCIS\u2019e g\u00f6nderir.\t\t\t<\/h2>\n\n\t\t\t\t\t<\/div>\n\t\t<!-- End Announcement Title -->\n\n\t\t\n\t\t<!-- Announcement Excerpt -->\n\t\t<div class=\"the-excerpt\">\n\t\t\t<p>1.K\u0131s\u0131m tamamlanm\u0131\u015f oldu! I-526 onay bekleme s\u00fcresi 14-16 ay aras\u0131nda de\u011fi\u015fmektedir. Dilek\u00e7e harc\u0131 = 3.675 $ (Birinci Y\u0131l)<\/p>\n\t\t<\/div>\n\t\t<!-- End Announcement Excerpt -->\n\n\t\t\n\t<\/div>\n\t<!-- End Timeline Content -->\n\n<\/div>\n<!-- End Timeline Block -->\n\n<div class=\"cd-timeline-block \u015eubat 19 2017 announcement-no-image announcement-190\">\n\n\t\n\t\t<div class=\"cd-timeline-img cd-picture icon-no-readmore\" style=\"background:#d6d32c;\">\n\n\t\t\t<!-- Custom Action Hook -->\n\t\t\t\n\t\t\t\t<!-- Standard Font Awesome Icon -->\n\t\t\t\t<span class=\"fa fa-angle-down\" title=\"I-526 dilek\u00e7enizin kabul\u00fcn\u00fc alacaks\u0131n\u0131z!\"><\/span>\n\n\t\t\t\n\t\t<\/div> <!-- cd-timeline-img -->\n\n\t\n\t<!-- Timeline Content -->\n\t<div class=\"cd-timeline-content\">\n\n\t\t\n\t\t<!-- Announcement Title -->\n\t\t<div class=\"cd-timeline-title-container\">\n\n\t\t\t\n\t\t\t<h2 class=\"cd-timeline-item-title\">\n\t\t\t\tI-526 dilek\u00e7enizin kabul\u00fcn\u00fc alacaks\u0131n\u0131z!\t\t\t<\/h2>\n\n\t\t\t\t\t<\/div>\n\t\t<!-- End Announcement Title -->\n\n\t\t\n\t\t<!-- Announcement Excerpt -->\n\t\t<div class=\"the-excerpt\">\n\t\t\t<p>(16 ay ge\u00e7mi\u015f oldu)<\/p>\n\t\t<\/div>\n\t\t<!-- End Announcement Excerpt -->\n\n\t\t\n\t<\/div>\n\t<!-- End Timeline Content -->\n\n<\/div>\n<!-- End Timeline Block -->\n\n<div class=\"cd-timeline-block \u015eubat 20 2017 announcement-no-image announcement-191\">\n\n\t\n\t\t<div class=\"cd-timeline-img cd-picture icon-no-readmore\" style=\"background:#d6d32c;\">\n\n\t\t\t<!-- Custom Action Hook -->\n\t\t\t\n\t\t\t\t<!-- Standard Font Awesome Icon -->\n\t\t\t\t<span class=\"fa fa-angle-down\" title=\"Daha \u00e7ok form doldurun.\"><\/span>\n\n\t\t\t\n\t\t<\/div> <!-- cd-timeline-img -->\n\n\t\n\t<!-- Timeline Content -->\n\t<div class=\"cd-timeline-content\">\n\n\t\t\n\t\t<!-- Announcement Title -->\n\t\t<div class=\"cd-timeline-title-container\">\n\n\t\t\t\n\t\t\t<h2 class=\"cd-timeline-item-title\">\n\t\t\t\tDaha \u00e7ok form doldurun.\t\t\t<\/h2>\n\n\t\t\t\t\t<\/div>\n\t\t<!-- End Announcement Title -->\n\n\t\t\n\t\t<!-- Announcement Excerpt -->\n\t\t<div class=\"the-excerpt\">\n\t\t\t<p>E\u011fer ABD i\u00e7inde daimi g\u00f6\u00e7menlik d\u0131\u015f\u0131 bir vizeyle ya\u015f\u0131yorsan\u0131z, o zaman I-485 (Stat\u00fcn\u00fcn belirtilmesi) formu doldurman\u0131z gerekmektedir. E\u011fer, ABD d\u0131\u015f\u0131ndaki bir \u00fclkedeyseniz, o halde Ulusal Vize Merkezi&#8217;nde DS-260 formunu dolduracaks\u0131n\u0131z ve yerel ABD konsoloslu\u011fu ile g\u00f6r\u00fc\u015fmeye tabi tutulacaks\u0131n\u0131z. Har\u00e7 bedeli = 1.140 $ &nbsp;<\/p>\n\t\t<\/div>\n\t\t<!-- End Announcement Excerpt -->\n\n\t\t\n\t<\/div>\n\t<!-- End Timeline Content -->\n\n<\/div>\n<!-- End Timeline Block -->\n\n<div class=\"cd-timeline-block \u015eubat 21 2017 announcement-no-image announcement-192\">\n\n\t\n\t\t<div class=\"cd-timeline-img cd-picture icon-no-readmore\" style=\"background:#d6d32c;\">\n\n\t\t\t<!-- Custom Action Hook -->\n\t\t\t\n\t\t\t\t<!-- Standard Font Awesome Icon -->\n\t\t\t\t<span class=\"fa fa-angle-down\" title=\"Onay i\u00e7in bekleyin.\"><\/span>\n\n\t\t\t\n\t\t<\/div> <!-- cd-timeline-img -->\n\n\t\n\t<!-- Timeline Content -->\n\t<div class=\"cd-timeline-content\">\n\n\t\t\n\t\t<!-- Announcement Title -->\n\t\t<div class=\"cd-timeline-title-container\">\n\n\t\t\t\n\t\t\t<h2 class=\"cd-timeline-item-title\">\n\t\t\t\tOnay i\u00e7in bekleyin.\t\t\t<\/h2>\n\n\t\t\t\t\t<\/div>\n\t\t<!-- End Announcement Title -->\n\n\t\t\n\t\t<!-- Announcement Excerpt -->\n\t\t<div class=\"the-excerpt\">\n\t\t\t<p>ABD\u2019nin i\u00e7indekiler i\u00e7in 4-12 ay bir bekleme s\u00fcreci var. I-485 ba\u015fvurunuzun cevab\u0131n\u0131 bu s\u00fcrecin sonundaki bir g\u00f6r\u00fc\u015fme esnas\u0131nda alacaks\u0131n\u0131z. ABD\u2019nin d\u0131\u015f\u0131ndaki \u00fclkelerde olanlar\u0131n g\u00f6r\u00fc\u015fme bekleme s\u00fcresi 6-12 ay aras\u0131nda de\u011fi\u015fmektedir. Onlar da DS-260 ba\u015fvurular\u0131n\u0131n cevab\u0131n\u0131 bu s\u00fcrecin sonundaki bir g\u00f6r\u00fc\u015fme esnas\u0131nda alacaklar. (24 Ay ge\u00e7mi\u015f oldu)<\/p>\n\t\t<\/div>\n\t\t<!-- End Announcement Excerpt -->\n\n\t\t\n\t<\/div>\n\t<!-- End Timeline Content -->\n\n<\/div>\n<!-- End Timeline Block -->\n\n<div class=\"cd-timeline-block \u015eubat 23 2017 announcement-no-image announcement-193\">\n\n\t\n\t\t<div class=\"cd-timeline-img cd-picture icon-no-readmore\" style=\"background:#d6d32c;\">\n\n\t\t\t<!-- Custom Action Hook -->\n\t\t\t\n\t\t\t\t<!-- Standard Font Awesome Icon -->\n\t\t\t\t<span class=\"fa fa-star-half-o\" title=\"\u0130ki y\u0131ll\u0131k ko\u015fullu Ye\u015fil Kart&#8217;\u0131n\u0131z\u0131 al\u0131n ve Amerika Vatanda\u015fl\u0131\u011f\u0131na ba\u015fvurmak i\u00e7in 5 y\u0131l bekleme s\u00fcresi ba\u015flas\u0131n.\"><\/span>\n\n\t\t\t\n\t\t<\/div> <!-- cd-timeline-img -->\n\n\t\n\t<!-- Timeline Content -->\n\t<div class=\"cd-timeline-content\">\n\n\t\t\n\t\t<!-- Announcement Title -->\n\t\t<div class=\"cd-timeline-title-container\">\n\n\t\t\t\n\t\t\t<h2 class=\"cd-timeline-item-title\">\n\t\t\t\t\u0130ki y\u0131ll\u0131k ko\u015fullu Ye\u015fil Kart&#8217;\u0131n\u0131z\u0131 al\u0131n ve Amerika Vatanda\u015fl\u0131\u011f\u0131na ba\u015fvurmak i\u00e7in 5 y\u0131l bekleme s\u00fcresi ba\u015flas\u0131n.\t\t\t<\/h2>\n\n\t\t\t\t\t<\/div>\n\t\t<!-- End Announcement Title -->\n\n\t\t\n\t\t<!-- Announcement Excerpt -->\n\t\t<div class=\"the-excerpt\">\n\t\t\t<p>\u0130kinci a\u015fama tamamland\u0131! (24 Ay ge\u00e7mi\u015f oldu)<\/p>\n\t\t<\/div>\n\t\t<!-- End Announcement Excerpt -->\n\n\t\t\n\t<\/div>\n\t<!-- End Timeline Content -->\n\n<\/div>\n<!-- End Timeline Block -->\n\n<div class=\"cd-timeline-block mart 01 2017 announcement-no-image announcement-194\">\n\n\t\n\t\t<div class=\"cd-timeline-img cd-picture icon-no-readmore\" style=\"background:#2ef02e;\">\n\n\t\t\t<!-- Custom Action Hook -->\n\t\t\t\n\t\t\t\t<!-- Standard Font Awesome Icon -->\n\t\t\t\t<span class=\"fa fa-angle-down\" title=\"2 y\u0131l boyunca Ge\u00e7ici Yerle\u015fimci olmak \u00fczere ABD&#8217;ye ta\u015f\u0131n\u0131n.\"><\/span>\n\n\t\t\t\n\t\t<\/div> <!-- cd-timeline-img -->\n\n\t\n\t<!-- Timeline Content -->\n\t<div class=\"cd-timeline-content\">\n\n\t\t\n\t\t<!-- Announcement Title -->\n\t\t<div class=\"cd-timeline-title-container\">\n\n\t\t\t\n\t\t\t<h2 class=\"cd-timeline-item-title\">\n\t\t\t\t2 y\u0131l boyunca Ge\u00e7ici Yerle\u015fimci olmak \u00fczere ABD&#8217;ye ta\u015f\u0131n\u0131n.\t\t\t<\/h2>\n\n\t\t\t\t\t<\/div>\n\t\t<!-- End Announcement Title -->\n\n\t\t\n\t\t<!-- Announcement Excerpt -->\n\t\t<div class=\"the-excerpt\">\n\t\t\t<p>Art\u0131k ABD&#8217;de ya\u015famak ve \u00e7al\u0131\u015fmak i\u00e7in b\u00fct\u00fcn haklara sahip oldu\u011funuzu belirtmemize gerek yok<\/p>\n\t\t<\/div>\n\t\t<!-- End Announcement Excerpt -->\n\n\t\t\n\t<\/div>\n\t<!-- End Timeline Content -->\n\n<\/div>\n<!-- End Timeline Block -->\n\n<div class=\"cd-timeline-block mart 02 2017 announcement-no-image announcement-195\">\n\n\t\n\t\t<div class=\"cd-timeline-img cd-picture icon-no-readmore\" style=\"background:#2ef02e;\">\n\n\t\t\t<!-- Custom Action Hook -->\n\t\t\t\n\t\t\t\t<!-- Standard Font Awesome Icon -->\n\t\t\t\t<span class=\"fa fa-angle-down\" title=\"Avukat\u0131n\u0131z, EB-5 dilek\u00e7e paketinizi (Form I-829) 2 y\u0131ll\u0131k s\u00fcrenin bitmesine 90 g\u00fcn kala USCIS ile dosyalar.\"><\/span>\n\n\t\t\t\n\t\t<\/div> <!-- cd-timeline-img -->\n\n\t\n\t<!-- Timeline Content -->\n\t<div class=\"cd-timeline-content\">\n\n\t\t\n\t\t<!-- Announcement Title -->\n\t\t<div class=\"cd-timeline-title-container\">\n\n\t\t\t\n\t\t\t<h2 class=\"cd-timeline-item-title\">\n\t\t\t\tAvukat\u0131n\u0131z, EB-5 dilek\u00e7e paketinizi (Form I-829) 2 y\u0131ll\u0131k s\u00fcrenin bitmesine 90 g\u00fcn kala USCIS ile dosyalar.\t\t\t<\/h2>\n\n\t\t\t\t\t<\/div>\n\t\t<!-- End Announcement Title -->\n\n\t\t\n\t\t<!-- Announcement Excerpt -->\n\t\t<div class=\"the-excerpt\">\n\t\t\t<p>Bu dilek\u00e7enin onaylanmas\u0131ndan sonra \u015eartl\u0131 Ye\u015fil Kart stat\u00fcs\u00fcnden \u015earts\u0131z Ye\u015fil Kart stat\u00fcs\u00fcne ge\u00e7ersiniz. Har\u00e7 bedeli = 3.750 $ (45 Ay ge\u00e7mi\u015f oldu)<\/p>\n\t\t<\/div>\n\t\t<!-- End Announcement Excerpt -->\n\n\t\t\n\t<\/div>\n\t<!-- End Timeline Content -->\n\n<\/div>\n<!-- End Timeline Block -->\n\n<div class=\"cd-timeline-block mart 03 2017 announcement-no-image announcement-196\">\n\n\t\n\t\t<div class=\"cd-timeline-img cd-picture icon-no-readmore\" style=\"background:#2ef02e;\">\n\n\t\t\t<!-- Custom Action Hook -->\n\t\t\t\n\t\t\t\t<!-- Standard Font Awesome Icon -->\n\t\t\t\t<span class=\"fa fa-flag\" title=\"I-829 dilek\u00e7enizin onay\u0131 gelir ve daimi Ye\u015fil Kart&#8217;\u0131n\u0131z\u0131 al\u0131rs\u0131n\u0131z\"><\/span>\n\n\t\t\t\n\t\t<\/div> <!-- cd-timeline-img -->\n\n\t\n\t<!-- Timeline Content -->\n\t<div class=\"cd-timeline-content\">\n\n\t\t\n\t\t<!-- Announcement Title -->\n\t\t<div class=\"cd-timeline-title-container\">\n\n\t\t\t\n\t\t\t<h2 class=\"cd-timeline-item-title\">\n\t\t\t\tI-829 dilek\u00e7enizin onay\u0131 gelir ve daimi Ye\u015fil Kart&#8217;\u0131n\u0131z\u0131 al\u0131rs\u0131n\u0131z\t\t\t<\/h2>\n\n\t\t\t\t\t<\/div>\n\t\t<!-- End Announcement Title -->\n\n\t\t\n\t\t<!-- Announcement Excerpt -->\n\t\t<div class=\"the-excerpt\">\n\t\t\t<p>Tebrikler! (54 ay ge\u00e7mi\u015f oldu)<\/p>\n\t\t<\/div>\n\t\t<!-- End Announcement Excerpt -->\n\n\t\t\n\t<\/div>\n\t<!-- End Timeline Content -->\n\n<\/div>\n<!-- End Timeline Block -->\n\n<div class=\"cd-timeline-block mart 07 2017 announcement-no-image announcement-197\">\n\n\t\n\t\t<div class=\"cd-timeline-img cd-picture icon-no-readmore\" style=\"background:#2ef02e;\">\n\n\t\t\t<!-- Custom Action Hook -->\n\t\t\t\n\t\t\t\t<!-- Standard Font Awesome Icon -->\n\t\t\t\t<span class=\"fa fa-star\" title=\"Yat\u0131r\u0131mc\u0131 yat\u0131r\u0131m\u0131n\u0131n anaparas\u0131n\u0131 geri al\u0131r.\"><\/span>\n\n\t\t\t\n\t\t<\/div> <!-- cd-timeline-img -->\n\n\t\n\t<!-- Timeline Content -->\n\t<div class=\"cd-timeline-content\">\n\n\t\t\n\t\t<!-- Announcement Title -->\n\t\t<div class=\"cd-timeline-title-container\">\n\n\t\t\t\n\t\t\t<h2 class=\"cd-timeline-item-title\">\n\t\t\t\tYat\u0131r\u0131mc\u0131 yat\u0131r\u0131m\u0131n\u0131n anaparas\u0131n\u0131 geri al\u0131r.\t\t\t<\/h2>\n\n\t\t\t\t\t<\/div>\n\t\t<!-- End Announcement Title -->\n\n\t\t\n\t\t<!-- Announcement Excerpt -->\n\t\t<div class=\"the-excerpt\">\n\t\t\t<p>A\u015fama tamamland\u0131! (60 ay ge\u00e7mi\u015f oldu)<\/p>\n\t\t<\/div>\n\t\t<!-- End Announcement Excerpt -->\n\n\t\t\n\t<\/div>\n\t<!-- End Timeline Content -->\n\n<\/div>\n<!-- End Timeline Block -->\n\n\t\t\t<\/section>\n\n\t\t\t<!-- Timeline Express Free v1.8.1 | Site: https:\/\/www.wp-timelineexpress.com | Author: CodeParrots - http:\/\/www.codeparrots.com --><\/div>\n\t\t<\/div><\/div><\/div><\/div>","protected":false},"excerpt":{"rendered":"<p>EB-5 \u0130\u015flemi\u00a0Ye\u015fil Kart&#8217;\u0131n\u0131z\u0131 alman\u0131z i\u00e7in gereken \u00fc\u00e7 kolay a\u015fama G\u00f6\u00e7menlik avukat\u0131 ara\u015ft\u0131rma ve se\u00e7me d\u00f6nemi. Daha sonra kiminle \u00e7al\u0131\u015f\u0131laca\u011f\u0131n\u0131n kararla\u015ft\u0131r\u0131lmas\u0131 (Birinci Y\u0131l) M\u00fcmessil kurum ile anla\u015fma yap\u0131lmas\u0131 M\u00fcmessil kurumla \u00e7al\u0131\u015fmaya ba\u015flamadan evvel ellerinde size uygun en az bir EB-5 projesinin oldu\u011fundan emin olun (Birinci Y\u0131l) Projeleri de\u011ferlendirin. Bro\u015f\u00fcrleri, \u00f6zel yerle\u015fim bildirilerini ve di\u011fer b\u00fct\u00fcn dosyalar\u0131<a class=\"moretag\" href=\"https:\/\/www.americaeb5visa.com\/tr\/eb-5-islemi\/\"><span class=\"screen-reader-text\">Hakk\u0131nda daha fazlas\u0131n\u0131 oku EB-5 \u0130\u015flemi<\/span>[&#8230;]<\/a><\/p>\n","protected":false},"author":1,"featured_media":0,"parent":0,"menu_order":0,"comment_status":"closed","ping_status":"closed","template":"","meta":{"_acf_changed":false,"_monsterinsights_skip_tracking":false,"_monsterinsights_sitenote_active":false,"_monsterinsights_sitenote_note":"","_monsterinsights_sitenote_category":0,"footnotes":""},"class_list":["post-64","page","type-page","status-publish","hentry"],"acf":[],"rttpg_featured_image_url":null,"rttpg_author":{"display_name":"AdminNIso","author_link":"https:\/\/www.americaeb5visa.com\/tr\/blog\/author\/admin\/"},"rttpg_comment":0,"rttpg_category":null,"rttpg_excerpt":"EB-5 \u0130\u015flemi\u00a0Ye\u015fil Kart'\u0131n\u0131z\u0131 alman\u0131z i\u00e7in gereken \u00fc\u00e7 kolay a\u015fama G\u00f6\u00e7menlik avukat\u0131 ara\u015ft\u0131rma ve se\u00e7me d\u00f6nemi. Daha sonra kiminle \u00e7al\u0131\u015f\u0131laca\u011f\u0131n\u0131n kararla\u015ft\u0131r\u0131lmas\u0131 (Birinci Y\u0131l) M\u00fcmessil kurum ile anla\u015fma yap\u0131lmas\u0131 M\u00fcmessil kurumla \u00e7al\u0131\u015fmaya ba\u015flamadan evvel ellerinde size uygun en az bir EB-5 projesinin oldu\u011fundan emin olun (Birinci Y\u0131l) Projeleri de\u011ferlendirin. Bro\u015f\u00fcrleri, \u00f6zel yerle\u015fim bildirilerini ve di\u011fer b\u00fct\u00fcn dosyalar\u0131Hakk\u0131nda&hellip;","_links":{"self":[{"href":"https:\/\/www.americaeb5visa.com\/tr\/wp-json\/wp\/v2\/pages\/64","targetHints":{"allow":["GET"]}}],"collection":[{"href":"https:\/\/www.americaeb5visa.com\/tr\/wp-json\/wp\/v2\/pages"}],"about":[{"href":"https:\/\/www.americaeb5visa.com\/tr\/wp-json\/wp\/v2\/types\/page"}],"author":[{"embeddable":true,"href":"https:\/\/www.americaeb5visa.com\/tr\/wp-json\/wp\/v2\/users\/1"}],"replies":[{"embeddable":true,"href":"https:\/\/www.americaeb5visa.com\/tr\/wp-json\/wp\/v2\/comments?post=64"}],"version-history":[{"count":0,"href":"https:\/\/www.americaeb5visa.com\/tr\/wp-json\/wp\/v2\/pages\/64\/revisions"}],"wp:attachment":[{"href":"https:\/\/www.americaeb5visa.com\/tr\/wp-json\/wp\/v2\/media?parent=64"}],"curies":[{"name":"wp","href":"https:\/\/api.w.org\/{rel}","templated":true}]}}