{"id":69,"date":"2017-03-14T21:58:31","date_gmt":"2017-03-14T21:58:31","guid":{"rendered":"http:\/\/www.americaeb5visa.com\/?page_id=69"},"modified":"2020-06-11T15:20:56","modified_gmt":"2020-06-11T20:20:56","slug":"yatirimcilar-gelecek-yesil-kart-sahipleri","status":"publish","type":"page","link":"https:\/\/www.americaeb5visa.com\/tr\/yatirimcilar-gelecek-yesil-kart-sahipleri\/","title":{"rendered":"Yat\u0131r\u0131mc\u0131lar"},"content":{"rendered":"<div id=\"pl-69\"  class=\"panel-layout\" ><div id=\"pg-69-0\"  class=\"panel-grid panel-has-style\" ><div class=\"siteorigin-panels-stretch panel-row-style panel-row-style-for-69-0\" data-stretch-type=\"full-stretched\" ><div id=\"pgc-69-0-0\"  class=\"panel-grid-cell\" ><div id=\"panel-69-0-0-0\" class=\"so-panel widget widget_sow-hero panel-first-child panel-last-child\" data-index=\"0\" ><div\n\t\t\t\n\t\t\tclass=\"so-widget-sow-hero so-widget-sow-hero-default-3d3f69fb2c42-69 so-widget-fittext-wrapper\"\n\t\t\t data-fit-text-compressor=\"0.85\"\n\t\t>\t\t\t\t<div class=\"sow-slider-base\" style=\"display: none\" tabindex=\"0\">\n\t\t\t\t\t<ul\n\t\t\t\t\tclass=\"sow-slider-images\"\n\t\t\t\t\tdata-settings=\"{&quot;pagination&quot;:true,&quot;speed&quot;:800,&quot;timeout&quot;:8000,&quot;paused&quot;:false,&quot;pause_on_hover&quot;:false,&quot;swipe&quot;:true,&quot;nav_always_show_desktop&quot;:&quot;&quot;,&quot;nav_always_show_mobile&quot;:&quot;&quot;,&quot;breakpoint&quot;:&quot;780px&quot;,&quot;unmute&quot;:false,&quot;anchor&quot;:null}\"\n\t\t\t\t\tstyle=\"min-height: 600px\"\t\t\t\t\tdata-anchor-id=\"\"\n\t\t\t\t>\t\t<li class=\"sow-slider-image  sow-slider-image-cover\" style=\"visibility: visible;;background-color: #333333;background-image: url(https:\/\/www.americaeb5visa.com\/tr\/wp-content\/uploads\/sites\/6\/2017\/03\/investIntro.jpg)\" >\n\t\t\t\t\t<div class=\"sow-slider-image-container\">\n\t\t\t<div class=\"sow-slider-image-wrapper\">\n\t\t\t\t<h1 class=\"text-center mg-md \" style=\"text-align: center\">Yat\u0131r\u0131mc\u0131lar<\/h1><p style=\"text-align: center\">\u00a0<\/p><h2 style=\"text-align: center\">Gelecek Ye\u015fil Kart sahipleri<\/h2>\t\t\t<\/div>\n\t\t<\/div>\n\t\t\t\t<\/li>\n\t\t<\/ul>\t\t\t\t<ol class=\"sow-slider-pagination\">\n\t\t\t\t\t\t\t\t\t\t\t<li><a href=\"#\" data-goto=\"0\" aria-label=\"Display slide 1\"><\/a><\/li>\n\t\t\t\t\t\t\t\t\t<\/ol>\n\n\t\t\t\t<div class=\"sow-slide-nav sow-slide-nav-next\">\n\t\t\t\t\t<a href=\"#\" data-goto=\"next\" aria-label=\"Next slide\" data-action=\"next\">\n\t\t\t\t\t\t<em class=\"sow-sld-icon-thin-right\"><\/em>\n\t\t\t\t\t<\/a>\n\t\t\t\t<\/div>\n\n\t\t\t\t<div class=\"sow-slide-nav sow-slide-nav-prev\">\n\t\t\t\t\t<a href=\"#\" data-goto=\"previous\" aria-label=\"Previous slide\" data-action=\"prev\">\n\t\t\t\t\t\t<em class=\"sow-sld-icon-thin-left\"><\/em>\n\t\t\t\t\t<\/a>\n\t\t\t\t<\/div>\n\t\t\t\t<\/div><\/div><\/div><\/div><\/div><\/div><div id=\"pg-69-1\"  class=\"panel-grid panel-no-style\" ><div id=\"pgc-69-1-0\"  class=\"panel-grid-cell\" ><div id=\"panel-69-1-0-0\" class=\"so-panel widget widget_sow-editor panel-first-child panel-last-child\" data-index=\"1\" ><div class=\"panel-widget-style panel-widget-style-for-69-1-0-0\" ><div\n\t\t\t\n\t\t\tclass=\"so-widget-sow-editor so-widget-sow-editor-base\"\n\t\t\t\n\t\t>\n<div class=\"siteorigin-widget-tinymce textwidget\">\n\t<h2>Vize Yat\u0131r\u0131mc\u0131lar\u0131 kimlerdir?<\/h2>\n<p>\u00a0<\/p>\n<p>EB-5 Yat\u0131r\u0131mc\u0131lar\u0131 Ye\u015fil Kart almak isteyen, ABD s\u0131n\u0131rlar\u0131 i\u00e7inde kal\u0131c\u0131 oturma stat\u00fcs\u00fcne ge\u00e7meye \u00e7al\u0131\u015fan, ya\u015fama ve \u00e7al\u0131\u015fma haklar\u0131n\u0131 elde etmek isteyen ve belki bir g\u00fcn Amerikan vatanda\u015fl\u0131\u011f\u0131n\u0131 hak edecek ama \u015fu an ba\u015fka bir \u00fclkenin vatanda\u015f\u0131 olan ki\u015filerdir.<\/p>\n<p>\u00a0<\/p>\n<p>\u00a0<\/p>\n<h2>Yat\u0131r\u0131mc\u0131lar neden EB-5 B\u00f6lgesel Merkezlerini se\u00e7melidirler?<\/h2>\n<p>\u00a0<\/p>\n<p>EB-5 B\u00f6lgesel Merkez Projesi'nde yer alan yat\u0131r\u0131mc\u0131lar\u0131n ana amac\u0131 h\u0131zl\u0131, sorunsuz, etken ve kolay bir \u015fekilde Ye\u015fil Kart almakt\u0131r. Ayr\u0131ca, iyi yap\u0131land\u0131r\u0131lm\u0131\u015f EB-5 B\u00f6lgesel Merkez projeleri, yat\u0131r\u0131mc\u0131lar haz\u0131r olduklar\u0131 anda, e\u011fer yat\u0131r\u0131m\u0131n vadesi gelmi\u015fse, sermayelerini geri almalar\u0131n\u0131 sa\u011flar. Sitenin ba\u015fka k\u0131s\u0131mlar\u0131nda da bahsedildi\u011fi gibi, yat\u0131r\u0131mlar\u0131n kesin bir garantisi olmamas\u0131na ra\u011fmen, Amerika EB-5 Vize ekibi, yat\u0131r\u0131mc\u0131lar\u0131n kan\u0131tlanm\u0131\u015f bir sicile sahip gayrimenkul geli\u015ftiricileri taraf\u0131ndan ger\u00e7ekle\u015ftirilen, daha sa\u011flam, B\u00f6lgesel Merkez projelerine yat\u0131r\u0131m yapmak i\u00e7in gerekli bilgiye sahip olmalar\u0131n\u0131 sa\u011flar.<\/p>\n<p>\u00a0<\/p>\n<p>\u00a0<\/p>\n<h2>B\u00f6lgesel Merkez EB-5 projelerinin yat\u0131r\u0131mc\u0131lar\u0131na hangi hizmetleri sa\u011fl\u0131yoruz?<\/h2>\n<p>\u00a0<\/p>\n<p>Ye\u015fil Kart i\u00e7in ba\u015fvuru s\u00fcreci kafa kar\u0131\u015ft\u0131r\u0131c\u0131 olabilir. B\u00fct\u00fcn i\u015flemlerin tamamlanmas\u0131 i\u00e7in doldurulmas\u0131 gereken bir\u00e7ok form ve a\u015f\u0131lmas\u0131 gereken bir\u00e7ok ad\u0131m vard\u0131r. Amerika EB-5 Vize\u2019deki en b\u00fcy\u00fck gurur kaynaklar\u0131m\u0131zdan biri, Ye\u015fil Kart ba\u015fvuru s\u00fcrecinde B\u00f6lgesel Merkez yat\u0131r\u0131mc\u0131lar\u0131na daha \u00f6nceden ba\u015far\u0131ya ula\u015fm\u0131\u015f projeler hakk\u0131nda bilgileri sunmay\u0131, her hangi bir tip sorular\u0131n\u0131 cevaplamay\u0131 ve her ad\u0131mda yap\u0131lmas\u0131 gerekli t\u00fcm bilgileri sa\u011flamay\u0131 ama\u00e7lad\u0131\u011f\u0131m\u0131zd\u0131r. Proje sahipleri, g\u00f6\u00e7menlik ve menkul k\u0131ymet avukatlar\u0131yla birlikte \u00e7al\u0131\u015farak yat\u0131r\u0131mc\u0131lar\u0131n Yat\u0131r\u0131mc\u0131 Sorular\u0131n\u0131 cevaplarken sorabilecekleri her t\u00fcrl\u00fc soruya cevap verebiliyoruz. Biz ba\u015fvuranlar\u0131m\u0131z i\u00e7in canl\u0131 bir kaynak olup yat\u0131r\u0131m ile ilgili herhangi bir belge hakk\u0131nda sorular\u0131 oldu\u011fu zaman onlara yol g\u00f6steriyoruz.\u00a0 Buna ek olarak, yat\u0131r\u0131mc\u0131lar kendi Abonelik S\u00f6zle\u015fmelerini tamamlarken, I-526 G\u00f6\u00e7menlik Vizesi dilek\u00e7esi i\u00e7in gerekli verileri toplamalar\u0131n\u0131 da kolayla\u015ft\u0131r\u0131yoruz. Son olarak, Gelir Kayna\u011f\u0131 Anketi'ndeki kafa kar\u0131\u015ft\u0131r\u0131c\u0131 her maddeyi size sab\u0131rla a\u00e7\u0131kl\u0131yoruz.<\/p>\n<\/div>\n<\/div><\/div><\/div><\/div><\/div><\/div>","protected":false},"excerpt":{"rendered":"<p>Vize Yat\u0131r\u0131mc\u0131lar\u0131 kimlerdir?\u00a0EB-5 Yat\u0131r\u0131mc\u0131lar\u0131 Ye\u015fil Kart almak isteyen, ABD s\u0131n\u0131rlar\u0131 i\u00e7inde kal\u0131c\u0131 oturma stat\u00fcs\u00fcne ge\u00e7meye \u00e7al\u0131\u015fan, ya\u015fama ve \u00e7al\u0131\u015fma haklar\u0131n\u0131 elde etmek isteyen ve belki bir g\u00fcn Amerikan vatanda\u015fl\u0131\u011f\u0131n\u0131 hak edecek ama \u015fu an ba\u015fka bir \u00fclkenin vatanda\u015f\u0131 olan ki\u015filerdir.\u00a0\u00a0Yat\u0131r\u0131mc\u0131lar neden EB-5 B\u00f6lgesel Merkezlerini se\u00e7melidirler?\u00a0EB-5 B\u00f6lgesel Merkez Projesi&#8217;nde yer alan yat\u0131r\u0131mc\u0131lar\u0131n ana amac\u0131 h\u0131zl\u0131, sorunsuz,<a class=\"moretag\" href=\"https:\/\/www.americaeb5visa.com\/tr\/yatirimcilar-gelecek-yesil-kart-sahipleri\/\"><span class=\"screen-reader-text\">Hakk\u0131nda daha fazlas\u0131n\u0131 oku Yat\u0131r\u0131mc\u0131lar<\/span>[&#8230;]<\/a><\/p>\n","protected":false},"author":1,"featured_media":0,"parent":0,"menu_order":0,"comment_status":"closed","ping_status":"closed","template":"","meta":{"_acf_changed":false,"_monsterinsights_skip_tracking":false,"_monsterinsights_sitenote_active":false,"_monsterinsights_sitenote_note":"","_monsterinsights_sitenote_category":0,"footnotes":""},"class_list":["post-69","page","type-page","status-publish","hentry"],"acf":[],"rttpg_featured_image_url":null,"rttpg_author":{"display_name":"AdminNIso","author_link":"https:\/\/www.americaeb5visa.com\/tr\/blog\/author\/admin\/"},"rttpg_comment":0,"rttpg_category":null,"rttpg_excerpt":"Vize Yat\u0131r\u0131mc\u0131lar\u0131 kimlerdir?\u00a0EB-5 Yat\u0131r\u0131mc\u0131lar\u0131 Ye\u015fil Kart almak isteyen, ABD s\u0131n\u0131rlar\u0131 i\u00e7inde kal\u0131c\u0131 oturma stat\u00fcs\u00fcne ge\u00e7meye \u00e7al\u0131\u015fan, ya\u015fama ve \u00e7al\u0131\u015fma haklar\u0131n\u0131 elde etmek isteyen ve belki bir g\u00fcn Amerikan vatanda\u015fl\u0131\u011f\u0131n\u0131 hak edecek ama \u015fu an ba\u015fka bir \u00fclkenin vatanda\u015f\u0131 olan ki\u015filerdir.\u00a0\u00a0Yat\u0131r\u0131mc\u0131lar neden EB-5 B\u00f6lgesel Merkezlerini se\u00e7melidirler?\u00a0EB-5 B\u00f6lgesel Merkez Projesi'nde yer alan yat\u0131r\u0131mc\u0131lar\u0131n ana amac\u0131 h\u0131zl\u0131, sorunsuz,Hakk\u0131nda&hellip;","_links":{"self":[{"href":"https:\/\/www.americaeb5visa.com\/tr\/wp-json\/wp\/v2\/pages\/69","targetHints":{"allow":["GET"]}}],"collection":[{"href":"https:\/\/www.americaeb5visa.com\/tr\/wp-json\/wp\/v2\/pages"}],"about":[{"href":"https:\/\/www.americaeb5visa.com\/tr\/wp-json\/wp\/v2\/types\/page"}],"author":[{"embeddable":true,"href":"https:\/\/www.americaeb5visa.com\/tr\/wp-json\/wp\/v2\/users\/1"}],"replies":[{"embeddable":true,"href":"https:\/\/www.americaeb5visa.com\/tr\/wp-json\/wp\/v2\/comments?post=69"}],"version-history":[{"count":0,"href":"https:\/\/www.americaeb5visa.com\/tr\/wp-json\/wp\/v2\/pages\/69\/revisions"}],"wp:attachment":[{"href":"https:\/\/www.americaeb5visa.com\/tr\/wp-json\/wp\/v2\/media?parent=69"}],"curies":[{"name":"wp","href":"https:\/\/api.w.org\/{rel}","templated":true}]}}