{"id":128,"date":"2017-03-15T18:54:36","date_gmt":"2017-03-15T18:54:36","guid":{"rendered":"http:\/\/www.americaeb5visa.com\/?page_id=128"},"modified":"2022-03-25T05:31:50","modified_gmt":"2022-03-25T05:31:50","slug":"what-is-eb-5-eb-5-la-gi","status":"publish","type":"page","link":"https:\/\/www.americaeb5visa.com\/vn\/what-is-eb-5-eb-5-la-gi\/","title":{"rendered":"EB-5 l\u00e0 g\u00ec?"},"content":{"rendered":"<div id=\"pl-128\"  class=\"panel-layout\" ><div id=\"pg-128-0\"  class=\"panel-grid panel-has-style\" ><div class=\"siteorigin-panels-stretch panel-row-style panel-row-style-for-128-0\" data-stretch-type=\"full-stretched\" ><div id=\"pgc-128-0-0\"  class=\"panel-grid-cell\" ><div id=\"panel-128-0-0-0\" class=\"so-panel widget widget_sow-hero panel-first-child panel-last-child\" data-index=\"0\" ><div\n\t\t\t\n\t\t\tclass=\"so-widget-sow-hero so-widget-sow-hero-default-3d3f69fb2c42-128 so-widget-fittext-wrapper\"\n\t\t\t data-fit-text-compressor=\"0.85\"\n\t\t>\t\t\t\t<div class=\"sow-slider-base\" style=\"display: none\" tabindex=\"0\">\n\t\t\t\t\t<ul\n\t\t\t\t\tclass=\"sow-slider-images\"\n\t\t\t\t\tdata-settings=\"{&quot;pagination&quot;:true,&quot;speed&quot;:800,&quot;timeout&quot;:8000,&quot;paused&quot;:false,&quot;pause_on_hover&quot;:false,&quot;swipe&quot;:true,&quot;nav_always_show_desktop&quot;:&quot;&quot;,&quot;nav_always_show_mobile&quot;:&quot;&quot;,&quot;breakpoint&quot;:&quot;780px&quot;,&quot;unmute&quot;:false,&quot;anchor&quot;:null}\"\n\t\t\t\t\tstyle=\"min-height: 600px\"\t\t\t\t\tdata-anchor-id=\"\"\n\t\t\t\t>\t\t<li class=\"sow-slider-image  sow-slider-image-cover\" style=\"visibility: visible;;background-color: #333333;background-image: url(https:\/\/www.americaeb5visa.com\/vn\/wp-content\/uploads\/sites\/10\/2017\/03\/Death_to_Stock_Photography_NYC_Skyline_2-2.jpg)\" >\n\t\t\t\t\t<div class=\"sow-slider-image-container\">\n\t\t\t<div class=\"sow-slider-image-wrapper\">\n\t\t\t\t<h1 style=\"text-align: center\">EB-5 l\u00e0 g\u00ec?<\/h1><p style=\"text-align: center\">\u00a0<\/p><h2 style=\"text-align: center\">Ch\u01b0\u01a1ng tr\u00ecnh \u0111\u1ea7u t\u01b0 \u0111\u1ec3 c\u00f3 \u0111\u01b0\u1ee3c th\u1ebb xanh c\u1ee7a M\u1ef9<\/h2>\t\t\t<\/div>\n\t\t<\/div>\n\t\t\t\t<\/li>\n\t\t<\/ul>\t\t\t\t<ol class=\"sow-slider-pagination\">\n\t\t\t\t\t\t\t\t\t\t\t<li><a href=\"#\" data-goto=\"0\" aria-label=\"Display slide 1\"><\/a><\/li>\n\t\t\t\t\t\t\t\t\t<\/ol>\n\n\t\t\t\t<div class=\"sow-slide-nav sow-slide-nav-next\">\n\t\t\t\t\t<a href=\"#\" data-goto=\"next\" aria-label=\"Next slide\" data-action=\"next\">\n\t\t\t\t\t\t<em class=\"sow-sld-icon-thin-right\"><\/em>\n\t\t\t\t\t<\/a>\n\t\t\t\t<\/div>\n\n\t\t\t\t<div class=\"sow-slide-nav sow-slide-nav-prev\">\n\t\t\t\t\t<a href=\"#\" data-goto=\"previous\" aria-label=\"Previous slide\" data-action=\"prev\">\n\t\t\t\t\t\t<em class=\"sow-sld-icon-thin-left\"><\/em>\n\t\t\t\t\t<\/a>\n\t\t\t\t<\/div>\n\t\t\t\t<\/div><\/div><\/div><\/div><\/div><\/div><div id=\"pg-128-1\"  class=\"panel-grid panel-has-style\" ><div class=\"panel-row-style panel-row-style-for-128-1\" ><div id=\"pgc-128-1-0\"  class=\"panel-grid-cell\" ><div id=\"panel-128-1-0-0\" class=\"so-panel widget widget_sow-editor panel-first-child panel-last-child\" data-index=\"1\" ><div\n\t\t\t\n\t\t\tclass=\"so-widget-sow-editor so-widget-sow-editor-base\"\n\t\t\t\n\t\t>\n<div class=\"siteorigin-widget-tinymce textwidget\">\n\t<h2>Visa EB-5 l\u00e0 g\u00ec?<\/h2>\n<p>N\u1ebfu b\u1ea1n kh\u00f4ng ph\u1ea3i l\u00e0 c\u00f4ng d\u00e2n M\u1ef9 m\u00e0 mu\u1ed1n \u0111\u1ecbnh c\u01b0 t\u1ea1i M\u1ef9, b\u1ea1n n\u00ean c\u00e2n nh\u1eafc n\u00f4p \u0111\u01a1n cho ch\u01b0\u01a1ng tr\u00ecnh EB-5 d\u00e0nh cho c\u00e1c nh\u00e0 \u0111\u1ea7u t\u01b0 n\u01b0\u1edbc ngo\u00e0i, do S\u1edf di tr\u00fa M\u1ef9 (USCIS) qu\u1ea3n l\u00fd. Tham gia v\u00e0o ch\u01b0\u01a1ng tr\u00ecnh EB-5 \u0111\u00f2i h\u1ecfi b\u1ea1n \u0111\u1ea7u t\u01b0 v\u1ed1n v\u00e0o m\u1ed9t d\u1ef1 \u00e1n n\u00e0o \u0111\u00f3, v\u00e0 n\u1ebfu S\u1edf di tr\u00fa M\u1ef9 x\u00e1c nh\u1eadn d\u1ef1 \u00e1n m\u00e0 b\u1ea1n \u0111\u1ea7u t\u01b0 v\u00e0o \u0111\u1ee7 \u0111i\u1ec1u ki\u1ec7n cho ch\u01b0\u01a1ng tr\u00ecnh EB-5, th\u00ec b\u1ea1n v\u00e0 gia \u0111\u00ecnh(v\u1ee3\/ch\u1ed3ng v\u00e0 c\u00e1c con d\u01b0\u1edbi 21 tu\u1ed5i) s\u1ebd c\u00f3 t\u1ea5m v\u00e9 \u0111\u1ec3 \u0111\u1ebfn Hoa K\u1ef3 v\u1edbi th\u1ebb xanh th\u01b0\u1eddng tr\u00fa.<\/p>\n<h2>Y\u00eau c\u1ea7u cho EB-5 Visa l\u00e0 g\u00ec?<\/h2>\n<p>\u0110\u1ec3 tham gia ch\u01b0\u01a1ng tr\u00ecnh EB-5, c\u00e1c \u1ee9ng vi\u00ean c\u1ea7n \u0111\u1ea7u t\u01b0 \u00edt nh\u1ea5t $800,000 v\u00e0o c\u00e1c d\u1ef1 \u00e1n thu\u1ed9c c\u00e1c trung t\u00e2m v\u00f9ng \u0111\u01b0\u1ee3c ch\u1ec9 \u0111\u1ecbnh, v\u00e0 kho\u1ea3n v\u1ed1n n\u00e0y c\u1ea7n \u0111\u01b0\u1ee3c \u0111\u1ea7u t\u01b0 v\u00e0o v\u00f9ng n\u00f4ng th\u00f4n ho\u1eb7c khu v\u1ef1c th\u1ea5t nghi\u1ec7p cao. N\u1ebfu nh\u1eefng \u0111i\u1ec1u ki\u1ec7n tr\u00ean kh\u00f4ng \u0111\u01b0\u1ee3c \u0111\u00e1p \u1ee9ng, m\u1ee9c \u0111\u1ea7u t\u01b0 t\u1ed1i thi\u1ec3u s\u1ebd l\u00e0 1,050,000 \u0111\u00f4-la M\u1ef9. Khi nh\u1eefng kho\u1ea3n \u0111\u1ea7u t\u01b0 n\u00e0y \u0111\u00e3 \u0111\u01b0\u1ee3c huy \u0111\u1ed9ng th\u00ec c\u00e1c d\u1ef1 \u00e1n c\u1ea7n t\u1ea1o ra \u00edt nh\u1ea5t 10 vi\u1ec7c l\u00e0m to\u00e0n th\u1eddi gian cho ng\u01b0\u1eddi M\u1ef9. Nh\u00e0 \u0111\u1ea7u t\u01b0 kh\u00f4ng c\u1ea7n qu\u00e1 lo l\u1eafng v\u1ec1 th\u1eddi \u0111i\u1ec3m t\u1ea1o ra nh\u1eefng vi\u1ec7c l\u00e0m n\u00e0y, v\u00ec m\u1ed9t khi nh\u00e0 \u0111\u1ea7u t\u01b0 nh\u1eadn \u0111\u01b0\u1ee3c th\u1ebb xanh c\u00f3 \u0111i\u1ec1u ki\u1ec7n, c\u00f4ng ty nh\u1eadn \u0111\u01b0\u1ee3c v\u1ed1n s\u1ebd c\u00f3 hai n\u0103m \u0111\u1ec3 t\u1ea1o ra \u00edt nh\u1ea5t 10 vi\u1ec7c l\u00e0m, \u0111\u1ec3 nh\u00e0 \u0111\u1ea7u t\u01b0 c\u00f3 th\u1ec3 chuy\u1ec3n t\u1eeb th\u1ebb xanh c\u00f3 \u0111i\u1ec1u ki\u1ec7n th\u00e0nh th\u1ebb xanh kh\u00f4ng \u0111i\u1ec1u ki\u1ec7n (th\u01b0\u1eddng tr\u00fa nh\u00e2n).<\/p>\n<\/div>\n<\/div><\/div><\/div><\/div><\/div><\/div>","protected":false},"excerpt":{"rendered":"<p>Visa EB-5 l\u00e0 g\u00ec? N\u1ebfu b\u1ea1n kh\u00f4ng ph\u1ea3i l\u00e0 c\u00f4ng d\u00e2n M\u1ef9 m\u00e0 mu\u1ed1n \u0111\u1ecbnh c\u01b0 t\u1ea1i M\u1ef9, b\u1ea1n n\u00ean c\u00e2n nh\u1eafc n\u00f4p \u0111\u01a1n cho ch\u01b0\u01a1ng tr\u00ecnh EB-5 d\u00e0nh cho c\u00e1c nh\u00e0 \u0111\u1ea7u t\u01b0 n\u01b0\u1edbc ngo\u00e0i, do S\u1edf di tr\u00fa M\u1ef9 (USCIS) qu\u1ea3n l\u00fd. Tham gia v\u00e0o ch\u01b0\u01a1ng tr\u00ecnh EB-5 \u0111\u00f2i h\u1ecfi b\u1ea1n \u0111\u1ea7u t\u01b0<a class=\"moretag\" href=\"https:\/\/www.americaeb5visa.com\/vn\/what-is-eb-5-eb-5-la-gi\/\"><span class=\"screen-reader-text\">Read more about EB-5 l\u00e0 g\u00ec?<\/span>[&#8230;]<\/a><\/p>\n","protected":false},"author":1,"featured_media":0,"parent":0,"menu_order":9,"comment_status":"closed","ping_status":"closed","template":"","meta":{"_acf_changed":false,"_monsterinsights_skip_tracking":false,"_monsterinsights_sitenote_active":false,"_monsterinsights_sitenote_note":"","_monsterinsights_sitenote_category":0,"footnotes":""},"class_list":["post-128","page","type-page","status-publish","hentry"],"acf":[],"rttpg_featured_image_url":null,"rttpg_author":{"display_name":"AdminNIso","author_link":"https:\/\/www.americaeb5visa.com\/vn\/blog\/author\/admin\/"},"rttpg_comment":0,"rttpg_category":null,"rttpg_excerpt":"Visa EB-5 l\u00e0 g\u00ec? N\u1ebfu b\u1ea1n kh\u00f4ng ph\u1ea3i l\u00e0 c\u00f4ng d\u00e2n M\u1ef9 m\u00e0 mu\u1ed1n \u0111\u1ecbnh c\u01b0 t\u1ea1i M\u1ef9, b\u1ea1n n\u00ean c\u00e2n nh\u1eafc n\u00f4p \u0111\u01a1n cho ch\u01b0\u01a1ng tr\u00ecnh EB-5 d\u00e0nh cho c\u00e1c nh\u00e0 \u0111\u1ea7u t\u01b0 n\u01b0\u1edbc ngo\u00e0i, do S\u1edf di tr\u00fa M\u1ef9 (USCIS) qu\u1ea3n l\u00fd. Tham gia v\u00e0o ch\u01b0\u01a1ng tr\u00ecnh EB-5 \u0111\u00f2i h\u1ecfi b\u1ea1n \u0111\u1ea7u t\u01b0Read&hellip;","_links":{"self":[{"href":"https:\/\/www.americaeb5visa.com\/vn\/wp-json\/wp\/v2\/pages\/128","targetHints":{"allow":["GET"]}}],"collection":[{"href":"https:\/\/www.americaeb5visa.com\/vn\/wp-json\/wp\/v2\/pages"}],"about":[{"href":"https:\/\/www.americaeb5visa.com\/vn\/wp-json\/wp\/v2\/types\/page"}],"author":[{"embeddable":true,"href":"https:\/\/www.americaeb5visa.com\/vn\/wp-json\/wp\/v2\/users\/1"}],"replies":[{"embeddable":true,"href":"https:\/\/www.americaeb5visa.com\/vn\/wp-json\/wp\/v2\/comments?post=128"}],"version-history":[{"count":0,"href":"https:\/\/www.americaeb5visa.com\/vn\/wp-json\/wp\/v2\/pages\/128\/revisions"}],"wp:attachment":[{"href":"https:\/\/www.americaeb5visa.com\/vn\/wp-json\/wp\/v2\/media?parent=128"}],"curies":[{"name":"wp","href":"https:\/\/api.w.org\/{rel}","templated":true}]}}