{"id":45,"date":"2017-03-13T22:03:22","date_gmt":"2017-03-13T22:03:22","guid":{"rendered":"http:\/\/www.americaeb5visa.com\/?page_id=45"},"modified":"2025-02-09T11:30:16","modified_gmt":"2025-02-09T11:30:16","slug":"who-are-we-chung-toi-la-ai","status":"publish","type":"page","link":"https:\/\/www.americaeb5visa.com\/vn\/who-are-we-chung-toi-la-ai\/","title":{"rendered":"Ch\u00fang t\u00f4i l\u00e0 ai?"},"content":{"rendered":"<div id=\"pl-45\"  class=\"panel-layout\" ><div id=\"pg-45-0\"  class=\"panel-grid panel-has-style\" ><div class=\"siteorigin-panels-stretch panel-row-style panel-row-style-for-45-0\" data-stretch-type=\"full-width-stretch\" ><div id=\"pgc-45-0-0\"  class=\"panel-grid-cell\" ><div id=\"panel-45-0-0-0\" class=\"so-panel widget widget_sow-hero panel-first-child panel-last-child\" data-index=\"0\" ><div\n\t\t\t\n\t\t\tclass=\"so-widget-sow-hero so-widget-sow-hero-default-89b41ad833c8-45 so-widget-fittext-wrapper\"\n\t\t\t data-fit-text-compressor=\"0.85\"\n\t\t>\t\t\t\t<div class=\"sow-slider-base\" style=\"display: none\" tabindex=\"0\">\n\t\t\t\t\t<ul\n\t\t\t\t\tclass=\"sow-slider-images\"\n\t\t\t\t\tdata-settings=\"{&quot;pagination&quot;:true,&quot;speed&quot;:800,&quot;timeout&quot;:8000,&quot;paused&quot;:false,&quot;pause_on_hover&quot;:false,&quot;swipe&quot;:true,&quot;nav_always_show_desktop&quot;:&quot;&quot;,&quot;nav_always_show_mobile&quot;:&quot;&quot;,&quot;breakpoint&quot;:&quot;780px&quot;,&quot;unmute&quot;:false,&quot;anchor&quot;:null}\"\n\t\t\t\t\tstyle=\"min-height: 500px\"\t\t\t\t\tdata-anchor-id=\"\"\n\t\t\t\t>\t\t<li class=\"sow-slider-image  sow-slider-image-cover\" style=\"visibility: visible;;background-color: #333333;background-image: url(https:\/\/www.americaeb5visa.com\/vn\/wp-content\/uploads\/sites\/10\/2017\/03\/AdobeStock_25409363-1.jpeg)\" >\n\t\t\t\t\t<div class=\"sow-slider-image-container\">\n\t\t\t<div class=\"sow-slider-image-wrapper\">\n\t\t\t\t<h1 style=\"text-align: center\">\u0110i\u1ec1u g\u00ec l\u00e0m ch\u00fang t\u00f4i \u0111\u1eb7c bi\u1ec7t? S\u1ef1 th\u1ea5u hi\u1ec3u!<\/h1><h3 style=\"text-align: center\">\u00a0<\/h3><h2 style=\"text-align: center\">Ch\u00fang t\u00f4i l\u00e0 nh\u1eefng chuy\u00ean vi\u00ean c\u00f3 n\u0103ng l\u1ef1c, nh\u1eefng ng\u01b0\u1eddi c\u0169ng \u0111\u00e3 t\u1eebng c\u00f3 \u01b0\u1edbc m\u01a1 nh\u1eadp c\u01b0 \u0111\u1ebfn M\u1ef9.<\/h2>\t\t\t<\/div>\n\t\t<\/div>\n\t\t\t\t<\/li>\n\t\t<\/ul>\t\t\t\t<ol class=\"sow-slider-pagination\">\n\t\t\t\t\t\t\t\t\t\t\t<li><a href=\"#\" data-goto=\"0\" aria-label=\"Display slide 1\"><\/a><\/li>\n\t\t\t\t\t\t\t\t\t<\/ol>\n\n\t\t\t\t<div class=\"sow-slide-nav sow-slide-nav-next\">\n\t\t\t\t\t<a href=\"#\" data-goto=\"next\" aria-label=\"Next slide\" data-action=\"next\">\n\t\t\t\t\t\t<em class=\"sow-sld-icon-thin-right\"><\/em>\n\t\t\t\t\t<\/a>\n\t\t\t\t<\/div>\n\n\t\t\t\t<div class=\"sow-slide-nav sow-slide-nav-prev\">\n\t\t\t\t\t<a href=\"#\" data-goto=\"previous\" aria-label=\"Previous slide\" data-action=\"prev\">\n\t\t\t\t\t\t<em class=\"sow-sld-icon-thin-left\"><\/em>\n\t\t\t\t\t<\/a>\n\t\t\t\t<\/div>\n\t\t\t\t<\/div><\/div><\/div><\/div><\/div><\/div><div id=\"pg-45-1\"  class=\"panel-grid panel-no-style\" ><div id=\"pgc-45-1-0\"  class=\"panel-grid-cell\" ><div id=\"panel-45-1-0-0\" class=\"so-panel widget widget_sow-editor panel-first-child panel-last-child\" data-index=\"1\" ><div\n\t\t\t\n\t\t\tclass=\"so-widget-sow-editor so-widget-sow-editor-base\"\n\t\t\t\n\t\t>\n<div class=\"siteorigin-widget-tinymce textwidget\">\n\t<h2 style=\"text-align: center;\"><strong>30 n\u0103m<\/strong><\/h2>\n<p>\u00a0<\/p>\n<p>Ch\u00fang t\u00f4i l\u00e0 nh\u1eefng chuy\u00ean vi\u00ean c\u00f3 n\u0103ng l\u1ef1c, nh\u1eefng ng\u01b0\u1eddi c\u0169ng \u0111\u00e3 t\u1eebng c\u00f3 \u01b0\u1edbc m\u01a1 nh\u1eadp c\u01b0 \u0111\u1ebfn M\u1ef9. Ch\u00fang t\u00f4i hi\u1ec3u nh\u1eefng lo l\u1eafng, nghi ng\u1ea1i v\u00e0 s\u1ef1 s\u1ee3 h\u00e3i c\u1ee7a b\u1ea1n. \u0110i\u1ec1u quan tr\u1ecdng l\u00e0, ch\u00fang t\u00f4i hi\u1ec3u r\u1eb1ng m\u1ed7i ng\u01b0\u1eddi c\u00f3 m\u1ed9t ho\u00e0n c\u1ea3nh kh\u00e1c nhau. Ch\u00fang t\u00f4i c\u00f3 kinh nghi\u1ec7m l\u00e0m vi\u1ec7c t\u1ea1i Wall Street tr\u00ean 30 n\u0103m, v\u1edbi chuy\u00ean m\u00f4n v\u1ec1 thu nh\u1eadp c\u1ed1 \u0111\u1ecbnh v\u00e0 c\u00e1c b\u1ea3n c\u00e1o b\u1ea1ch t\u00f3m t\u1eaft. Ch\u00fang t\u00f4i c\u00f3 kinh nghi\u1ec7m x\u00e1c \u0111\u1ecbnh r\u1ee7i ro cho c\u00e1c kho\u1ea3n \u0111\u1ea7u t\u01b0, v\u00e0 x\u00e2y d\u1ef1ng c\u00e1c k\u1ebf ho\u1ea1ch \u0111\u1ec3 gi\u1ea3m nh\u1eb9 m\u1ed9t c\u00e1ch tr\u1ef1c ti\u1ebfp v\u00e0 gi\u00e1n ti\u1ebfp c\u00e1c r\u1ee7i ro, gi\u1ea3i quy\u1ebft b\u1ea5t c\u1ee9 m\u1ed1i quan ng\u1ea1i n\u00e0o t\u1eeb nh\u00e0 \u0111\u1ea7u t\u01b0. Nh\u1eefng r\u1ee7i ro kh\u00f4ng th\u1ec3 \u0111\u01b0\u1ee3c nh\u1eadn \u0111\u1ecbnh hay gi\u1ea3m thi\u1ec3u sau m\u1ed9t l\u1ea7n \u0111\u1ecdc. Ch\u00fang t\u00f4i kh\u00e1c v\u1edbi nh\u1eefng chuy\u00ean vi\u00ean kh\u00e1c \u1edf n\u01a1i b\u1ea1n \u0111ang s\u1ed1ng v\u00ec h\u1ecd ch\u1ec9 d\u1ef1a v\u00e0o danh ti\u1ebfng qu\u1ed1c t\u1ebf c\u1ee7a c\u00e1c c\u00f4ng ty b\u1ea5t \u0111\u1ed9ng s\u1ea3n. Ch\u00fang t\u00f4i hi\u1ec3u r\u1eb1ng b\u1ea1n mu\u1ed1n t\u00ecm hi\u1ec3u chi ti\u1ebft h\u01a1n v\u1ec1 kho\u1ea3n \u0111\u1ea7u t\u01b0 c\u1ee7a m\u00ecnh, v\u00ec v\u1eady, v\u1edbi nh\u1eefng kinh nghi\u1ec7m v\u1ec1 \u0111\u1ea7u t\u01b0 t\u00e0i ch\u00ednh, ch\u00fang t\u00f4i c\u00f3 th\u1ec3 ch\u1ec9 ra nh\u1eefng \u0111i\u1ec3m n\u1ed5i b\u1eadt v\u1ec1 l\u1ee3i th\u1ebf hay khuy\u1ebft \u0111i\u1ec3m c\u1ee7a t\u1eebng d\u1ef1 \u00e1n.<\/p>\n<\/div>\n<\/div><\/div><\/div><\/div><div id=\"pg-45-2\"  class=\"panel-grid panel-has-style\" ><div class=\"siteorigin-panels-stretch panel-row-style panel-row-style-for-45-2\" data-stretch-type=\"full\" ><div id=\"pgc-45-2-0\"  class=\"panel-grid-cell\" ><div id=\"panel-45-2-0-0\" class=\"so-panel widget widget_sow-image panel-first-child\" data-index=\"2\" ><div\n\t\t\t\n\t\t\tclass=\"so-widget-sow-image so-widget-sow-image-default-c67d20f9f743-45\"\n\t\t\t\n\t\t>\n<div class=\"sow-image-container\">\n\t\t<img fetchpriority=\"high\" \n\tsrc=\"https:\/\/www.americaeb5visa.com\/vn\/wp-content\/uploads\/sites\/10\/2017\/03\/marko-300x300.png\" width=\"300\" height=\"300\" srcset=\"https:\/\/www.americaeb5visa.com\/vn\/wp-content\/uploads\/sites\/10\/2017\/03\/marko-300x300.png 300w, https:\/\/www.americaeb5visa.com\/vn\/wp-content\/uploads\/sites\/10\/2017\/03\/marko-150x150.png 150w, https:\/\/www.americaeb5visa.com\/vn\/wp-content\/uploads\/sites\/10\/2017\/03\/marko-24x24.png 24w, https:\/\/www.americaeb5visa.com\/vn\/wp-content\/uploads\/sites\/10\/2017\/03\/marko-36x36.png 36w, https:\/\/www.americaeb5visa.com\/vn\/wp-content\/uploads\/sites\/10\/2017\/03\/marko-48x48.png 48w, https:\/\/www.americaeb5visa.com\/vn\/wp-content\/uploads\/sites\/10\/2017\/03\/marko.png 427w\" sizes=\"(max-width: 300px) 100vw, 300px\" alt=\"\" \t\tclass=\"so-widget-image\"\/>\n\t<\/div>\n\n<\/div><\/div><div id=\"panel-45-2-0-1\" class=\"so-panel widget widget_sow-editor\" data-index=\"3\" ><div\n\t\t\t\n\t\t\tclass=\"so-widget-sow-editor so-widget-sow-editor-base\"\n\t\t\t\n\t\t>\n<div class=\"siteorigin-widget-tinymce textwidget\">\n\t<h2 class=\"text-center mg-md\" style=\"text-align: center;\">Marko Issever<\/h2>\n<h4 style=\"text-align: center;\">Gi\u00e1m \u0111\u1ed1c \u0111i\u1ec1u h\u00e0nh<\/h4>\n<\/div>\n<\/div><\/div><div id=\"panel-45-2-0-2\" class=\"so-panel widget widget_sow-image panel-last-child\" data-index=\"4\" ><div\n\t\t\t\n\t\t\tclass=\"so-widget-sow-image so-widget-sow-image-default-c67d20f9f743-45\"\n\t\t\t\n\t\t>\n<div class=\"sow-image-container\">\n\t\t<img \n\tsrc=\"https:\/\/www.americaeb5visa.com\/vn\/wp-content\/uploads\/sites\/10\/2017\/03\/badge-broker-dealer.png\" width=\"224\" height=\"170\" srcset=\"https:\/\/www.americaeb5visa.com\/vn\/wp-content\/uploads\/sites\/10\/2017\/03\/badge-broker-dealer.png 224w, https:\/\/www.americaeb5visa.com\/vn\/wp-content\/uploads\/sites\/10\/2017\/03\/badge-broker-dealer-24x18.png 24w, https:\/\/www.americaeb5visa.com\/vn\/wp-content\/uploads\/sites\/10\/2017\/03\/badge-broker-dealer-36x27.png 36w, https:\/\/www.americaeb5visa.com\/vn\/wp-content\/uploads\/sites\/10\/2017\/03\/badge-broker-dealer-48x36.png 48w\" sizes=\"(max-width: 224px) 100vw, 224px\" alt=\"\" \t\tclass=\"so-widget-image\"\/>\n\t<\/div>\n\n<\/div><\/div><\/div><div id=\"pgc-45-2-1\"  class=\"panel-grid-cell\" ><div id=\"panel-45-2-1-0\" class=\"so-panel widget widget_sow-editor panel-first-child panel-last-child\" data-index=\"5\" ><div\n\t\t\t\n\t\t\tclass=\"so-widget-sow-editor so-widget-sow-editor-base\"\n\t\t\t\n\t\t>\n<div class=\"siteorigin-widget-tinymce textwidget\">\n\t<p>Ng\u01b0\u1eddi s\u00e1ng l\u1eadp v\u00e0 CEO c\u1ee7a c\u00f4ng ty, \u00f4ng Marko Issever gia nh\u1eadp T\u1eadp \u0111o\u00e0n Riverside Management v\u1edbi vai tr\u00f2 gi\u00e1m \u0111\u1ed1c \u0111i\u1ec1u h\u00e0nh v\u00e0o th\u00e1ng 5\/2016 v\u1edbi vai tr\u00f2 l\u00e3nh \u0111\u1ea1o m\u1ea3ng huy \u0111\u1ed9ng v\u1ed1n EB-5 v\u00e0 ph\u00e2n ph\u1ed1i \u0111\u1ea7u t\u01b0 th\u00f4ng qua chi nh\u00e1nh con, BCW Securities LLC.<\/p>\n<p>\u00d4ng Issever c\u0169ng l\u00e0 ng\u01b0\u1eddi \u0111\u1ed3ng s\u00e1ng l\u1eadp c\u1ee7a c\u00f4ng ty BH Capital Management, m\u1ed9t c\u00f4ng ty \u0111\u1ea7u t\u01b0 b\u1ea5t \u0111\u1ed9ng s\u1ea3n chuy\u00ean v\u1ec1 c\u00e1c c\u01a1 h\u1ed9i ph\u00e1t tri\u1ec3n v\u00e0 \u0111\u1ea7u t\u01b0.<\/p>\n<p>Tr\u01b0\u1edbc khi l\u00e0m vi\u1ec7c t\u1ea1i RMB v\u00e0 s\u00e1ng l\u1eadp BHCM, \u00f4ng Issever l\u00e0 gi\u00e1m \u0111\u1ed1c \u0111i\u1ec1u h\u00e0nh t\u1ea1i ng\u00e2n h\u00e0ng New York Mellon Global &amp; Capital Markets, \u0111i\u1ec1u h\u00e0nh m\u1ea3ng giao d\u1ecbch ph\u00e1i sinh v\u1edbi c\u00e1c t\u1eadp \u0111o\u00e0n t\u00e0i ch\u00ednh qu\u1ed1c t\u1ebf.<\/p>\n<p>\u00d4ng Issever \u0111\u00e3 c\u00f3 kinh nghi\u1ec7m h\u01a1n 30 n\u0103m l\u00e0m vi\u1ec7c t\u1ea1i Wall Street, \u0111\u1ed3ng th\u1eddi l\u00e0 th\u00e0nh vi\u00ean s\u00e1ng l\u1eadp m\u1ea3ng giao d\u1ecbch ph\u00e1i sinh t\u1ea1i Sakura Global Capital, m\u1ed9t chi nh\u00e1nh ng\u00e2n h\u00e0ng Nh\u1eadt B\u1ea3n sau \u0111\u00f3 h\u1ee3p nh\u1ea5t v\u1edbi Sumitomo Capital Markets th\u00e0nh SMBC Capital Markets.<\/p>\n<p>\u00d4ng Issever b\u1eaft \u0111\u1ea7u l\u00e0m vi\u1ec7c t\u1ea1i Wall Street t\u1ea1i c\u00f4ng ty Prudential, nh\u00f3m Chi\u1ebfn l\u01b0\u1ee3c T\u00e0i ch\u00ednh ch\u1ee9ng kho\u00e1n, v\u1edbi chuy\u00ean m\u00f4n v\u1ec1 th\u1ebf ch\u1ea5p b\u1ea3o \u0111\u1ea3m nh\u01b0 CMO, c\u00e1c giao d\u1ecbch ch\u00eanh l\u1ec7ch r\u1ee7i ro, v\u00e0 c\u00e1c lo\u1ea1i h\u00ecnh t\u00e0i s\u1ea3n t\u00e0i ch\u00ednh c\u00f3 th\u1ebf ch\u1ea5p \u0111\u1eb7c bi\u1ec7t, v\u00ed d\u1ee5 nh\u01b0 th\u1ebf ch\u1ea5p v\u1edbi ngu\u1ed3n vay c\u1ee7a ch\u1ee7 s\u1edf h\u1eefu ch\u00ednh s\u00e1ch.<\/p>\n<p>\u00d4ng Issever t\u1ed1t nghi\u1ec7p tr\u01b0\u1eddng Wharton, \u0111\u1ea1i h\u1ecdc Pennsylvania v\u1edbi b\u1eb1ng qu\u1ea3n tr\u1ecb kinh doanh v\u1ec1 t\u00e0i ch\u00ednh v\u00e0 b\u1eb1ng th\u1ea1c s\u1ef9 kinh t\u1ebf. Tr\u01b0\u1edbc th\u1eddi gian h\u1ecdc \u1edf Wharton, \u00f4ng t\u1ed1t nghi\u1ec7p \u0111\u1ea1i h\u1ecdc Bogazici &amp; Robert College \u1edf Istanbul.<\/p>\n<p>\u00d4ng Issever bi\u1ebft ti\u1ebfng Th\u1ed5 Nh\u0129 K\u1ef3 (ti\u1ebfng m\u1eb9 \u0111\u1ebb) v\u00e0 n\u00f3i \u0111\u01b0\u1ee3c ti\u1ebfng Ladino T\u00e2y Ban Nha tr\u00f4i ch\u1ea3y. \u00d4ng l\u00e0 ch\u1ee7 t\u1ecbch s\u00e1ch l\u1eadp c\u1ee7a trung t\u00e2m gi\u00e1o d\u1ee5c Aleph, m\u1ed9t t\u1ed5 ch\u1ee9c c\u1ed9ng \u0111\u1ed3ng c\u1ee7a ng\u01b0\u1eddi Do Th\u00e1i, v\u00e0 l\u00e0 th\u00e0nh vi\u00ean c\u1ee7a Manhattan Sephardic Congregation.<\/p>\n<p>\u00d4ng c\u00f3 gi\u1ea5y ph\u00e9p Series 7 &amp; 63 cho c\u00e1c ho\u1ea1t \u0111\u1ed9ng t\u00e0i ch\u00ednh. \u00d4ng hi\u1ec7n \u0111ang s\u1ed1ng t\u1ea1i th\u00e0nh ph\u1ed1 New York v\u1edbi v\u1ee3 v\u00e0 ba ng\u01b0\u1eddi con.<\/p>\n<\/div>\n<\/div><\/div><\/div><\/div><\/div><div id=\"pg-45-3\"  class=\"panel-grid panel-no-style\" ><div id=\"pgc-45-3-0\"  class=\"panel-grid-cell\" ><div id=\"panel-45-3-0-0\" class=\"so-panel widget widget_sow-editor panel-first-child panel-last-child\" data-index=\"6\" ><div\n\t\t\t\n\t\t\tclass=\"so-widget-sow-editor so-widget-sow-editor-base\"\n\t\t\t\n\t\t>\n<div class=\"siteorigin-widget-tinymce textwidget\">\n\t<p>Ch\u1ecb Ng\u00f4 Di\u1ec7u Huy\u1ec1n l\u00e0 chuy\u00ean gia v\u1edbi h\u01a1n 10 n\u0103m kinh nghi\u1ec7m trong l\u0129nh v\u1ef1c EB-5, t\u1eebng l\u00e0 chuy\u00ean vi\u00ean ph\u00e2n t\u00edch t\u00e0i ch\u00ednh \u0111\u1ea7u t\u01b0 c\u1ee7a m\u1ed9t trong nh\u1eefng trung t\u00e2m v\u00f9ng l\u00e2u \u0111\u1eddi nh\u1ea5t chuy\u00ean v\u1ec1 th\u1ea9m \u0111\u1ecbnh v\u00e0 th\u1ef1c hi\u1ec7n c\u00e1c d\u1ef1 \u00e1n \u0111\u1ea7u t\u01b0 EB-5. V\u1edbi nhi\u1ec1u n\u0103m kinh nghi\u1ec7m l\u00e0m vi\u1ec7c trong \u0111\u1ed9i ph\u00e1t tri\u1ec3n d\u1ef1 \u00e1n, ch\u1ecb Huy\u1ec1n tham gia th\u1ea9m \u0111\u1ecbnh v\u00e0 ph\u00e1t tri\u1ec3n c\u00e1c d\u1ef1 \u00e1n \u0111\u1ea7u t\u01b0 EB-5 v\u00e0 ph\u1ee5 tr\u00e1ch ph\u00e1t tri\u1ec3n th\u1ecb tr\u01b0\u1eddng Vi\u1ec7t Nam, t\u01b0 v\u1ea5n h\u01a1n 200 nh\u00e0 \u0111\u1ea7u t\u01b0 t\u00ecm hi\u1ec3u th\u00f4ng tin v\u1ec1 ch\u01b0\u01a1ng tr\u00ecnh \u0111\u1ea7u t\u01b0 EB-5 v\u00e0 c\u00e1c d\u1ef1 \u00e1n \u0111\u1ea7u t\u01b0 EB-5. Ch\u1ecb Huy\u1ec1n t\u1ed1t nghi\u1ec7p chuy\u00ean Anh tr\u01b0\u1eddng Hanoi- Amsterdam, l\u00e0 c\u1eed nh\u1eadn kinh t\u1ebf \u0110\u1ea1i h\u1ecdc Ngo\u1ea1i Th\u01b0\u01a1ng H\u00e0 N\u1ed9i v\u00e0 l\u00e0 th\u1ea1c s\u0129 qu\u1ea3n tr\u1ecb kinh doanh (MBA) tr\u01b0\u1eddng University of Northern Iowa v\u1edbi h\u1ecdc b\u1ed5ng to\u00e0n ph\u1ea7n h\u1ecdc ph\u00ed v\u00e0 sinh ho\u1ea1t ph\u00ed.<\/p>\n<\/div>\n<\/div><\/div><\/div><div id=\"pgc-45-3-1\"  class=\"panel-grid-cell\" ><div id=\"panel-45-3-1-0\" class=\"so-panel widget widget_sow-image panel-first-child\" data-index=\"7\" ><div\n\t\t\t\n\t\t\tclass=\"so-widget-sow-image so-widget-sow-image-default-c67d20f9f743-45\"\n\t\t\t\n\t\t>\n<div class=\"sow-image-container\">\n\t\t<img \n\tsrc=\"https:\/\/www.americaeb5visa.com\/vn\/wp-content\/uploads\/sites\/10\/2024\/10\/Huyen-bio-pic-300x300.jpeg\" width=\"300\" height=\"300\" srcset=\"https:\/\/www.americaeb5visa.com\/vn\/wp-content\/uploads\/sites\/10\/2024\/10\/Huyen-bio-pic-300x300.jpeg 300w, https:\/\/www.americaeb5visa.com\/vn\/wp-content\/uploads\/sites\/10\/2024\/10\/Huyen-bio-pic-150x150.jpeg 150w, https:\/\/www.americaeb5visa.com\/vn\/wp-content\/uploads\/sites\/10\/2024\/10\/Huyen-bio-pic-24x24.jpeg 24w, https:\/\/www.americaeb5visa.com\/vn\/wp-content\/uploads\/sites\/10\/2024\/10\/Huyen-bio-pic-36x36.jpeg 36w, https:\/\/www.americaeb5visa.com\/vn\/wp-content\/uploads\/sites\/10\/2024\/10\/Huyen-bio-pic-48x48.jpeg 48w, https:\/\/www.americaeb5visa.com\/vn\/wp-content\/uploads\/sites\/10\/2024\/10\/Huyen-bio-pic.jpeg 480w\" sizes=\"(max-width: 300px) 100vw, 300px\" title=\"Huyen bio pic\" alt=\"\" \t\tclass=\"so-widget-image\"\/>\n\t<\/div>\n\n<\/div><\/div><div id=\"panel-45-3-1-1\" class=\"so-panel widget widget_sow-editor panel-last-child\" data-index=\"8\" ><div\n\t\t\t\n\t\t\tclass=\"so-widget-sow-editor so-widget-sow-editor-base\"\n\t\t\t\n\t\t>\n<div class=\"siteorigin-widget-tinymce textwidget\">\n\t<h2 style=\"text-align: center;\">Ch\u1ecb Ng\u00f4 Di\u1ec7u Huy\u1ec1n<\/h2>\n<h4 class=\"p1\" style=\"text-align: center;\">Tr\u01b0\u1edfng ph\u00f2ng Ph\u00e1t tri\u1ec3n Kinh doanh Vi\u1ec7t Nam<\/h4>\n<\/div>\n<\/div><\/div><\/div><\/div><div id=\"pg-45-4\"  class=\"panel-grid panel-has-style\" ><div class=\"siteorigin-panels-stretch panel-row-style panel-row-style-for-45-4\" data-stretch-type=\"full\" ><div id=\"pgc-45-4-0\"  class=\"panel-grid-cell\" ><div id=\"panel-45-4-0-0\" class=\"so-panel widget widget_sow-image panel-first-child\" data-index=\"9\" ><div\n\t\t\t\n\t\t\tclass=\"so-widget-sow-image so-widget-sow-image-default-c67d20f9f743-45\"\n\t\t\t\n\t\t>\n<div class=\"sow-image-container\">\n\t\t<img loading=\"lazy\" \n\tsrc=\"https:\/\/www.americaeb5visa.com\/vn\/wp-content\/uploads\/sites\/10\/2017\/03\/esther-300x300.png\" width=\"300\" height=\"300\" srcset=\"https:\/\/www.americaeb5visa.com\/vn\/wp-content\/uploads\/sites\/10\/2017\/03\/esther-300x300.png 300w, https:\/\/www.americaeb5visa.com\/vn\/wp-content\/uploads\/sites\/10\/2017\/03\/esther-150x150.png 150w, https:\/\/www.americaeb5visa.com\/vn\/wp-content\/uploads\/sites\/10\/2017\/03\/esther-24x24.png 24w, https:\/\/www.americaeb5visa.com\/vn\/wp-content\/uploads\/sites\/10\/2017\/03\/esther-36x36.png 36w, https:\/\/www.americaeb5visa.com\/vn\/wp-content\/uploads\/sites\/10\/2017\/03\/esther-48x48.png 48w, https:\/\/www.americaeb5visa.com\/vn\/wp-content\/uploads\/sites\/10\/2017\/03\/esther.png 427w\" sizes=\"(max-width: 300px) 100vw, 300px\" alt=\"\" \t\tclass=\"so-widget-image\"\/>\n\t<\/div>\n\n<\/div><\/div><div id=\"panel-45-4-0-1\" class=\"so-panel widget widget_sow-editor panel-last-child\" data-index=\"10\" ><div\n\t\t\t\n\t\t\tclass=\"so-widget-sow-editor so-widget-sow-editor-base\"\n\t\t\t\n\t\t>\n<div class=\"siteorigin-widget-tinymce textwidget\">\n\t<h2 class=\"text-center mg-md\" style=\"text-align: center;\">Esther Malka<\/h2>\n<h4 style=\"text-align: center;\">Chuy\u00ean vi\u00ean Marketing<\/h4>\n<\/div>\n<\/div><\/div><\/div><div id=\"pgc-45-4-1\"  class=\"panel-grid-cell\" ><div id=\"panel-45-4-1-0\" class=\"so-panel widget widget_sow-editor panel-first-child panel-last-child\" data-index=\"11\" ><div\n\t\t\t\n\t\t\tclass=\"so-widget-sow-editor so-widget-sow-editor-base\"\n\t\t\t\n\t\t>\n<div class=\"siteorigin-widget-tinymce textwidget\">\n\t<p>Ch\u1ecb Esther Malka, \u0111\u1ebfn t\u1eeb th\u00e0nh ph\u1ed1 New York, l\u00e0 chuy\u00ean vi\u00ean ph\u1ee5 tr\u00e1ch li\u00ean l\u1ea1c.<\/p>\n<p>Ch\u1ecb Esther hi\u1ec7n \u0111ang h\u1ecdc ng\u00e0nh Kinh t\u1ebf v\u00e0 Trung \u0111\u00f4ng h\u1ecdc t\u1ea1i \u0111\u1ea1i h\u1ecdc Yale. T\u1ea1i Yale, ch\u1ecb Esther l\u00e0 tr\u01b0\u1edfng nh\u00f3m li\u00ean l\u1ea1c cho REACH, m\u1ed9t ch\u01b0\u01a1ng tr\u00ecnh gi\u00fap k\u1ebft n\u1ed1i sinh vi\u00ean Yale v\u1edbi c\u00e1c em h\u1ecdc sinh ph\u1ed5 th\u00f4ng \u0111\u1ec3 h\u01b0\u1edbng d\u1eabn c\u00e1c em n\u1ed9p \u0111\u01a1n v\u00e0o \u0111\u1ea1i h\u1ecdc. Ch\u1ecb Esther c\u0169ng l\u00e0 tr\u01b0\u1edfng nh\u00f3m thi trong ban t\u1ed5 ch\u1ee9c cu\u1ed9c thi MMATHS, m\u1ed9t cu\u1ed9c thi to\u00e1n cho h\u1ecdc sinh ph\u1ed5 th\u1ed5ng t\u1ea1i Yale, v\u1edbi tr\u00e1ch nhi\u1ec7m li\u00ean l\u1ea1c v\u1edbi c\u00e1c tr\u01b0\u1eddng trung h\u1ecdc \u0111\u1ec3 gi\u1edbi thi\u1ec7u v\u1ec1 cu\u1ed9c thi.<\/p>\n<p>Tr\u01b0\u1edbc \u0111\u00f3, ch\u1ecb Esther h\u1ecdc t\u1ea1i Beit Chana Tzfat trong 1 n\u0103m v\u1ec1 truy\u1ec1n th\u00f4ng.<\/p>\n<p>V\u1edbi k\u1ef9 n\u0103ng v\u1ec1 truy\u1ec1n th\u00f4ng v\u00e0 ki\u1ebfn th\u1ee9c v\u1ec1 kinh t\u1ebf v\u00e0 quan h\u1ec7 qu\u1ed1c t\u1ebf c\u1ee7a m\u00ecnh, ch\u1ecb Esther hy v\u1ecdng s\u1ebd t\u1ea1o \u0111\u01b0\u1ee3c m\u1ed9t m\u00f4i tr\u01b0\u1eddng l\u00e0m vi\u1ec7c hi\u1ec7u qu\u1ea3 v\u00e0 ho\u00e0 h\u1ee3p t\u1ea1i America EB-5 Visa, \u0111\u1ec3 nh\u00e0 \u0111\u1ea7u t\u01b0, nh\u00e0 b\u1ea5t \u0111\u1ed9ng s\u1ea3n v\u00e0 c\u00e1c kh\u00e1ch h\u00e0ng t\u1eeb Trung t\u00e2m v\u00f9ng \u0111\u1ec1u c\u1ea3m th\u1ea5y tho\u1ea3i m\u00e1i v\u00e0 h\u00e0i l\u00f2ng v\u1edbi d\u1ecbch v\u1ee5 c\u1ee7a ch\u00fang t\u00f4i.<\/p>\n<\/div>\n<\/div><\/div><\/div><\/div><\/div><\/div>","protected":false},"excerpt":{"rendered":"<p>30 n\u0103m\u00a0Ch\u00fang t\u00f4i l\u00e0 nh\u1eefng chuy\u00ean vi\u00ean c\u00f3 n\u0103ng l\u1ef1c, nh\u1eefng ng\u01b0\u1eddi c\u0169ng \u0111\u00e3 t\u1eebng c\u00f3 \u01b0\u1edbc m\u01a1 nh\u1eadp c\u01b0 \u0111\u1ebfn M\u1ef9. Ch\u00fang t\u00f4i hi\u1ec3u nh\u1eefng lo l\u1eafng, nghi ng\u1ea1i v\u00e0 s\u1ef1 s\u1ee3 h\u00e3i c\u1ee7a b\u1ea1n. \u0110i\u1ec1u quan tr\u1ecdng l\u00e0, ch\u00fang t\u00f4i hi\u1ec3u r\u1eb1ng m\u1ed7i ng\u01b0\u1eddi c\u00f3 m\u1ed9t ho\u00e0n c\u1ea3nh kh\u00e1c nhau. Ch\u00fang t\u00f4i c\u00f3<a class=\"moretag\" href=\"https:\/\/www.americaeb5visa.com\/vn\/who-are-we-chung-toi-la-ai\/\"><span class=\"screen-reader-text\">Read more about Ch\u00fang t\u00f4i l\u00e0 ai?<\/span>[&#8230;]<\/a><\/p>\n","protected":false},"author":1,"featured_media":0,"parent":0,"menu_order":10,"comment_status":"closed","ping_status":"closed","template":"","meta":{"_acf_changed":false,"_monsterinsights_skip_tracking":false,"_monsterinsights_sitenote_active":false,"_monsterinsights_sitenote_note":"","_monsterinsights_sitenote_category":0,"footnotes":""},"class_list":["post-45","page","type-page","status-publish","hentry"],"acf":[],"rttpg_featured_image_url":null,"rttpg_author":{"display_name":"AdminNIso","author_link":"https:\/\/www.americaeb5visa.com\/vn\/blog\/author\/admin\/"},"rttpg_comment":0,"rttpg_category":null,"rttpg_excerpt":"30 n\u0103m\u00a0Ch\u00fang t\u00f4i l\u00e0 nh\u1eefng chuy\u00ean vi\u00ean c\u00f3 n\u0103ng l\u1ef1c, nh\u1eefng ng\u01b0\u1eddi c\u0169ng \u0111\u00e3 t\u1eebng c\u00f3 \u01b0\u1edbc m\u01a1 nh\u1eadp c\u01b0 \u0111\u1ebfn M\u1ef9. Ch\u00fang t\u00f4i hi\u1ec3u nh\u1eefng lo l\u1eafng, nghi ng\u1ea1i v\u00e0 s\u1ef1 s\u1ee3 h\u00e3i c\u1ee7a b\u1ea1n. \u0110i\u1ec1u quan tr\u1ecdng l\u00e0, ch\u00fang t\u00f4i hi\u1ec3u r\u1eb1ng m\u1ed7i ng\u01b0\u1eddi c\u00f3 m\u1ed9t ho\u00e0n c\u1ea3nh kh\u00e1c nhau. Ch\u00fang t\u00f4i c\u00f3Read&hellip;","_links":{"self":[{"href":"https:\/\/www.americaeb5visa.com\/vn\/wp-json\/wp\/v2\/pages\/45","targetHints":{"allow":["GET"]}}],"collection":[{"href":"https:\/\/www.americaeb5visa.com\/vn\/wp-json\/wp\/v2\/pages"}],"about":[{"href":"https:\/\/www.americaeb5visa.com\/vn\/wp-json\/wp\/v2\/types\/page"}],"author":[{"embeddable":true,"href":"https:\/\/www.americaeb5visa.com\/vn\/wp-json\/wp\/v2\/users\/1"}],"replies":[{"embeddable":true,"href":"https:\/\/www.americaeb5visa.com\/vn\/wp-json\/wp\/v2\/comments?post=45"}],"version-history":[{"count":0,"href":"https:\/\/www.americaeb5visa.com\/vn\/wp-json\/wp\/v2\/pages\/45\/revisions"}],"wp:attachment":[{"href":"https:\/\/www.americaeb5visa.com\/vn\/wp-json\/wp\/v2\/media?parent=45"}],"curies":[{"name":"wp","href":"https:\/\/api.w.org\/{rel}","templated":true}]}}