{"id":57,"date":"2017-03-14T21:35:00","date_gmt":"2017-03-14T21:35:00","guid":{"rendered":"http:\/\/www.americaeb5visa.com\/?page_id=57"},"modified":"2022-03-25T05:37:07","modified_gmt":"2022-03-25T05:37:07","slug":"eb-5-due-diligencequa-trinh-tham-dinh-voi-eb-5","status":"publish","type":"page","link":"https:\/\/www.americaeb5visa.com\/vn\/eb-5-due-diligencequa-trinh-tham-dinh-voi-eb-5\/","title":{"rendered":"Qu\u00e1 tr\u00ecnh th\u1ea9m \u0111\u1ecbnh v\u1edbi EB-5?"},"content":{"rendered":"<div id=\"pl-57\"  class=\"panel-layout\" ><div id=\"pg-57-0\"  class=\"panel-grid panel-has-style\" ><div class=\"siteorigin-panels-stretch panel-row-style panel-row-style-for-57-0\" data-stretch-type=\"full-stretched\" ><div id=\"pgc-57-0-0\"  class=\"panel-grid-cell\" ><div id=\"panel-57-0-0-0\" class=\"so-panel widget widget_sow-hero panel-first-child panel-last-child\" data-index=\"0\" ><div\n\t\t\t\n\t\t\tclass=\"so-widget-sow-hero so-widget-sow-hero-default-3d3f69fb2c42-57 so-widget-fittext-wrapper\"\n\t\t\t data-fit-text-compressor=\"0.85\"\n\t\t>\t\t\t\t<div class=\"sow-slider-base\" style=\"display: none\" tabindex=\"0\">\n\t\t\t\t\t<ul\n\t\t\t\t\tclass=\"sow-slider-images\"\n\t\t\t\t\tdata-settings=\"{&quot;pagination&quot;:true,&quot;speed&quot;:800,&quot;timeout&quot;:8000,&quot;paused&quot;:false,&quot;pause_on_hover&quot;:false,&quot;swipe&quot;:true,&quot;nav_always_show_desktop&quot;:&quot;&quot;,&quot;nav_always_show_mobile&quot;:&quot;&quot;,&quot;breakpoint&quot;:&quot;780px&quot;,&quot;unmute&quot;:false,&quot;anchor&quot;:null}\"\n\t\t\t\t\tstyle=\"min-height: 600px\"\t\t\t\t\tdata-anchor-id=\"\"\n\t\t\t\t>\t\t<li class=\"sow-slider-image  sow-slider-image-cover\" style=\"visibility: visible;;background-color: #333333;background-image: url(https:\/\/www.americaeb5visa.com\/vn\/wp-content\/uploads\/sites\/10\/2017\/03\/Death_to_Stock_Photography_NYC_Skyline_2-2.jpg)\" >\n\t\t\t\t\t<div class=\"sow-slider-image-container\">\n\t\t\t<div class=\"sow-slider-image-wrapper\">\n\t\t\t\t<h1 class=\"text-center mg-md \" style=\"text-align: center\">Qu\u00e1 tr\u00ecnh th\u1ea9m \u0111\u1ecbnh v\u1edbi EB-5?<\/h1><h1 class=\"text-center mg-md \" style=\"text-align: center\">\u00a0<\/h1><h2 class=\"text-center mg-md \" style=\"text-align: center\">\u0110\u1ea3m b\u1ea3o r\u1eb1ng kho\u1ea3n \u0111\u1ea7u t\u01b0 \u0111\u01b0\u1ee3c an to\u00e1n?<\/h2>\t\t\t<\/div>\n\t\t<\/div>\n\t\t\t\t<\/li>\n\t\t<\/ul>\t\t\t\t<ol class=\"sow-slider-pagination\">\n\t\t\t\t\t\t\t\t\t\t\t<li><a href=\"#\" data-goto=\"0\" aria-label=\"Display slide 1\"><\/a><\/li>\n\t\t\t\t\t\t\t\t\t<\/ol>\n\n\t\t\t\t<div class=\"sow-slide-nav sow-slide-nav-next\">\n\t\t\t\t\t<a href=\"#\" data-goto=\"next\" aria-label=\"Next slide\" data-action=\"next\">\n\t\t\t\t\t\t<em class=\"sow-sld-icon-thin-right\"><\/em>\n\t\t\t\t\t<\/a>\n\t\t\t\t<\/div>\n\n\t\t\t\t<div class=\"sow-slide-nav sow-slide-nav-prev\">\n\t\t\t\t\t<a href=\"#\" data-goto=\"previous\" aria-label=\"Previous slide\" data-action=\"prev\">\n\t\t\t\t\t\t<em class=\"sow-sld-icon-thin-left\"><\/em>\n\t\t\t\t\t<\/a>\n\t\t\t\t<\/div>\n\t\t\t\t<\/div><\/div><\/div><\/div><\/div><\/div><div id=\"pg-57-1\"  class=\"panel-grid panel-has-style\" ><div class=\"siteorigin-panels-stretch panel-row-style panel-row-style-for-57-1\" data-stretch-type=\"full\" ><div id=\"pgc-57-1-0\"  class=\"panel-grid-cell\" ><div id=\"panel-57-1-0-0\" class=\"so-panel widget widget_sow-editor panel-first-child panel-last-child\" data-index=\"1\" ><div\n\t\t\t\n\t\t\tclass=\"so-widget-sow-editor so-widget-sow-editor-base\"\n\t\t\t\n\t\t>\n<div class=\"siteorigin-widget-tinymce textwidget\">\n\t<div id=\"bloc-3\" class=\"row offset-mg\">\n<h2>V\u1ec1 visa EB-5<\/h2>\n<\/div>\n<div id=\"bloc-3\" class=\"row offset-mg\">\n<ul style=\"text-align: left;\">\n<li>Bao nhi\u00eau d\u1ef1 \u00e1n EB-5 \u0111\u00e3 \u0111\u01b0\u1ee3c c\u00f4ng ty ho\u00e0n th\u00e0nh?<\/li>\n<li>M\u1ee9c \u0111\u1ea7u t\u01b0 c\u1ea7n thi\u1ebft l\u00e0 bao nhi\u00eau? C\u00f3 chi ph\u00ed h\u00e0nh ch\u00ednh kh\u00f4ng? N\u1ebfu c\u00f3, chi ph\u00ed n\u00e0y l\u00e0 bao nhi\u00eau?<\/li>\n<li>N\u1ebfu kho\u1ea3n \u0111\u1ea7u t\u01b0 l\u00e0 $800,000 th\u00ec ai l\u00e0 ng\u01b0\u1eddi c\u00f3 th\u1ea9m quy\u1ec1n \u0111\u1ec3 ch\u1ee9ng nh\u1eadn r\u1eb1ng n\u01a1i nh\u1eadn \u0111\u01b0\u1ee3c ngu\u1ed3n \u0111\u1ea7u t\u01b0 thu\u1ed9c khu v\u1ef1c th\u1ea5t nghi\u1ec7p cao?<\/li>\n<li>Sau n\u00e0y nh\u00e0 \u0111\u1ea7u t\u01b0 qua di\u1ec7n EB-5 c\u00f3 b\u1ecb y\u00eau c\u1ea7u \u0111\u1ea7u t\u01b0 th\u00eam ti\u1ec1n, nhi\u1ec1u h\u01a1n kho\u1ea3n \u0111\u1ea7u t\u01b0 ban \u0111\u1ea7u kh\u00f4ng?<\/li>\n<li>Bao nhi\u00eau ph\u1ea7n tr\u0103m c\u1ee7a t\u1ed5ng ngu\u1ed3n v\u1ed1n \u0111\u01b0\u1ee3c d\u00e0nh cho c\u00e1c d\u1ef1 \u00e1n EB-5?<\/li>\n<li>C\u00f3 bao nhi\u00eau v\u1ed1n ch\u1ee7 s\u1edf h\u1eefu \u0111\u01b0\u1ee3c \u0111\u1ea7u t\u01b0 trong giao d\u1ecbch n\u00e0y? C\u00f3 d\u01b0\u1edbi m\u1ee9c \u0111\u1ea7u t\u01b0 EB-5 v\u1ec1 \u01b0u ti\u00ean t\u00edn d\u1ee5ng kh\u00f4ng?<\/li>\n<li>C\u00f3 ng\u00e2n h\u00e0ng n\u00e0o tr\u00ean m\u1ee9c EB-5 v\u1ec1 \u01b0u ti\u00ean t\u00edn d\u1ee5ng kh\u00f4ng? Ng\u00e2n h\u00e0ng \u0111\u00f3 c\u00f3 \u0111ang ho\u1ea1t \u0111\u1ed9ng, v\u00ed d\u1ee5: c\u00f3 cam k\u1ebft? S\u1ed1 n\u1ee3 l\u00e0 bao nhi\u00eau?<\/li>\n<li>Nh\u00e0 \u0111\u1ea7u t\u01b0 c\u00f3 \u0111\u01b0\u1ee3c tr\u1ea3 l\u00e3i su\u1ea5t c\u1ed1 \u0111\u1ecbnh kh\u00f4ng? Trong bao nhi\u00eau l\u00e2u?<\/li>\n<li>N\u1ebfu kh\u00f4ng c\u00f3 l\u00e3i su\u1ea5t c\u1ed1 \u0111\u1ecbnh th\u00ec l\u00e3i su\u1ea5t \u0111\u01b0\u1ee3c \u0111\u1ecbnh m\u1ee9c nh\u01b0 th\u1ebf n\u00e0o? Nh\u1eadn l\u00e3i su\u1ea5t theo h\u00ecnh th\u1ee9c n\u00e0o?<\/li>\n<li>Nh\u00e0 th\u1ea7u c\u00f3 \u0111\u1ea3m b\u1ea3o d\u1ef1 \u00e1n s\u1ebd \u0111\u01b0\u1ee3c ho\u00e0n th\u00e0nh kh\u00f4ng?<\/li>\n<li>M\u1ed7i nh\u00e0 \u0111\u1ea7u t\u01b0 s\u1ebd \u0111\u01b0\u1ee3c t\u00ednh l\u00e0 t\u1ea1o ra bao nhi\u00eau vi\u1ec7c l\u00e0m?<\/li>\n<li>C\u00f3 nh\u1eefng bi\u1ec7n ph\u00e1p \u0111\u1ec1 ph\u00f2ng g\u00ec \u0111\u1ec3 theo d\u00f5i qu\u00e1 tr\u00ecnh t\u1ea1o vi\u1ec7c l\u00e0m? S\u1ebd kh\u1eafc ph\u1ee5c nh\u01b0 th\u1ebf n\u00e0o n\u1ebfu kh\u00f4ng t\u1ea1o \u0111\u01b0\u1ee3c vi\u1ec7c l\u00e0m?<\/li>\n<li>Ai l\u00e0 ng\u01b0\u1eddi chu\u1ea9n b\u1ecb B\u00e1o c\u00e1o T\u00e0i ch\u00ednh \u0111\u1ec3 \u01b0\u1edbc t\u00ednh s\u1ed1 l\u01b0\u1ee3ng vi\u1ec7c l\u00e0m \u0111\u01b0\u1ee3c t\u1ea1o m\u1edbi? Nh\u00e0 \u0111\u1ea7u t\u01b0 c\u00f3 xem \u0111\u01b0\u1ee3c b\u00e1o c\u00e1o n\u00e0y kh\u00f4ng?<\/li>\n<li>Gi\u00e1 tr\u1ecb b\u1ea5t \u0111\u1ed9ng s\u1ea3n c\u00f3 t\u0103ng sau khi ho\u00e0n th\u00e0nh d\u1ef1 \u00e1n? T\u0103ng l\u00ean bao nhi\u00eau so v\u1edbi to\u00e0n b\u1ed9 ng\u00e2n s\u00e1ch chi ti\u00eau c\u1ee7a d\u1ef1 \u00e1n theo s\u1ed1 ph\u1ea7n tr\u0103m?<\/li>\n<li>N\u1ebfu \u0111\u01a1n I-526 b\u1ecb t\u1eeb ch\u1ed1i, nh\u00e0 \u0111\u1ea7u t\u01b0 c\u00f3 \u0111\u01b0\u1ee3c ho\u00e0n l\u1ea1i kho\u1ea3n v\u1ed1n \u0111\u1ea7u t\u01b0? \u0110i\u1ec1u n\u00e0y c\u00f3 \u0111\u01b0\u1ee3c vi\u1ebft trong h\u1ee3p \u0111\u1ed3ng k\u00fd k\u1ebft v\u00e0 b\u1ea3n C\u00e1o b\u1ea1ch T\u00f3m t\u1eaft kh\u00f4ng?<\/li>\n<li>Nh\u00e0 \u0111\u1ea7u t\u01b0 c\u00f3 ph\u1ea3i \u0111\u1eb7t c\u1ecdc tr\u01b0\u1edbc hay tr\u1ea3 ph\u00ed \u0111\u1ec3 bi\u1ebft c\u00e1c th\u00f4ng tin v\u1ec1 d\u1ef1 \u00e1n kh\u00f4ng?<\/li>\n<li>Trung t\u00e2m v\u00f9ng \u0111\u01b0\u1ee3c ch\u1ec9 \u0111\u1ecbnh c\u00f3 cung c\u1ea5p b\u00e1o c\u00e1o v\u1ec1 t\u00ecnh tr\u1ea1ng \u0111\u1ea7u t\u01b0 kh\u00f4ng? N\u1ebfu c\u00f3 th\u00ec c\u00e1c b\u00e1o c\u00e1o c\u00e1ch nhau bao nhi\u00eau l\u00e2u?<\/li>\n<\/ul>\n<h2 style=\"text-align: left;\"><strong>V\u1ec1 qu\u00e1 tr\u00ecnh nh\u1eadp c\u01b0<\/strong><\/h2>\n<ul style=\"text-align: left;\">\n<li>C\u00f3 bao nhi\u00eau \u0111\u01a1n I-526 \u0111\u01b0\u1ee3c ch\u1ea5p thu\u1eadn?<\/li>\n<li>Bao nhi\u00eau \u0111\u01a1n I-526 b\u1ecb t\u1eeb ch\u1ed1i? T\u1ea1i sao l\u1ea1i b\u1ecb t\u1eeb ch\u1ed1i?<\/li>\n<li>Bao nhi\u00eau th\u1ebb xanh c\u00f3 \u0111i\u1ec1u ki\u1ec7n \u0111\u01b0\u1ee3c ch\u1ea5p thu\u1eadn?<\/li>\n<li>Bao nhi\u00eau th\u1ebb xanh c\u00f3 \u0111i\u1ec1u ki\u1ec7n b\u1ecb t\u1eeb ch\u1ed1i? T\u1ea1i sao l\u1ea1i b\u1ecb t\u1eeb ch\u1ed1i?<\/li>\n<li>Bao nhi\u00eau \u0111\u01a1n \u0111\u1ec3 b\u1ecf \u0111i\u1ec1u ki\u1ec7n trong th\u1ebb xanh c\u00f3 \u0111i\u1ec1u ki\u1ec7n \u0111\u01b0\u1ee3c ch\u1ea5p thu\u1eadn?<\/li>\n<li>Bao nhi\u00eau \u0111\u01a1n \u0111\u1ec3 b\u1ecf \u0111i\u1ec1u ki\u1ec7n trong th\u1ebb xanh c\u00f3 \u0111i\u1ec1u ki\u1ec7n\u00a0 b\u1ecb t\u1eeb ch\u1ed1i? T\u1ea1i sao l\u1ea1i b\u1ecb t\u1eeb ch\u1ed1i?<\/li>\n<\/ul>\n<h2 style=\"text-align: left;\"><strong>\u00a0V\u1ec1 Trung t\u00e2m v\u00f9ng \u0111\u01b0\u1ee3c ch\u1ec9 \u0111\u1ecbnh (Regional Center)<\/strong><\/h2>\n<ul>\n<li style=\"text-align: left;\">Trung t\u00e2m v\u00f9ng \u0111\u01b0\u1ee3c ch\u1ec9 \u0111\u1ecbnh \u0111\u01b0\u1ee3c thi\u1ebft l\u1eadp khi n\u00e0o? Khi n\u00e0o th\u00ec \u0111\u01a1n I-924 \u0111\u01b0\u1ee3c ch\u1ea5p thu\u1eadn?<\/li>\n<li style=\"text-align: left;\">Nh\u00e0 th\u1ea7u c\u00f3 bao nhi\u00eau n\u0103m kinh nghi\u1ec7m? Tr\u01b0\u1edbc d\u1ef1 \u00e1n n\u00e0y, h\u1ecd \u0111\u00e3 nh\u1eadn \u0111\u01b0\u1ee3c v\u1ed1n \u0111\u1ea7u t\u01b0 qua EB-5 ch\u01b0a?<\/li>\n<li style=\"text-align: left;\">Nh\u00e0 th\u1ea7u c\u00f3 \u0111\u01b0\u1ee3c x\u1ebfp h\u1ea1ng \u0111\u1ed9c l\u1eadp b\u1edfi nh\u1eefng c\u01a1 quan \u0111\u00e1nh gi\u00e1 nh\u01b0 Standard &amp; Poors hay Moody's?<\/li>\n<li style=\"text-align: left;\">Khi n\u00e0o th\u00ec ngu\u1ed3n \u0111\u1ea7u t\u01b0 \u0111\u01b0\u1ee3c b\u00e1n? Khi n\u00e0o th\u00ec kh\u00e1ch h\u00e0ng nh\u1eadn l\u1ea1i \u0111\u01b0\u1ee3c ngu\u1ed3n \u0111\u1ea7u t\u01b0? \u0110\u00e3 c\u00f3 bao nhi\u00eau kh\u00e1ch h\u00e0ng nh\u1eadn l\u1ea1i \u0111\u01b0\u1ee3c ngu\u1ed3n \u0111\u1ea7u t\u01b0?<\/li>\n<li style=\"text-align: left;\">Kho\u1ea3n \u0111\u1ea7u t\u01b0 \u0111\u01b0\u1ee3c nh\u1eadn l\u1ea1i \u0111\u01b0\u1ee3c \u0111\u1ecbnh m\u1ee9c nh\u01b0 th\u1ebf n\u00e0o?<\/li>\n<li style=\"text-align: left;\">Vi\u1ec7c c\u00e1c nh\u00e0 \u0111\u1ea7u t\u01b0 kh\u00e1c r\u00fat lui kh\u1ecfi d\u1ef1 \u00e1n c\u00f3 \u1ea3nh h\u01b0\u1edfng \u0111\u1ebfn th\u1eddi gian tr\u1ea3 l\u00e3i su\u1ea5t sau th\u1eddi h\u1ea1n 5 n\u0103m \u0111\u1ed1i v\u1edbi c\u00e1c nh\u00e0 \u0111\u1ea7u t\u01b0 \u0111\u00e3 c\u00f3 \u0111\u01a1n I-829 \u0111\u01b0\u1ee3c ch\u1ea5p thu\u1eadn kh\u00f4ng?<\/li>\n<li style=\"text-align: left;\">Vi\u1ec7c d\u1ef1 \u00e1n ho\u00e0n th\u00e0nh s\u1edbm c\u00f3 b\u1eaft bu\u1ed9c vi\u1ec7c tr\u1ea3 l\u00e3i su\u1ea5t b\u1eaft \u0111\u1ea7u s\u1edbm \u0111\u1ed1i v\u1edbi nh\u00e0 \u0111\u1ea7u t\u01b0 ch\u01b0a \u0111\u01b0\u1ee3c ch\u1ea5p thu\u1eadn \u0111\u01a1n I-829 ho\u1eb7c \u0111\u00e3 \u0111\u01b0\u1ee3c ch\u1ea5p thu\u1eadn nh\u01b0ng ch\u01b0a h\u1ebft th\u1eddi h\u1ea1n 5 n\u0103m? N\u1ebfu kh\u00f4ng, c\u00e1c Trung t\u00e2m v\u00f9ng \u0111\u01b0\u1ee3c ch\u1ec9 \u0111\u1ecbnh c\u00f3 k\u1ebf ho\u1ea1ch g\u00ec \u0111\u1ec3 ti\u1ebfp t\u1ee5c s\u1eed d\u1ee5ng ngu\u1ed3n v\u1ed1n \u0111\u1ec3 kh\u00f4ng \u1ea3nh h\u01b0\u1edfng \u0111\u1ebfn \u0111\u01a1n I-829?<\/li>\n<li style=\"text-align: left;\">\u0110\u1ed1i t\u00e1c trong d\u1ef1 \u00e1n \u0111\u1ea7u t\u01b0 \u0111\u00e3 l\u00e0m vi\u1ec7c \u0111\u01b0\u1ee3c bao nhi\u00eau n\u0103m v\u1edbi ch\u01b0\u01a1ng tr\u00ecnh nh\u00e0 \u0111\u1ea7u t\u01b0 n\u01b0\u1edbc ngo\u00e0i?<\/li>\n<\/ul>\n<\/div>\n<\/div>\n<\/div><\/div><\/div><\/div><\/div><\/div>","protected":false},"excerpt":{"rendered":"<p>V\u1ec1 visa EB-5 Bao nhi\u00eau d\u1ef1 \u00e1n EB-5 \u0111\u00e3 \u0111\u01b0\u1ee3c c\u00f4ng ty ho\u00e0n th\u00e0nh? M\u1ee9c \u0111\u1ea7u t\u01b0 c\u1ea7n thi\u1ebft l\u00e0 bao nhi\u00eau? C\u00f3 chi ph\u00ed h\u00e0nh ch\u00ednh kh\u00f4ng? N\u1ebfu c\u00f3, chi ph\u00ed n\u00e0y l\u00e0 bao nhi\u00eau? N\u1ebfu kho\u1ea3n \u0111\u1ea7u t\u01b0 l\u00e0 $ th\u00ec ai l\u00e0 ng\u01b0\u1eddi c\u00f3 th\u1ea9m quy\u1ec1n \u0111\u1ec3 ch\u1ee9ng nh\u1eadn r\u1eb1ng n\u01a1i nh\u1eadn<a class=\"moretag\" href=\"https:\/\/www.americaeb5visa.com\/vn\/eb-5-due-diligencequa-trinh-tham-dinh-voi-eb-5\/\"><span class=\"screen-reader-text\">Read more about Qu\u00e1 tr\u00ecnh th\u1ea9m \u0111\u1ecbnh v\u1edbi EB-5?<\/span>[&#8230;]<\/a><\/p>\n","protected":false},"author":1,"featured_media":0,"parent":0,"menu_order":2,"comment_status":"closed","ping_status":"closed","template":"","meta":{"_acf_changed":false,"_monsterinsights_skip_tracking":false,"_monsterinsights_sitenote_active":false,"_monsterinsights_sitenote_note":"","_monsterinsights_sitenote_category":0,"footnotes":""},"class_list":["post-57","page","type-page","status-publish","hentry"],"acf":[],"rttpg_featured_image_url":null,"rttpg_author":{"display_name":"AdminNIso","author_link":"https:\/\/www.americaeb5visa.com\/vn\/blog\/author\/admin\/"},"rttpg_comment":0,"rttpg_category":null,"rttpg_excerpt":"V\u1ec1 visa EB-5 Bao nhi\u00eau d\u1ef1 \u00e1n EB-5 \u0111\u00e3 \u0111\u01b0\u1ee3c c\u00f4ng ty ho\u00e0n th\u00e0nh? M\u1ee9c \u0111\u1ea7u t\u01b0 c\u1ea7n thi\u1ebft l\u00e0 bao nhi\u00eau? C\u00f3 chi ph\u00ed h\u00e0nh ch\u00ednh kh\u00f4ng? N\u1ebfu c\u00f3, chi ph\u00ed n\u00e0y l\u00e0 bao nhi\u00eau? N\u1ebfu kho\u1ea3n \u0111\u1ea7u t\u01b0 l\u00e0 $ th\u00ec ai l\u00e0 ng\u01b0\u1eddi c\u00f3 th\u1ea9m quy\u1ec1n \u0111\u1ec3 ch\u1ee9ng nh\u1eadn r\u1eb1ng n\u01a1i nh\u1eadnRead&hellip;","_links":{"self":[{"href":"https:\/\/www.americaeb5visa.com\/vn\/wp-json\/wp\/v2\/pages\/57","targetHints":{"allow":["GET"]}}],"collection":[{"href":"https:\/\/www.americaeb5visa.com\/vn\/wp-json\/wp\/v2\/pages"}],"about":[{"href":"https:\/\/www.americaeb5visa.com\/vn\/wp-json\/wp\/v2\/types\/page"}],"author":[{"embeddable":true,"href":"https:\/\/www.americaeb5visa.com\/vn\/wp-json\/wp\/v2\/users\/1"}],"replies":[{"embeddable":true,"href":"https:\/\/www.americaeb5visa.com\/vn\/wp-json\/wp\/v2\/comments?post=57"}],"version-history":[{"count":0,"href":"https:\/\/www.americaeb5visa.com\/vn\/wp-json\/wp\/v2\/pages\/57\/revisions"}],"wp:attachment":[{"href":"https:\/\/www.americaeb5visa.com\/vn\/wp-json\/wp\/v2\/media?parent=57"}],"curies":[{"name":"wp","href":"https:\/\/api.w.org\/{rel}","templated":true}]}}