{"id":61,"date":"2017-03-14T21:44:01","date_gmt":"2017-03-14T21:44:01","guid":{"rendered":"http:\/\/www.americaeb5visa.com\/?page_id=61"},"modified":"2022-03-25T05:34:26","modified_gmt":"2022-03-25T05:34:26","slug":"yeu-cau-cua-eb-5","status":"publish","type":"page","link":"https:\/\/www.americaeb5visa.com\/vn\/yeu-cau-cua-eb-5\/","title":{"rendered":"Y\u00eau c\u1ea7u c\u1ee7a EB-5?"},"content":{"rendered":"<div id=\"pl-61\"  class=\"panel-layout\" ><div id=\"pg-61-0\"  class=\"panel-grid panel-has-style\" ><div class=\"siteorigin-panels-stretch panel-row-style panel-row-style-for-61-0\" data-stretch-type=\"full-stretched\" ><div id=\"pgc-61-0-0\"  class=\"panel-grid-cell\" ><div id=\"panel-61-0-0-0\" class=\"so-panel widget widget_sow-hero panel-first-child panel-last-child\" data-index=\"0\" ><div\n\t\t\t\n\t\t\tclass=\"so-widget-sow-hero so-widget-sow-hero-default-3d3f69fb2c42-61 so-widget-fittext-wrapper\"\n\t\t\t data-fit-text-compressor=\"0.85\"\n\t\t>\t\t\t\t<div class=\"sow-slider-base\" style=\"display: none\" tabindex=\"0\">\n\t\t\t\t\t<ul\n\t\t\t\t\tclass=\"sow-slider-images\"\n\t\t\t\t\tdata-settings=\"{&quot;pagination&quot;:true,&quot;speed&quot;:800,&quot;timeout&quot;:8000,&quot;paused&quot;:false,&quot;pause_on_hover&quot;:false,&quot;swipe&quot;:true,&quot;nav_always_show_desktop&quot;:&quot;&quot;,&quot;nav_always_show_mobile&quot;:&quot;&quot;,&quot;breakpoint&quot;:&quot;780px&quot;,&quot;unmute&quot;:false,&quot;anchor&quot;:null}\"\n\t\t\t\t\tstyle=\"min-height: 600px\"\t\t\t\t\tdata-anchor-id=\"\"\n\t\t\t\t>\t\t<li class=\"sow-slider-image  sow-slider-image-cover\" style=\"visibility: visible;;background-color: #333333;background-image: url(https:\/\/www.americaeb5visa.com\/vn\/wp-content\/uploads\/sites\/10\/2017\/03\/Death_to_Stock_Photography_NYC_Skyline_2-2.jpg)\" >\n\t\t\t\t\t<div class=\"sow-slider-image-container\">\n\t\t\t<div class=\"sow-slider-image-wrapper\">\n\t\t\t\t<h1 style=\"text-align: center\">Y\u00eau c\u1ea7u c\u1ee7a EB-5?<\/h1><h1 style=\"text-align: center\">\u00a0<\/h1><h2 style=\"text-align: center\">Kho\u1ea3n v\u1ed1n \u0111\u1ea7u t\u01b0 t\u1ea1o \u0111\u01b0\u1ee3c \u00edt nh\u1ea5t 10 vi\u1ec7c l\u00e0m cho c\u00f4ng d\u00e2n M\u1ef9.<\/h2>\t\t\t<\/div>\n\t\t<\/div>\n\t\t\t\t<\/li>\n\t\t<\/ul>\t\t\t\t<ol class=\"sow-slider-pagination\">\n\t\t\t\t\t\t\t\t\t\t\t<li><a href=\"#\" data-goto=\"0\" aria-label=\"Display slide 1\"><\/a><\/li>\n\t\t\t\t\t\t\t\t\t<\/ol>\n\n\t\t\t\t<div class=\"sow-slide-nav sow-slide-nav-next\">\n\t\t\t\t\t<a href=\"#\" data-goto=\"next\" aria-label=\"Next slide\" data-action=\"next\">\n\t\t\t\t\t\t<em class=\"sow-sld-icon-thin-right\"><\/em>\n\t\t\t\t\t<\/a>\n\t\t\t\t<\/div>\n\n\t\t\t\t<div class=\"sow-slide-nav sow-slide-nav-prev\">\n\t\t\t\t\t<a href=\"#\" data-goto=\"previous\" aria-label=\"Previous slide\" data-action=\"prev\">\n\t\t\t\t\t\t<em class=\"sow-sld-icon-thin-left\"><\/em>\n\t\t\t\t\t<\/a>\n\t\t\t\t<\/div>\n\t\t\t\t<\/div><\/div><\/div><\/div><\/div><\/div><div id=\"pg-61-1\"  class=\"panel-grid panel-has-style\" ><div class=\"panel-row-style panel-row-style-for-61-1\" ><div id=\"pgc-61-1-0\"  class=\"panel-grid-cell\" ><div id=\"panel-61-1-0-0\" class=\"so-panel widget widget_sow-editor panel-first-child panel-last-child\" data-index=\"1\" ><div\n\t\t\t\n\t\t\tclass=\"so-widget-sow-editor so-widget-sow-editor-base\"\n\t\t\t\n\t\t>\n<div class=\"siteorigin-widget-tinymce textwidget\">\n\t<h2>Y\u00eau c\u1ea7u chung<\/h2>\n<p>Ch\u00ednh ph\u1ee7 Hoa K\u1ef3 ban h\u00e0nh ch\u01b0\u01a1ng tr\u00ecnh EB5 \u0111\u1ec3 khuy\u1ebfn kh\u00edch nh\u1eefng ng\u01b0\u1eddi n\u01b0\u1edbc ngo\u00e0i \u0111\u1ee7 ti\u00eau chu\u1ea9n \u0111\u1ea7u t\u01b0 v\u00e0o doanh nghi\u1ec7p M\u1ef9. \u0110\u1ec3 \u0111\u1ed5i l\u1ea1i l\u1ee3i \u00edch cho n\u1ec1n kinh t\u1ebf Hoa K\u1ef3 qua kho\u1ea3n \u0111\u1ea7u t\u01b0 v\u00e0o doanh nghi\u1ec7p, nh\u00e0 \u0111\u1ea7u t\u01b0 n\u01b0\u1edbc ngo\u00e0i v\u00e0 gia \u0111\u00ecnh c\u00f3 th\u1ec3 th\u01b0\u1eddng tr\u00fa t\u1ea1i M\u1ef9. T\u00ean ch\u01b0\u01a1ng tr\u00ecnh n\u00e0y, EB-5, \u0111\u1ebfn t\u1eeb di\u1ec7n visa m\u00e0 nh\u00e0 \u0111\u1ea7u t\u01b0 n\u01b0\u1edbc ngo\u00e0i n\u1ed9p \u0111\u01a1n - ch\u01b0\u01a1ng tr\u00ecnh nh\u1eadp c\u01b0 d\u1ef1a theo vi\u1ec7c l\u00e0m: \u01afu \u0111\u00e3i th\u1ee9 5 (Employment-Based Immigration: Fifth Preference EB-5).<\/p>\n<p>Ch\u01b0\u01a1ng tr\u00ecnh EB-5 \u0111\u00e3 thay \u0111\u1ed5i nhi\u1ec1u t\u1eeb khi \u0111\u01b0\u1ee3c t\u1ea1o ra t\u1eeb n\u0103m 1990. Hi\u1ec7n nay c\u00f3 hai c\u00e1ch \u0111\u1ec3 nh\u00e0 \u0111\u1ea7u t\u01b0 n\u01b0\u1edbc ngo\u00e0i c\u00f3 \u0111\u01b0\u1ee3c visa EB-5:<\/p>\n<ul>\n<li><strong>T\u1ef1 \u0111\u1ea7u t\u01b0:<\/strong> Th\u00e0nh l\u1eadp c\u00f4ng ty m\u1edbi ho\u00e0n to\u00e0n, mua l\u1ea1i c\u01a1 s\u1edf kinh doanh \u0111ang ho\u1ea1t \u0111\u1ed9ng, m\u1edf c\u00f4ng ty con ho\u1eb7c m\u1edf th\u00eam chi nh\u00e1nh kinh doanh \u0111\u1ec3 t\u1ea1o vi\u1ec7c l\u00e0m. V\u1edbi di\u1ec7n n\u00e0y, c\u1ea7n \u0111\u1ea7u t\u01b0 01 tri\u1ec7u USD\/su\u1ea5t v\u00e0 t\u1ea1o ra 10 vi\u1ec7c l\u00e0m to\u00e0n th\u1eddi gian cho c\u00f4ng d\u00e2n ho\u1eb7c th\u01b0\u1eddng tr\u00fa nh\u00e2n M\u1ef9 trong v\u00f2ng 02 n\u0103m li\u00ean ti\u1ebfp<\/li>\n<li><strong>\u0110\u1ea7u t\u01b0 u\u1ef7 th\u00e1c (gi\u00e1n ti\u1ebfp):<\/strong> Th\u00f4ng qua Trung t\u00e2m v\u00f9ng \u0111\u01b0\u1ee3c ch\u1ec9 \u0111\u1ecbnh, c\u1ea7n \u0111\u1ea7u t\u01b0 v\u00e0o c\u00f4ng ty ho\u1eb7c d\u1ef1 \u00e1n \u0111\u01b0\u1ee3c s\u1ef1 ch\u1ea5p thu\u1eadn c\u1ee7a Ch\u00ednh ph\u1ee7 M\u1ef9 v\u1edbi v\u1ed1n \u0111\u1ea7u t\u01b0 900 ng\u00e0n USD\/su\u1ea5t.<\/li>\n<\/ul>\n<h2><\/h2>\n<h2>L\u1ee3i th\u1ebf c\u1ee7a vi\u1ec7c \u0111\u1ea7u t\u01b0 v\u00e0o Trung t\u00e2m v\u00f9ng \u0111\u01b0\u1ee3c ch\u1ec9 \u0111\u1ecbnh<\/h2>\n<p>\u0110\u1ea7u t\u01b0 v\u1ed1n v\u00e0o Trung t\u00e2m v\u00f9ng \u0111\u01b0\u1ee3c ch\u1ec9 \u0111\u1ecbnh c\u00f3 nhi\u1ec1u l\u1ee3i \u00edch cho nh\u1eefng nh\u00e0 \u0111\u1ea7u t\u01b0 n\u01b0\u1edbc ngo\u00e0i mu\u1ed1n c\u00f3 th\u1ebb xanh qua di\u1ec7n EB-5. M\u1ed9t trong s\u1ed1 nh\u1eefng l\u1ee3i th\u1ebf quan tr\u1ecdng nh\u1ea5t l\u00e0 vi\u1ec7c c\u00f3 th\u1ec3 t\u00ednh nh\u1eefng c\u00f4ng vi\u1ec7c tr\u1ef1c ti\u1ebfp v\u00e0 gi\u00e1n ti\u1ebfp \u0111\u01b0\u1ee3c t\u1ea1o ra qua ngu\u1ed3n \u0111\u1ea7u t\u01b0 v\u00e0o y\u00eau c\u1ea7u \u201ct\u1ea1o vi\u1ec7c l\u00e0m\u201d.<\/p>\n<p>Y\u00eau c\u1ea7u t\u1ea1o ra vi\u1ec7c l\u00e0m tr\u1ef1c ti\u1ebfp l\u00e0 khi ngu\u1ed3n \u0111\u1ea7u t\u01b0 t\u1ea1o ra v\u00e0 duy tr\u00ec \u00edt nh\u1ea5t 10 vi\u1ec7c l\u00e0m to\u00e0n th\u1eddi gian trong kho\u1ea3ng th\u1eddi gian 2 n\u0103m. EB-5 qua Trung t\u00e2m v\u00f9ng \u0111\u01b0\u1ee3c ch\u1ec9 \u0111\u1ecbnh kh\u00f4ng y\u00eau c\u1ea7u doanh nghi\u1ec7p c\u00f3 nh\u00e0 \u0111\u1ea7u t\u01b0 n\u01b0\u1edbc ngo\u00e0i n\u00e0y ph\u1ea3i tuy\u1ec3n d\u1ee5ng tr\u1ef1c ti\u1ebfp 10 lao \u0111\u1ed9ng M\u1ef9. Thay v\u00e0o \u0111\u00f3, doanh nghi\u1ec7p n\u00e0y ch\u1ec9 c\u1ea7n t\u1ea1p ra 10 vi\u1ec7c l\u00e0m tr\u1ef1c ti\u1ebfp, gi\u00e1n ti\u1ebfp t\u1eeb s\u1ed1 ti\u1ec1n \u0111\u1ea7u t\u01b0 n\u00e0y. Nh\u1eefng vi\u1ec7c l\u00e0m gi\u00e1n ti\u1ebfp n\u00e0y c\u00f3 th\u1ec3 \u0111\u01b0\u1ee3c t\u1ea1o ra do ngu\u1ed3n v\u1ed1n chung c\u1ee7a t\u1ea5t c\u1ea3 c\u00e1c nh\u00e0 \u0111\u1ea7u t\u01b0 trong d\u1ef1 \u00e1n, ho\u1eb7c t\u1eeb ngu\u1ed3n v\u1ed1n \u0111\u1ea7u t\u01b0 v\u00e0o doanh nghi\u1ec7p c\u00f3 li\u00ean k\u1ebft v\u1edbi Trung t\u00e2m v\u00f9ng \u0111\u01b0\u1ee3c ch\u1ec9 \u0111\u1ecbnh.<\/p>\n<p>Nh\u01b0 v\u1eady, nh\u00e0 \u0111\u1ea7u t\u01b0 kh\u00f4ng c\u1ea7n ch\u1ee9ng minh c\u00e1c vi\u1ec7c l\u00e0m l\u00e0 tr\u1ef1c ti\u1ebfp t\u1eeb doanh nghi\u1ec7p m\u1edbi. Tr\u00e1ch nhi\u1ec7m cung c\u1ea5p t\u00e0i li\u1ec7u ch\u1ee9ng minh vi\u1ec7c t\u1ea1o ra c\u00e1c vi\u1ec7c l\u00e0m \u0111\u01b0\u1ee3c chuy\u1ec3n qua trung t\u00e2m v\u00f9ng \u0111\u01b0\u1ee3c ch\u1ec9 \u0111\u1ecbnh. Nh\u1eefng trung t\u1ea7m n\u00e0y c\u0169ng s\u1ebd thu\u00ea c\u00e1c nh\u00e0 kinh t\u1ebf h\u1ecdc \u0111\u1ec3 ph\u00e2n t\u00edch v\u00e0 ch\u1ee9ng minh r\u1eb1ng d\u1ef1 \u00e1n \u0111\u00e3 gi\u00fap t\u1ea1o ra \u0111\u1ee7 c\u00e1c vi\u1ec7c l\u00e0m tr\u1ef1c ti\u1ebfp v\u00e0 gi\u00e1n ti\u1ebfp.<\/p>\n<h2><\/h2>\n<h2><\/h2>\n<h2>M\u1ee9c \u0111\u1ea7u t\u01b0<\/h2>\n<p>S\u1ed1 ti\u1ec1n \u0111\u1ea7u t\u01b0 y\u00eau c\u1ea7u c\u1ee7a ch\u01b0\u01a1ng tr\u00ecnh l\u00e0 1,050,000 \u0111\u00f4-la M\u1ef9, v\u00e0 s\u1ed1 ti\u1ec1n n\u00e0y gi\u1ea3m xu\u1ed1ng c\u00f2n 800,000 \u0111\u00f4-la M\u1ef9 n\u1ebfu \u0111\u01b0\u1ee3c \u0111\u1ea7u t\u01b0 v\u00e0o v\u00f9ng n\u00f4ng th\u00f4n ho\u1eb7c khu v\u1ef1c th\u1ea5t nghi\u1ec7p cao (TEA). Hi\u1ec7n nay, h\u1ea7u h\u1ebft c\u00e1c c\u01a1 h\u1ed9i \u0111\u1ea7u t\u01b0 thu\u1ed9c EB-5 \u0111\u1ec1u n\u0103m \u1edf khu v\u1ef1c th\u1ea5t nghi\u1ec7p cao.<\/p>\n<\/div>\n<\/div><\/div><\/div><\/div><\/div><\/div>","protected":false},"excerpt":{"rendered":"<p>Y\u00eau c\u1ea7u chung Ch\u00ednh ph\u1ee7 Hoa K\u1ef3 ban h\u00e0nh ch\u01b0\u01a1ng tr\u00ecnh EB5 \u0111\u1ec3 khuy\u1ebfn kh\u00edch nh\u1eefng ng\u01b0\u1eddi n\u01b0\u1edbc ngo\u00e0i \u0111\u1ee7 ti\u00eau chu\u1ea9n \u0111\u1ea7u t\u01b0 v\u00e0o doanh nghi\u1ec7p M\u1ef9. \u0110\u1ec3 \u0111\u1ed5i l\u1ea1i l\u1ee3i \u00edch cho n\u1ec1n kinh t\u1ebf Hoa K\u1ef3 qua kho\u1ea3n \u0111\u1ea7u t\u01b0 v\u00e0o doanh nghi\u1ec7p, nh\u00e0 \u0111\u1ea7u t\u01b0 n\u01b0\u1edbc ngo\u00e0i v\u00e0 gia \u0111\u00ecnh c\u00f3<a class=\"moretag\" href=\"https:\/\/www.americaeb5visa.com\/vn\/yeu-cau-cua-eb-5\/\"><span class=\"screen-reader-text\">Read more about Y\u00eau c\u1ea7u c\u1ee7a EB-5?<\/span>[&#8230;]<\/a><\/p>\n","protected":false},"author":1,"featured_media":0,"parent":0,"menu_order":4,"comment_status":"closed","ping_status":"closed","template":"","meta":{"_acf_changed":false,"_monsterinsights_skip_tracking":false,"_monsterinsights_sitenote_active":false,"_monsterinsights_sitenote_note":"","_monsterinsights_sitenote_category":0,"footnotes":""},"class_list":["post-61","page","type-page","status-publish","hentry"],"acf":[],"rttpg_featured_image_url":null,"rttpg_author":{"display_name":"AdminNIso","author_link":"https:\/\/www.americaeb5visa.com\/vn\/blog\/author\/admin\/"},"rttpg_comment":0,"rttpg_category":null,"rttpg_excerpt":"Y\u00eau c\u1ea7u chung Ch\u00ednh ph\u1ee7 Hoa K\u1ef3 ban h\u00e0nh ch\u01b0\u01a1ng tr\u00ecnh EB5 \u0111\u1ec3 khuy\u1ebfn kh\u00edch nh\u1eefng ng\u01b0\u1eddi n\u01b0\u1edbc ngo\u00e0i \u0111\u1ee7 ti\u00eau chu\u1ea9n \u0111\u1ea7u t\u01b0 v\u00e0o doanh nghi\u1ec7p M\u1ef9. \u0110\u1ec3 \u0111\u1ed5i l\u1ea1i l\u1ee3i \u00edch cho n\u1ec1n kinh t\u1ebf Hoa K\u1ef3 qua kho\u1ea3n \u0111\u1ea7u t\u01b0 v\u00e0o doanh nghi\u1ec7p, nh\u00e0 \u0111\u1ea7u t\u01b0 n\u01b0\u1edbc ngo\u00e0i v\u00e0 gia \u0111\u00ecnh c\u00f3Read&hellip;","_links":{"self":[{"href":"https:\/\/www.americaeb5visa.com\/vn\/wp-json\/wp\/v2\/pages\/61","targetHints":{"allow":["GET"]}}],"collection":[{"href":"https:\/\/www.americaeb5visa.com\/vn\/wp-json\/wp\/v2\/pages"}],"about":[{"href":"https:\/\/www.americaeb5visa.com\/vn\/wp-json\/wp\/v2\/types\/page"}],"author":[{"embeddable":true,"href":"https:\/\/www.americaeb5visa.com\/vn\/wp-json\/wp\/v2\/users\/1"}],"replies":[{"embeddable":true,"href":"https:\/\/www.americaeb5visa.com\/vn\/wp-json\/wp\/v2\/comments?post=61"}],"version-history":[{"count":0,"href":"https:\/\/www.americaeb5visa.com\/vn\/wp-json\/wp\/v2\/pages\/61\/revisions"}],"wp:attachment":[{"href":"https:\/\/www.americaeb5visa.com\/vn\/wp-json\/wp\/v2\/media?parent=61"}],"curies":[{"name":"wp","href":"https:\/\/api.w.org\/{rel}","templated":true}]}}