{"id":69,"date":"2017-03-14T21:58:31","date_gmt":"2017-03-14T21:58:31","guid":{"rendered":"http:\/\/www.americaeb5visa.com\/?page_id=69"},"modified":"2020-01-29T05:10:37","modified_gmt":"2020-01-29T05:10:37","slug":"investors-future-green-card-holdersnha-dau-tu","status":"publish","type":"page","link":"https:\/\/www.americaeb5visa.com\/vn\/investors-future-green-card-holdersnha-dau-tu\/","title":{"rendered":"Nh\u00e0 \u0111\u1ea7u t\u01b0"},"content":{"rendered":"<div id=\"pl-69\"  class=\"panel-layout\" ><div id=\"pg-69-0\"  class=\"panel-grid panel-has-style\" ><div class=\"siteorigin-panels-stretch panel-row-style panel-row-style-for-69-0\" data-stretch-type=\"full-stretched\" ><div id=\"pgc-69-0-0\"  class=\"panel-grid-cell\" ><div id=\"panel-69-0-0-0\" class=\"so-panel widget widget_sow-hero panel-first-child panel-last-child\" data-index=\"0\" ><div\n\t\t\t\n\t\t\tclass=\"so-widget-sow-hero so-widget-sow-hero-default-3d3f69fb2c42-69 so-widget-fittext-wrapper\"\n\t\t\t data-fit-text-compressor=\"0.85\"\n\t\t>\t\t\t\t<div class=\"sow-slider-base\" style=\"display: none\" tabindex=\"0\">\n\t\t\t\t\t<ul\n\t\t\t\t\tclass=\"sow-slider-images\"\n\t\t\t\t\tdata-settings=\"{&quot;pagination&quot;:true,&quot;speed&quot;:800,&quot;timeout&quot;:8000,&quot;paused&quot;:false,&quot;pause_on_hover&quot;:false,&quot;swipe&quot;:true,&quot;nav_always_show_desktop&quot;:&quot;&quot;,&quot;nav_always_show_mobile&quot;:&quot;&quot;,&quot;breakpoint&quot;:&quot;780px&quot;,&quot;unmute&quot;:false,&quot;anchor&quot;:null}\"\n\t\t\t\t\tstyle=\"min-height: 600px\"\t\t\t\t\tdata-anchor-id=\"\"\n\t\t\t\t>\t\t<li class=\"sow-slider-image  sow-slider-image-cover\" style=\"visibility: visible;;background-color: #333333;background-image: url(https:\/\/www.americaeb5visa.com\/vn\/wp-content\/uploads\/sites\/10\/2017\/03\/investIntro.jpg)\" >\n\t\t\t\t\t<div class=\"sow-slider-image-container\">\n\t\t\t<div class=\"sow-slider-image-wrapper\">\n\t\t\t\t<h1 style=\"text-align: center\">Nh\u00e0 \u0111\u1ea7u t\u01b0<\/h1><p>\u00a0<\/p><h2 style=\"text-align: center\">Nh\u1eefng th\u01b0\u1eddng tr\u00fa nh\u00e2n t\u01b0\u01a1ng lai.<\/h2>\t\t\t<\/div>\n\t\t<\/div>\n\t\t\t\t<\/li>\n\t\t<\/ul>\t\t\t\t<ol class=\"sow-slider-pagination\">\n\t\t\t\t\t\t\t\t\t\t\t<li><a href=\"#\" data-goto=\"0\" aria-label=\"Display slide 1\"><\/a><\/li>\n\t\t\t\t\t\t\t\t\t<\/ol>\n\n\t\t\t\t<div class=\"sow-slide-nav sow-slide-nav-next\">\n\t\t\t\t\t<a href=\"#\" data-goto=\"next\" aria-label=\"Next slide\" data-action=\"next\">\n\t\t\t\t\t\t<em class=\"sow-sld-icon-thin-right\"><\/em>\n\t\t\t\t\t<\/a>\n\t\t\t\t<\/div>\n\n\t\t\t\t<div class=\"sow-slide-nav sow-slide-nav-prev\">\n\t\t\t\t\t<a href=\"#\" data-goto=\"previous\" aria-label=\"Previous slide\" data-action=\"prev\">\n\t\t\t\t\t\t<em class=\"sow-sld-icon-thin-left\"><\/em>\n\t\t\t\t\t<\/a>\n\t\t\t\t<\/div>\n\t\t\t\t<\/div><\/div><\/div><\/div><\/div><\/div><div id=\"pg-69-1\"  class=\"panel-grid panel-no-style\" ><div id=\"pgc-69-1-0\"  class=\"panel-grid-cell\" ><div id=\"panel-69-1-0-0\" class=\"so-panel widget widget_sow-editor panel-first-child panel-last-child\" data-index=\"1\" ><div class=\"panel-widget-style panel-widget-style-for-69-1-0-0\" ><div\n\t\t\t\n\t\t\tclass=\"so-widget-sow-editor so-widget-sow-editor-base\"\n\t\t\t\n\t\t>\n<div class=\"siteorigin-widget-tinymce textwidget\">\n\t<h2>Nh\u00e0 \u0111\u1ea7u t\u01b0 l\u00e0 ai?<\/h2>\n<p>Nh\u00e0 \u0111\u1ea7u t\u01b0 EB-5 l\u00e0 c\u00f4ng d\u00e2n n\u01b0\u1edbc ngo\u00e0i mu\u1ed1n c\u00f3 \u201cth\u1ebb xanh\u201d \u0111\u1ec3 th\u01b0\u1eddng tr\u00fa t\u1ea1i M\u1ef9 \u0111\u1ec3 c\u00f3 th\u1ec3 s\u1ed1ng v\u00e0 l\u00e0m vi\u1ec7c t\u1ea1i \u0111\u00e2y v\u00e0 tr\u1edf th\u00e0nh c\u00f4ng d\u00e2n M\u1ef9 trong t\u01b0\u01a1ng lai.<\/p>\n<h2>T\u1ea1i sao c\u00e1c nh\u00e0 \u0111\u1ea7u t\u01b0 mu\u1ed1n ch\u1ecdn Trung t\u00e2m v\u00f9ng \u0111\u01b0\u1ee3c ch\u1ec9 \u0111\u1ecbnh EB-5?<\/h2>\n<p>M\u1ee5c \u0111\u00edch ch\u00ednh c\u1ee7a vi\u1ec7c \u0111\u1ea7u t\u01b0 v\u00e0o Trung t\u00e2m v\u00f9ng \u0111\u01b0\u1ee3c ch\u1ec9 \u0111\u1ecbnh EB-5 l\u00e0 \u0111\u1ec3 c\u00f3 th\u1ebb xanh m\u1ed9t c\u00e1ch nhanh g\u1ecdn v\u00e0 ti\u1ec7n nh\u1ea5t. Ngo\u00e0i ra, c\u00e1c d\u1ef1 \u00e1n EB-5 thu\u1ed9c trung t\u00e2m v\u00f9ng cho ph\u00e9p c\u00e1c nh\u00e0 \u0111\u1ea7u t\u01b0 l\u1ea5y l\u1ea1i v\u1ed1n ngay khi c\u00f3 th\u1ec3. M\u1eb7c d\u00f9 kh\u00f4ng c\u00f3 s\u1ef1 \u0111\u1ea3m b\u1ea3o n\u00e0o khi \u0111\u1ea7u t\u01b0, c\u00e1c chuy\u00ean vi\u00ean c\u1ee7a America EB-5 Visa \u0111\u1ea3m b\u1ea3o r\u1eb1ng c\u00e1c nh\u00e0 \u0111\u1ea7u t\u01b0 c\u00f3 th\u00f4ng tin c\u1ea7n thi\u1ebft \u0111\u1ec3 ch\u1ecdn c\u00e1c d\u1ef1 \u00e1n t\u1ed1t, \u0111\u01b0\u1ee3c th\u1ef1c hi\u1ec7n b\u1edfi nh\u00e0 th\u1ea7u c\u00f3 kinh nghi\u1ec7m.<\/p>\n<h2>C\u00f3 nh\u1eefng d\u1ecbch v\u1ee5 n\u00e0o \u0111\u01b0\u1ee3c cung c\u1ea5p cho nh\u00e0 \u0111\u1ea7u t\u01b0 v\u00e0o nh\u1eefng d\u1ef1 \u00e1n EB-5 thu\u1ed9c trung t\u00e2m v\u00f9ng \u0111\u01b0\u1ee3c ch\u1ec9 \u0111\u1ecbnh?<\/h2>\n<p>N\u1ed9p \u0111\u01a1n l\u1ea5y th\u1ebb xanh l\u00e0 m\u1ed9t qu\u00e1 tr\u00ecnh kh\u00f3 kh\u0103n. B\u1ea1n c\u1ea7n ho\u00e0n th\u00e0nh r\u1ea5t nhi\u1ec1u b\u01b0\u1edbc v\u00e0 \u0111i\u1ec1n c\u00e1c lo\u1ea1i gi\u1ea5y t\u1edd, c\u00e1c lo\u1ea1i \u0111\u01a1n. M\u1ed9t trong nh\u1eefng \u0111i\u1ec1u m\u00e0 ch\u00fang t\u00f4i c\u1ea3m th\u1ea5y t\u1ef1 h\u00e0o l\u00e0 cam k\u1ebft cung c\u1ea5p c\u00e1c nh\u00e0 \u0111\u1ea7u t\u01b0 v\u1edbi t\u1ea5t c\u1ea3 nh\u1eefng th\u00f4ng tin c\u1ea7n thi\u1ebft trong qu\u00e1 tr\u00ecnh n\u1ed9p \u0111\u01a1n xin th\u1ebb xanh. H\u1ee3p t\u00e1c v\u1edbi ch\u1ee7 d\u1ef1 \u00e1n, lu\u1eadt s\u01b0 chuy\u00ean v\u1ec1 nh\u1eadp c\u01b0, lu\u1eadt s\u01b0 chuy\u00ean v\u1ec1 an ninh, ch\u00fang t\u00f4i c\u00f3 th\u1ec3 tr\u1ea3 l\u1eddi m\u1ecdi c\u00e2u h\u1ecfi c\u1ee7a c\u00e1c nh\u00e0 \u0111\u1ea7u t\u01b0 v\u1ec1 B\u1ea3n c\u00e2u h\u1ecfi cho c\u00e1c nh\u00e0 \u0111\u1ea7u t\u01b0 (Investor Questionnaire). Ch\u00fang t\u00f4i s\u1ebd gi\u00fap \u0111\u1ee1 tr\u1ef1c ti\u1ebfp khi nh\u00e0 \u0111\u1ea7u t\u01b0 c\u1ea7n \u0111i\u1ec1n B\u1ea3n c\u00e1o b\u1ea1ch\u00a0 T\u00f3m t\u1eaft hay c\u00e1c t\u00e0i li\u1ec7u kh\u00e1c. Ngo\u00e0i ra, khi nh\u00e0 \u0111\u1ea7u t\u01b0 \u0111i\u1ec1n H\u1ee3p \u0111\u1ed3ng k\u00fd k\u1ebft, ch\u00fang t\u00f4i gi\u00fap cho c\u00f4ng \u0111o\u1ea1n thu th\u1eadp th\u00f4ng tin cho \u0111\u01a1n I-526 tr\u1edf n\u00ean tr\u01a1n tru h\u01a1n. Ch\u00fang t\u00f4i s\u1ebd gi\u1ea3i th\u00edch m\u1ed9t c\u00e1ch r\u00f5 r\u00e0ng b\u1ea5t c\u1ee9 ph\u1ea7n n\u00e0o kh\u00f3 hi\u1ec3u trong \u0111\u01a1n, nh\u01b0 l\u00e0 ph\u1ea7n c\u00e2u h\u1ecfi v\u1ec1 ngu\u1ed3n g\u1ed1c c\u1ee7a v\u1ed1n \u0111\u1ea7u t\u01b0.<\/p>\n<\/div>\n<\/div><\/div><\/div><\/div><\/div><\/div>","protected":false},"excerpt":{"rendered":"<p>Nh\u00e0 \u0111\u1ea7u t\u01b0 l\u00e0 ai? Nh\u00e0 \u0111\u1ea7u t\u01b0 EB-5 l\u00e0 c\u00f4ng d\u00e2n n\u01b0\u1edbc ngo\u00e0i mu\u1ed1n c\u00f3 \u201cth\u1ebb xanh\u201d \u0111\u1ec3 th\u01b0\u1eddng tr\u00fa t\u1ea1i M\u1ef9 \u0111\u1ec3 c\u00f3 th\u1ec3 s\u1ed1ng v\u00e0 l\u00e0m vi\u1ec7c t\u1ea1i \u0111\u00e2y v\u00e0 tr\u1edf th\u00e0nh c\u00f4ng d\u00e2n M\u1ef9 trong t\u01b0\u01a1ng lai. T\u1ea1i sao c\u00e1c nh\u00e0 \u0111\u1ea7u t\u01b0 mu\u1ed1n ch\u1ecdn Trung t\u00e2m v\u00f9ng \u0111\u01b0\u1ee3c ch\u1ec9 \u0111\u1ecbnh<a class=\"moretag\" href=\"https:\/\/www.americaeb5visa.com\/vn\/investors-future-green-card-holdersnha-dau-tu\/\"><span class=\"screen-reader-text\">Read more about Nh\u00e0 \u0111\u1ea7u t\u01b0<\/span>[&#8230;]<\/a><\/p>\n","protected":false},"author":1,"featured_media":0,"parent":0,"menu_order":6,"comment_status":"closed","ping_status":"closed","template":"","meta":{"_acf_changed":false,"_monsterinsights_skip_tracking":false,"_monsterinsights_sitenote_active":false,"_monsterinsights_sitenote_note":"","_monsterinsights_sitenote_category":0,"footnotes":""},"class_list":["post-69","page","type-page","status-publish","hentry"],"acf":[],"rttpg_featured_image_url":null,"rttpg_author":{"display_name":"AdminNIso","author_link":"https:\/\/www.americaeb5visa.com\/vn\/blog\/author\/admin\/"},"rttpg_comment":0,"rttpg_category":null,"rttpg_excerpt":"Nh\u00e0 \u0111\u1ea7u t\u01b0 l\u00e0 ai? Nh\u00e0 \u0111\u1ea7u t\u01b0 EB-5 l\u00e0 c\u00f4ng d\u00e2n n\u01b0\u1edbc ngo\u00e0i mu\u1ed1n c\u00f3 \u201cth\u1ebb xanh\u201d \u0111\u1ec3 th\u01b0\u1eddng tr\u00fa t\u1ea1i M\u1ef9 \u0111\u1ec3 c\u00f3 th\u1ec3 s\u1ed1ng v\u00e0 l\u00e0m vi\u1ec7c t\u1ea1i \u0111\u00e2y v\u00e0 tr\u1edf th\u00e0nh c\u00f4ng d\u00e2n M\u1ef9 trong t\u01b0\u01a1ng lai. T\u1ea1i sao c\u00e1c nh\u00e0 \u0111\u1ea7u t\u01b0 mu\u1ed1n ch\u1ecdn Trung t\u00e2m v\u00f9ng \u0111\u01b0\u1ee3c ch\u1ec9 \u0111\u1ecbnhRead&hellip;","_links":{"self":[{"href":"https:\/\/www.americaeb5visa.com\/vn\/wp-json\/wp\/v2\/pages\/69","targetHints":{"allow":["GET"]}}],"collection":[{"href":"https:\/\/www.americaeb5visa.com\/vn\/wp-json\/wp\/v2\/pages"}],"about":[{"href":"https:\/\/www.americaeb5visa.com\/vn\/wp-json\/wp\/v2\/types\/page"}],"author":[{"embeddable":true,"href":"https:\/\/www.americaeb5visa.com\/vn\/wp-json\/wp\/v2\/users\/1"}],"replies":[{"embeddable":true,"href":"https:\/\/www.americaeb5visa.com\/vn\/wp-json\/wp\/v2\/comments?post=69"}],"version-history":[{"count":0,"href":"https:\/\/www.americaeb5visa.com\/vn\/wp-json\/wp\/v2\/pages\/69\/revisions"}],"wp:attachment":[{"href":"https:\/\/www.americaeb5visa.com\/vn\/wp-json\/wp\/v2\/media?parent=69"}],"curies":[{"name":"wp","href":"https:\/\/api.w.org\/{rel}","templated":true}]}}