{"id":72,"date":"2017-03-14T21:59:45","date_gmt":"2017-03-14T21:59:45","guid":{"rendered":"http:\/\/www.americaeb5visa.com\/?page_id=72"},"modified":"2020-01-29T05:08:18","modified_gmt":"2020-01-29T05:08:18","slug":"investments-commercial-enterprise-or-regional-centerdoanh-nghiep-thuong-mai-hay-trung-tam-vung-duoc-chi-dinh","status":"publish","type":"page","link":"https:\/\/www.americaeb5visa.com\/vn\/investments-commercial-enterprise-or-regional-centerdoanh-nghiep-thuong-mai-hay-trung-tam-vung-duoc-chi-dinh\/","title":{"rendered":"Kho\u1ea3n \u0111\u1ea7u t\u01b0"},"content":{"rendered":"<div id=\"pl-72\"  class=\"panel-layout\" ><div id=\"pg-72-0\"  class=\"panel-grid panel-has-style\" ><div class=\"siteorigin-panels-stretch panel-row-style panel-row-style-for-72-0\" data-stretch-type=\"full-stretched\" ><div id=\"pgc-72-0-0\"  class=\"panel-grid-cell\" ><div id=\"panel-72-0-0-0\" class=\"so-panel widget widget_sow-hero panel-first-child panel-last-child\" data-index=\"0\" ><div\n\t\t\t\n\t\t\tclass=\"so-widget-sow-hero so-widget-sow-hero-default-3d3f69fb2c42-72 so-widget-fittext-wrapper\"\n\t\t\t data-fit-text-compressor=\"0.85\"\n\t\t>\t\t\t\t<div class=\"sow-slider-base\" style=\"display: none\" tabindex=\"0\">\n\t\t\t\t\t<ul\n\t\t\t\t\tclass=\"sow-slider-images\"\n\t\t\t\t\tdata-settings=\"{&quot;pagination&quot;:true,&quot;speed&quot;:800,&quot;timeout&quot;:8000,&quot;paused&quot;:false,&quot;pause_on_hover&quot;:false,&quot;swipe&quot;:true,&quot;nav_always_show_desktop&quot;:&quot;&quot;,&quot;nav_always_show_mobile&quot;:&quot;&quot;,&quot;breakpoint&quot;:&quot;780px&quot;,&quot;unmute&quot;:false,&quot;anchor&quot;:null}\"\n\t\t\t\t\tstyle=\"min-height: 600px\"\t\t\t\t\tdata-anchor-id=\"\"\n\t\t\t\t>\t\t<li class=\"sow-slider-image  sow-slider-image-cover\" style=\"visibility: visible;;background-color: #333333;background-image: url(https:\/\/www.americaeb5visa.com\/vn\/wp-content\/uploads\/sites\/10\/2017\/03\/investIntro.jpg)\" >\n\t\t\t\t\t<div class=\"sow-slider-image-container\">\n\t\t\t<div class=\"sow-slider-image-wrapper\">\n\t\t\t\t<h1 style=\"text-align: center\">Kho\u1ea3n \u0111\u1ea7u t\u01b0<\/h1><p>\u00a0<\/p><h2 style=\"text-align: center\">Doanh nghi\u1ec7p th\u01b0\u01a1ng m\u1ea1i hay Trung t\u00e2m v\u00f9ng \u0111\u01b0\u1ee3c ch\u1ec9 \u0111\u1ecbnh<\/h2>\t\t\t<\/div>\n\t\t<\/div>\n\t\t\t\t<\/li>\n\t\t<\/ul>\t\t\t\t<ol class=\"sow-slider-pagination\">\n\t\t\t\t\t\t\t\t\t\t\t<li><a href=\"#\" data-goto=\"0\" aria-label=\"Display slide 1\"><\/a><\/li>\n\t\t\t\t\t\t\t\t\t<\/ol>\n\n\t\t\t\t<div class=\"sow-slide-nav sow-slide-nav-next\">\n\t\t\t\t\t<a href=\"#\" data-goto=\"next\" aria-label=\"Next slide\" data-action=\"next\">\n\t\t\t\t\t\t<em class=\"sow-sld-icon-thin-right\"><\/em>\n\t\t\t\t\t<\/a>\n\t\t\t\t<\/div>\n\n\t\t\t\t<div class=\"sow-slide-nav sow-slide-nav-prev\">\n\t\t\t\t\t<a href=\"#\" data-goto=\"previous\" aria-label=\"Previous slide\" data-action=\"prev\">\n\t\t\t\t\t\t<em class=\"sow-sld-icon-thin-left\"><\/em>\n\t\t\t\t\t<\/a>\n\t\t\t\t<\/div>\n\t\t\t\t<\/div><\/div><\/div><\/div><\/div><\/div><div id=\"pg-72-1\"  class=\"panel-grid panel-no-style\" ><div id=\"pgc-72-1-0\"  class=\"panel-grid-cell\" ><div id=\"panel-72-1-0-0\" class=\"so-panel widget widget_sow-editor panel-first-child panel-last-child\" data-index=\"1\" ><div class=\"panel-widget-style panel-widget-style-for-72-1-0-0\" ><div\n\t\t\t\n\t\t\tclass=\"so-widget-sow-editor so-widget-sow-editor-base\"\n\t\t\t\n\t\t>\n<div class=\"siteorigin-widget-tinymce textwidget\">\n\t<h2><strong>Kho\u1ea3n \u0111\u1ea7u t\u01b0 EB-5 l\u00e0 g\u00ec?<\/strong><\/h2>\n<p>Hi\u1ec7n nay c\u00f3 hai c\u00e1ch \u0111\u1ec3 nh\u00e0 \u0111\u1ea7u t\u01b0 n\u01b0\u1edbc ngo\u00e0i c\u00f3 \u0111\u01b0\u1ee3c visa EB-5. C\u00e1ch th\u1ee9 nh\u1ea5t l\u00e0 \u0111\u1ea7u t\u01b0 v\u00e0om\u1ed9t doanh nghi\u1ec7p th\u01b0\u01a1ng m\u1ea1i d\u01b0\u1edbi danh ngh\u0129a \u0111\u1ed1i t\u00e1c chung, \u0111\u1ed1i t\u00e1c gi\u1edbi h\u1ea1n, ch\u1ee7 s\u1edf h\u1eefu, c\u1ed5 \u0111\u00f4ng, ho\u1eb7c c\u00e1c c\u01a1 c\u1ea5u kinh doanh t\u01b0 nh\u00e2n\/c\u1ed9ng \u0111\u1ed3ng kh\u00e1c. Ph\u1ea7n l\u1edbn c\u00e1c nh\u00e0 \u0111\u1ea7u t\u01b0 EB-5 quy\u1ebft \u0111\u1ecbnh \u0111\u1ea7u t\u01b0 v\u00e0o Trung t\u00e2m v\u00f9ng \u0111\u01b0\u1ee3c ch\u1ec9 \u0111\u1ecbnh. C\u00e1c trung t\u00e2m n\u00e0y \u0111\u01b0\u1ee3c ch\u1ec9 \u0111\u1ecbnh b\u1edfi S\u1edf di tr\u00fa M\u1ef9 \u0111\u1ec3 qu\u1ea3n l\u00fd c\u00e1c d\u1ef1 \u00e1n \u0111\u1ea7u t\u01b0 EB-5 v\u00e0 ch\u1ecbu tr\u00e1ch nhi\u1ec7m tu\u00e2n theo quy \u0111\u1ecbnh cho ch\u01b0\u01a1ng tr\u00ecnh EB-5 c\u1ee7a S\u1edf di tr\u00fa M\u1ef9. Trung t\u00e2m v\u00f9ng \u0111\u01b0\u1ee3c ch\u1ec9 \u0111\u1ecbnh c\u0169ng kh\u00f4ng ph\u1ea3i tu\u00e2n theo c\u00e1c quy \u0111\u1ecbnh kh\u1eaft khe \u00e1p d\u1ee5ng cho c\u00e1c kho\u1ea3n \u0111\u1ea7u t\u01b0 tr\u1ef1c ti\u1ebfp. V\u00ed d\u1ee5, Trung t\u00e2m v\u00f9ng \u0111\u01b0\u1ee3c ch\u1ec9 \u0111\u1ecbnh c\u00f3 th\u1ec3 ph\u00e2n t\u00edch v\u00e0 x\u00e1c nh\u1eadn vi\u1ec7c t\u1ea1o c\u00f4ng \u0103n vi\u1ec7c l\u00e0m v\u1edbi c\u00e1c m\u00f4 h\u00ecnh kinh t\u1ebf kh\u00f4ng ph\u00e2n bi\u1ec7t c\u00f4ng vi\u1ec7c b\u00e1n th\u1eddi gian hay to\u00e0n th\u1eddi gian, thay v\u00ec ch\u1ec9 x\u00e1c nh\u1eadn h\u1ed3 s\u01a1 bi\u00ean ch\u1ebf. Ngo\u00e0i ra, c\u00e1c Trung t\u00e2m v\u00f9ng \u0111\u01b0\u1ee3c ch\u1ec9 \u0111\u1ecbnh c\u00f3 th\u1ec3 t\u00ednh c\u00e1c c\u00f4ng vi\u1ec7c gi\u00e1n ti\u1ebfp \u0111\u01b0\u1ee3c t\u1ea1o ra b\u1edfi d\u1ef1 \u00e1n v\u00e0o y\u00eau c\u1ea7u \u201ct\u1ea1o c\u00f4ng vi\u1ec7c\". \u0110\u00e2y l\u00e0 nh\u1eefng c\u00f4ng vi\u1ec7c kh\u00f4ng n\u1eb1m trong ch\u01b0\u01a1ng tr\u00ecnh Doanh nghi\u1ec7p th\u01b0\u01a1ng m\u1ea1i m\u1edbi, nh\u01b0ng l\u00e0 k\u1ebft qu\u1ea3 c\u1ee7a kho\u1ea3n \u0111\u1ea7u t\u01b0 EB-5 v\u00e0o ch\u01b0\u01a1ng tr\u00ecnh n\u00e0y. \u0110i\u1ec1u n\u00e0y c\u00f3 nghia l\u00e0 c\u00e1c ngu\u1ed3n \u0111\u1ea7u t\u01b0 v\u00e0o Trung t\u00e2m v\u00f9ng \u0111\u01b0\u1ee3c ch\u1ec9 \u0111\u1ecbnh th\u01b0\u1eddng c\u00f3 nh\u1eefng c\u01a1 ch\u1ebf \u0111\u1ec3 s\u1eafp x\u1ebfp c\u00e1c kho\u1ea3n n\u1ee3 v\u00e0 bao g\u1ed3m nhi\u1ec1u b\u00ean li\u00ean quan.<\/p>\n<p>\u00a0<\/p>\n<h2><strong>\u01afu th\u1ebf c\u1ee7a c\u00e1c kho\u1ea3n \u0111\u1ea7u t\u01b0 v\u00e0o Trung t\u00e2m v\u00f9ng \u0111\u01b0\u1ee3c ch\u1ec9 \u0111\u1ecbnh l\u00e0 g\u00ec?<\/strong><\/h2>\n<p>V\u00ec trung t\u00e2m v\u00f9ng \u0111\u01b0\u1ee3c ch\u1ec9 \u0111\u1ecbnh ph\u1ea3i tu\u00e2n theo quy \u0111\u1ecbnh c\u1ee7a S\u1edf di tr\u00fa M\u00fd, nh\u00e0 \u0111\u1ea7u t\u01b0 kh\u00f4ng c\u1ea7n ph\u1ea3i tr\u1ef1c ti\u1ebfp tham gia v\u00e0o d\u1ef1 \u00e1n. \u0110i\u1ec1u n\u00e0y h\u1ee3p v\u1edbi nh\u1eefng nh\u00e0 \u0111\u1ea7u t\u01b0 kh\u00f4ng mu\u1ed1n ch\u1ecbu tr\u00e1ch nhi\u1ec7m tr\u1ef1c ti\u1ebfp vi\u1ec7c qu\u1ea3n l\u00fd c\u00e1c kho\u1ea3n \u0111\u1ea7u t\u01b0. D\u00f9 l\u00e3i su\u1ea5t t\u1eeb c\u00e1c d\u1ef1 \u00e1n n\u00e0y th\u1ea5p h\u01a1n, s\u1ef1 qu\u1ea3n l\u00fd chuy\u00ean nghi\u1ec7p s\u1ebd \u0111\u1ea3m b\u1ea3o d\u1ef1 \u00e1n \u0111\u1ea1t c\u00e1c y\u00eau c\u1ea7u cho EB-5, v\u00e0 nh\u00e0 \u0111\u1ea7u t\u01b0 kh\u00f4ng c\u1ea7n lo l\u1eafng v\u1ec1 vi\u1ec7c kho\u1ea3n \u0111\u1ea7u t\u01b0 \u1ea3nh h\u01b0\u1edfng \u0111\u1ebfn qu\u00e1 tr\u00ecnh l\u1ea5y th\u1ebb xanh. V\u1edbi trung t\u00e2m v\u00f9ng \u0111\u01b0\u1ee3c ch\u1ec9 \u0111\u1ecbnh, vi\u1ec7c ho\u00e0n th\u00e0nh y\u00eau c\u1ea7u t\u1ea1o vi\u1ec7c l\u00e0m kh\u00f4ng c\u00f2n kh\u00f3 kh\u0103n. Trung t\u00e2m v\u00f9ng \u0111\u01b0\u1ee3c ch\u1ec9 \u0111\u1ecbnh ch\u1ec9 c\u1ea7n gi\u00e1n ti\u1ebfp t\u1ea1o th\u00eam vi\u1ec7c l\u00e0m, v\u00ed d\u1ee5 nh\u01b0 cung c\u1ea5p h\u00e0ng ho\u00e1 v\u00e0 d\u1ecbch v\u1ee5 cho c\u00e1c d\u1ef1 \u00e1n EB-5. Khi d\u1ef1 \u00e1n EB-5 tuy\u1ec3n nh\u00e2n vi\u00ean, l\u01b0\u01a1ng c\u1ee7a h\u1ecd s\u1ebd t\u0103ng, k\u00edch th\u00edch mua s\u1eafm, c\u00f3 l\u1ee3i cho n\u1ec1n kinh t\u1ebf khu v\u1ef1c, gi\u00e1n ti\u1ebfp t\u1ea1o th\u00eam vi\u1ec7c l\u00e0m. Nh\u1eefng c\u00f4ng vi\u1ec7c \u0111\u01b0\u1ee3c t\u1ea1o th\u00eam n\u00e0y c\u0169ng \u0111\u01b0\u1ee3c t\u00ednh v\u00e0o y\u00eau c\u1ea7u t\u1ea1o vi\u1ec7c l\u00e0m cho visa EB-5.<\/p>\n<\/div>\n<\/div><\/div><\/div><\/div><\/div><\/div>","protected":false},"excerpt":{"rendered":"<p>Kho\u1ea3n \u0111\u1ea7u t\u01b0 EB-5 l\u00e0 g\u00ec?Hi\u1ec7n nay c\u00f3 hai c\u00e1ch \u0111\u1ec3 nh\u00e0 \u0111\u1ea7u t\u01b0 n\u01b0\u1edbc ngo\u00e0i c\u00f3 \u0111\u01b0\u1ee3c visa EB-5. C\u00e1ch th\u1ee9 nh\u1ea5t l\u00e0 \u0111\u1ea7u t\u01b0 v\u00e0om\u1ed9t doanh nghi\u1ec7p th\u01b0\u01a1ng m\u1ea1i d\u01b0\u1edbi danh ngh\u0129a \u0111\u1ed1i t\u00e1c chung, \u0111\u1ed1i t\u00e1c gi\u1edbi h\u1ea1n, ch\u1ee7 s\u1edf h\u1eefu, c\u1ed5 \u0111\u00f4ng, ho\u1eb7c c\u00e1c c\u01a1 c\u1ea5u kinh doanh t\u01b0 nh\u00e2n\/c\u1ed9ng \u0111\u1ed3ng<a class=\"moretag\" href=\"https:\/\/www.americaeb5visa.com\/vn\/investments-commercial-enterprise-or-regional-centerdoanh-nghiep-thuong-mai-hay-trung-tam-vung-duoc-chi-dinh\/\"><span class=\"screen-reader-text\">Read more about Kho\u1ea3n \u0111\u1ea7u t\u01b0<\/span>[&#8230;]<\/a><\/p>\n","protected":false},"author":1,"featured_media":0,"parent":0,"menu_order":5,"comment_status":"closed","ping_status":"closed","template":"","meta":{"_acf_changed":false,"_monsterinsights_skip_tracking":false,"_monsterinsights_sitenote_active":false,"_monsterinsights_sitenote_note":"","_monsterinsights_sitenote_category":0,"footnotes":""},"class_list":["post-72","page","type-page","status-publish","hentry"],"acf":[],"rttpg_featured_image_url":null,"rttpg_author":{"display_name":"AdminNIso","author_link":"https:\/\/www.americaeb5visa.com\/vn\/blog\/author\/admin\/"},"rttpg_comment":0,"rttpg_category":null,"rttpg_excerpt":"Kho\u1ea3n \u0111\u1ea7u t\u01b0 EB-5 l\u00e0 g\u00ec?Hi\u1ec7n nay c\u00f3 hai c\u00e1ch \u0111\u1ec3 nh\u00e0 \u0111\u1ea7u t\u01b0 n\u01b0\u1edbc ngo\u00e0i c\u00f3 \u0111\u01b0\u1ee3c visa EB-5. C\u00e1ch th\u1ee9 nh\u1ea5t l\u00e0 \u0111\u1ea7u t\u01b0 v\u00e0om\u1ed9t doanh nghi\u1ec7p th\u01b0\u01a1ng m\u1ea1i d\u01b0\u1edbi danh ngh\u0129a \u0111\u1ed1i t\u00e1c chung, \u0111\u1ed1i t\u00e1c gi\u1edbi h\u1ea1n, ch\u1ee7 s\u1edf h\u1eefu, c\u1ed5 \u0111\u00f4ng, ho\u1eb7c c\u00e1c c\u01a1 c\u1ea5u kinh doanh t\u01b0 nh\u00e2n\/c\u1ed9ng \u0111\u1ed3ngRead&hellip;","_links":{"self":[{"href":"https:\/\/www.americaeb5visa.com\/vn\/wp-json\/wp\/v2\/pages\/72","targetHints":{"allow":["GET"]}}],"collection":[{"href":"https:\/\/www.americaeb5visa.com\/vn\/wp-json\/wp\/v2\/pages"}],"about":[{"href":"https:\/\/www.americaeb5visa.com\/vn\/wp-json\/wp\/v2\/types\/page"}],"author":[{"embeddable":true,"href":"https:\/\/www.americaeb5visa.com\/vn\/wp-json\/wp\/v2\/users\/1"}],"replies":[{"embeddable":true,"href":"https:\/\/www.americaeb5visa.com\/vn\/wp-json\/wp\/v2\/comments?post=72"}],"version-history":[{"count":0,"href":"https:\/\/www.americaeb5visa.com\/vn\/wp-json\/wp\/v2\/pages\/72\/revisions"}],"wp:attachment":[{"href":"https:\/\/www.americaeb5visa.com\/vn\/wp-json\/wp\/v2\/media?parent=72"}],"curies":[{"name":"wp","href":"https:\/\/api.w.org\/{rel}","templated":true}]}}