{"id":74,"date":"2017-03-14T22:01:10","date_gmt":"2017-03-14T22:01:10","guid":{"rendered":"http:\/\/www.americaeb5visa.com\/?page_id=74"},"modified":"2024-04-22T02:46:32","modified_gmt":"2024-04-22T02:46:32","slug":"tin-tuc","status":"publish","type":"page","link":"https:\/\/www.americaeb5visa.com\/vn\/tin-tuc\/","title":{"rendered":"Tin t\u1ee9c"},"content":{"rendered":"<div id=\"pl-74\"  class=\"panel-layout\" ><div id=\"pg-74-0\"  class=\"panel-grid panel-no-style\" ><div id=\"pgc-74-0-0\"  class=\"panel-grid-cell\" ><div id=\"panel-74-0-0-0\" class=\"so-panel widget widget_sow-headline panel-first-child\" data-index=\"0\" ><div\n\t\t\t\n\t\t\tclass=\"so-widget-sow-headline so-widget-sow-headline-default-194407f109ba-74\"\n\t\t\t\n\t\t><div class=\"sow-headline-container \">\n\t\t\t\t\t\t\t<h1 class=\"sow-headline\">\n\t\t\t\t\t\t\ub274\uc2a4\t\t\t\t\t\t<\/h1>\n\t\t\t\t\t\t\t\t\t\t\t<div class=\"decoration\">\n\t\t\t\t\t\t<div class=\"decoration-inside\"><\/div>\n\t\t\t\t\t<\/div>\n\t\t\t\t\t<\/div>\n<\/div><\/div><div id=\"panel-74-0-0-1\" class=\"so-panel widget widget_wp_posts_carousel panel-last-child\" data-index=\"1\" ><div id=\"wp-posts-carousel-79806530\" class=\"default-theme wp-posts-carousel owl-carousel\"><div class=\"wp-posts-carousel-slide slides-4\"><div class=\"wp-posts-carousel-container\"><div class=\"wp-posts-carousel-image\"><a href=\"https:\/\/www.americaeb5visa.com\/vn\/blog\/2016\/12\/19\/on-december-6th-2016-u-s-vao-06122016-quoc-hoi-my-thong-qua-nghi-quyet-tiep-tuc-cr\/\" title=\"Read more V\u00e0o 06\/12\/2016, Qu\u1ed1c h\u1ed9i M\u1ef9 th\u00f4ng qua Ngh\u1ecb quy\u1ebft ti\u1ebfp t\u1ee5c (CR).\"><img decoding=\"async\" alt=\"V\u00e0o 06\/12\/2016, Qu\u1ed1c h\u1ed9i M\u1ef9 th\u00f4ng qua Ngh\u1ecb quy\u1ebft ti\u1ebfp t\u1ee5c (CR).\" style=\"max-width:100%;max-height:100%\" src=\"https:\/\/www.americaeb5visa.com\/vn\/wp-content\/uploads\/sites\/10\/2016\/12\/AdobeStock_90716084-150x150.jpg\"><\/a><\/div><div class=\"wp-posts-carousel-details\"><h3 class=\"wp-posts-carousel-title\"><a href=\"https:\/\/www.americaeb5visa.com\/vn\/blog\/2016\/12\/19\/on-december-6th-2016-u-s-vao-06122016-quoc-hoi-my-thong-qua-nghi-quyet-tiep-tuc-cr\/\" title=\"V\u00e0o 06\/12\/2016, Qu\u1ed1c h\u1ed9i M\u1ef9 th\u00f4ng qua Ngh\u1ecb quy\u1ebft ti\u1ebfp t\u1ee5c (CR).\">V\u00e0o 06\/12\/2016, Qu\u1ed1c h\u1ed9i M\u1ef9 th\u00f4ng qua Ngh\u1ecb quy\u1ebft ti\u1ebfp t\u1ee5c (CR).<\/a><\/h3><p class=\"wp-posts-carousel-created-date\">December 19, 2016<\/p><div class=\"wp-posts-carousel-desc\"><p>V\u00e0o 06\/12\/2016, Qu\u1ed1c h\u1ed9i M\u1ef9 th\u00f4ng qua Ngh\u1ecb quy\u1ebft ti\u1ebfp t\u1ee5c (CR).V\u00e0o 23\/12, t\u0103ng c\u00e1c kho\u1ea3n ph\u00ed cho EB-5. \u0110\u0103ng b\u1edfi americab5visa ng\u00e0y 19 th\u00e1ng 12 n\u0103m 2016\u00a0B\u1ea1n c\u00f3 bi\u1ebft?V\u00e0o 06\/12\/2016, Qu\u1ed1c h\u1ed9i M\u1ef9 th\u00f4ng qua Ngh\u1ecb quy\u1ebft ti\u1ebfp t\u1ee5c (CR). D\u1ef1 lu\u1eadt n\u00e0y s\u1ebd gia h\u1ea1n m\u1ee9c \u0111\u1ea7u t\u01b0 t\u1ed1i thi\u1ec3u ($500,000) cho ch\u01b0\u01a1ng<a class=\"moretag\" href=\"https:\/\/www.americaeb5visa.com\/vn\/blog\/2016\/12\/19\/on-december-6th-2016-u-s-vao-06122016-quoc-hoi-my-thong-qua-nghi-quyet-tiep-tuc-cr\/\"><span class=\"screen-reader-text\">Read more about V\u00e0o 06\/12\/2016, Qu\u1ed1c h\u1ed9i M\u1ef9 th\u00f4ng qua Ngh\u1ecb quy\u1ebft ti\u1ebfp t\u1ee5c (CR).<\/span>[&#8230;]<\/a><\/p>\n<\/div><\/div><\/div><\/div><div class=\"wp-posts-carousel-slide slides-4\"><div class=\"wp-posts-carousel-container\"><div class=\"wp-posts-carousel-image\"><a href=\"https:\/\/www.americaeb5visa.com\/vn\/blog\/2016\/11\/20\/congress-extends-eb-5-regionalquoc-hoi-gia-han-chuong-trinh-eb-5-regional-center-toi-313\/\" title=\"Read more Qu\u1ed1c h\u1ed9i gia h\u1ea1n ch\u01b0\u01a1ng tr\u00ecnh EB-5 Regional Center t\u1edbi 31\/3.\"><img decoding=\"async\" alt=\"Qu\u1ed1c h\u1ed9i gia h\u1ea1n ch\u01b0\u01a1ng tr\u00ecnh EB-5 Regional Center t\u1edbi 31\/3.\" style=\"max-width:100%;max-height:100%\" src=\"https:\/\/www.americaeb5visa.com\/vn\/wp-content\/uploads\/sites\/10\/2017\/03\/AdobeStock_72339142-150x150.jpg\"><\/a><\/div><div class=\"wp-posts-carousel-details\"><h3 class=\"wp-posts-carousel-title\"><a href=\"https:\/\/www.americaeb5visa.com\/vn\/blog\/2016\/11\/20\/congress-extends-eb-5-regionalquoc-hoi-gia-han-chuong-trinh-eb-5-regional-center-toi-313\/\" title=\"Qu\u1ed1c h\u1ed9i gia h\u1ea1n ch\u01b0\u01a1ng tr\u00ecnh EB-5 Regional Center t\u1edbi 31\/3.\">Qu\u1ed1c h\u1ed9i gia h\u1ea1n ch\u01b0\u01a1ng tr\u00ecnh EB-5 Regional Center t\u1edbi 31\/3.<\/a><\/h3><p class=\"wp-posts-carousel-created-date\">November 20, 2016<\/p><div class=\"wp-posts-carousel-desc\">Qu\u1ed1c h\u1ed9i gia h\u1ea1n ch\u01b0\u01a1ng tr\u00ecnh EB-5 Regional Center t\u1edbi 31\/3.M\u1eb7c d\u00f9 ch\u01b0\u01a1ng tr\u00ecnh EB-5 \u0111\u01b0\u1ee3c d\u1ef1 \u0111o\u00e1n s\u1ebd ph\u00e1t tri\u1ec3n d\u01b0\u1edbi th\u1eddi t\u1ed5ng th\u1ed1ng Trump, nh\u01b0ng v\u1edbi nhi\u1ec1u phe \u0111\u1ed1i l\u1eadp hi\u1ec7n nay th\u00ec b\u00e2y gi\u1edd l\u00e0 th\u1eddi \u0111i\u1ec3m t\u1ed1t \u0111\u1ec3 \u0111\u1ea7u t\u01b0!\u00a0\u00a0B\u1ea1n c\u00f3 bi\u1ebft?B\u1ea1n c\u00f3 bi\u1ebft v\u00e0o ng\u00e0y 18\/11, T\u1ea1p ch\u00ed \u201cThe Real<a class=\"moretag\" href=\"https:\/\/www.americaeb5visa.com\/vn\/blog\/2016\/11\/20\/congress-extends-eb-5-regionalquoc-hoi-gia-han-chuong-trinh-eb-5-regional-center-toi-313\/\"><span class=\"screen-reader-text\">Read more about Qu\u1ed1c h\u1ed9i gia h\u1ea1n ch\u01b0\u01a1ng tr\u00ecnh EB-5 Regional Center t\u1edbi 31\/3.<\/span>[...]<\/a><\/div><\/div><\/div><\/div><div class=\"wp-posts-carousel-slide slides-4\"><div class=\"wp-posts-carousel-container\"><div class=\"wp-posts-carousel-image\"><a href=\"https:\/\/www.americaeb5visa.com\/vn\/blog\/2016\/10\/06\/senate-extended-eb-5-regionathuong-nghi-vien-gia-han-chuong-trinh-eb-5-regional-center-toi-0912\/\" title=\"Read more Th\u01b0\u1ee3ng ngh\u1ecb vi\u1ec7n gia h\u1ea1n ch\u01b0\u01a1ng tr\u00ecnh EB-5 Regional Center t\u1edbi 09\/12\"><img decoding=\"async\" alt=\"Th\u01b0\u1ee3ng ngh\u1ecb vi\u1ec7n gia h\u1ea1n ch\u01b0\u01a1ng tr\u00ecnh EB-5 Regional Center t\u1edbi 09\/12\" style=\"max-width:100%;max-height:100%\" src=\"https:\/\/www.americaeb5visa.com\/vn\/wp-content\/uploads\/sites\/10\/2016\/09\/AdobeStock_91556660-150x150.jpg\"><\/a><\/div><div class=\"wp-posts-carousel-details\"><h3 class=\"wp-posts-carousel-title\"><a href=\"https:\/\/www.americaeb5visa.com\/vn\/blog\/2016\/10\/06\/senate-extended-eb-5-regionathuong-nghi-vien-gia-han-chuong-trinh-eb-5-regional-center-toi-0912\/\" title=\"Th\u01b0\u1ee3ng ngh\u1ecb vi\u1ec7n gia h\u1ea1n ch\u01b0\u01a1ng tr\u00ecnh EB-5 Regional Center t\u1edbi 09\/12\">Th\u01b0\u1ee3ng ngh\u1ecb vi\u1ec7n gia h\u1ea1n ch\u01b0\u01a1ng tr\u00ecnh EB-5 Regional Center t\u1edbi 09\/12<\/a><\/h3><p class=\"wp-posts-carousel-created-date\">October 6, 2016<\/p><div class=\"wp-posts-carousel-desc\">Th\u01b0\u1ee3ng ngh\u1ecb vi\u1ec7n gia h\u1ea1n ch\u01b0\u01a1ng tr\u00ecnh EB-5 Regional Center t\u1edbi 09\/12\u00a0\u0110\u0103ng b\u1edfi americab5visa ng\u00e0y 10 th\u00e1ng 6 n\u0103m 2016\u00a0\u00a0B\u1ea1n c\u00f3 bi\u1ebft?B\u1ea1n c\u00f3 bi\u1ebft r\u1eb1ng v\u00e0o ng\u00e0y 28\/9\/2016, nh\u01b0 \u0111\u01b0\u1ee3c d\u1ef1 \u0111o\u00e1n, Th\u01b0\u1ee3ng vi\u1ec7n M\u1ef9 \u0111\u00e3 th\u00f4ng qua Ngh\u1ecb quy\u1ebft\u00a0 \u0111\u1ec3 ti\u1ebfp t\u1ee5c huy \u0111\u1ed9ng v\u1ed1n cho cho ch\u00ednh ph\u1ee7 M\u1ef9, c\u00f3 hi\u1ec7u l\u1ef1c cho<a class=\"moretag\" href=\"https:\/\/www.americaeb5visa.com\/vn\/blog\/2016\/10\/06\/senate-extended-eb-5-regionathuong-nghi-vien-gia-han-chuong-trinh-eb-5-regional-center-toi-0912\/\"><span class=\"screen-reader-text\">Read more about Th\u01b0\u1ee3ng ngh\u1ecb vi\u1ec7n gia h\u1ea1n ch\u01b0\u01a1ng tr\u00ecnh EB-5 Regional Center t\u1edbi 09\/12<\/span>[...]<\/a><\/div><\/div><\/div><\/div><div class=\"wp-posts-carousel-slide slides-4\"><div class=\"wp-posts-carousel-container\"><div class=\"wp-posts-carousel-image\"><a href=\"https:\/\/www.americaeb5visa.com\/vn\/blog\/2016\/09\/24\/quoc-hoi-dang-xem-xet-viec-nang-muc-dau-tu-investment-amount-cho-visa-eb-5\/\" title=\"Read more Qu\u1ed1c h\u1ed9i \u0111ang xem x\u00e9t vi\u1ec7c n\u00e2ng m\u1ee9c \u0111\u1ea7u t\u01b0 (investment amount) cho visa EB-5\"><img decoding=\"async\" alt=\"Qu\u1ed1c h\u1ed9i \u0111ang xem x\u00e9t vi\u1ec7c n\u00e2ng m\u1ee9c \u0111\u1ea7u t\u01b0 (investment amount) cho visa EB-5\" style=\"max-width:100%;max-height:100%\" src=\"https:\/\/www.americaeb5visa.com\/vn\/wp-content\/uploads\/sites\/10\/2016\/09\/AdobeStock_25409363-150x150.jpg\"><\/a><\/div><div class=\"wp-posts-carousel-details\"><h3 class=\"wp-posts-carousel-title\"><a href=\"https:\/\/www.americaeb5visa.com\/vn\/blog\/2016\/09\/24\/quoc-hoi-dang-xem-xet-viec-nang-muc-dau-tu-investment-amount-cho-visa-eb-5\/\" title=\"Qu\u1ed1c h\u1ed9i \u0111ang xem x\u00e9t vi\u1ec7c n\u00e2ng m\u1ee9c \u0111\u1ea7u t\u01b0 (investment amount) cho visa EB-5\">Qu\u1ed1c h\u1ed9i \u0111ang xem x\u00e9t vi\u1ec7c n\u00e2ng m\u1ee9c \u0111\u1ea7u t\u01b0 (investment amount) cho visa EB-5<\/a><\/h3><p class=\"wp-posts-carousel-created-date\">September 24, 2016<\/p><div class=\"wp-posts-carousel-desc\">Qu\u1ed1c h\u1ed9i \u0111ang xem x\u00e9t vi\u1ec7c n\u00e2ng m\u1ee9c \u0111\u1ea7u t\u01b0 (investment amount) cho visa EB-5N\u1ed9p \u0111\u01a1n ngay b\u00e2y gi\u1edd \u0111\u1ec3 c\u00f3 \u0111\u01b0\u1ee3c m\u1ee9c \u0111\u1ea7u t\u01b0 th\u1ea5p h\u01a1n!\u0110\u0103ng b\u1edfi americab5visa ng\u00e0y 24 th\u00e1ng 9 n\u0103m 2016\u00a0\u00a0B\u1ea1n c\u00f3 bi\u1ebft?B\u1ea1n c\u00f3 bi\u1ebft ch\u01b0\u01a1ng tr\u00ecnh EB-5 (Th\u1ebb xanh M\u1ef9 d\u00e0nh cho c\u00e1c nh\u00e0 \u0111\u1ea7u t\u01b0) c\u00f3 th\u1ec3 s\u1ebd thay<a class=\"moretag\" href=\"https:\/\/www.americaeb5visa.com\/vn\/blog\/2016\/09\/24\/quoc-hoi-dang-xem-xet-viec-nang-muc-dau-tu-investment-amount-cho-visa-eb-5\/\"><span class=\"screen-reader-text\">Read more about Qu\u1ed1c h\u1ed9i \u0111ang xem x\u00e9t vi\u1ec7c n\u00e2ng m\u1ee9c \u0111\u1ea7u t\u01b0 (investment amount) cho visa EB-5<\/span>[...]<\/a><\/div><\/div><\/div><\/div><div class=\"wp-posts-carousel-slide slides-4\"><div class=\"wp-posts-carousel-container\"><div class=\"wp-posts-carousel-image\"><a href=\"https:\/\/www.americaeb5visa.com\/vn\/blog\/2016\/09\/18\/visa-eb-5-con-duong-de-dang-de-co-duoc-the-xanh\/\" title=\"Read more Visa EB-5: Con \u0111\u01b0\u1eddng d\u1ec5 d\u00e0ng \u0111\u1ec3 c\u00f3 \u0111\u01b0\u1ee3c th\u1ebb xanh\"><img decoding=\"async\" alt=\"Visa EB-5: Con \u0111\u01b0\u1eddng d\u1ec5 d\u00e0ng \u0111\u1ec3 c\u00f3 \u0111\u01b0\u1ee3c th\u1ebb xanh\" style=\"max-width:100%;max-height:100%\" src=\"https:\/\/www.americaeb5visa.com\/vn\/wp-content\/uploads\/sites\/10\/2016\/09\/AdobeStock_50877085-150x150.jpg\"><\/a><\/div><div class=\"wp-posts-carousel-details\"><h3 class=\"wp-posts-carousel-title\"><a href=\"https:\/\/www.americaeb5visa.com\/vn\/blog\/2016\/09\/18\/visa-eb-5-con-duong-de-dang-de-co-duoc-the-xanh\/\" title=\"Visa EB-5: Con \u0111\u01b0\u1eddng d\u1ec5 d\u00e0ng \u0111\u1ec3 c\u00f3 \u0111\u01b0\u1ee3c th\u1ebb xanh\">Visa EB-5: Con \u0111\u01b0\u1eddng d\u1ec5 d\u00e0ng \u0111\u1ec3 c\u00f3 \u0111\u01b0\u1ee3c th\u1ebb xanh<\/a><\/h3><p class=\"wp-posts-carousel-created-date\">September 18, 2016<\/p><div class=\"wp-posts-carousel-desc\">Visa EB-5: Con \u0111\u01b0\u1eddng d\u1ec5 d\u00e0ng \u0111\u1ec3 c\u00f3 \u0111\u01b0\u1ee3c th\u1ebb xanhV\u1edbi m\u1ed9t kho\u1ea3n \u0111\u1ea7u t\u01b0 \u0111\u1ee7 \u0111i\u1ec1u ki\u1ec7n, b\u1ea1n \u0111ang tr\u00ean con \u0111\u01b0\u1eddng \u0111\u1ebfn v\u1edbi th\u1ebb c\u01b0 tr\u00fa d\u00e0i h\u1ea1n - th\u1ebb xanh M\u1ef9\u0110\u0103ng b\u1edfi americab5visa ng\u00e0y 18 th\u00e1ng 9 n\u0103m 2016\u00a0\u00a0B\u1ea1n c\u00f3 bi\u1ebft?Nh\u1eefng c\u00f4ng d\u00e2n n\u01b0\u1edbc ngo\u00e0i mong mu\u1ed1n l\u1ea5y th\u1ebb xanh \u0111\u1ec3 s\u1ed1ng<a class=\"moretag\" href=\"https:\/\/www.americaeb5visa.com\/vn\/blog\/2016\/09\/18\/visa-eb-5-con-duong-de-dang-de-co-duoc-the-xanh\/\"><span class=\"screen-reader-text\">Read more about Visa EB-5: Con \u0111\u01b0\u1eddng d\u1ec5 d\u00e0ng \u0111\u1ec3 c\u00f3 \u0111\u01b0\u1ee3c th\u1ebb xanh<\/span>[...]<\/a><\/div><\/div><\/div><\/div><\/div><script type=\"text\/javascript\">\n              jQuery(window).load(function(e) {\n                  var wpPostsCarousel79806530 = jQuery(\"#wp-posts-carousel-79806530\");\n                  wpPostsCarousel79806530.owlCarousel({\n                      loop: 0,\n                      nav: true,\n                      navSpeed: 800,\n                      dots: true,\n                      dotsSpeed: 800,\n                      lazyLoad: false,\n                      autoplay: false,\n                      autoplayHoverPause: false,\n                      autoplayTimeout: 1200,\n                      autoplaySpeed:  800,\n                      margin: 5,\n                      stagePadding: 0,\n                      freeDrag: false,\n                      mouseDrag: true,\n                      touchDrag: true,\n                      slideBy: 1,\n                      fallbackEasing: \"linear\",\n                      responsiveClass: true,\n                      navText: [ \"previous\", \"next\" ],\n                      responsive:{\n                          0:{items: 1},\n                          600:{items: 2},\n                          1000:{items: 4}\n                          \n                      },\n                      autoHeight: true\n                  });\n                  wpPostsCarousel79806530.on(\"mousewheel\", \".owl-stage\", function(e) {\n                if (e.deltaY > 0) {\n                    wpPostsCarousel79806530.trigger(\"next.owl\");\n                } else {\n                    wpPostsCarousel79806530.trigger(\"prev.owl\");\n                }\n                e.preventDefault();\n            });\n              });\n          <\/script><\/div><\/div><\/div><\/div>","protected":false},"excerpt":{"rendered":"<p>\ub274\uc2a4 V\u00e0o 06\/12\/2016, Qu\u1ed1c h\u1ed9i M\u1ef9 th\u00f4ng qua Ngh\u1ecb quy\u1ebft ti\u1ebfp t\u1ee5c (CR).December 19, 2016V\u00e0o 06\/12\/2016, Qu\u1ed1c h\u1ed9i M\u1ef9 th\u00f4ng qua Ngh\u1ecb quy\u1ebft ti\u1ebfp t\u1ee5c (CR).V\u00e0o 23\/12, t\u0103ng c\u00e1c kho\u1ea3n ph\u00ed cho EB-5. \u0110\u0103ng b\u1edfi americab5visa ng\u00e0y 19 th\u00e1ng 12 n\u0103m 2016\u00a0B\u1ea1n c\u00f3 bi\u1ebft?V\u00e0o 06\/12\/2016, Qu\u1ed1c h\u1ed9i M\u1ef9 th\u00f4ng qua Ngh\u1ecb quy\u1ebft ti\u1ebfp t\u1ee5c (CR).<a class=\"moretag\" href=\"https:\/\/www.americaeb5visa.com\/vn\/tin-tuc\/\"><span class=\"screen-reader-text\">Read more about Tin t\u1ee9c<\/span>[&#8230;]<\/a><\/p>\n","protected":false},"author":1,"featured_media":0,"parent":0,"menu_order":8,"comment_status":"closed","ping_status":"closed","template":"","meta":{"_acf_changed":false,"_monsterinsights_skip_tracking":false,"_monsterinsights_sitenote_active":false,"_monsterinsights_sitenote_note":"","_monsterinsights_sitenote_category":0,"footnotes":""},"class_list":["post-74","page","type-page","status-publish","hentry"],"acf":[],"rttpg_featured_image_url":null,"rttpg_author":{"display_name":"AdminNIso","author_link":"https:\/\/www.americaeb5visa.com\/vn\/blog\/author\/admin\/"},"rttpg_comment":0,"rttpg_category":null,"rttpg_excerpt":"\ub274\uc2a4 V\u00e0o 06\/12\/2016, Qu\u1ed1c h\u1ed9i M\u1ef9 th\u00f4ng qua Ngh\u1ecb quy\u1ebft ti\u1ebfp t\u1ee5c (CR).December 19, 2016V\u00e0o 06\/12\/2016, Qu\u1ed1c h\u1ed9i M\u1ef9 th\u00f4ng qua Ngh\u1ecb quy\u1ebft ti\u1ebfp t\u1ee5c (CR).V\u00e0o 23\/12, t\u0103ng c\u00e1c kho\u1ea3n ph\u00ed cho EB-5. \u0110\u0103ng b\u1edfi americab5visa ng\u00e0y 19 th\u00e1ng 12 n\u0103m 2016\u00a0B\u1ea1n c\u00f3 bi\u1ebft?V\u00e0o 06\/12\/2016, Qu\u1ed1c h\u1ed9i M\u1ef9 th\u00f4ng qua Ngh\u1ecb quy\u1ebft ti\u1ebfp t\u1ee5c (CR).Read&hellip;","_links":{"self":[{"href":"https:\/\/www.americaeb5visa.com\/vn\/wp-json\/wp\/v2\/pages\/74","targetHints":{"allow":["GET"]}}],"collection":[{"href":"https:\/\/www.americaeb5visa.com\/vn\/wp-json\/wp\/v2\/pages"}],"about":[{"href":"https:\/\/www.americaeb5visa.com\/vn\/wp-json\/wp\/v2\/types\/page"}],"author":[{"embeddable":true,"href":"https:\/\/www.americaeb5visa.com\/vn\/wp-json\/wp\/v2\/users\/1"}],"replies":[{"embeddable":true,"href":"https:\/\/www.americaeb5visa.com\/vn\/wp-json\/wp\/v2\/comments?post=74"}],"version-history":[{"count":0,"href":"https:\/\/www.americaeb5visa.com\/vn\/wp-json\/wp\/v2\/pages\/74\/revisions"}],"wp:attachment":[{"href":"https:\/\/www.americaeb5visa.com\/vn\/wp-json\/wp\/v2\/media?parent=74"}],"curies":[{"name":"wp","href":"https:\/\/api.w.org\/{rel}","templated":true}]}}